{"id":9024,"date":"2019-10-01T10:42:45","date_gmt":"2019-10-01T10:42:45","guid":{"rendered":"https:\/\/ifesworld.org\/?page_id=9024"},"modified":"2019-10-07T09:54:13","modified_gmt":"2019-10-07T09:54:13","slug":"soutenez-levangelisation-parmi-les-etudiants-aujourdhui","status":"publish","type":"page","link":"https:\/\/ifesworld.org\/fr\/soutenez-levangelisation-parmi-les-etudiants-aujourdhui\/","title":{"rendered":"Soutenez l&rsquo;\u00e9vang\u00e9lisation parmi les \u00e9tudiants aujourd&rsquo;hui"},"content":{"rendered":"<div class=\"wp-block block-acf-spacer\">\n<div id=\"spacer-block_5d8e177cb6ee8\" class=\"\">\n    <div aria-hidden=\"true\" class=\"wp-block-spacer spacer--md\"><\/div>\n<\/div>\n<\/div>\n\n<div class=\"wp-block block-core-heading\">\n<h1 class=\"wp-block-heading\">Comment aider des \u00e9tudiants comme Sisse \u00e0 rencontrer J\u00e9sus \u00e0 travers le monde<\/h1>\n<\/div>\n\n<div class=\"wp-block block-core-paragraph\">\n<p class=\"has-md-font-size wp-block-paragraph\">Sisse&nbsp;\u00e9tait une \u00e9tudiante universitaire comme&nbsp;les autres&nbsp;au Danemark. Elle lisait, avait des examens et prenait le caf\u00e9 avec ses amis. Mais au fond d&rsquo;elle, c&rsquo;\u00e9tait une autre histoire. Elle trouvait que la vie n&rsquo;avait pas de sens. Son estime de soi \u00e9tait fragile et elle ne savait pas comment combler le&nbsp;vide int\u00e9rieur qu&rsquo;elle ressentait.&nbsp;<\/p>\n<\/div>\n\n<div class=\"wp-block block-core-paragraph\">\n<p class=\"wp-block-paragraph\">Un jour, une de ses amis l&rsquo;a invit\u00e9e \u00e0 lire l&rsquo;\u00c9vangile de Jean, \u00e0 l&rsquo;aide du guide&nbsp;Uncover. Elle pensait que la Bible datait trop pour avoir une quelconque utilit\u00e9 pour sa vie. Mais plus Sisse d\u00e9couvrait la personne de J\u00e9sus \u00e0 travers les \u00c9critures, plus elle le trouvait fascinant. Elle \u00e9coutait ses amies lui expliquer comment Dieu avait transform\u00e9 leur vie. Alors elle s&rsquo;est dit\u202f:&nbsp;<em>Peut-\u00eatre qu&rsquo;il pourrait changer la mienne aussi<\/em>\u2026&nbsp;<\/p>\n<\/div>\n\n<div class=\"wp-block block-core-paragraph\">\n<p class=\"wp-block-paragraph\">Sisse a rencontr\u00e9 J\u00e9sus en lisant&nbsp;Uncover&nbsp;en danois.&nbsp;Partout dans le monde, de nombreux \u00e9tudiants comme elle&nbsp;ont explor\u00e9 les \u00c9vangiles avec leurs amis \u00e0 l&rsquo;aide des versions de cette ressource en arabe, chinois, russe et dans 28\u202fautres langues. Initialement con\u00e7ue par l&rsquo;UCCF Grande-Bretagne,&nbsp;Uncover&nbsp;s&rsquo;est peu \u00e0 peu r\u00e9pandue \u00e0 travers l&rsquo;ensemble du r\u00e9seau de l&rsquo;IFES. Dans le monde entier, il a donn\u00e9 aux chr\u00e9tiens l&rsquo;assurance dont ils avaient besoin pour ouvrir la Bible avec leurs amis, et de nombreux \u00e9tudiants ont plac\u00e9 leur confiance en Christ.&nbsp;<\/p>\n<\/div>\n\n\n<div class=\"wp-block-image\"><figure class=\"aligncenter size-large is-resized\"><img loading=\"lazy\" decoding=\"async\" src=\"https:\/\/ifesworld.org\/wp-content\/uploads\/2019\/09\/Sissie-4-1024x576.jpg\" alt=\"\" class=\"wp-image-8956\" width=\"512\" height=\"288\" srcset=\"https:\/\/ifesworld.org\/wp-content\/uploads\/2019\/09\/Sissie-4-1024x576.jpg 1024w, https:\/\/ifesworld.org\/wp-content\/uploads\/2019\/09\/Sissie-4-300x169.jpg 300w, https:\/\/ifesworld.org\/wp-content\/uploads\/2019\/09\/Sissie-4-768x432.jpg 768w, https:\/\/ifesworld.org\/wp-content\/uploads\/2019\/09\/Sissie-4.jpg 1200w\" sizes=\"auto, (max-width: 512px) 100vw, 512px\" \/><\/figure><\/div>\n\n\n<div class=\"wp-block block-core-paragraph\">\n<p class=\"has-md-font-size wp-block-paragraph\">Uncover n&rsquo;est qu&rsquo;un des nombreux moyens dont Dieu utilise l&rsquo;IFES pour changer des vies. Par le biais de formations, de ressources et de financements, l&rsquo;IFES donne \u00e0 ses mouvements nationaux les moyens d&rsquo;atteindre des \u00e9tudiants de toutes origines, langues et cultures.  <\/p>\n<\/div>\n\n<div class=\"wp-block block-core-paragraph\">\n<p class=\"wp-block-paragraph\">L&rsquo;IFES aide les \u00e9tudiants \u00e0 amorcer le dialogue avec les \u00e9tudiants musulmans, \u00e0 organiser des activit\u00e9s pour les \u00e9tudiants internationaux, et \u00e0 utiliser les arts de sc\u00e8ne, la musique, le sports et d&rsquo;autres moyens innovants pour partager l&rsquo;\u00c9vangile. Pourtant, il y a encore des milliers d&rsquo;\u00e9tudiants qui ont besoin de formation, de ressources et d&rsquo;aide pour atteindre leurs pairs. Et il reste encore bien d&rsquo;autres \u00e9tudiants qui pensent que la Bible n&rsquo;est pas pertinente ou qui n&rsquo;ont jamais entendu parler de&nbsp;J\u00e9sus.&nbsp;<\/p>\n<\/div>\n\n<div class=\"wp-block block-core-paragraph\">\n<p class=\"wp-block-paragraph\">L&rsquo;IFES souhaite continuer \u00e0 investir dans les efforts d&rsquo;\u00e9vang\u00e9lisation des mouvements nationaux et inspirer une g\u00e9n\u00e9ration d&rsquo;\u00e9tudiants \u00e0 pr\u00e9senter leurs amis \u00e0 J\u00e9sus.&nbsp;<\/p>\n<\/div>\n\n<div class=\"wp-block block-core-paragraph\">\n<p class=\"wp-block-paragraph\">Donnez aujourd&rsquo;hui&nbsp;et aidez-nous \u00e0 atteindre d&rsquo;autres \u00e9tudiants comme Sisse.&nbsp;<\/p>\n<\/div>\n\n<div class=\"wp-block block-acf-ifesbutton aligncenter\">\n<div class=\"aligncenter\">\n    <a id=\"btn-block_5d8dfa7eb6ee5\" target=\"\" href=\"https:\/\/give.ifesworld.org\/customgiving?t=1&#038;d=IN000_PEVA&#038;s=19UKAPPL2&#038;a=0\" class=\"btn btn--world-student-day\">\n        <span>\n        Donnez maintenant pour soutenir les projets d&rsquo;\u00e9vang\u00e9lisation de l&rsquo;IFES          <\/span>\n    <\/a>\n<\/div>\n\n<\/div>\n\n<div class=\"wp-block block-acf-spacer\">\n<div id=\"spacer-block_5d8e16f8b6ee6\" class=\"\">\n    <div aria-hidden=\"true\" class=\"wp-block-spacer spacer--md\"><\/div>\n<\/div>\n<\/div>\n\n<div class=\"wp-block block-core-heading\">\n<h2 class=\"wp-block-heading\">Quelle diff\u00e9rence peut faire mon don\u202f? <\/h2>\n<\/div>\n\n<div class=\"wp-block block-core-list\">\n<ul class=\"wp-block-list\"><li>$30 pourraient permettre \u00e0 un \u00e9tudiant international en Bulgarie d&rsquo;entendre l\u2019\u00c9vangile lors d&rsquo;une retraite d&rsquo;hiver.<\/li><li>$50 pourraient permette aux chr\u00e9tiens d&rsquo;apprendre \u00e0 partager leur foi sur un campus du Sierra Leone.&nbsp;&nbsp;<\/li><li>$196 pourraient permettre \u00e0 un&nbsp;\u00e9tudiant de participer \u00e0 Revive, le prochain congr\u00e8s d&rsquo;\u00e9vang\u00e9lisation \u00e9tudiant de l&rsquo;IFES Europe (le v\u00e9ritable co\u00fbt est plus pr\u00e8s de $328 par participant).&nbsp;<\/li><li>$150 pourraient permettre de financer un congr\u00e8s de formation \u00e0 l&rsquo;\u00e9vang\u00e9lisation pour un groupe en RD Congo.&nbsp;<\/li><li>$280 pourraient permettre de former un groupe de leaders \u00e9tudiants en Martinique \u00e0 partager leur foi dans leur \u00e9cole ou leur universit\u00e9.<\/li><li>$415 pourraient permettre de louer un centre aux Philippines pour atteindre et servir les \u00e9tudiants internationaux dans quatre universit\u00e9s pendant un mois.&nbsp;<\/li><li>$750 pourraient permettre de mener un programme d&rsquo;\u00e9vang\u00e9lisation pour un campus au Rwanda.&nbsp;<\/li><\/ul>\n<\/div>\n\n<div class=\"wp-block block-acf-ifesbutton aligncenter\">\n<div class=\"aligncenter\">\n    <a id=\"btn-block_5d8e1723b6ee7\" target=\"\" href=\"https:\/\/give.ifesworld.org\/customgiving?t=1&#038;d=IN000_PEVA&#038;s=19UKAPPL2&#038;a=0\" class=\"btn btn--world-student-day\">\n        <span>\n        Donnez maintenant pour soutenir les projets d&rsquo;\u00e9vang\u00e9lisation de l&rsquo;IFES\u00a0        <\/span>\n    <\/a>\n<\/div>\n\n<\/div>\n\n<div class=\"wp-block block-acf-ifesbutton\">\n<div class=\"\">\n    <a id=\"btn-block_5d8b8036c635e\" target=\"\" href=\"https:\/\/ifesworld.org\/fr\/evangelisme-universitaire-inspirant\/\" class=\"btn btn--cta-link\">\n        <span>\n                    <span class=\"icon\"><svg class=\"icon\"><use xlink:href=\"#chevron-circle-right-solid\"\/><\/svg><\/span>\n        En savoir plus sur les efforts d&rsquo;\u00e9vang\u00e9lisation de l&rsquo;IFES.         <\/span>\n    <\/a>\n<\/div>\n\n<\/div>\n\n<div class=\"wp-block block-acf-spacer\">\n<div id=\"spacer-block_5d8e17a4b6ee9\" class=\"\">\n    <div aria-hidden=\"true\" class=\"wp-block-spacer spacer--md\"><\/div>\n<\/div>\n<\/div>","protected":false},"excerpt":{"rendered":"<p>Comment aider des \u00e9tudiants comme Sisse \u00e0 rencontrer J\u00e9sus \u00e0 travers le monde Sisse&nbsp;\u00e9tait une \u00e9tudiante universitaire comme&nbsp;les autres&nbsp;au Danemark. Elle lisait, avait des examens et prenait le caf\u00e9 avec ses amis. Mais au fond d&rsquo;elle, c&rsquo;\u00e9tait une autre histoire. Elle trouvait que la vie n&rsquo;avait pas de sens. Son estime de soi \u00e9tait fragile&#8230;<\/p>\n","protected":false},"author":2,"featured_media":8950,"parent":0,"menu_order":0,"comment_status":"closed","ping_status":"closed","template":"","meta":{"_acf_changed":false,"_crdt_document":"","inline_featured_image":false,"footnotes":""},"area":[],"theme":[],"class_list":["post-9024","page","type-page","status-publish","has-post-thumbnail","hentry"],"acf":[],"yoast_head":"<!-- This site is optimized with the Yoast SEO plugin v27.2 - https:\/\/yoast.com\/product\/yoast-seo-wordpress\/ -->\n<title>Soutenez l&#039;\u00e9vang\u00e9lisation parmi les \u00e9tudiants aujourd&#039;hui &#183; IFES<\/title>\n<meta name=\"description\" content=\"Sisse was just a normal university student in Denmark. She read books, sat exams and drank coffee with her friends. But on the inside, it was a different story. Nothing about life made sense. She struggled with low self esteem and didn\u2019t know how to fill the hole she felt inside.\" \/>\n<meta name=\"robots\" content=\"index, follow, max-snippet:-1, max-image-preview:large, max-video-preview:-1\" \/>\n<link rel=\"canonical\" href=\"https:\/\/ifesworld.org\/en\/support-global-student-evangelism-today\/\" \/>\n<meta property=\"og:locale\" content=\"fr_FR\" \/>\n<meta property=\"og:type\" content=\"article\" \/>\n<meta property=\"og:title\" content=\"Soutenez l&#039;\u00e9vang\u00e9lisation parmi les \u00e9tudiants aujourd&#039;hui &#183; IFES\" \/>\n<meta property=\"og:description\" content=\"Sisse was just a normal university student in Denmark. She read books, sat exams and drank coffee with her friends. But on the inside, it was a different story. Nothing about life made sense. She struggled with low self esteem and didn\u2019t know how to fill the hole she felt inside.\" \/>\n<meta property=\"og:url\" content=\"https:\/\/ifesworld.org\/en\/support-global-student-evangelism-today\/\" \/>\n<meta property=\"og:site_name\" content=\"IFES\" \/>\n<meta property=\"article:modified_time\" content=\"2019-10-07T09:54:13+00:00\" \/>\n<meta property=\"og:image\" content=\"https:\/\/ifesworld.org\/wp-content\/uploads\/2019\/09\/V1D1442.jpg\" \/>\n\t<meta property=\"og:image:width\" content=\"1200\" \/>\n\t<meta property=\"og:image:height\" content=\"675\" \/>\n\t<meta property=\"og:image:type\" content=\"image\/jpeg\" \/>\n<meta name=\"twitter:card\" content=\"summary_large_image\" \/>\n<meta name=\"twitter:label1\" content=\"Dur\u00e9e de lecture estim\u00e9e\" \/>\n\t<meta name=\"twitter:data1\" content=\"3 minutes\" \/>\n<script type=\"application\/ld+json\" class=\"yoast-schema-graph\">{\"@context\":\"https:\/\/schema.org\",\"@graph\":[{\"@type\":\"WebPage\",\"@id\":\"https:\/\/ifesworld.org\/en\/support-global-student-evangelism-today\/\",\"url\":\"https:\/\/ifesworld.org\/en\/support-global-student-evangelism-today\/\",\"name\":\"Soutenez l'\u00e9vang\u00e9lisation parmi les \u00e9tudiants aujourd'hui &#183; IFES\",\"isPartOf\":{\"@id\":\"https:\/\/ifesworld.org\/es\/#website\"},\"primaryImageOfPage\":{\"@id\":\"https:\/\/ifesworld.org\/en\/support-global-student-evangelism-today\/#primaryimage\"},\"image\":{\"@id\":\"https:\/\/ifesworld.org\/en\/support-global-student-evangelism-today\/#primaryimage\"},\"thumbnailUrl\":\"https:\/\/ifesworld.org\/wp-content\/uploads\/2019\/09\/V1D1442.jpg\",\"datePublished\":\"2019-10-01T10:42:45+00:00\",\"dateModified\":\"2019-10-07T09:54:13+00:00\",\"description\":\"Sisse was just a normal university student in Denmark. She read books, sat exams and drank coffee with her friends. But on the inside, it was a different story. Nothing about life made sense. She struggled with low self esteem and didn\u2019t know how to fill the hole she felt inside.\",\"breadcrumb\":{\"@id\":\"https:\/\/ifesworld.org\/en\/support-global-student-evangelism-today\/#breadcrumb\"},\"inLanguage\":\"fr-FR\",\"potentialAction\":[{\"@type\":\"ReadAction\",\"target\":[\"https:\/\/ifesworld.org\/en\/support-global-student-evangelism-today\/\"]}]},{\"@type\":\"ImageObject\",\"inLanguage\":\"fr-FR\",\"@id\":\"https:\/\/ifesworld.org\/en\/support-global-student-evangelism-today\/#primaryimage\",\"url\":\"https:\/\/ifesworld.org\/wp-content\/uploads\/2019\/09\/V1D1442.jpg\",\"contentUrl\":\"https:\/\/ifesworld.org\/wp-content\/uploads\/2019\/09\/V1D1442.jpg\",\"width\":1200,\"height\":675},{\"@type\":\"BreadcrumbList\",\"@id\":\"https:\/\/ifesworld.org\/en\/support-global-student-evangelism-today\/#breadcrumb\",\"itemListElement\":[{\"@type\":\"ListItem\",\"position\":1,\"name\":\"Home\",\"item\":\"https:\/\/ifesworld.org\/fr\/\"},{\"@type\":\"ListItem\",\"position\":2,\"name\":\"Soutenez l&#8217;\u00e9vang\u00e9lisation parmi les \u00e9tudiants aujourd&#8217;hui\"}]},{\"@type\":\"WebSite\",\"@id\":\"https:\/\/ifesworld.org\/es\/#website\",\"url\":\"https:\/\/ifesworld.org\/es\/\",\"name\":\"IFES\",\"description\":\"A movement of students sharing and living out the good news of Jesus Christ. Locally. Nationally. Globally.\",\"publisher\":{\"@id\":\"https:\/\/ifesworld.org\/es\/#organization\"},\"potentialAction\":[{\"@type\":\"SearchAction\",\"target\":{\"@type\":\"EntryPoint\",\"urlTemplate\":\"https:\/\/ifesworld.org\/es\/?s={search_term_string}\"},\"query-input\":{\"@type\":\"PropertyValueSpecification\",\"valueRequired\":true,\"valueName\":\"search_term_string\"}}],\"inLanguage\":\"fr-FR\"},{\"@type\":\"Organization\",\"@id\":\"https:\/\/ifesworld.org\/es\/#organization\",\"name\":\"IFES \u00b7 International Fellowship of Evangelical Students\",\"url\":\"https:\/\/ifesworld.org\/es\/\",\"logo\":{\"@type\":\"ImageObject\",\"inLanguage\":\"fr-FR\",\"@id\":\"https:\/\/ifesworld.org\/es\/#\/schema\/logo\/image\/\",\"url\":\"https:\/\/ifesworld.org\/wp-content\/uploads\/2019\/06\/ifeslogo.png\",\"contentUrl\":\"https:\/\/ifesworld.org\/wp-content\/uploads\/2019\/06\/ifeslogo.png\",\"width\":262,\"height\":262,\"caption\":\"IFES \u00b7 International Fellowship of Evangelical Students\"},\"image\":{\"@id\":\"https:\/\/ifesworld.org\/es\/#\/schema\/logo\/image\/\"}}]}<\/script>\n<!-- \/ Yoast SEO plugin. -->","yoast_head_json":{"title":"Soutenez l'\u00e9vang\u00e9lisation parmi les \u00e9tudiants aujourd'hui &#183; IFES","description":"Sisse was just a normal university student in Denmark. She read books, sat exams and drank coffee with her friends. But on the inside, it was a different story. Nothing about life made sense. She struggled with low self esteem and didn\u2019t know how to fill the hole she felt inside.","robots":{"index":"index","follow":"follow","max-snippet":"max-snippet:-1","max-image-preview":"max-image-preview:large","max-video-preview":"max-video-preview:-1"},"canonical":"https:\/\/ifesworld.org\/en\/support-global-student-evangelism-today\/","og_locale":"fr_FR","og_type":"article","og_title":"Soutenez l'\u00e9vang\u00e9lisation parmi les \u00e9tudiants aujourd'hui &#183; IFES","og_description":"Sisse was just a normal university student in Denmark. She read books, sat exams and drank coffee with her friends. But on the inside, it was a different story. Nothing about life made sense. She struggled with low self esteem and didn\u2019t know how to fill the hole she felt inside.","og_url":"https:\/\/ifesworld.org\/en\/support-global-student-evangelism-today\/","og_site_name":"IFES","article_modified_time":"2019-10-07T09:54:13+00:00","og_image":[{"width":1200,"height":675,"url":"https:\/\/ifesworld.org\/wp-content\/uploads\/2019\/09\/V1D1442.jpg","type":"image\/jpeg"}],"twitter_card":"summary_large_image","twitter_misc":{"Dur\u00e9e de lecture estim\u00e9e":"3 minutes"},"schema":{"@context":"https:\/\/schema.org","@graph":[{"@type":"WebPage","@id":"https:\/\/ifesworld.org\/en\/support-global-student-evangelism-today\/","url":"https:\/\/ifesworld.org\/en\/support-global-student-evangelism-today\/","name":"Soutenez l'\u00e9vang\u00e9lisation parmi les \u00e9tudiants aujourd'hui &#183; IFES","isPartOf":{"@id":"https:\/\/ifesworld.org\/es\/#website"},"primaryImageOfPage":{"@id":"https:\/\/ifesworld.org\/en\/support-global-student-evangelism-today\/#primaryimage"},"image":{"@id":"https:\/\/ifesworld.org\/en\/support-global-student-evangelism-today\/#primaryimage"},"thumbnailUrl":"https:\/\/ifesworld.org\/wp-content\/uploads\/2019\/09\/V1D1442.jpg","datePublished":"2019-10-01T10:42:45+00:00","dateModified":"2019-10-07T09:54:13+00:00","description":"Sisse was just a normal university student in Denmark. She read books, sat exams and drank coffee with her friends. But on the inside, it was a different story. Nothing about life made sense. She struggled with low self esteem and didn\u2019t know how to fill the hole she felt inside.","breadcrumb":{"@id":"https:\/\/ifesworld.org\/en\/support-global-student-evangelism-today\/#breadcrumb"},"inLanguage":"fr-FR","potentialAction":[{"@type":"ReadAction","target":["https:\/\/ifesworld.org\/en\/support-global-student-evangelism-today\/"]}]},{"@type":"ImageObject","inLanguage":"fr-FR","@id":"https:\/\/ifesworld.org\/en\/support-global-student-evangelism-today\/#primaryimage","url":"https:\/\/ifesworld.org\/wp-content\/uploads\/2019\/09\/V1D1442.jpg","contentUrl":"https:\/\/ifesworld.org\/wp-content\/uploads\/2019\/09\/V1D1442.jpg","width":1200,"height":675},{"@type":"BreadcrumbList","@id":"https:\/\/ifesworld.org\/en\/support-global-student-evangelism-today\/#breadcrumb","itemListElement":[{"@type":"ListItem","position":1,"name":"Home","item":"https:\/\/ifesworld.org\/fr\/"},{"@type":"ListItem","position":2,"name":"Soutenez l&#8217;\u00e9vang\u00e9lisation parmi les \u00e9tudiants aujourd&#8217;hui"}]},{"@type":"WebSite","@id":"https:\/\/ifesworld.org\/es\/#website","url":"https:\/\/ifesworld.org\/es\/","name":"IFES","description":"A movement of students sharing and living out the good news of Jesus Christ. Locally. Nationally. Globally.","publisher":{"@id":"https:\/\/ifesworld.org\/es\/#organization"},"potentialAction":[{"@type":"SearchAction","target":{"@type":"EntryPoint","urlTemplate":"https:\/\/ifesworld.org\/es\/?s={search_term_string}"},"query-input":{"@type":"PropertyValueSpecification","valueRequired":true,"valueName":"search_term_string"}}],"inLanguage":"fr-FR"},{"@type":"Organization","@id":"https:\/\/ifesworld.org\/es\/#organization","name":"IFES \u00b7 International Fellowship of Evangelical Students","url":"https:\/\/ifesworld.org\/es\/","logo":{"@type":"ImageObject","inLanguage":"fr-FR","@id":"https:\/\/ifesworld.org\/es\/#\/schema\/logo\/image\/","url":"https:\/\/ifesworld.org\/wp-content\/uploads\/2019\/06\/ifeslogo.png","contentUrl":"https:\/\/ifesworld.org\/wp-content\/uploads\/2019\/06\/ifeslogo.png","width":262,"height":262,"caption":"IFES \u00b7 International Fellowship of Evangelical Students"},"image":{"@id":"https:\/\/ifesworld.org\/es\/#\/schema\/logo\/image\/"}}]}},"_links":{"self":[{"href":"https:\/\/ifesworld.org\/fr\/wp-json\/wp\/v2\/pages\/9024","targetHints":{"allow":["GET"]}}],"collection":[{"href":"https:\/\/ifesworld.org\/fr\/wp-json\/wp\/v2\/pages"}],"about":[{"href":"https:\/\/ifesworld.org\/fr\/wp-json\/wp\/v2\/types\/page"}],"author":[{"embeddable":true,"href":"https:\/\/ifesworld.org\/fr\/wp-json\/wp\/v2\/users\/2"}],"replies":[{"embeddable":true,"href":"https:\/\/ifesworld.org\/fr\/wp-json\/wp\/v2\/comments?post=9024"}],"version-history":[{"count":0,"href":"https:\/\/ifesworld.org\/fr\/wp-json\/wp\/v2\/pages\/9024\/revisions"}],"wp:featuredmedia":[{"embeddable":true,"href":"https:\/\/ifesworld.org\/fr\/wp-json\/wp\/v2\/media\/8950"}],"wp:attachment":[{"href":"https:\/\/ifesworld.org\/fr\/wp-json\/wp\/v2\/media?parent=9024"}],"wp:term":[{"taxonomy":"area","embeddable":true,"href":"https:\/\/ifesworld.org\/fr\/wp-json\/wp\/v2\/area?post=9024"},{"taxonomy":"theme","embeddable":true,"href":"https:\/\/ifesworld.org\/fr\/wp-json\/wp\/v2\/theme?post=9024"}],"curies":[{"name":"wp","href":"https:\/\/api.w.org\/{rel}","templated":true}]}}