{"id":6211,"date":"2019-06-24T15:20:20","date_gmt":"2019-06-24T15:20:20","guid":{"rendered":"https:\/\/ifesworld.org\/?page_id=6211"},"modified":"2019-06-26T10:34:40","modified_gmt":"2019-06-26T10:34:40","slug":"faites-un-don-a-lassemblee-mondiale","status":"publish","type":"page","link":"https:\/\/ifesworld.org\/fr\/faites-un-don-a-lassemblee-mondiale\/","title":{"rendered":"Faites un don \u00e0 l\u2019Assembl\u00e9e mondiale"},"content":{"rendered":"<div class=\"wp-block block-core-paragraph\">\n<p class=\"wp-block-paragraph\">Aida aime le caf\u00e9, jouer de la guitare et faire des balades matinales.\nElle n\u2019a que 23 ans mais elle caresse de grands r\u00eaves. Elle d\u00e9sire voir\nl\u2019\u00c9vangile pr\u00e9sent\u00e9 \u00e0 des \u00e9tudiants qui n\u2019ont encore jamais entendu le nom de\nJ\u00e9sus.<\/p>\n<\/div>\n\n<div class=\"wp-block block-core-paragraph\">\n<p class=\"wp-block-paragraph\">Jusqu\u2019\u00e0 l\u2019\u00e2ge de sept ans, Aida a v\u00e9cu en\nGuin\u00e9e \u00e9quatoriale avec ses parents missionnaires. Ses amis lui avaient donn\u00e9\nle nom de <em>mwana ntang <\/em>(fille blanche) et ils lui ont enseign\u00e9 \u00e0 s\u2019amuser\navec un b\u00e2ton et \u00e0 courir dans la brousse. Ce pays et ses habitants ont occup\u00e9\nune place de choix dans son c\u0153ur depuis ce temps.<\/p>\n<\/div>\n\n<div class=\"wp-block block-core-paragraph\">\n<p class=\"wp-block-paragraph\">Aida a r\u00e9cemment termin\u00e9 ses \u00e9tudes universitaires \u00e0 Barcelone, en\nEspagne, et elle se pr\u00e9pare \u00e0 retourner en Guin\u00e9e \u00e9quatoriale pour aider \u00e0 y\nlancer un mouvement \u00e9tudiant pionnier. Elle r\u00eave de voir l\u2019\u00c9vangile porter du\nfruit parmi les \u00e9tudiants l\u00e0-bas.<\/p>\n<\/div>\n\n<div class=\"wp-block block-core-paragraph\">\n<p class=\"wp-block-paragraph\">Elle n\u2019y va pas de sa propre initiative, mais avec le soutien du\nmouvement espagnol de l\u2019IFES ; toutefois, elle a besoin de formation, de\ncontacts et d\u2019encouragement de la part de ceux qui ont de l\u2019exp\u00e9rience dans ce\ndomaine. C\u2019est la raison pour laquelle l\u2019IFES lui a accord\u00e9 une bourse lui\npermettant de participer \u00e0 l\u2019Assembl\u00e9e mondiale, en juillet prochain.<\/p>\n<\/div>\n\n<div class=\"wp-block block-core-paragraph\">\n<p class=\"wp-block-paragraph\">L\u2019Assembl\u00e9e mondiale sera pour elle une opportunit\u00e9 exceptionnelle de\nrencontrer des croyants de partout dans le monde qui sont impliqu\u00e9s dans un\ntravail similaire au sien parmi les \u00e9tudiants. Les contacts qu\u2019elle y fera et\nce qu\u2019elle y apprendra auront un impact majeur sur son travail pionnier en\nGuin\u00e9e \u00e9quatoriale. Et elle a tellement \u00e0 contribuer pour la plus grande\nb\u00e9n\u00e9diction des \u00e9tudiants et des \u00e9quipiers qu\u2019elle rencontrera lors de cet\n\u00e9v\u00e9nement.<\/p>\n<\/div>\n\n<div class=\"wp-block block-core-paragraph\">\n<p class=\"wp-block-paragraph\">Nous avons identifi\u00e9 plus de 100 personnes comme Aida qui ont besoin\nd\u2019une bourse pour participer \u00e0 ce rassemblement mondial. Accepteriez-vous de\ncontribuer 10 $ aujourd\u2019hui pour aider \u00e0 financer de telles bourses ?<\/p>\n<\/div>\n\n<div class=\"wp-block block-core-paragraph\">\n<p class=\"wp-block-paragraph\">Il peut \u00eatre difficile de donner pour quelque chose qui semble\nlointain. Mais l\u2019IFES n\u2019a v\u00e9ritablement connu de croissance que lorsque des\ngens ont accept\u00e9 de prendre des initiatives courageuses, soutenus par des\nfr\u00e8res et s\u0153urs qui contribuent \u00e0 leur soutien et prient pour eux. Tout ce que\nvous donnez aujourd\u2019hui contribuera \u00e0 aider un croyant \u00e0 participer \u00e0\nl\u2019Assembl\u00e9e mondiale et \u00e0 avoir un impact mondial pour l\u2019\u00c9vangile.<\/p>\n<\/div>\n\n<div class=\"wp-block block-core-paragraph\">\n<p class=\"wp-block-paragraph\">Nous sommes ensemble dans cette mission.<\/p>\n<\/div>\n\n<div class=\"wp-block block-acf-ifesbutton aligncenter\">\n<div class=\"aligncenter\">\n    <a id=\"btn-block_5d10d68a1d8ab\" target=\"\" href=\"https:\/\/give.ifesworld.org\/customgiving?t=1&#038;s=IFESWEBSITE&#038;a=0&#038;c=GBP&#038;d=INTWA_PWASC\" class=\"btn btn--world-student-day\">\n        <span>\n        Donnez maintenant pour financer une bourse         <\/span>\n    <\/a>\n<\/div>\n\n<\/div>\n\n<div class=\"wp-block block-acf-ifesbutton aligncenter\">\n<div class=\"aligncenter\">\n    <a id=\"btn-block_5cf7ae9fb04db\" target=\"\" href=\"\/en\/worldassembly\/\" class=\"btn btn--cta-link\">\n        <span>\n                    <span class=\"icon\"><svg class=\"icon\"><use xlink:href=\"#chevron-circle-right-solid\"\/><\/svg><\/span>\n        Voir plus sur l&rsquo;Assembl\u00e9e Mondiale de l&rsquo;ifes 2019         <\/span>\n    <\/a>\n<\/div>\n\n<\/div>\n\n<div class=\"wp-block block-acf-giveblock alignfull\">  \n    <section id=\"give-block-signup-block_5d10d5af1d8a9\" class=\"alignfull give-block--large\">\n        <div class=\"give-block--large__container\">\n            <div class=\"give-block--large__content\">\n                <div class=\"container--adaptive full-width full-height align--center\">\n                    <header class=\"give-block--large__header margin-top--lg margin-bottom--lg side-padding--md\">\n                                                <h2 class=\"h1\">Give towards Scholarships<\/h2>\n                                          <\/header>\n                <\/div>\n            <\/div>\n            <figure class=\"give-block--large__image image--absolute--center image--absolute--mask\">\n              <img loading=\"lazy\" decoding=\"async\" width=\"1000\" height=\"667\" src=\"https:\/\/ifesworld.org\/wp-content\/uploads\/2019\/06\/19967251486_7e7729af5c_o.jpg\" class=\"attachment-original size-original\" alt=\"\" srcset=\"https:\/\/ifesworld.org\/wp-content\/uploads\/2019\/06\/19967251486_7e7729af5c_o.jpg 1000w, https:\/\/ifesworld.org\/wp-content\/uploads\/2019\/06\/19967251486_7e7729af5c_o-300x200.jpg 300w, https:\/\/ifesworld.org\/wp-content\/uploads\/2019\/06\/19967251486_7e7729af5c_o-768x512.jpg 768w\" sizes=\"auto, (max-width: 1000px) 100vw, 1000px\" \/>            <\/figure>\n        <\/div>\n        <div class=\"give-block--large__form-container side-padding--md\">\n            <div class=\"container container--adaptive\">\n                              <form class=\"give-block--large__form container--full-width flex flex--wrap flex--center margin-top margin-bottom--lg\"\n                      action=\"https:\/\/ifesworld.org\/fr\/donner\/?fund=INTWA_PWASC&#038;source=IFESWEBSITE\" method=\"GET\"\n                      target=\"_blank\">\n                                        <input type='hidden' name='fund' value='INTWA_PWASC'\/>\n                                      <div class=\"btn btn--primary form__submit\">\n                        <input type=\"submit\" value=\"Give now\"\/>\n                        <span>Give now<\/span>\n                    <\/div>\n                <\/form>\n            <\/div>\n        <\/div>\n    <\/section>\n<\/div>","protected":false},"excerpt":{"rendered":"<p>Aida aime le caf\u00e9, jouer de la guitare et faire des balades matinales. Elle n\u2019a que 23 ans mais elle caresse de grands r\u00eaves. Elle d\u00e9sire voir l\u2019\u00c9vangile pr\u00e9sent\u00e9 \u00e0 des \u00e9tudiants qui n\u2019ont encore jamais entendu le nom de J\u00e9sus. Jusqu\u2019\u00e0 l\u2019\u00e2ge de sept ans, Aida a v\u00e9cu en Guin\u00e9e \u00e9quatoriale avec ses parents&#8230;<\/p>\n","protected":false},"author":2,"featured_media":6137,"parent":0,"menu_order":0,"comment_status":"closed","ping_status":"closed","template":"","meta":{"_acf_changed":false,"_crdt_document":"","inline_featured_image":false,"footnotes":""},"area":[],"theme":[],"class_list":["post-6211","page","type-page","status-publish","has-post-thumbnail","hentry"],"acf":[],"yoast_head":"<!-- This site is optimized with the Yoast SEO plugin v27.2 - https:\/\/yoast.com\/product\/yoast-seo-wordpress\/ -->\n<title>Faites un don \u00e0 l\u2019Assembl\u00e9e mondiale &#183; IFES<\/title>\n<meta name=\"description\" content=\"Aida aime le caf\u00e9, jouer de la guitare et faire des balades matinales. Elle n\u2019a que 23 ans mais elle caresse de grands r\u00eaves. Elle d\u00e9sire voir l\u2019\u00c9vangile\" \/>\n<meta name=\"robots\" content=\"index, follow, max-snippet:-1, max-image-preview:large, max-video-preview:-1\" \/>\n<link rel=\"canonical\" href=\"https:\/\/ifesworld.org\/en\/give-to-world-assembly\/\" \/>\n<meta property=\"og:locale\" content=\"fr_FR\" \/>\n<meta property=\"og:type\" content=\"article\" \/>\n<meta property=\"og:title\" content=\"Faites un don \u00e0 l\u2019Assembl\u00e9e mondiale &#183; IFES\" \/>\n<meta property=\"og:description\" content=\"Aida aime le caf\u00e9, jouer de la guitare et faire des balades matinales. Elle n\u2019a que 23 ans mais elle caresse de grands r\u00eaves. Elle d\u00e9sire voir l\u2019\u00c9vangile\" \/>\n<meta property=\"og:url\" content=\"https:\/\/ifesworld.org\/en\/give-to-world-assembly\/\" \/>\n<meta property=\"og:site_name\" content=\"IFES\" \/>\n<meta property=\"article:modified_time\" content=\"2019-06-26T10:34:40+00:00\" \/>\n<meta property=\"og:image\" content=\"https:\/\/ifesworld.org\/wp-content\/uploads\/2019\/06\/ERSPA-EP-EQ-GUINEA-Aida-Banyuls.jpg\" \/>\n\t<meta property=\"og:image:width\" content=\"1200\" \/>\n\t<meta property=\"og:image:height\" content=\"581\" \/>\n\t<meta property=\"og:image:type\" content=\"image\/jpeg\" \/>\n<meta name=\"twitter:card\" content=\"summary_large_image\" \/>\n<meta name=\"twitter:label1\" content=\"Dur\u00e9e de lecture estim\u00e9e\" \/>\n\t<meta name=\"twitter:data1\" content=\"2 minutes\" \/>\n<script type=\"application\/ld+json\" class=\"yoast-schema-graph\">{\"@context\":\"https:\/\/schema.org\",\"@graph\":[{\"@type\":\"WebPage\",\"@id\":\"https:\/\/ifesworld.org\/en\/give-to-world-assembly\/\",\"url\":\"https:\/\/ifesworld.org\/en\/give-to-world-assembly\/\",\"name\":\"Faites un don \u00e0 l\u2019Assembl\u00e9e mondiale &#183; IFES\",\"isPartOf\":{\"@id\":\"https:\/\/ifesworld.org\/es\/#website\"},\"primaryImageOfPage\":{\"@id\":\"https:\/\/ifesworld.org\/en\/give-to-world-assembly\/#primaryimage\"},\"image\":{\"@id\":\"https:\/\/ifesworld.org\/en\/give-to-world-assembly\/#primaryimage\"},\"thumbnailUrl\":\"https:\/\/ifesworld.org\/wp-content\/uploads\/2019\/06\/ERSPA-EP-EQ-GUINEA-Aida-Banyuls.jpg\",\"datePublished\":\"2019-06-24T15:20:20+00:00\",\"dateModified\":\"2019-06-26T10:34:40+00:00\",\"description\":\"Aida aime le caf\u00e9, jouer de la guitare et faire des balades matinales. Elle n\u2019a que 23 ans mais elle caresse de grands r\u00eaves. Elle d\u00e9sire voir l\u2019\u00c9vangile\",\"breadcrumb\":{\"@id\":\"https:\/\/ifesworld.org\/en\/give-to-world-assembly\/#breadcrumb\"},\"inLanguage\":\"fr-FR\",\"potentialAction\":[{\"@type\":\"ReadAction\",\"target\":[\"https:\/\/ifesworld.org\/en\/give-to-world-assembly\/\"]}]},{\"@type\":\"ImageObject\",\"inLanguage\":\"fr-FR\",\"@id\":\"https:\/\/ifesworld.org\/en\/give-to-world-assembly\/#primaryimage\",\"url\":\"https:\/\/ifesworld.org\/wp-content\/uploads\/2019\/06\/ERSPA-EP-EQ-GUINEA-Aida-Banyuls.jpg\",\"contentUrl\":\"https:\/\/ifesworld.org\/wp-content\/uploads\/2019\/06\/ERSPA-EP-EQ-GUINEA-Aida-Banyuls.jpg\",\"width\":1200,\"height\":581},{\"@type\":\"BreadcrumbList\",\"@id\":\"https:\/\/ifesworld.org\/en\/give-to-world-assembly\/#breadcrumb\",\"itemListElement\":[{\"@type\":\"ListItem\",\"position\":1,\"name\":\"Home\",\"item\":\"https:\/\/ifesworld.org\/fr\/\"},{\"@type\":\"ListItem\",\"position\":2,\"name\":\"Faites un don \u00e0 l\u2019Assembl\u00e9e mondiale\"}]},{\"@type\":\"WebSite\",\"@id\":\"https:\/\/ifesworld.org\/es\/#website\",\"url\":\"https:\/\/ifesworld.org\/es\/\",\"name\":\"IFES\",\"description\":\"A movement of students sharing and living out the good news of Jesus Christ. Locally. Nationally. Globally.\",\"publisher\":{\"@id\":\"https:\/\/ifesworld.org\/es\/#organization\"},\"potentialAction\":[{\"@type\":\"SearchAction\",\"target\":{\"@type\":\"EntryPoint\",\"urlTemplate\":\"https:\/\/ifesworld.org\/es\/?s={search_term_string}\"},\"query-input\":{\"@type\":\"PropertyValueSpecification\",\"valueRequired\":true,\"valueName\":\"search_term_string\"}}],\"inLanguage\":\"fr-FR\"},{\"@type\":\"Organization\",\"@id\":\"https:\/\/ifesworld.org\/es\/#organization\",\"name\":\"IFES \u00b7 International Fellowship of Evangelical Students\",\"url\":\"https:\/\/ifesworld.org\/es\/\",\"logo\":{\"@type\":\"ImageObject\",\"inLanguage\":\"fr-FR\",\"@id\":\"https:\/\/ifesworld.org\/es\/#\/schema\/logo\/image\/\",\"url\":\"https:\/\/ifesworld.org\/wp-content\/uploads\/2019\/06\/ifeslogo.png\",\"contentUrl\":\"https:\/\/ifesworld.org\/wp-content\/uploads\/2019\/06\/ifeslogo.png\",\"width\":262,\"height\":262,\"caption\":\"IFES \u00b7 International Fellowship of Evangelical Students\"},\"image\":{\"@id\":\"https:\/\/ifesworld.org\/es\/#\/schema\/logo\/image\/\"}}]}<\/script>\n<!-- \/ Yoast SEO plugin. -->","yoast_head_json":{"title":"Faites un don \u00e0 l\u2019Assembl\u00e9e mondiale &#183; IFES","description":"Aida aime le caf\u00e9, jouer de la guitare et faire des balades matinales. Elle n\u2019a que 23 ans mais elle caresse de grands r\u00eaves. Elle d\u00e9sire voir l\u2019\u00c9vangile","robots":{"index":"index","follow":"follow","max-snippet":"max-snippet:-1","max-image-preview":"max-image-preview:large","max-video-preview":"max-video-preview:-1"},"canonical":"https:\/\/ifesworld.org\/en\/give-to-world-assembly\/","og_locale":"fr_FR","og_type":"article","og_title":"Faites un don \u00e0 l\u2019Assembl\u00e9e mondiale &#183; IFES","og_description":"Aida aime le caf\u00e9, jouer de la guitare et faire des balades matinales. Elle n\u2019a que 23 ans mais elle caresse de grands r\u00eaves. Elle d\u00e9sire voir l\u2019\u00c9vangile","og_url":"https:\/\/ifesworld.org\/en\/give-to-world-assembly\/","og_site_name":"IFES","article_modified_time":"2019-06-26T10:34:40+00:00","og_image":[{"width":1200,"height":581,"url":"https:\/\/ifesworld.org\/wp-content\/uploads\/2019\/06\/ERSPA-EP-EQ-GUINEA-Aida-Banyuls.jpg","type":"image\/jpeg"}],"twitter_card":"summary_large_image","twitter_misc":{"Dur\u00e9e de lecture estim\u00e9e":"2 minutes"},"schema":{"@context":"https:\/\/schema.org","@graph":[{"@type":"WebPage","@id":"https:\/\/ifesworld.org\/en\/give-to-world-assembly\/","url":"https:\/\/ifesworld.org\/en\/give-to-world-assembly\/","name":"Faites un don \u00e0 l\u2019Assembl\u00e9e mondiale &#183; IFES","isPartOf":{"@id":"https:\/\/ifesworld.org\/es\/#website"},"primaryImageOfPage":{"@id":"https:\/\/ifesworld.org\/en\/give-to-world-assembly\/#primaryimage"},"image":{"@id":"https:\/\/ifesworld.org\/en\/give-to-world-assembly\/#primaryimage"},"thumbnailUrl":"https:\/\/ifesworld.org\/wp-content\/uploads\/2019\/06\/ERSPA-EP-EQ-GUINEA-Aida-Banyuls.jpg","datePublished":"2019-06-24T15:20:20+00:00","dateModified":"2019-06-26T10:34:40+00:00","description":"Aida aime le caf\u00e9, jouer de la guitare et faire des balades matinales. Elle n\u2019a que 23 ans mais elle caresse de grands r\u00eaves. Elle d\u00e9sire voir l\u2019\u00c9vangile","breadcrumb":{"@id":"https:\/\/ifesworld.org\/en\/give-to-world-assembly\/#breadcrumb"},"inLanguage":"fr-FR","potentialAction":[{"@type":"ReadAction","target":["https:\/\/ifesworld.org\/en\/give-to-world-assembly\/"]}]},{"@type":"ImageObject","inLanguage":"fr-FR","@id":"https:\/\/ifesworld.org\/en\/give-to-world-assembly\/#primaryimage","url":"https:\/\/ifesworld.org\/wp-content\/uploads\/2019\/06\/ERSPA-EP-EQ-GUINEA-Aida-Banyuls.jpg","contentUrl":"https:\/\/ifesworld.org\/wp-content\/uploads\/2019\/06\/ERSPA-EP-EQ-GUINEA-Aida-Banyuls.jpg","width":1200,"height":581},{"@type":"BreadcrumbList","@id":"https:\/\/ifesworld.org\/en\/give-to-world-assembly\/#breadcrumb","itemListElement":[{"@type":"ListItem","position":1,"name":"Home","item":"https:\/\/ifesworld.org\/fr\/"},{"@type":"ListItem","position":2,"name":"Faites un don \u00e0 l\u2019Assembl\u00e9e mondiale"}]},{"@type":"WebSite","@id":"https:\/\/ifesworld.org\/es\/#website","url":"https:\/\/ifesworld.org\/es\/","name":"IFES","description":"A movement of students sharing and living out the good news of Jesus Christ. Locally. Nationally. Globally.","publisher":{"@id":"https:\/\/ifesworld.org\/es\/#organization"},"potentialAction":[{"@type":"SearchAction","target":{"@type":"EntryPoint","urlTemplate":"https:\/\/ifesworld.org\/es\/?s={search_term_string}"},"query-input":{"@type":"PropertyValueSpecification","valueRequired":true,"valueName":"search_term_string"}}],"inLanguage":"fr-FR"},{"@type":"Organization","@id":"https:\/\/ifesworld.org\/es\/#organization","name":"IFES \u00b7 International Fellowship of Evangelical Students","url":"https:\/\/ifesworld.org\/es\/","logo":{"@type":"ImageObject","inLanguage":"fr-FR","@id":"https:\/\/ifesworld.org\/es\/#\/schema\/logo\/image\/","url":"https:\/\/ifesworld.org\/wp-content\/uploads\/2019\/06\/ifeslogo.png","contentUrl":"https:\/\/ifesworld.org\/wp-content\/uploads\/2019\/06\/ifeslogo.png","width":262,"height":262,"caption":"IFES \u00b7 International Fellowship of Evangelical Students"},"image":{"@id":"https:\/\/ifesworld.org\/es\/#\/schema\/logo\/image\/"}}]}},"_links":{"self":[{"href":"https:\/\/ifesworld.org\/fr\/wp-json\/wp\/v2\/pages\/6211","targetHints":{"allow":["GET"]}}],"collection":[{"href":"https:\/\/ifesworld.org\/fr\/wp-json\/wp\/v2\/pages"}],"about":[{"href":"https:\/\/ifesworld.org\/fr\/wp-json\/wp\/v2\/types\/page"}],"author":[{"embeddable":true,"href":"https:\/\/ifesworld.org\/fr\/wp-json\/wp\/v2\/users\/2"}],"replies":[{"embeddable":true,"href":"https:\/\/ifesworld.org\/fr\/wp-json\/wp\/v2\/comments?post=6211"}],"version-history":[{"count":0,"href":"https:\/\/ifesworld.org\/fr\/wp-json\/wp\/v2\/pages\/6211\/revisions"}],"wp:featuredmedia":[{"embeddable":true,"href":"https:\/\/ifesworld.org\/fr\/wp-json\/wp\/v2\/media\/6137"}],"wp:attachment":[{"href":"https:\/\/ifesworld.org\/fr\/wp-json\/wp\/v2\/media?parent=6211"}],"wp:term":[{"taxonomy":"area","embeddable":true,"href":"https:\/\/ifesworld.org\/fr\/wp-json\/wp\/v2\/area?post=6211"},{"taxonomy":"theme","embeddable":true,"href":"https:\/\/ifesworld.org\/fr\/wp-json\/wp\/v2\/theme?post=6211"}],"curies":[{"name":"wp","href":"https:\/\/api.w.org\/{rel}","templated":true}]}}