{"id":50203,"date":"2026-01-13T12:18:51","date_gmt":"2026-01-13T12:18:51","guid":{"rendered":"https:\/\/ifesworld.org\/?page_id=50203"},"modified":"2026-01-13T14:07:05","modified_gmt":"2026-01-13T14:07:05","slug":"50203-2","status":"publish","type":"page","link":"https:\/\/ifesworld.org\/fr\/50203-2\/","title":{"rendered":""},"content":{"rendered":"<div class=\"wp-block block-core-columns alignwide\">\n<div class=\"wp-block-columns alignwide is-layout-flex wp-container-core-columns-is-layout-8f761849 wp-block-columns-is-layout-flex\">\n<div class=\"wp-block-column has-accent-background-color has-background is-layout-flow wp-block-column-is-layout-flow\"><div class=\"wp-block block-core-heading wp-elements-254d3a40579d308d5eedce3d8e87ca9e\">\n<h2 class=\"wp-block-heading has-text-align-center has-white-color has-text-color has-link-color has-lg-font-size wp-elements-254d3a40579d308d5eedce3d8e87ca9e\">POUR LES \u00c9TATS-UNIS : NOTICES MOBILISATION DE FONDS PAR \u00c9TAT<\/h2>\n<\/div>\n\n<div class=\"wp-block block-acf-spacer\">\n<div id=\"spacer-block_3c481f2ea67dc78af9bea4748b81ff92\" class=\"\">\n    <div aria-hidden=\"true\" class=\"wp-block-spacer spacer--md\"><\/div>\n<\/div>\n<\/div><\/div>\n<\/div>\n<\/div>\n\n<div class=\"wp-block block-core-paragraph\">\n<p class=\"wp-block-paragraph\">L&rsquo;UNION INTERNATIONALE DES GROUPES BIBLIQUES UNIVERSITAIRES \/ USA, INC. (IFES\/USA) est une organisation \u00a7501(c)(3), les dons sont d\u00e9ductibles des imp\u00f4ts dans la proportion autoris\u00e9e par la loi. IFES\/USA est une soci\u00e9t\u00e9 \u00e0 but non lucratif au Wisconsin dont l\u2019adresse postale est PO Box 46007, Madison, WI 53744, ou dont le si\u00e8ge social est 635 Science Drive, Suite 300, Madison, WI 53711 (608) 348-6234.&nbsp;<\/p>\n<\/div>\n\n<div class=\"wp-block block-core-paragraph\">\n<p class=\"wp-block-paragraph\">Les rapports financiers et les descriptions des programmes sont disponibles sur demande.&nbsp;<\/p>\n<\/div>\n\n<div class=\"wp-block block-core-paragraph\">\n<p class=\"wp-block-paragraph\">La vision de l\u2019IFES\/USA est de voir des \u00e9tudiants form\u00e9s en communaut\u00e9s de disciples, transform\u00e9s par l\u2019\u00c9vangile et ayant un impact au sein de l\u2019universit\u00e9, de l\u2019\u00c9glise et de la soci\u00e9t\u00e9 pour la gloire du Christ.&nbsp;<\/p>\n<\/div>\n\n<div class=\"wp-block block-core-paragraph\">\n<p class=\"wp-block-paragraph\"><strong>NOTICES MOBILISATION DE FONDS PAR \u00c9TAT&nbsp;<\/strong>&nbsp;<\/p>\n<\/div>\n\n<div class=\"wp-block block-core-paragraph\">\n<p class=\"wp-block-paragraph\"><strong>CALIFORNIE :<\/strong>&nbsp;Les \u00e9tats financiers audit\u00e9s d&rsquo;IFES\/USA sont disponibles sur demande aupr\u00e8s d&rsquo;IFES\/USA. La totalit\u00e9 de vos dons serait&nbsp;d\u00e9ductible conform\u00e9ment&nbsp;aux lois \u00e9tatiques&nbsp;et f\u00e9d\u00e9rales&nbsp;relatives \u00e0 l&rsquo;imp\u00f4t sur le revenu.&nbsp;&nbsp;<\/p>\n<\/div>\n\n<div class=\"wp-block block-core-paragraph\">\n<p class=\"wp-block-paragraph\"><strong>G\u00e9orgie :<\/strong>&nbsp;IFES\/USA vous fournira, sur demande, une description objective et exhaustive de ce programme ainsi que de ses autres programmes et un rapport financier ou un bilan.&nbsp;<\/p>\n<\/div>\n\n<div class=\"wp-block block-core-paragraph\">\n<p class=\"wp-block-paragraph\"><strong>MARYLAND&nbsp;<\/strong>: Vous pouvez faire une demande par courrier d\u2019une copie des rapports financiers actuels \u00e0 l\u2019adresse postale : IFES\/USA, PO Box 46007, Madison, WI 53744 or 635 Science Drive, Suite 300, Madison, WI 53711. T\u00e9l : (608) 348-6234. Vous pouvez obtenir les frais de copie et d&rsquo;affranchissement, les documents de registre et d&rsquo;autres renseignements aupr\u00e8s de Maryland&nbsp;Secretary&nbsp;of State, State House, Annapolis, MD 21401.&nbsp;&nbsp;<\/p>\n<\/div>\n\n<div class=\"wp-block block-core-paragraph\">\n<p class=\"wp-block-paragraph\"><strong>MINNESOTA&nbsp;<\/strong>: La totalit\u00e9 de vos dons serait d\u00e9ductible en tant que contribution caritative conform\u00e9ment aux lois \u00e9tatiques&nbsp;et f\u00e9d\u00e9rales&nbsp;relatives \u00e0 l&rsquo;imp\u00f4t sur le revenu.&nbsp;&nbsp;<\/p>\n<\/div>\n\n<div class=\"wp-block block-core-paragraph\">\n<p class=\"wp-block-paragraph\"><strong>MISSISSIPPI&nbsp;<\/strong>: Pour obtenir le registre officiel et les donn\u00e9es financi\u00e8res d\u2019IFES\/USA, veuillez appeler le bureau du Mississippi&nbsp;Secretary&nbsp;of State : 1-888-236-6167. Le registre par le secr\u00e9taire d&rsquo;\u00c9tat n&rsquo;implique pas son approbation.&nbsp;&nbsp;<\/p>\n<\/div>\n\n<div class=\"wp-block block-core-paragraph\">\n<p class=\"wp-block-paragraph\"><strong>VIRGINIE :<\/strong>&nbsp;Pour tout rapport financier, veuillez faire votre demande par courrier aupr\u00e8s du State Office of Consumer&nbsp;Affairs&nbsp;in the&nbsp;Department&nbsp;of Agriculture and Consumer Services, P.O. Box 1163, Richmond, VA 23218. WASHINGTON : Pour tout renseignement ou pour disposer d\u2019information suppl\u00e9mentaire par rapport aux activit\u00e9s et aux finances d\u2019IFES\/USA, une soci\u00e9t\u00e9 inscrite dans le Washington State&nbsp;Charities&nbsp;Program conform\u00e9ment \u00e0 la loi&nbsp;en vigueur, veuillez appeler le 800-332-4483&nbsp;ou 360-725-0378.&nbsp;&nbsp;<\/p>\n<\/div>\n\n<div class=\"wp-block block-core-paragraph\">\n<p class=\"wp-block-paragraph\"><strong>WASHINGTON&nbsp;<\/strong>: Pour tout renseignement ou pour disposer d\u2019information suppl\u00e9mentaire par rapport aux activit\u00e9s et aux finances d\u2019IFES\/USA, une soci\u00e9t\u00e9 inscrite dans le Washington State&nbsp;Charities&nbsp;Program conform\u00e9ment \u00e0 la loi&nbsp;en vigueur, veuillez appeler le 800-332-4483 ou visiter le site&nbsp;<a href=\"http:\/\/www.sos.wa.gov\/charities\" target=\"_blank\" rel=\"noreferrer noopener\">www.sos.wa.gov\/charities<\/a>.&nbsp;&nbsp;&nbsp;<\/p>\n<\/div>\n\n<div class=\"wp-block block-core-paragraph\">\n<p class=\"wp-block-paragraph\"><strong>Virginie-Occidentale :<\/strong>&nbsp;Les r\u00e9sidents de la Virginie occidentale peuvent faire une demande d\u2019un r\u00e9capitulatif des documents financiers et de registre par courrier aupr\u00e8s du&nbsp;Secretary&nbsp;of State, State Capitol, Charleston, West Virginia 25305. Le registre n\u2019implique pas l\u2019approbation de l\u2019organisme en question.&nbsp;<\/p>\n<\/div>\n\n<div class=\"wp-block block-core-columns\">\n<div class=\"wp-block-columns is-layout-flex wp-container-core-columns-is-layout-8f761849 wp-block-columns-is-layout-flex\">\n<div class=\"wp-block-column is-layout-flow wp-block-column-is-layout-flow\"><div class=\"wp-block block-core-heading\">\n<h3 class=\"wp-block-heading has-text-align-left\"><strong>Partagez cette page sur votre :<\/strong><\/h3>\n<\/div>\n\n<div class=\"wp-block block-core-paragraph\">\n<p class=\"wp-block-paragraph\"><\/p>\n<\/div>\n\n<div class=\"wp-block block-core-shortcode\"><div class=\"addtoany_shortcode\"><div class=\"a2a_kit a2a_kit_size_36 addtoany_list\" data-a2a-url=\"https:\/\/ifesworld.org\/fr\/50203-2\/\"><a class=\"a2a_button_facebook\" href=\"https:\/\/www.addtoany.com\/add_to\/facebook?linkurl=https%3A%2F%2Fifesworld.org%2Ffr%2F50203-2%2F&amp;linkname=\" title=\"Facebook\" rel=\"nofollow noopener\" target=\"_blank\"><\/a><a class=\"a2a_button_whatsapp\" href=\"https:\/\/www.addtoany.com\/add_to\/whatsapp?linkurl=https%3A%2F%2Fifesworld.org%2Ffr%2F50203-2%2F&amp;linkname=\" title=\"WhatsApp\" rel=\"nofollow noopener\" target=\"_blank\"><\/a><a class=\"a2a_button_email\" href=\"https:\/\/www.addtoany.com\/add_to\/email?linkurl=https%3A%2F%2Fifesworld.org%2Ffr%2F50203-2%2F&amp;linkname=\" title=\"Email\" rel=\"nofollow noopener\" target=\"_blank\"><\/a><a class=\"a2a_button_linkedin\" href=\"https:\/\/www.addtoany.com\/add_to\/linkedin?linkurl=https%3A%2F%2Fifesworld.org%2Ffr%2F50203-2%2F&amp;linkname=\" title=\"LinkedIn\" rel=\"nofollow noopener\" target=\"_blank\"><\/a><a class=\"a2a_button_microsoft_teams\" href=\"https:\/\/www.addtoany.com\/add_to\/microsoft_teams?linkurl=https%3A%2F%2Fifesworld.org%2Ffr%2F50203-2%2F&amp;linkname=\" title=\"Teams\" rel=\"nofollow noopener\" target=\"_blank\"><\/a><\/div><\/div>\n<\/div><\/div>\n\n\n\n<div class=\"wp-block-column is-vertically-aligned-stretch is-layout-flow wp-block-column-is-layout-flow\"><div class=\"wp-block block-acf-spacer\">\n<div id=\"spacer-block_3c481f2ea67dc78af9bea4748b81ff92\" class=\"\">\n    <div aria-hidden=\"true\" class=\"wp-block-spacer spacer--md\"><\/div>\n<\/div>\n<\/div>\n\n<div class=\"wp-block block-acf-spacer\">\n<div id=\"spacer-block_3c481f2ea67dc78af9bea4748b81ff92\" class=\"\">\n    <div aria-hidden=\"true\" class=\"wp-block-spacer spacer--md\"><\/div>\n<\/div>\n<\/div><\/div>\n<\/div>\n<\/div>","protected":false},"excerpt":{"rendered":"<p>POUR LES \u00c9TATS-UNIS : NOTICES MOBILISATION DE FONDS PAR \u00c9TAT L&rsquo;UNION INTERNATIONALE DES GROUPES BIBLIQUES UNIVERSITAIRES \/ USA, INC. (IFES\/USA) est une organisation \u00a7501(c)(3), les dons sont d\u00e9ductibles des imp\u00f4ts dans la proportion autoris\u00e9e par la loi. IFES\/USA est une soci\u00e9t\u00e9 \u00e0 but non lucratif au Wisconsin dont l\u2019adresse postale est PO Box 46007, Madison,&#8230;<\/p>\n","protected":false},"author":3961,"featured_media":0,"parent":0,"menu_order":0,"comment_status":"closed","ping_status":"closed","template":"","meta":{"_acf_changed":false,"_crdt_document":"","inline_featured_image":false,"footnotes":""},"area":[],"theme":[],"class_list":["post-50203","page","type-page","status-publish","hentry"],"acf":[],"yoast_head":"<!-- This site is optimized with the Yoast SEO plugin v27.2 - https:\/\/yoast.com\/product\/yoast-seo-wordpress\/ -->\n<title>&#183; IFES<\/title>\n<meta name=\"description\" content=\"POUR LES \u00c9TATS-UNIS : NOTICES MOBILISATION DE FONDS PAR \u00c9TAT L&#039;UNION INTERNATIONALE DES GROUPES BIBLIQUES UNIVERSITAIRES \/ USA, INC. (IFES\/USA) est une\" \/>\n<meta name=\"robots\" content=\"index, follow, max-snippet:-1, max-image-preview:large, max-video-preview:-1\" \/>\n<link rel=\"canonical\" href=\"https:\/\/ifesworld.org\/fr\/50203-2\/\" \/>\n<meta property=\"og:locale\" content=\"fr_FR\" \/>\n<meta property=\"og:type\" content=\"article\" \/>\n<meta property=\"og:title\" content=\"&#183; IFES\" \/>\n<meta property=\"og:description\" content=\"POUR LES \u00c9TATS-UNIS : NOTICES MOBILISATION DE FONDS PAR \u00c9TAT L&#039;UNION INTERNATIONALE DES GROUPES BIBLIQUES UNIVERSITAIRES \/ USA, INC. (IFES\/USA) est une\" \/>\n<meta property=\"og:url\" content=\"https:\/\/ifesworld.org\/fr\/50203-2\/\" \/>\n<meta property=\"og:site_name\" content=\"IFES\" \/>\n<meta property=\"article:modified_time\" content=\"2026-01-13T14:07:05+00:00\" \/>\n<meta property=\"og:image\" content=\"https:\/\/ifesworld.org\/wp-content\/uploads\/2019\/06\/ifeslogo.png\" \/>\n\t<meta property=\"og:image:width\" content=\"262\" \/>\n\t<meta property=\"og:image:height\" content=\"262\" \/>\n\t<meta property=\"og:image:type\" content=\"image\/png\" \/>\n<meta name=\"twitter:card\" content=\"summary_large_image\" \/>\n<meta name=\"twitter:label1\" content=\"Dur\u00e9e de lecture estim\u00e9e\" \/>\n\t<meta name=\"twitter:data1\" content=\"3 minutes\" \/>\n<script type=\"application\/ld+json\" class=\"yoast-schema-graph\">{\"@context\":\"https:\/\/schema.org\",\"@graph\":[{\"@type\":\"WebPage\",\"@id\":\"https:\/\/ifesworld.org\/fr\/50203-2\/\",\"url\":\"https:\/\/ifesworld.org\/fr\/50203-2\/\",\"name\":\"&#183; IFES\",\"isPartOf\":{\"@id\":\"https:\/\/ifesworld.org\/es\/#website\"},\"datePublished\":\"2026-01-13T12:18:51+00:00\",\"dateModified\":\"2026-01-13T14:07:05+00:00\",\"description\":\"POUR LES \u00c9TATS-UNIS : NOTICES MOBILISATION DE FONDS PAR \u00c9TAT L'UNION INTERNATIONALE DES GROUPES BIBLIQUES UNIVERSITAIRES \/ USA, INC. (IFES\/USA) est une\",\"inLanguage\":\"fr-FR\",\"potentialAction\":[{\"@type\":\"ReadAction\",\"target\":[\"https:\/\/ifesworld.org\/fr\/50203-2\/\"]}]},{\"@type\":\"WebSite\",\"@id\":\"https:\/\/ifesworld.org\/es\/#website\",\"url\":\"https:\/\/ifesworld.org\/es\/\",\"name\":\"IFES\",\"description\":\"A movement of students sharing and living out the good news of Jesus Christ. Locally. Nationally. Globally.\",\"publisher\":{\"@id\":\"https:\/\/ifesworld.org\/es\/#organization\"},\"potentialAction\":[{\"@type\":\"SearchAction\",\"target\":{\"@type\":\"EntryPoint\",\"urlTemplate\":\"https:\/\/ifesworld.org\/es\/?s={search_term_string}\"},\"query-input\":{\"@type\":\"PropertyValueSpecification\",\"valueRequired\":true,\"valueName\":\"search_term_string\"}}],\"inLanguage\":\"fr-FR\"},{\"@type\":\"Organization\",\"@id\":\"https:\/\/ifesworld.org\/es\/#organization\",\"name\":\"IFES \u00b7 International Fellowship of Evangelical Students\",\"url\":\"https:\/\/ifesworld.org\/es\/\",\"logo\":{\"@type\":\"ImageObject\",\"inLanguage\":\"fr-FR\",\"@id\":\"https:\/\/ifesworld.org\/es\/#\/schema\/logo\/image\/\",\"url\":\"https:\/\/ifesworld.org\/wp-content\/uploads\/2019\/06\/ifeslogo.png\",\"contentUrl\":\"https:\/\/ifesworld.org\/wp-content\/uploads\/2019\/06\/ifeslogo.png\",\"width\":262,\"height\":262,\"caption\":\"IFES \u00b7 International Fellowship of Evangelical Students\"},\"image\":{\"@id\":\"https:\/\/ifesworld.org\/es\/#\/schema\/logo\/image\/\"}}]}<\/script>\n<!-- \/ Yoast SEO plugin. -->","yoast_head_json":{"title":"&#183; IFES","description":"POUR LES \u00c9TATS-UNIS : NOTICES MOBILISATION DE FONDS PAR \u00c9TAT L'UNION INTERNATIONALE DES GROUPES BIBLIQUES UNIVERSITAIRES \/ USA, INC. (IFES\/USA) est une","robots":{"index":"index","follow":"follow","max-snippet":"max-snippet:-1","max-image-preview":"max-image-preview:large","max-video-preview":"max-video-preview:-1"},"canonical":"https:\/\/ifesworld.org\/fr\/50203-2\/","og_locale":"fr_FR","og_type":"article","og_title":"&#183; IFES","og_description":"POUR LES \u00c9TATS-UNIS : NOTICES MOBILISATION DE FONDS PAR \u00c9TAT L'UNION INTERNATIONALE DES GROUPES BIBLIQUES UNIVERSITAIRES \/ USA, INC. (IFES\/USA) est une","og_url":"https:\/\/ifesworld.org\/fr\/50203-2\/","og_site_name":"IFES","article_modified_time":"2026-01-13T14:07:05+00:00","og_image":[{"width":262,"height":262,"url":"https:\/\/ifesworld.org\/wp-content\/uploads\/2019\/06\/ifeslogo.png","type":"image\/png"}],"twitter_card":"summary_large_image","twitter_misc":{"Dur\u00e9e de lecture estim\u00e9e":"3 minutes"},"schema":{"@context":"https:\/\/schema.org","@graph":[{"@type":"WebPage","@id":"https:\/\/ifesworld.org\/fr\/50203-2\/","url":"https:\/\/ifesworld.org\/fr\/50203-2\/","name":"&#183; IFES","isPartOf":{"@id":"https:\/\/ifesworld.org\/es\/#website"},"datePublished":"2026-01-13T12:18:51+00:00","dateModified":"2026-01-13T14:07:05+00:00","description":"POUR LES \u00c9TATS-UNIS : NOTICES MOBILISATION DE FONDS PAR \u00c9TAT L'UNION INTERNATIONALE DES GROUPES BIBLIQUES UNIVERSITAIRES \/ USA, INC. (IFES\/USA) est une","inLanguage":"fr-FR","potentialAction":[{"@type":"ReadAction","target":["https:\/\/ifesworld.org\/fr\/50203-2\/"]}]},{"@type":"WebSite","@id":"https:\/\/ifesworld.org\/es\/#website","url":"https:\/\/ifesworld.org\/es\/","name":"IFES","description":"A movement of students sharing and living out the good news of Jesus Christ. Locally. Nationally. Globally.","publisher":{"@id":"https:\/\/ifesworld.org\/es\/#organization"},"potentialAction":[{"@type":"SearchAction","target":{"@type":"EntryPoint","urlTemplate":"https:\/\/ifesworld.org\/es\/?s={search_term_string}"},"query-input":{"@type":"PropertyValueSpecification","valueRequired":true,"valueName":"search_term_string"}}],"inLanguage":"fr-FR"},{"@type":"Organization","@id":"https:\/\/ifesworld.org\/es\/#organization","name":"IFES \u00b7 International Fellowship of Evangelical Students","url":"https:\/\/ifesworld.org\/es\/","logo":{"@type":"ImageObject","inLanguage":"fr-FR","@id":"https:\/\/ifesworld.org\/es\/#\/schema\/logo\/image\/","url":"https:\/\/ifesworld.org\/wp-content\/uploads\/2019\/06\/ifeslogo.png","contentUrl":"https:\/\/ifesworld.org\/wp-content\/uploads\/2019\/06\/ifeslogo.png","width":262,"height":262,"caption":"IFES \u00b7 International Fellowship of Evangelical Students"},"image":{"@id":"https:\/\/ifesworld.org\/es\/#\/schema\/logo\/image\/"}}]}},"_links":{"self":[{"href":"https:\/\/ifesworld.org\/fr\/wp-json\/wp\/v2\/pages\/50203","targetHints":{"allow":["GET"]}}],"collection":[{"href":"https:\/\/ifesworld.org\/fr\/wp-json\/wp\/v2\/pages"}],"about":[{"href":"https:\/\/ifesworld.org\/fr\/wp-json\/wp\/v2\/types\/page"}],"author":[{"embeddable":true,"href":"https:\/\/ifesworld.org\/fr\/wp-json\/wp\/v2\/users\/3961"}],"replies":[{"embeddable":true,"href":"https:\/\/ifesworld.org\/fr\/wp-json\/wp\/v2\/comments?post=50203"}],"version-history":[{"count":3,"href":"https:\/\/ifesworld.org\/fr\/wp-json\/wp\/v2\/pages\/50203\/revisions"}],"predecessor-version":[{"id":50217,"href":"https:\/\/ifesworld.org\/fr\/wp-json\/wp\/v2\/pages\/50203\/revisions\/50217"}],"wp:attachment":[{"href":"https:\/\/ifesworld.org\/fr\/wp-json\/wp\/v2\/media?parent=50203"}],"wp:term":[{"taxonomy":"area","embeddable":true,"href":"https:\/\/ifesworld.org\/fr\/wp-json\/wp\/v2\/area?post=50203"},{"taxonomy":"theme","embeddable":true,"href":"https:\/\/ifesworld.org\/fr\/wp-json\/wp\/v2\/theme?post=50203"}],"curies":[{"name":"wp","href":"https:\/\/api.w.org\/{rel}","templated":true}]}}