{"id":4537,"date":"2019-06-17T13:30:33","date_gmt":"2019-06-17T13:30:33","guid":{"rendered":"https:\/\/ifesworld.org\/notre-gouvernance\/"},"modified":"2026-03-27T09:10:04","modified_gmt":"2026-03-27T09:10:04","slug":"notre-gouvernance","status":"publish","type":"page","link":"https:\/\/ifesworld.org\/fr\/notre-gouvernance\/","title":{"rendered":"Notre gouvernance"},"content":{"rendered":"<div class=\"wp-block-image\">\n<figure class=\"aligncenter size-large\"><img loading=\"lazy\" decoding=\"async\" width=\"1024\" height=\"576\" src=\"https:\/\/ifesworld.org\/wp-content\/uploads\/2024\/01\/WDE00331-edited-1-1024x576.jpg\" alt=\"\" class=\"wp-image-33202\" srcset=\"https:\/\/ifesworld.org\/wp-content\/uploads\/2024\/01\/WDE00331-edited-1-1024x576.jpg 1024w, https:\/\/ifesworld.org\/wp-content\/uploads\/2024\/01\/WDE00331-edited-1-300x169.jpg 300w, https:\/\/ifesworld.org\/wp-content\/uploads\/2024\/01\/WDE00331-edited-1-768x432.jpg 768w, https:\/\/ifesworld.org\/wp-content\/uploads\/2024\/01\/WDE00331-edited-1-1536x864.jpg 1536w, https:\/\/ifesworld.org\/wp-content\/uploads\/2024\/01\/WDE00331-edited-1-2048x1152.jpg 2048w\" sizes=\"auto, (max-width: 1024px) 100vw, 1024px\" \/><\/figure>\n<\/div>\n\n<div class=\"wp-block block-core-paragraph\">\n<p class=\"has-md-font-size wp-block-paragraph\">Dans le cadre de notre vision, nous sommes engag\u00e9s \u00e0 exercer un minist\u00e8re bien structur\u00e9, intelligemment administr\u00e9 et qui rend gloire \u00e0 Dieu.<\/p>\n<\/div>\n\n<div class=\"wp-block block-core-heading\">\n<h2 class=\"wp-block-heading\">Secr\u00e9taire g\u00e9n\u00e9ral<\/h2>\n<\/div>\n\n<div class=\"wp-block block-core-paragraph\">\n<p class=\"wp-block-paragraph\">Le Secr\u00e9taire g\u00e9n\u00e9ral est soutenu par une \u00e9quipe de leadership compos\u00e9e de deux Secr\u00e9taires g\u00e9n\u00e9raux adjoints, un Directeur des op\u00e9rations et la Directrice des minist\u00e8res de ressources mondiales. Ensemble, ils assument la responsabilit\u00e9 de d\u00e9velopper et partager les priorit\u00e9s et ressources de l&rsquo;IFES \u00e0 travers le monde.<\/p>\n<\/div>\n\n<div class=\"wp-block block-core-group alignfull\">\n<div class=\"wp-block-group alignfull has-white-dark-background-color has-background\" id=\"board\"><div class=\"wp-block-group__inner-container is-layout-flow wp-block-group-is-layout-flow\"><div class=\"wp-block block-core-heading\">\n<h2 class=\"wp-block-heading\">Conseil d\u2019administration<\/h2>\n<\/div>\n\n<div class=\"wp-block block-core-paragraph\">\n<p class=\"wp-block-paragraph\">Le Conseil d\u2019administration de l\u2019IFES est compos\u00e9 d\u2019un pr\u00e9sident, d&rsquo;un tr\u00e9sorier et de treize autres membres votants originaires des quatre coins du monde, dont deux repr\u00e9sentants des \u00e9tudiants. Il est charg\u00e9 de veiller \u00e0 l&rsquo;int\u00e9grit\u00e9 doctrinale de l&rsquo;IFES et de l&rsquo;\u00e9laboration des politiques. Le Secr\u00e9taire g\u00e9n\u00e9ral est membre d&rsquo;office et non-votant. Le conseil d&rsquo;administration est nomm\u00e9 par l&rsquo;Assembl\u00e9e g\u00e9n\u00e9rale.<\/p>\n<\/div>\n\n<div class=\"wp-block block-core-heading\">\n<h3 class=\"wp-block-heading\">Membres<\/h3>\n<\/div>\n\n<div class=\"wp-block block-core-columns has-3-columns\">\n<div class=\"wp-block-columns has-3-columns is-layout-flex wp-container-core-columns-is-layout-8f761849 wp-block-columns-is-layout-flex\">\n<div class=\"wp-block-column is-layout-flow wp-block-column-is-layout-flow\" style=\"flex-basis:33%\"><div class=\"wp-block block-core-paragraph\">\n<p class=\"wp-block-paragraph\"><strong>PR\u00c9SIDENT<\/strong><br>Michel Kenmogne<\/p>\n<\/div>\n\n<div class=\"wp-block block-core-paragraph\">\n<p class=\"wp-block-paragraph\"><strong>TR\u00c9SORIER<\/strong><br>M Greg Smith<\/p>\n<\/div>\n\n<div class=\"wp-block block-core-paragraph\">\n<p class=\"wp-block-paragraph\"><strong>EUROPE \/ EURASIE<\/strong><br>Christian Rasmussen<br>Knarik Saribekyan &nbsp;&nbsp;&nbsp;&nbsp;&nbsp;&nbsp;&nbsp;&nbsp;&nbsp;&nbsp;&nbsp;&nbsp;&nbsp;&nbsp;&nbsp;&nbsp;&nbsp;&nbsp;&nbsp;&nbsp;&nbsp;&nbsp;&nbsp;<\/p>\n<\/div><\/div>\n\n\n\n<div class=\"wp-block-column is-layout-flow wp-block-column-is-layout-flow\" style=\"flex-basis:33.5%\"><div class=\"wp-block block-core-paragraph\">\n<p class=\"wp-block-paragraph\"><strong>LES AM<strong>\u00c9<\/strong>RIQUES<\/strong><br>Janet Epp Buckingham<br>Patricia Patricio Morillo<br>Mae Patterson<\/p>\n<\/div>\n\n<div class=\"wp-block block-core-paragraph\">\n<p class=\"wp-block-paragraph\"><strong>AFRIQUE \/ MOYEN ORIENT<\/strong><br>Azar Ajaj<br>Lazaro S P Busagala<br>Fatouma Gouda Sare Keita<\/p>\n<\/div><\/div>\n\n\n\n<div class=\"wp-block-column is-layout-flow wp-block-column-is-layout-flow\" style=\"flex-basis:33.5%\"><div class=\"wp-block block-core-paragraph\">\n<p class=\"wp-block-paragraph\"><strong>ASIE \/ PACIFIQUE<\/strong><br>Iram Anjum<br>Peter Jacobs<br>Paul Windsor&nbsp;<\/p>\n<\/div>\n\n<div class=\"wp-block block-core-paragraph\">\n<p class=\"wp-block-paragraph\"><strong>REPR\u00c9SENTANTS \u00c9TUDIANTS<\/strong><br>Eden Hale<br>Ravena Pereira<\/p>\n<\/div><\/div>\n<\/div>\n<\/div><\/div>\n<\/div><\/div>\n\n<div class=\"wp-block block-core-heading\">\n<h2 class=\"wp-block-heading\">Assembl\u00e9e g\u00e9n\u00e9rale <\/h2>\n<\/div>\n\n<div class=\"wp-block block-core-paragraph\">\n<p class=\"wp-block-paragraph\">L&rsquo;Assembl\u00e9e g\u00e9n\u00e9rale est l&rsquo;organe de d\u00e9cision supr\u00eame de l&rsquo;IFES. Elle est compos\u00e9e de d\u00e9l\u00e9gu\u00e9s, dont des \u00e9tudiant-e-s, de chaque mouvement membre de l&rsquo;IFES, et se r\u00e9unit tous les quatre ans lors de l&rsquo;Assembl\u00e9e mondiale de l&rsquo;IFES.<\/p>\n<\/div>\n\n<div class=\"wp-block block-core-paragraph\">\n<p class=\"wp-block-paragraph\">L&rsquo;Assembl\u00e9e g\u00e9n\u00e9rale est charg\u00e9e de nommer le Secr\u00e9taire g\u00e9n\u00e9ral de l&rsquo;IFES et le conseil d&rsquo;administration de l&rsquo;IFES. Elle met \u00e0 disposition un forum pour le partage de la vision et des difficult\u00e9s mutuelles, l&rsquo;\u00e9change d&rsquo;id\u00e9es, l&rsquo;\u00e9laboration des politiques et la formulation des objectifs. Les d\u00e9l\u00e9gu\u00e9s, inform\u00e9s par leurs mouvements, sont incit\u00e9s \u00e0 porter \u00e0 la connaissance de la famille mondiale de l&rsquo;IFES les questions qui doivent \u00eatre soigneusement \u00e9tudi\u00e9es, d\u00e9battues et suivies de mesures. L&rsquo;Assembl\u00e9e g\u00e9n\u00e9rale peut \u00e9galement formuler des politiques et fixer des objectifs que le conseil et l&rsquo;\u00e9quipe de personnel de l&rsquo;IFES devront mettre en \u0153uvre. En tant qu&rsquo;organe l\u00e9gislatif, l&rsquo;Assembl\u00e9e g\u00e9n\u00e9rale est charg\u00e9e de statuer sur l&rsquo;adh\u00e9sion de nouveaux mouvements nationaux. Elle modifie \u00e9galement la constitution de l&rsquo;IFES en cas de n\u00e9cessit\u00e9.<\/p>\n<\/div>\n\n<div class=\"wp-block block-acf-ifesbutton\">\n<div class=\"\">\n    <a id=\"btn-block_133a85cc09deb277198b1851621d47f4\" target=\"\" href=\"https:\/\/ifesworld.org\/wp-content\/uploads\/2026\/03\/IFES-Constitution-2015-FR-official-translation.pdf\" class=\"btn btn--cta-link\">\n        <span>\n                    <span class=\"icon\"><svg class=\"icon\"><use xlink:href=\"#chevron-circle-right-solid\"\/><\/svg><\/span>\n        Pour en savoir plus sur la fa\u00e7on dont l&rsquo;IFES est administr\u00e9e, lisez nos statuts :         <\/span>\n    <\/a>\n<\/div>\n\n<\/div>","protected":false},"excerpt":{"rendered":"<p>Dans le cadre de notre vision, nous sommes engag\u00e9s \u00e0 exercer un minist\u00e8re bien structur\u00e9, intelligemment administr\u00e9 et qui rend gloire \u00e0 Dieu. Secr\u00e9taire g\u00e9n\u00e9ral Le Secr\u00e9taire g\u00e9n\u00e9ral est soutenu par une \u00e9quipe de leadership compos\u00e9e de deux Secr\u00e9taires g\u00e9n\u00e9raux adjoints, un Directeur des op\u00e9rations et la Directrice des minist\u00e8res de ressources mondiales. Ensemble, ils&#8230;<\/p>\n","protected":false},"author":2,"featured_media":0,"parent":0,"menu_order":0,"comment_status":"closed","ping_status":"closed","template":"","meta":{"_acf_changed":false,"_crdt_document":"","inline_featured_image":false,"footnotes":""},"area":[],"theme":[],"class_list":["post-4537","page","type-page","status-publish","hentry"],"acf":[],"yoast_head":"<!-- This site is optimized with the Yoast SEO plugin v27.2 - https:\/\/yoast.com\/product\/yoast-seo-wordpress\/ -->\n<title>Notre gouvernance &#183; IFES<\/title>\n<meta name=\"description\" content=\"Dans le cadre de notre vision, nous sommes engag\u00e9s \u00e0 exercer un minist\u00e8re bien structur\u00e9, intelligemment administr\u00e9 et qui rend gloire \u00e0 Dieu. Secr\u00e9taire\" \/>\n<meta name=\"robots\" content=\"index, follow, max-snippet:-1, max-image-preview:large, max-video-preview:-1\" \/>\n<link rel=\"canonical\" href=\"https:\/\/ifesworld.org\/fr\/notre-gouvernance\/\" \/>\n<meta property=\"og:locale\" content=\"fr_FR\" \/>\n<meta property=\"og:type\" content=\"article\" \/>\n<meta property=\"og:title\" content=\"Notre gouvernance &#183; IFES\" \/>\n<meta property=\"og:description\" content=\"Dans le cadre de notre vision, nous sommes engag\u00e9s \u00e0 exercer un minist\u00e8re bien structur\u00e9, intelligemment administr\u00e9 et qui rend gloire \u00e0 Dieu. Secr\u00e9taire\" \/>\n<meta property=\"og:url\" content=\"https:\/\/ifesworld.org\/fr\/notre-gouvernance\/\" \/>\n<meta property=\"og:site_name\" content=\"IFES\" \/>\n<meta property=\"article:modified_time\" content=\"2026-03-27T09:10:04+00:00\" \/>\n<meta property=\"og:image\" content=\"https:\/\/ifesworld.org\/wp-content\/uploads\/2024\/01\/WDE00331-edited-1-scaled.jpg\" \/>\n\t<meta property=\"og:image:width\" content=\"2560\" \/>\n\t<meta property=\"og:image:height\" content=\"1440\" \/>\n\t<meta property=\"og:image:type\" content=\"image\/jpeg\" \/>\n<meta name=\"twitter:card\" content=\"summary_large_image\" \/>\n<meta name=\"twitter:label1\" content=\"Dur\u00e9e de lecture estim\u00e9e\" \/>\n\t<meta name=\"twitter:data1\" content=\"2 minutes\" \/>\n<script type=\"application\/ld+json\" class=\"yoast-schema-graph\">{\"@context\":\"https:\/\/schema.org\",\"@graph\":[{\"@type\":\"WebPage\",\"@id\":\"https:\/\/ifesworld.org\/fr\/notre-gouvernance\/\",\"url\":\"https:\/\/ifesworld.org\/fr\/notre-gouvernance\/\",\"name\":\"Notre gouvernance &#183; IFES\",\"isPartOf\":{\"@id\":\"https:\/\/ifesworld.org\/es\/#website\"},\"primaryImageOfPage\":{\"@id\":\"https:\/\/ifesworld.org\/fr\/notre-gouvernance\/#primaryimage\"},\"image\":{\"@id\":\"https:\/\/ifesworld.org\/fr\/notre-gouvernance\/#primaryimage\"},\"thumbnailUrl\":\"https:\/\/ifesworld.org\/wp-content\/uploads\/2024\/01\/WDE00331-edited-1-1024x576.jpg\",\"datePublished\":\"2019-06-17T13:30:33+00:00\",\"dateModified\":\"2026-03-27T09:10:04+00:00\",\"description\":\"Dans le cadre de notre vision, nous sommes engag\u00e9s \u00e0 exercer un minist\u00e8re bien structur\u00e9, intelligemment administr\u00e9 et qui rend gloire \u00e0 Dieu. Secr\u00e9taire\",\"breadcrumb\":{\"@id\":\"https:\/\/ifesworld.org\/fr\/notre-gouvernance\/#breadcrumb\"},\"inLanguage\":\"fr-FR\",\"potentialAction\":[{\"@type\":\"ReadAction\",\"target\":[\"https:\/\/ifesworld.org\/fr\/notre-gouvernance\/\"]}]},{\"@type\":\"ImageObject\",\"inLanguage\":\"fr-FR\",\"@id\":\"https:\/\/ifesworld.org\/fr\/notre-gouvernance\/#primaryimage\",\"url\":\"https:\/\/ifesworld.org\/wp-content\/uploads\/2024\/01\/WDE00331-edited-1-1024x576.jpg\",\"contentUrl\":\"https:\/\/ifesworld.org\/wp-content\/uploads\/2024\/01\/WDE00331-edited-1-1024x576.jpg\"},{\"@type\":\"BreadcrumbList\",\"@id\":\"https:\/\/ifesworld.org\/fr\/notre-gouvernance\/#breadcrumb\",\"itemListElement\":[{\"@type\":\"ListItem\",\"position\":1,\"name\":\"Home\",\"item\":\"https:\/\/ifesworld.org\/fr\/\"},{\"@type\":\"ListItem\",\"position\":2,\"name\":\"Notre gouvernance\"}]},{\"@type\":\"WebSite\",\"@id\":\"https:\/\/ifesworld.org\/es\/#website\",\"url\":\"https:\/\/ifesworld.org\/es\/\",\"name\":\"IFES\",\"description\":\"A movement of students sharing and living out the good news of Jesus Christ. Locally. Nationally. Globally.\",\"publisher\":{\"@id\":\"https:\/\/ifesworld.org\/es\/#organization\"},\"potentialAction\":[{\"@type\":\"SearchAction\",\"target\":{\"@type\":\"EntryPoint\",\"urlTemplate\":\"https:\/\/ifesworld.org\/es\/?s={search_term_string}\"},\"query-input\":{\"@type\":\"PropertyValueSpecification\",\"valueRequired\":true,\"valueName\":\"search_term_string\"}}],\"inLanguage\":\"fr-FR\"},{\"@type\":\"Organization\",\"@id\":\"https:\/\/ifesworld.org\/es\/#organization\",\"name\":\"IFES \u00b7 International Fellowship of Evangelical Students\",\"url\":\"https:\/\/ifesworld.org\/es\/\",\"logo\":{\"@type\":\"ImageObject\",\"inLanguage\":\"fr-FR\",\"@id\":\"https:\/\/ifesworld.org\/es\/#\/schema\/logo\/image\/\",\"url\":\"https:\/\/ifesworld.org\/wp-content\/uploads\/2019\/06\/ifeslogo.png\",\"contentUrl\":\"https:\/\/ifesworld.org\/wp-content\/uploads\/2019\/06\/ifeslogo.png\",\"width\":262,\"height\":262,\"caption\":\"IFES \u00b7 International Fellowship of Evangelical Students\"},\"image\":{\"@id\":\"https:\/\/ifesworld.org\/es\/#\/schema\/logo\/image\/\"}}]}<\/script>\n<!-- \/ Yoast SEO plugin. -->","yoast_head_json":{"title":"Notre gouvernance &#183; IFES","description":"Dans le cadre de notre vision, nous sommes engag\u00e9s \u00e0 exercer un minist\u00e8re bien structur\u00e9, intelligemment administr\u00e9 et qui rend gloire \u00e0 Dieu. Secr\u00e9taire","robots":{"index":"index","follow":"follow","max-snippet":"max-snippet:-1","max-image-preview":"max-image-preview:large","max-video-preview":"max-video-preview:-1"},"canonical":"https:\/\/ifesworld.org\/fr\/notre-gouvernance\/","og_locale":"fr_FR","og_type":"article","og_title":"Notre gouvernance &#183; IFES","og_description":"Dans le cadre de notre vision, nous sommes engag\u00e9s \u00e0 exercer un minist\u00e8re bien structur\u00e9, intelligemment administr\u00e9 et qui rend gloire \u00e0 Dieu. Secr\u00e9taire","og_url":"https:\/\/ifesworld.org\/fr\/notre-gouvernance\/","og_site_name":"IFES","article_modified_time":"2026-03-27T09:10:04+00:00","og_image":[{"width":2560,"height":1440,"url":"https:\/\/ifesworld.org\/wp-content\/uploads\/2024\/01\/WDE00331-edited-1-scaled.jpg","type":"image\/jpeg"}],"twitter_card":"summary_large_image","twitter_misc":{"Dur\u00e9e de lecture estim\u00e9e":"2 minutes"},"schema":{"@context":"https:\/\/schema.org","@graph":[{"@type":"WebPage","@id":"https:\/\/ifesworld.org\/fr\/notre-gouvernance\/","url":"https:\/\/ifesworld.org\/fr\/notre-gouvernance\/","name":"Notre gouvernance &#183; IFES","isPartOf":{"@id":"https:\/\/ifesworld.org\/es\/#website"},"primaryImageOfPage":{"@id":"https:\/\/ifesworld.org\/fr\/notre-gouvernance\/#primaryimage"},"image":{"@id":"https:\/\/ifesworld.org\/fr\/notre-gouvernance\/#primaryimage"},"thumbnailUrl":"https:\/\/ifesworld.org\/wp-content\/uploads\/2024\/01\/WDE00331-edited-1-1024x576.jpg","datePublished":"2019-06-17T13:30:33+00:00","dateModified":"2026-03-27T09:10:04+00:00","description":"Dans le cadre de notre vision, nous sommes engag\u00e9s \u00e0 exercer un minist\u00e8re bien structur\u00e9, intelligemment administr\u00e9 et qui rend gloire \u00e0 Dieu. Secr\u00e9taire","breadcrumb":{"@id":"https:\/\/ifesworld.org\/fr\/notre-gouvernance\/#breadcrumb"},"inLanguage":"fr-FR","potentialAction":[{"@type":"ReadAction","target":["https:\/\/ifesworld.org\/fr\/notre-gouvernance\/"]}]},{"@type":"ImageObject","inLanguage":"fr-FR","@id":"https:\/\/ifesworld.org\/fr\/notre-gouvernance\/#primaryimage","url":"https:\/\/ifesworld.org\/wp-content\/uploads\/2024\/01\/WDE00331-edited-1-1024x576.jpg","contentUrl":"https:\/\/ifesworld.org\/wp-content\/uploads\/2024\/01\/WDE00331-edited-1-1024x576.jpg"},{"@type":"BreadcrumbList","@id":"https:\/\/ifesworld.org\/fr\/notre-gouvernance\/#breadcrumb","itemListElement":[{"@type":"ListItem","position":1,"name":"Home","item":"https:\/\/ifesworld.org\/fr\/"},{"@type":"ListItem","position":2,"name":"Notre gouvernance"}]},{"@type":"WebSite","@id":"https:\/\/ifesworld.org\/es\/#website","url":"https:\/\/ifesworld.org\/es\/","name":"IFES","description":"A movement of students sharing and living out the good news of Jesus Christ. Locally. Nationally. Globally.","publisher":{"@id":"https:\/\/ifesworld.org\/es\/#organization"},"potentialAction":[{"@type":"SearchAction","target":{"@type":"EntryPoint","urlTemplate":"https:\/\/ifesworld.org\/es\/?s={search_term_string}"},"query-input":{"@type":"PropertyValueSpecification","valueRequired":true,"valueName":"search_term_string"}}],"inLanguage":"fr-FR"},{"@type":"Organization","@id":"https:\/\/ifesworld.org\/es\/#organization","name":"IFES \u00b7 International Fellowship of Evangelical Students","url":"https:\/\/ifesworld.org\/es\/","logo":{"@type":"ImageObject","inLanguage":"fr-FR","@id":"https:\/\/ifesworld.org\/es\/#\/schema\/logo\/image\/","url":"https:\/\/ifesworld.org\/wp-content\/uploads\/2019\/06\/ifeslogo.png","contentUrl":"https:\/\/ifesworld.org\/wp-content\/uploads\/2019\/06\/ifeslogo.png","width":262,"height":262,"caption":"IFES \u00b7 International Fellowship of Evangelical Students"},"image":{"@id":"https:\/\/ifesworld.org\/es\/#\/schema\/logo\/image\/"}}]}},"_links":{"self":[{"href":"https:\/\/ifesworld.org\/fr\/wp-json\/wp\/v2\/pages\/4537","targetHints":{"allow":["GET"]}}],"collection":[{"href":"https:\/\/ifesworld.org\/fr\/wp-json\/wp\/v2\/pages"}],"about":[{"href":"https:\/\/ifesworld.org\/fr\/wp-json\/wp\/v2\/types\/page"}],"author":[{"embeddable":true,"href":"https:\/\/ifesworld.org\/fr\/wp-json\/wp\/v2\/users\/2"}],"replies":[{"embeddable":true,"href":"https:\/\/ifesworld.org\/fr\/wp-json\/wp\/v2\/comments?post=4537"}],"version-history":[{"count":1,"href":"https:\/\/ifesworld.org\/fr\/wp-json\/wp\/v2\/pages\/4537\/revisions"}],"predecessor-version":[{"id":51114,"href":"https:\/\/ifesworld.org\/fr\/wp-json\/wp\/v2\/pages\/4537\/revisions\/51114"}],"wp:attachment":[{"href":"https:\/\/ifesworld.org\/fr\/wp-json\/wp\/v2\/media?parent=4537"}],"wp:term":[{"taxonomy":"area","embeddable":true,"href":"https:\/\/ifesworld.org\/fr\/wp-json\/wp\/v2\/area?post=4537"},{"taxonomy":"theme","embeddable":true,"href":"https:\/\/ifesworld.org\/fr\/wp-json\/wp\/v2\/theme?post=4537"}],"curies":[{"name":"wp","href":"https:\/\/api.w.org\/{rel}","templated":true}]}}