{"id":43517,"date":"2024-11-25T09:52:27","date_gmt":"2024-11-25T09:52:27","guid":{"rendered":"https:\/\/ifesworld.org\/?page_id=43517"},"modified":"2024-11-25T10:19:34","modified_gmt":"2024-11-25T10:19:34","slug":"levons-nous-et-batissons","status":"publish","type":"page","link":"https:\/\/ifesworld.org\/fr\/levons-nous-et-batissons\/","title":{"rendered":"\u00ab\u202fLEVONS-NOUS ET B\u00c2TISSONS\u202f!\u202f\u00bb"},"content":{"rendered":"<div class=\"wp-block block-core-columns alignfull\">\n<div class=\"wp-block-columns alignfull is-layout-flex wp-container-core-columns-is-layout-8f761849 wp-block-columns-is-layout-flex\">\n<div class=\"wp-block-column has-caribbean-background-color has-background is-layout-flow wp-block-column-is-layout-flow\"><div class=\"wp-block block-core-columns alignwide\">\n<div class=\"wp-block-columns alignwide is-layout-flex wp-container-core-columns-is-layout-8f761849 wp-block-columns-is-layout-flex\">\n<div class=\"wp-block-column is-layout-flow wp-block-column-is-layout-flow\"><div class=\"wp-block block-core-heading\">\n<h2 class=\"wp-block-heading\">Avec une foi et une vision telles que celles de N\u00e9h\u00e9mie \u2013\u202f<em><strong>\u00ab\u202fLevons-nous et b\u00e2tissons\u202f!\u202f\u00bb <\/strong><\/em>(2.18\u202f<em>NEG79<\/em>)\u202f\u2013 nous aideriez-vous \u00e0 restaurer et \u00e0 fortifier les GBEUH, le mouvement de l\u2019IFES sur la terre troubl\u00e9e d\u2019Ha\u00efti\u202f?&nbsp;&nbsp;<\/h2>\n<\/div>\n\n<div class=\"wp-block block-acf-ifesbutton aligncenter\">\n<div class=\"aligncenter\">\n    <a id=\"btn-block_9ecf0daf0eb00c40edd21445962032d2\" target=\"\" href=\"https:\/\/ifesworld.org\/fr\/donner\/?switch_language=fr&#038;source=REGFR&#038;destination=CR000_PCGW&#038;freq=once\" class=\"btn btn--secondary\">\n        <span>\n        DONNER MAINTENANT         <\/span>\n    <\/a>\n<\/div>\n\n<\/div><\/div>\n<\/div>\n<\/div>\n\n<div class=\"wp-block block-core-heading alignfull wp-elements-167af0cfaf3f320255a2b324394509d4\">\n<h3 class=\"wp-block-heading alignfull has-text-align-center has-white-color has-primary-background-color has-text-color has-background has-link-color wp-elements-167af0cfaf3f320255a2b324394509d4\">La semaine du don de l\u2019IFES Cara\u00efbe (CARIFES) 2024 se d\u00e9roule du 25 novembre au 1<sup>er<\/sup> d\u00e9cembre.&nbsp;<\/h3>\n<\/div><\/div>\n<\/div>\n<\/div>\n\n<div class=\"wp-block block-core-heading wp-elements-7805006ebccdc3ca5839ee0aa9d9bd12\">\n<h2 class=\"wp-block-heading has-text-align-center has-accent-color has-text-color has-link-color has-xl-font-size wp-elements-7805006ebccdc3ca5839ee0aa9d9bd12\"><strong><strong>S\u2019\u00c9LEVER AU-DESSUS DES RUINES<\/strong>&nbsp;<\/strong>&nbsp;<\/h2>\n<\/div>\n\n<div class=\"wp-block block-core-separator is-style-default\">\n<hr class=\"wp-block-separator has-text-color has-caribbean-color has-alpha-channel-opacity has-caribbean-background-color has-background is-style-default\"\/>\n<\/div>\n\n<div class=\"wp-block block-core-paragraph\">\n<p class=\"has-md-font-size wp-block-paragraph\">Ces derniers mois, la violence des gangs, l\u2019instabilit\u00e9 politique et les d\u00e9fis humanitaires g\u00e9n\u00e9ralis\u00e9s en Ha\u00efti se sont consid\u00e9rablement aggrav\u00e9s.<\/p>\n<\/div>\n\n<div class=\"wp-block block-core-paragraph\">\n<p class=\"wp-block-paragraph\"> Des groupes arm\u00e9s contr\u00f4lent actuellement une grande partie de Port-au-Prince et de ses environs. Plus de <strong>700\u202f000<\/strong>\u202fpersonnes sont d\u00e9plac\u00e9es, et pr\u00e8s de la moiti\u00e9 de la population est confront\u00e9e \u00e0 une grave ins\u00e9curit\u00e9 alimentaire.&nbsp;<\/p>\n<\/div>\n\n<div class=\"wp-block block-core-paragraph\">\n<p class=\"wp-block-paragraph\"><strong>Aujourd\u2019hui, plus que jamais, la paix qui provient de la connaissance du Christ est essentielle. <\/strong>Malgr\u00e9 la crise, les \u00e9tudiants des GBEUH demeurent r\u00e9silients et brillent comme des flambeaux portant l\u2019espoir.<\/p>\n<\/div>\n\n<div class=\"wp-block block-core-heading\">\n<h3 class=\"wp-block-heading has-white-dark-background-color has-background\"><strong>Cependant, afin de continuer \u00e0 construire leur minist\u00e8re, ils ont besoin de ressources indispensables.<\/strong>&nbsp;<\/h3>\n<\/div>\n\n<div class=\"wp-block block-core-paragraph\">\n<p class=\"wp-block-paragraph\">Descheny Laurent, \u00e9quipier des GBEUH, nous en dit plus\u202f:&nbsp;&nbsp;&nbsp;<\/p>\n<\/div>\n\n<div class=\"wp-block block-core-embed wp-embed-aspect-16-9 wp-has-aspect-ratio\">\n<figure class=\"wp-block-embed is-type-video is-provider-youtube wp-block-embed-youtube wp-embed-aspect-16-9 wp-has-aspect-ratio\"><div class=\"wp-block-embed__wrapper\">\n<iframe loading=\"lazy\" title=\"CARIFES Gift Week 2024: Student Ministry in Haiti&#039;s Context - Why GBEUH Need Your Support\" width=\"740\" height=\"416\" src=\"https:\/\/www.youtube.com\/embed\/09YSwW-dRvw?list=PLGxsS8y2qsvc0JHsip3loHK59rnz7FIxF\" frameborder=\"0\" allow=\"accelerometer; autoplay; clipboard-write; encrypted-media; gyroscope; picture-in-picture; web-share\" referrerpolicy=\"strict-origin-when-cross-origin\" allowfullscreen><\/iframe>\n<\/div><\/figure>\n<\/div>\n\n<div class=\"wp-block block-core-heading wp-elements-836e4988b618e83421bc40d239cfd565\">\n<h2 class=\"wp-block-heading has-text-align-center has-accent-color has-text-color has-link-color has-xl-font-size wp-elements-836e4988b618e83421bc40d239cfd565\"><strong>HOW YOU CAN HELP<\/strong><\/h2>\n<\/div>\n\n<div class=\"wp-block block-core-separator is-style-default\">\n<hr class=\"wp-block-separator has-text-color has-caribbean-color has-alpha-channel-opacity has-caribbean-background-color has-background is-style-default\"\/>\n<\/div>\n\n<div class=\"wp-block block-core-columns alignwide\">\n<div class=\"wp-block-columns alignwide is-layout-flex wp-container-core-columns-is-layout-8f761849 wp-block-columns-is-layout-flex\">\n<div class=\"wp-block-column is-layout-flow wp-block-column-is-layout-flow\"><div class=\"wp-block block-core-columns\">\n<div class=\"wp-block-columns is-layout-flex wp-container-core-columns-is-layout-8f761849 wp-block-columns-is-layout-flex\">\n<div class=\"wp-block-column is-layout-flow wp-block-column-is-layout-flow\">\n<figure class=\"wp-block-image size-full\"><img loading=\"lazy\" decoding=\"async\" width=\"300\" height=\"300\" src=\"https:\/\/ifesworld.org\/wp-content\/uploads\/2024\/11\/8.png\" alt=\"\" class=\"wp-image-43522\" srcset=\"https:\/\/ifesworld.org\/wp-content\/uploads\/2024\/11\/8.png 300w, https:\/\/ifesworld.org\/wp-content\/uploads\/2024\/11\/8-150x150.png 150w, https:\/\/ifesworld.org\/wp-content\/uploads\/2024\/11\/8-70x70.png 70w\" sizes=\"auto, (max-width: 300px) 100vw, 300px\" \/><\/figure>\n<\/div>\n\n\n\n<div class=\"wp-block-column is-layout-flow wp-block-column-is-layout-flow\">\n<figure class=\"wp-block-image size-full\"><img loading=\"lazy\" decoding=\"async\" width=\"300\" height=\"300\" src=\"https:\/\/ifesworld.org\/wp-content\/uploads\/2024\/11\/9.png\" alt=\"\" class=\"wp-image-43523\" srcset=\"https:\/\/ifesworld.org\/wp-content\/uploads\/2024\/11\/9.png 300w, https:\/\/ifesworld.org\/wp-content\/uploads\/2024\/11\/9-150x150.png 150w, https:\/\/ifesworld.org\/wp-content\/uploads\/2024\/11\/9-70x70.png 70w\" sizes=\"auto, (max-width: 300px) 100vw, 300px\" \/><\/figure>\n<\/div>\n<\/div>\n<\/div><\/div>\n\n\n\n<div class=\"wp-block-column is-layout-flow wp-block-column-is-layout-flow\"><div class=\"wp-block block-core-columns\">\n<div class=\"wp-block-columns is-layout-flex wp-container-core-columns-is-layout-8f761849 wp-block-columns-is-layout-flex\">\n<div class=\"wp-block-column is-layout-flow wp-block-column-is-layout-flow\">\n<figure class=\"wp-block-image size-full\"><img loading=\"lazy\" decoding=\"async\" width=\"300\" height=\"300\" src=\"https:\/\/ifesworld.org\/wp-content\/uploads\/2024\/11\/10.png\" alt=\"\" class=\"wp-image-43524\" srcset=\"https:\/\/ifesworld.org\/wp-content\/uploads\/2024\/11\/10.png 300w, https:\/\/ifesworld.org\/wp-content\/uploads\/2024\/11\/10-150x150.png 150w, https:\/\/ifesworld.org\/wp-content\/uploads\/2024\/11\/10-70x70.png 70w\" sizes=\"auto, (max-width: 300px) 100vw, 300px\" \/><\/figure>\n<\/div>\n\n\n\n<div class=\"wp-block-column is-layout-flow wp-block-column-is-layout-flow\">\n<figure class=\"wp-block-image size-full\"><img loading=\"lazy\" decoding=\"async\" width=\"300\" height=\"300\" src=\"https:\/\/ifesworld.org\/wp-content\/uploads\/2024\/11\/11.png\" alt=\"\" class=\"wp-image-43525\" srcset=\"https:\/\/ifesworld.org\/wp-content\/uploads\/2024\/11\/11.png 300w, https:\/\/ifesworld.org\/wp-content\/uploads\/2024\/11\/11-150x150.png 150w, https:\/\/ifesworld.org\/wp-content\/uploads\/2024\/11\/11-70x70.png 70w\" sizes=\"auto, (max-width: 300px) 100vw, 300px\" \/><\/figure>\n<\/div>\n<\/div>\n<\/div><\/div>\n<\/div>\n<\/div>\n\n<div class=\"wp-block block-core-paragraph\">\n<p class=\"wp-block-paragraph\"><\/p>\n<\/div>\n\n<div class=\"wp-block block-core-heading wp-elements-de80c2c0642b325dcb5c4840c19c9485\">\n<h2 class=\"wp-block-heading has-text-align-center has-accent-color has-text-color has-link-color has-xl-font-size wp-elements-de80c2c0642b325dcb5c4840c19c9485\"><strong><strong><strong>B\u00c9NIR LA CARA\u00cfBE<\/strong>&nbsp;<\/strong><\/strong><\/h2>\n<\/div>\n\n<div class=\"wp-block block-core-separator is-style-default\">\n<hr class=\"wp-block-separator has-text-color has-caribbean-color has-alpha-channel-opacity has-caribbean-background-color has-background is-style-default\"\/>\n<\/div>\n\n<div class=\"wp-block block-core-paragraph\">\n<p class=\"has-md-font-size wp-block-paragraph\">Chaque ann\u00e9e, l\u2019\u00e9quipe CARIFES fournit aux \u00e9tudiants, \u00e9quipiers, dipl\u00f4m\u00e9s et partenaires de la r\u00e9gion l\u2019occasion de donner g\u00e9n\u00e9reusement pour l\u2019\u0153uvre que Dieu op\u00e8re parmi les \u00e9tudiants de la Cara\u00efbe.&nbsp;<\/p>\n<\/div>\n\n<div class=\"wp-block block-core-embed wp-embed-aspect-16-9 wp-has-aspect-ratio\">\n<figure class=\"wp-block-embed is-type-video is-provider-youtube wp-block-embed-youtube wp-embed-aspect-16-9 wp-has-aspect-ratio\"><div class=\"wp-block-embed__wrapper\">\n<iframe loading=\"lazy\" title=\"CARIFES Gift Week 2024: Join us in Supporting the Needs for Haiti&#039;s Student Movement \ud83c\udded\ud83c\uddf9\" width=\"740\" height=\"416\" src=\"https:\/\/www.youtube.com\/embed\/WPjkdwnDVIU?list=PLGxsS8y2qsvc0JHsip3loHK59rnz7FIxF\" frameborder=\"0\" allow=\"accelerometer; autoplay; clipboard-write; encrypted-media; gyroscope; picture-in-picture; web-share\" referrerpolicy=\"strict-origin-when-cross-origin\" allowfullscreen><\/iframe>\n<\/div><\/figure>\n<\/div>\n\n<div class=\"wp-block block-core-columns alignfull\">\n<div class=\"wp-block-columns alignfull is-layout-flex wp-container-core-columns-is-layout-8f761849 wp-block-columns-is-layout-flex\">\n<div class=\"wp-block-column has-caribbean-color has-caribbean-background-color has-text-color has-background has-link-color wp-elements-62857fe1cfa195dbd7828b92b194d813 is-layout-flow wp-block-column-is-layout-flow\"><div class=\"wp-block block-core-columns alignwide\">\n<div class=\"wp-block-columns alignwide is-layout-flex wp-container-core-columns-is-layout-8f761849 wp-block-columns-is-layout-flex\">\n<div class=\"wp-block-column is-layout-flow wp-block-column-is-layout-flow\"><div class=\"wp-block block-core-heading alignwide wp-elements-d8c98962a4d670ca0d49653354875b34\">\n<h3 class=\"wp-block-heading alignwide has-text-align-center has-primary-color has-caribbean-background-color has-text-color has-background has-link-color wp-elements-d8c98962a4d670ca0d49653354875b34\">C\u2019est avec enthousiasme que nous \u00e9tendons l\u2019invitation CARIFES au-del\u00e0 de leur r\u00e9gion, c\u2019est-\u00e0-dire \u00e0 l\u2019ensemble de l\u2019union. Nous sommes certains que les \u00e9tudiants, le personnel et les partenaires de l\u2019IFES \u00e0 travers le monde seront pr\u00eats \u00e0 participer \u00e0 la joie de donner durant la semaine du don CARIFES.&nbsp;<\/h3>\n<\/div>\n\n<div class=\"wp-block block-core-paragraph aligncenter\">\n<p class=\"has-text-align-center wp-block-paragraph\"><\/p>\n<\/div>\n\n<div class=\"wp-block block-core-paragraph\">\n<p class=\"wp-block-paragraph\"><\/p>\n<\/div><\/div>\n<\/div>\n<\/div><\/div>\n<\/div>\n<\/div>\n\n<div class=\"wp-block block-core-cover alignfull\">\n<div class=\"wp-block-cover alignfull is-light has-parallax\"><div class=\"wp-block-cover__image-background wp-image-43513 size-large has-parallax\" style=\"background-position:50% 50%;background-image:url(https:\/\/ifesworld.org\/wp-content\/uploads\/2024\/11\/copy-1024x576.png)\"><\/div><span aria-hidden=\"true\" class=\"wp-block-cover__background has-caribbean-background-color has-background-dim-0 has-background-dim\"><\/span><div class=\"wp-block-cover__inner-container is-layout-flow wp-block-cover-is-layout-flow\"><div class=\"wp-block block-core-heading\">\n<h2 class=\"wp-block-heading has-text-align-center\">\u202fSuivez CARIFES sur\u202f<a href=\"https:\/\/www.instagram.com\/ifescaribbean\/\" target=\"_blank\" rel=\"noreferrer noopener\">Instagram<\/a> pour voir comment donner et suivre les nouvelles de la campagne.\u202f&nbsp;&nbsp;<\/h2>\n<\/div><\/div><\/div>\n<\/div>\n\n<div class=\"wp-block block-core-paragraph\">\n<p class=\"wp-block-paragraph\"><\/p>\n<\/div>","protected":false},"excerpt":{"rendered":"<p>Avec une foi et une vision telles que celles de N\u00e9h\u00e9mie \u2013\u202f\u00ab\u202fLevons-nous et b\u00e2tissons\u202f!\u202f\u00bb (2.18\u202fNEG79)\u202f\u2013 nous aideriez-vous \u00e0 restaurer et \u00e0 fortifier les GBEUH, le mouvement de l\u2019IFES sur la terre troubl\u00e9e d\u2019Ha\u00efti\u202f?&nbsp;&nbsp; La semaine du don de l\u2019IFES Cara\u00efbe (CARIFES) 2024 se d\u00e9roule du 25 novembre au 1er d\u00e9cembre.&nbsp; S\u2019\u00c9LEVER AU-DESSUS DES RUINES&nbsp;&nbsp; Ces&#8230;<\/p>\n","protected":false},"author":3961,"featured_media":43498,"parent":0,"menu_order":0,"comment_status":"closed","ping_status":"closed","template":"","meta":{"_acf_changed":false,"_crdt_document":"","inline_featured_image":false,"footnotes":""},"area":[],"theme":[],"class_list":["post-43517","page","type-page","status-publish","has-post-thumbnail","hentry"],"acf":[],"yoast_head":"<!-- This site is optimized with the Yoast SEO plugin v27.2 - https:\/\/yoast.com\/product\/yoast-seo-wordpress\/ -->\n<title>\u00ab\u202fLEVONS-NOUS ET B\u00c2TISSONS\u202f!\u202f\u00bb &#183; IFES<\/title>\n<meta name=\"description\" content=\"Avec une foi et une vision telles que celles de N\u00e9h\u00e9mie \u2013\u202f\u00ab\u202fLevons-nous et b\u00e2tissons\u202f!\u202f\u00bb (2.18\u202fNEG79)\u202f\u2013 nous aideriez-vous \u00e0 restaurer et \u00e0 fortifier les\" \/>\n<meta name=\"robots\" content=\"index, follow, max-snippet:-1, max-image-preview:large, max-video-preview:-1\" \/>\n<link rel=\"canonical\" href=\"https:\/\/ifesworld.org\/fr\/levons-nous-et-batissons\/\" \/>\n<meta property=\"og:locale\" content=\"fr_FR\" \/>\n<meta property=\"og:type\" content=\"article\" \/>\n<meta property=\"og:title\" content=\"\u00ab\u202fLEVONS-NOUS ET B\u00c2TISSONS\u202f!\u202f\u00bb &#183; IFES\" \/>\n<meta property=\"og:description\" content=\"Avec une foi et une vision telles que celles de N\u00e9h\u00e9mie \u2013\u202f\u00ab\u202fLevons-nous et b\u00e2tissons\u202f!\u202f\u00bb (2.18\u202fNEG79)\u202f\u2013 nous aideriez-vous \u00e0 restaurer et \u00e0 fortifier les\" \/>\n<meta property=\"og:url\" content=\"https:\/\/ifesworld.org\/fr\/levons-nous-et-batissons\/\" \/>\n<meta property=\"og:site_name\" content=\"IFES\" \/>\n<meta property=\"article:modified_time\" content=\"2024-11-25T10:19:34+00:00\" \/>\n<meta property=\"og:image\" content=\"https:\/\/ifesworld.org\/wp-content\/uploads\/2024\/11\/All-About-Me-Vintage-Minimalist-Presentation-e1732527465442.png\" \/>\n\t<meta property=\"og:image:width\" content=\"1670\" \/>\n\t<meta property=\"og:image:height\" content=\"393\" \/>\n\t<meta property=\"og:image:type\" content=\"image\/png\" \/>\n<meta name=\"twitter:card\" content=\"summary_large_image\" \/>\n<meta name=\"twitter:label1\" content=\"Dur\u00e9e de lecture estim\u00e9e\" \/>\n\t<meta name=\"twitter:data1\" content=\"3 minutes\" \/>\n<script type=\"application\/ld+json\" class=\"yoast-schema-graph\">{\"@context\":\"https:\/\/schema.org\",\"@graph\":[{\"@type\":\"WebPage\",\"@id\":\"https:\/\/ifesworld.org\/fr\/levons-nous-et-batissons\/\",\"url\":\"https:\/\/ifesworld.org\/fr\/levons-nous-et-batissons\/\",\"name\":\"\u00ab\u202fLEVONS-NOUS ET B\u00c2TISSONS\u202f!\u202f\u00bb &#183; IFES\",\"isPartOf\":{\"@id\":\"https:\/\/ifesworld.org\/es\/#website\"},\"primaryImageOfPage\":{\"@id\":\"https:\/\/ifesworld.org\/fr\/levons-nous-et-batissons\/#primaryimage\"},\"image\":{\"@id\":\"https:\/\/ifesworld.org\/fr\/levons-nous-et-batissons\/#primaryimage\"},\"thumbnailUrl\":\"https:\/\/ifesworld.org\/wp-content\/uploads\/2024\/11\/All-About-Me-Vintage-Minimalist-Presentation-e1732527465442.png\",\"datePublished\":\"2024-11-25T09:52:27+00:00\",\"dateModified\":\"2024-11-25T10:19:34+00:00\",\"description\":\"Avec une foi et une vision telles que celles de N\u00e9h\u00e9mie \u2013\u202f\u00ab\u202fLevons-nous et b\u00e2tissons\u202f!\u202f\u00bb (2.18\u202fNEG79)\u202f\u2013 nous aideriez-vous \u00e0 restaurer et \u00e0 fortifier les\",\"breadcrumb\":{\"@id\":\"https:\/\/ifesworld.org\/fr\/levons-nous-et-batissons\/#breadcrumb\"},\"inLanguage\":\"fr-FR\",\"potentialAction\":[{\"@type\":\"ReadAction\",\"target\":[\"https:\/\/ifesworld.org\/fr\/levons-nous-et-batissons\/\"]}]},{\"@type\":\"ImageObject\",\"inLanguage\":\"fr-FR\",\"@id\":\"https:\/\/ifesworld.org\/fr\/levons-nous-et-batissons\/#primaryimage\",\"url\":\"https:\/\/ifesworld.org\/wp-content\/uploads\/2024\/11\/All-About-Me-Vintage-Minimalist-Presentation-e1732527465442.png\",\"contentUrl\":\"https:\/\/ifesworld.org\/wp-content\/uploads\/2024\/11\/All-About-Me-Vintage-Minimalist-Presentation-e1732527465442.png\",\"width\":1670,\"height\":393},{\"@type\":\"BreadcrumbList\",\"@id\":\"https:\/\/ifesworld.org\/fr\/levons-nous-et-batissons\/#breadcrumb\",\"itemListElement\":[{\"@type\":\"ListItem\",\"position\":1,\"name\":\"Home\",\"item\":\"https:\/\/ifesworld.org\/fr\/\"},{\"@type\":\"ListItem\",\"position\":2,\"name\":\"\u00ab\u202fLEVONS-NOUS ET B\u00c2TISSONS\u202f!\u202f\u00bb\"}]},{\"@type\":\"WebSite\",\"@id\":\"https:\/\/ifesworld.org\/es\/#website\",\"url\":\"https:\/\/ifesworld.org\/es\/\",\"name\":\"IFES\",\"description\":\"A movement of students sharing and living out the good news of Jesus Christ. Locally. Nationally. Globally.\",\"publisher\":{\"@id\":\"https:\/\/ifesworld.org\/es\/#organization\"},\"potentialAction\":[{\"@type\":\"SearchAction\",\"target\":{\"@type\":\"EntryPoint\",\"urlTemplate\":\"https:\/\/ifesworld.org\/es\/?s={search_term_string}\"},\"query-input\":{\"@type\":\"PropertyValueSpecification\",\"valueRequired\":true,\"valueName\":\"search_term_string\"}}],\"inLanguage\":\"fr-FR\"},{\"@type\":\"Organization\",\"@id\":\"https:\/\/ifesworld.org\/es\/#organization\",\"name\":\"IFES \u00b7 International Fellowship of Evangelical Students\",\"url\":\"https:\/\/ifesworld.org\/es\/\",\"logo\":{\"@type\":\"ImageObject\",\"inLanguage\":\"fr-FR\",\"@id\":\"https:\/\/ifesworld.org\/es\/#\/schema\/logo\/image\/\",\"url\":\"https:\/\/ifesworld.org\/wp-content\/uploads\/2019\/06\/ifeslogo.png\",\"contentUrl\":\"https:\/\/ifesworld.org\/wp-content\/uploads\/2019\/06\/ifeslogo.png\",\"width\":262,\"height\":262,\"caption\":\"IFES \u00b7 International Fellowship of Evangelical Students\"},\"image\":{\"@id\":\"https:\/\/ifesworld.org\/es\/#\/schema\/logo\/image\/\"}}]}<\/script>\n<!-- \/ Yoast SEO plugin. -->","yoast_head_json":{"title":"\u00ab\u202fLEVONS-NOUS ET B\u00c2TISSONS\u202f!\u202f\u00bb &#183; IFES","description":"Avec une foi et une vision telles que celles de N\u00e9h\u00e9mie \u2013\u202f\u00ab\u202fLevons-nous et b\u00e2tissons\u202f!\u202f\u00bb (2.18\u202fNEG79)\u202f\u2013 nous aideriez-vous \u00e0 restaurer et \u00e0 fortifier les","robots":{"index":"index","follow":"follow","max-snippet":"max-snippet:-1","max-image-preview":"max-image-preview:large","max-video-preview":"max-video-preview:-1"},"canonical":"https:\/\/ifesworld.org\/fr\/levons-nous-et-batissons\/","og_locale":"fr_FR","og_type":"article","og_title":"\u00ab\u202fLEVONS-NOUS ET B\u00c2TISSONS\u202f!\u202f\u00bb &#183; IFES","og_description":"Avec une foi et une vision telles que celles de N\u00e9h\u00e9mie \u2013\u202f\u00ab\u202fLevons-nous et b\u00e2tissons\u202f!\u202f\u00bb (2.18\u202fNEG79)\u202f\u2013 nous aideriez-vous \u00e0 restaurer et \u00e0 fortifier les","og_url":"https:\/\/ifesworld.org\/fr\/levons-nous-et-batissons\/","og_site_name":"IFES","article_modified_time":"2024-11-25T10:19:34+00:00","og_image":[{"width":1670,"height":393,"url":"https:\/\/ifesworld.org\/wp-content\/uploads\/2024\/11\/All-About-Me-Vintage-Minimalist-Presentation-e1732527465442.png","type":"image\/png"}],"twitter_card":"summary_large_image","twitter_misc":{"Dur\u00e9e de lecture estim\u00e9e":"3 minutes"},"schema":{"@context":"https:\/\/schema.org","@graph":[{"@type":"WebPage","@id":"https:\/\/ifesworld.org\/fr\/levons-nous-et-batissons\/","url":"https:\/\/ifesworld.org\/fr\/levons-nous-et-batissons\/","name":"\u00ab\u202fLEVONS-NOUS ET B\u00c2TISSONS\u202f!\u202f\u00bb &#183; IFES","isPartOf":{"@id":"https:\/\/ifesworld.org\/es\/#website"},"primaryImageOfPage":{"@id":"https:\/\/ifesworld.org\/fr\/levons-nous-et-batissons\/#primaryimage"},"image":{"@id":"https:\/\/ifesworld.org\/fr\/levons-nous-et-batissons\/#primaryimage"},"thumbnailUrl":"https:\/\/ifesworld.org\/wp-content\/uploads\/2024\/11\/All-About-Me-Vintage-Minimalist-Presentation-e1732527465442.png","datePublished":"2024-11-25T09:52:27+00:00","dateModified":"2024-11-25T10:19:34+00:00","description":"Avec une foi et une vision telles que celles de N\u00e9h\u00e9mie \u2013\u202f\u00ab\u202fLevons-nous et b\u00e2tissons\u202f!\u202f\u00bb (2.18\u202fNEG79)\u202f\u2013 nous aideriez-vous \u00e0 restaurer et \u00e0 fortifier les","breadcrumb":{"@id":"https:\/\/ifesworld.org\/fr\/levons-nous-et-batissons\/#breadcrumb"},"inLanguage":"fr-FR","potentialAction":[{"@type":"ReadAction","target":["https:\/\/ifesworld.org\/fr\/levons-nous-et-batissons\/"]}]},{"@type":"ImageObject","inLanguage":"fr-FR","@id":"https:\/\/ifesworld.org\/fr\/levons-nous-et-batissons\/#primaryimage","url":"https:\/\/ifesworld.org\/wp-content\/uploads\/2024\/11\/All-About-Me-Vintage-Minimalist-Presentation-e1732527465442.png","contentUrl":"https:\/\/ifesworld.org\/wp-content\/uploads\/2024\/11\/All-About-Me-Vintage-Minimalist-Presentation-e1732527465442.png","width":1670,"height":393},{"@type":"BreadcrumbList","@id":"https:\/\/ifesworld.org\/fr\/levons-nous-et-batissons\/#breadcrumb","itemListElement":[{"@type":"ListItem","position":1,"name":"Home","item":"https:\/\/ifesworld.org\/fr\/"},{"@type":"ListItem","position":2,"name":"\u00ab\u202fLEVONS-NOUS ET B\u00c2TISSONS\u202f!\u202f\u00bb"}]},{"@type":"WebSite","@id":"https:\/\/ifesworld.org\/es\/#website","url":"https:\/\/ifesworld.org\/es\/","name":"IFES","description":"A movement of students sharing and living out the good news of Jesus Christ. Locally. Nationally. Globally.","publisher":{"@id":"https:\/\/ifesworld.org\/es\/#organization"},"potentialAction":[{"@type":"SearchAction","target":{"@type":"EntryPoint","urlTemplate":"https:\/\/ifesworld.org\/es\/?s={search_term_string}"},"query-input":{"@type":"PropertyValueSpecification","valueRequired":true,"valueName":"search_term_string"}}],"inLanguage":"fr-FR"},{"@type":"Organization","@id":"https:\/\/ifesworld.org\/es\/#organization","name":"IFES \u00b7 International Fellowship of Evangelical Students","url":"https:\/\/ifesworld.org\/es\/","logo":{"@type":"ImageObject","inLanguage":"fr-FR","@id":"https:\/\/ifesworld.org\/es\/#\/schema\/logo\/image\/","url":"https:\/\/ifesworld.org\/wp-content\/uploads\/2019\/06\/ifeslogo.png","contentUrl":"https:\/\/ifesworld.org\/wp-content\/uploads\/2019\/06\/ifeslogo.png","width":262,"height":262,"caption":"IFES \u00b7 International Fellowship of Evangelical Students"},"image":{"@id":"https:\/\/ifesworld.org\/es\/#\/schema\/logo\/image\/"}}]}},"_links":{"self":[{"href":"https:\/\/ifesworld.org\/fr\/wp-json\/wp\/v2\/pages\/43517","targetHints":{"allow":["GET"]}}],"collection":[{"href":"https:\/\/ifesworld.org\/fr\/wp-json\/wp\/v2\/pages"}],"about":[{"href":"https:\/\/ifesworld.org\/fr\/wp-json\/wp\/v2\/types\/page"}],"author":[{"embeddable":true,"href":"https:\/\/ifesworld.org\/fr\/wp-json\/wp\/v2\/users\/3961"}],"replies":[{"embeddable":true,"href":"https:\/\/ifesworld.org\/fr\/wp-json\/wp\/v2\/comments?post=43517"}],"version-history":[{"count":0,"href":"https:\/\/ifesworld.org\/fr\/wp-json\/wp\/v2\/pages\/43517\/revisions"}],"wp:featuredmedia":[{"embeddable":true,"href":"https:\/\/ifesworld.org\/fr\/wp-json\/wp\/v2\/media\/43498"}],"wp:attachment":[{"href":"https:\/\/ifesworld.org\/fr\/wp-json\/wp\/v2\/media?parent=43517"}],"wp:term":[{"taxonomy":"area","embeddable":true,"href":"https:\/\/ifesworld.org\/fr\/wp-json\/wp\/v2\/area?post=43517"},{"taxonomy":"theme","embeddable":true,"href":"https:\/\/ifesworld.org\/fr\/wp-json\/wp\/v2\/theme?post=43517"}],"curies":[{"name":"wp","href":"https:\/\/api.w.org\/{rel}","templated":true}]}}