{"id":42007,"date":"2024-09-06T15:23:29","date_gmt":"2024-09-06T14:23:29","guid":{"rendered":"https:\/\/ifesworld.org\/?page_id=42007"},"modified":"2024-10-14T11:20:29","modified_gmt":"2024-10-14T10:20:29","slug":"daniel-bourdanne","status":"publish","type":"page","link":"https:\/\/ifesworld.org\/fr\/daniel-bourdanne\/","title":{"rendered":"Daniel Bourdann\u00e9"},"content":{"rendered":"<div class=\"wp-block block-core-paragraph\">\n<p class=\"has-md-font-size wp-block-paragraph\"><span data-contrast=\"none\">C\u2019est avec une profonde tristesse que nous vous faisons part du d\u00e9c\u00e8s de Daniel Bourdann\u00e9 (ancien Secr\u00e9taire g\u00e9n\u00e9ral de l&rsquo;IFES), le 6 septembre 2024. Daniel (ci-contre avec son \u00e9pouse Halimatou lors de l\u2019Assembl\u00e9e mondiale de l&rsquo;IFES en Afrique du Sud en 2019), a occup\u00e9 la fonction de Secr\u00e9taire g\u00e9n\u00e9ral de l\u2019IFES de 2007 \u00e0 2019.\u00a0\u00a0<\/span><\/p>\n<\/div>\n\n<div class=\"wp-block block-acf-ifesbutton aligncenter\">\n<div class=\"aligncenter\">\n    <a id=\"btn-block_7fed30fca070b07ebe0c3f7431ae3e96\" target=\"_blank\" href=\"https:\/\/ifesworld.org\/fr\/levangile-incarne\" class=\"btn btn--secondary\">\n        <span>\n        Lire l&rsquo;hommage complet        <\/span>\n    <\/a>\n<\/div>\n\n<\/div>\n\n<div class=\"wp-block-image\">\n<figure class=\"aligncenter size-large\"><img loading=\"lazy\" decoding=\"async\" width=\"1024\" height=\"683\" src=\"https:\/\/ifesworld.org\/wp-content\/uploads\/2024\/09\/daniel-and-Halimatou-1024x683.jpg\" alt=\"\" class=\"wp-image-41982\" srcset=\"https:\/\/ifesworld.org\/wp-content\/uploads\/2024\/09\/daniel-and-Halimatou-1024x683.jpg 1024w, https:\/\/ifesworld.org\/wp-content\/uploads\/2024\/09\/daniel-and-Halimatou-300x200.jpg 300w, https:\/\/ifesworld.org\/wp-content\/uploads\/2024\/09\/daniel-and-Halimatou-768x512.jpg 768w, https:\/\/ifesworld.org\/wp-content\/uploads\/2024\/09\/daniel-and-Halimatou.jpg 1267w\" sizes=\"auto, (max-width: 1024px) 100vw, 1024px\" \/><\/figure>\n<\/div>\n\n<div class=\"wp-block block-core-paragraph\">\n<p class=\"wp-block-paragraph\"><span data-contrast=\"auto\">\u00ab Michel Kenmogne (Pr\u00e9sident du Conseil d\u2019administration de l&rsquo;IFES) \u00e9crit&nbsp;: \u00ab&nbsp;L\u2019histoire de l\u2019avancement de l\u2019\u00c9vangile dans le monde au cours des quarante derni\u00e8res ann\u00e9es ne peut \u00eatre \u00e9crite sans mentionner Daniel Bourdann\u00e9. Daniel est l\u2019un de nos contemporains qui, avec l\u2019ap\u00f4tre Paul, peut humblement dire avec conviction&nbsp;: \u2018J\u2019ai combattu le bon combat. J\u2019ai achev\u00e9 ma course.\u2019&nbsp;\u00bb<\/span><span data-contrast=\"none\">&nbsp;<\/span><span data-ccp-props=\"{&quot;134233117&quot;:false,&quot;134233118&quot;:false,&quot;201341983&quot;:0,&quot;335559738&quot;:0,&quot;335559739&quot;:0,&quot;335559740&quot;:279}\">&nbsp;<\/span><\/p>\n<\/div>\n\n<div class=\"wp-block block-core-paragraph\">\n<p class=\"wp-block-paragraph\"><span data-contrast=\"none\">Tim Adams (Secr\u00e9taire g\u00e9n\u00e9ral actuel de l\u2019IFES) \u00e9crit\u202f: \u00ab\u202fDaniel \u00e9tait l\u2019un des g\u00e9ants de notre Union internationale. Il faisait certes une t\u00eate de plus que la plupart d\u2019entre nous, mais sa prestance ne tenait pas qu\u2019\u00e0 sa stature physique. Daniel a v\u00e9cu une vie de leadership spirituel et a servi le Seigneur et les mouvements d\u2019Afrique francophone et du reste du monde de fa\u00e7on sacrificielle. Il va terriblement nous manquer.\u202f\u00bb<\/span><span data-ccp-props=\"{&quot;134233117&quot;:false,&quot;134233118&quot;:false,&quot;201341983&quot;:0,&quot;335559738&quot;:0,&quot;335559739&quot;:0,&quot;335559740&quot;:279}\">&nbsp;<\/span><\/p>\n<\/div>\n\n<div class=\"wp-block block-core-paragraph\">\n<p class=\"wp-block-paragraph\"><span data-contrast=\"none\">Nous lui rendrons hommage dans les jours \u00e0 venir.&nbsp;<\/span><span data-ccp-props=\"{&quot;134233117&quot;:false,&quot;134233118&quot;:false,&quot;201341983&quot;:0,&quot;335559738&quot;:0,&quot;335559739&quot;:0,&quot;335559740&quot;:279}\">&nbsp;<\/span><\/p>\n<\/div>\n\n<div class=\"wp-block block-core-paragraph\">\n<p class=\"wp-block-paragraph\"><span data-contrast=\"none\">L\u2019IFES pr\u00e9voit \u00e9galement de compiler un livre de photos et de souvenirs de la vie de Daniel et de son minist\u00e8re. Si vous souhaitez y contribuer, contactez-nous par email \u00e0 info@ifesworld.org ou en ligne ici :<\/span><\/p>\n<\/div>\n\n<div class=\"wp-block block-acf-ifesbutton aligncenter\">\n<div class=\"aligncenter\">\n    <a id=\"btn-block_3f59e928ff5a1e5bfe9cae8fc4dac2c3\" target=\"_blank\" href=\"https:\/\/www.kudoboard.com\/boards\/CLr0Dpmr\" class=\"btn btn--secondary\">\n        <span>\n        Kudoboard        <\/span>\n    <\/a>\n<\/div>\n\n<\/div>\n\n<div class=\"wp-block block-core-group alignfull\">\n<div class=\"wp-block-group alignfull has-white-dark-background-color has-background\"><div class=\"wp-block-group__inner-container is-layout-constrained wp-block-group-is-layout-constrained\"><div class=\"wp-block block-acf-spacer\">\n<div id=\"spacer-block_b6997f647b2bcab77736b30ef2472497\" class=\"\">\n    <div aria-hidden=\"true\" class=\"wp-block-spacer spacer--md\"><\/div>\n<\/div>\n<\/div>\n\n<div class=\"wp-block block-core-quote\">\n<blockquote class=\"wp-block-quote is-layout-flow wp-block-quote-is-layout-flow\"><div class=\"wp-block block-core-paragraph\">\n<p class=\"wp-block-paragraph\">\u00ab\u202fL\u2019IFES, c\u2019est essentiellement l\u00e0 que j\u2019ai appris \u00e0 \u00eatre un chr\u00e9tien \u00e9quilibr\u00e9 spirituellement, et \u00e0 \u00eatre toujours motiv\u00e9 par le d\u00e9sir de ressembler de plus en plus \u00e0 J\u00e9sus-Christ dans son caract\u00e8re.\u202f\u00bb<\/p>\n<\/div>\n\n<div class=\"wp-block block-core-paragraph alignright\">\n<p class=\"has-text-align-right has-sm-font-size wp-block-paragraph\">DANIEL BOURDANN\u00c9, ASSEMBL\u00c9E MONDIALE DE L&rsquo;IFES 2019<\/p>\n<\/div><\/blockquote>\n<\/div><\/div>\n<\/div><\/div>","protected":false},"excerpt":{"rendered":"<p>C\u2019est avec une profonde tristesse que nous vous faisons part du d\u00e9c\u00e8s de Daniel Bourdann\u00e9 (ancien Secr\u00e9taire g\u00e9n\u00e9ral de l&rsquo;IFES), le 6 septembre 2024. Daniel (ci-contre avec son \u00e9pouse Halimatou lors de l\u2019Assembl\u00e9e mondiale de l&rsquo;IFES en Afrique du Sud en 2019), a occup\u00e9 la fonction de Secr\u00e9taire g\u00e9n\u00e9ral de l\u2019IFES de 2007 \u00e0 2019.\u00a0\u00a0&#8230;<\/p>\n","protected":false},"author":20,"featured_media":41987,"parent":0,"menu_order":0,"comment_status":"closed","ping_status":"closed","template":"","meta":{"_acf_changed":false,"_crdt_document":"","inline_featured_image":false,"footnotes":""},"area":[],"theme":[],"class_list":["post-42007","page","type-page","status-publish","has-post-thumbnail","hentry"],"acf":[],"yoast_head":"<!-- This site is optimized with the Yoast SEO plugin v27.2 - https:\/\/yoast.com\/product\/yoast-seo-wordpress\/ -->\n<title>Daniel Bourdann\u00e9 &#183; IFES<\/title>\n<meta name=\"description\" content=\"C\u2019est avec une profonde tristesse que nous vous faisons part du d\u00e9c\u00e8s de Daniel Bourdann\u00e9 (ancien Secr\u00e9taire g\u00e9n\u00e9ral de l&#039;IFES), le 6 septembre 2024.\" \/>\n<meta name=\"robots\" content=\"index, follow, max-snippet:-1, max-image-preview:large, max-video-preview:-1\" \/>\n<link rel=\"canonical\" href=\"https:\/\/ifesworld.org\/fr\/daniel-bourdanne\/\" \/>\n<meta property=\"og:locale\" content=\"fr_FR\" \/>\n<meta property=\"og:type\" content=\"article\" \/>\n<meta property=\"og:title\" content=\"Daniel Bourdann\u00e9 &#183; IFES\" \/>\n<meta property=\"og:description\" content=\"C\u2019est avec une profonde tristesse que nous vous faisons part du d\u00e9c\u00e8s de Daniel Bourdann\u00e9 (ancien Secr\u00e9taire g\u00e9n\u00e9ral de l&#039;IFES), le 6 septembre 2024.\" \/>\n<meta property=\"og:url\" content=\"https:\/\/ifesworld.org\/fr\/daniel-bourdanne\/\" \/>\n<meta property=\"og:site_name\" content=\"IFES\" \/>\n<meta property=\"article:modified_time\" content=\"2024-10-14T10:20:29+00:00\" \/>\n<meta property=\"og:image\" content=\"https:\/\/ifesworld.org\/wp-content\/uploads\/2024\/09\/Daniel-2-sm.jpg\" \/>\n\t<meta property=\"og:image:width\" content=\"1048\" \/>\n\t<meta property=\"og:image:height\" content=\"250\" \/>\n\t<meta property=\"og:image:type\" content=\"image\/jpeg\" \/>\n<meta name=\"twitter:card\" content=\"summary_large_image\" \/>\n<meta name=\"twitter:label1\" content=\"Dur\u00e9e de lecture estim\u00e9e\" \/>\n\t<meta name=\"twitter:data1\" content=\"2 minutes\" \/>\n<script type=\"application\/ld+json\" class=\"yoast-schema-graph\">{\"@context\":\"https:\/\/schema.org\",\"@graph\":[{\"@type\":\"WebPage\",\"@id\":\"https:\/\/ifesworld.org\/fr\/daniel-bourdanne\/\",\"url\":\"https:\/\/ifesworld.org\/fr\/daniel-bourdanne\/\",\"name\":\"Daniel Bourdann\u00e9 &#183; IFES\",\"isPartOf\":{\"@id\":\"https:\/\/ifesworld.org\/es\/#website\"},\"primaryImageOfPage\":{\"@id\":\"https:\/\/ifesworld.org\/fr\/daniel-bourdanne\/#primaryimage\"},\"image\":{\"@id\":\"https:\/\/ifesworld.org\/fr\/daniel-bourdanne\/#primaryimage\"},\"thumbnailUrl\":\"https:\/\/ifesworld.org\/wp-content\/uploads\/2024\/09\/Daniel-2-sm.jpg\",\"datePublished\":\"2024-09-06T14:23:29+00:00\",\"dateModified\":\"2024-10-14T10:20:29+00:00\",\"description\":\"C\u2019est avec une profonde tristesse que nous vous faisons part du d\u00e9c\u00e8s de Daniel Bourdann\u00e9 (ancien Secr\u00e9taire g\u00e9n\u00e9ral de l'IFES), le 6 septembre 2024.\",\"breadcrumb\":{\"@id\":\"https:\/\/ifesworld.org\/fr\/daniel-bourdanne\/#breadcrumb\"},\"inLanguage\":\"fr-FR\",\"potentialAction\":[{\"@type\":\"ReadAction\",\"target\":[\"https:\/\/ifesworld.org\/fr\/daniel-bourdanne\/\"]}]},{\"@type\":\"ImageObject\",\"inLanguage\":\"fr-FR\",\"@id\":\"https:\/\/ifesworld.org\/fr\/daniel-bourdanne\/#primaryimage\",\"url\":\"https:\/\/ifesworld.org\/wp-content\/uploads\/2024\/09\/Daniel-2-sm.jpg\",\"contentUrl\":\"https:\/\/ifesworld.org\/wp-content\/uploads\/2024\/09\/Daniel-2-sm.jpg\",\"width\":1048,\"height\":250},{\"@type\":\"BreadcrumbList\",\"@id\":\"https:\/\/ifesworld.org\/fr\/daniel-bourdanne\/#breadcrumb\",\"itemListElement\":[{\"@type\":\"ListItem\",\"position\":1,\"name\":\"Home\",\"item\":\"https:\/\/ifesworld.org\/fr\/\"},{\"@type\":\"ListItem\",\"position\":2,\"name\":\"Daniel Bourdann\u00e9\"}]},{\"@type\":\"WebSite\",\"@id\":\"https:\/\/ifesworld.org\/es\/#website\",\"url\":\"https:\/\/ifesworld.org\/es\/\",\"name\":\"IFES\",\"description\":\"A movement of students sharing and living out the good news of Jesus Christ. Locally. Nationally. Globally.\",\"publisher\":{\"@id\":\"https:\/\/ifesworld.org\/es\/#organization\"},\"potentialAction\":[{\"@type\":\"SearchAction\",\"target\":{\"@type\":\"EntryPoint\",\"urlTemplate\":\"https:\/\/ifesworld.org\/es\/?s={search_term_string}\"},\"query-input\":{\"@type\":\"PropertyValueSpecification\",\"valueRequired\":true,\"valueName\":\"search_term_string\"}}],\"inLanguage\":\"fr-FR\"},{\"@type\":\"Organization\",\"@id\":\"https:\/\/ifesworld.org\/es\/#organization\",\"name\":\"IFES \u00b7 International Fellowship of Evangelical Students\",\"url\":\"https:\/\/ifesworld.org\/es\/\",\"logo\":{\"@type\":\"ImageObject\",\"inLanguage\":\"fr-FR\",\"@id\":\"https:\/\/ifesworld.org\/es\/#\/schema\/logo\/image\/\",\"url\":\"https:\/\/ifesworld.org\/wp-content\/uploads\/2019\/06\/ifeslogo.png\",\"contentUrl\":\"https:\/\/ifesworld.org\/wp-content\/uploads\/2019\/06\/ifeslogo.png\",\"width\":262,\"height\":262,\"caption\":\"IFES \u00b7 International Fellowship of Evangelical Students\"},\"image\":{\"@id\":\"https:\/\/ifesworld.org\/es\/#\/schema\/logo\/image\/\"}}]}<\/script>\n<!-- \/ Yoast SEO plugin. -->","yoast_head_json":{"title":"Daniel Bourdann\u00e9 &#183; IFES","description":"C\u2019est avec une profonde tristesse que nous vous faisons part du d\u00e9c\u00e8s de Daniel Bourdann\u00e9 (ancien Secr\u00e9taire g\u00e9n\u00e9ral de l'IFES), le 6 septembre 2024.","robots":{"index":"index","follow":"follow","max-snippet":"max-snippet:-1","max-image-preview":"max-image-preview:large","max-video-preview":"max-video-preview:-1"},"canonical":"https:\/\/ifesworld.org\/fr\/daniel-bourdanne\/","og_locale":"fr_FR","og_type":"article","og_title":"Daniel Bourdann\u00e9 &#183; IFES","og_description":"C\u2019est avec une profonde tristesse que nous vous faisons part du d\u00e9c\u00e8s de Daniel Bourdann\u00e9 (ancien Secr\u00e9taire g\u00e9n\u00e9ral de l'IFES), le 6 septembre 2024.","og_url":"https:\/\/ifesworld.org\/fr\/daniel-bourdanne\/","og_site_name":"IFES","article_modified_time":"2024-10-14T10:20:29+00:00","og_image":[{"width":1048,"height":250,"url":"https:\/\/ifesworld.org\/wp-content\/uploads\/2024\/09\/Daniel-2-sm.jpg","type":"image\/jpeg"}],"twitter_card":"summary_large_image","twitter_misc":{"Dur\u00e9e de lecture estim\u00e9e":"2 minutes"},"schema":{"@context":"https:\/\/schema.org","@graph":[{"@type":"WebPage","@id":"https:\/\/ifesworld.org\/fr\/daniel-bourdanne\/","url":"https:\/\/ifesworld.org\/fr\/daniel-bourdanne\/","name":"Daniel Bourdann\u00e9 &#183; IFES","isPartOf":{"@id":"https:\/\/ifesworld.org\/es\/#website"},"primaryImageOfPage":{"@id":"https:\/\/ifesworld.org\/fr\/daniel-bourdanne\/#primaryimage"},"image":{"@id":"https:\/\/ifesworld.org\/fr\/daniel-bourdanne\/#primaryimage"},"thumbnailUrl":"https:\/\/ifesworld.org\/wp-content\/uploads\/2024\/09\/Daniel-2-sm.jpg","datePublished":"2024-09-06T14:23:29+00:00","dateModified":"2024-10-14T10:20:29+00:00","description":"C\u2019est avec une profonde tristesse que nous vous faisons part du d\u00e9c\u00e8s de Daniel Bourdann\u00e9 (ancien Secr\u00e9taire g\u00e9n\u00e9ral de l'IFES), le 6 septembre 2024.","breadcrumb":{"@id":"https:\/\/ifesworld.org\/fr\/daniel-bourdanne\/#breadcrumb"},"inLanguage":"fr-FR","potentialAction":[{"@type":"ReadAction","target":["https:\/\/ifesworld.org\/fr\/daniel-bourdanne\/"]}]},{"@type":"ImageObject","inLanguage":"fr-FR","@id":"https:\/\/ifesworld.org\/fr\/daniel-bourdanne\/#primaryimage","url":"https:\/\/ifesworld.org\/wp-content\/uploads\/2024\/09\/Daniel-2-sm.jpg","contentUrl":"https:\/\/ifesworld.org\/wp-content\/uploads\/2024\/09\/Daniel-2-sm.jpg","width":1048,"height":250},{"@type":"BreadcrumbList","@id":"https:\/\/ifesworld.org\/fr\/daniel-bourdanne\/#breadcrumb","itemListElement":[{"@type":"ListItem","position":1,"name":"Home","item":"https:\/\/ifesworld.org\/fr\/"},{"@type":"ListItem","position":2,"name":"Daniel Bourdann\u00e9"}]},{"@type":"WebSite","@id":"https:\/\/ifesworld.org\/es\/#website","url":"https:\/\/ifesworld.org\/es\/","name":"IFES","description":"A movement of students sharing and living out the good news of Jesus Christ. Locally. Nationally. Globally.","publisher":{"@id":"https:\/\/ifesworld.org\/es\/#organization"},"potentialAction":[{"@type":"SearchAction","target":{"@type":"EntryPoint","urlTemplate":"https:\/\/ifesworld.org\/es\/?s={search_term_string}"},"query-input":{"@type":"PropertyValueSpecification","valueRequired":true,"valueName":"search_term_string"}}],"inLanguage":"fr-FR"},{"@type":"Organization","@id":"https:\/\/ifesworld.org\/es\/#organization","name":"IFES \u00b7 International Fellowship of Evangelical Students","url":"https:\/\/ifesworld.org\/es\/","logo":{"@type":"ImageObject","inLanguage":"fr-FR","@id":"https:\/\/ifesworld.org\/es\/#\/schema\/logo\/image\/","url":"https:\/\/ifesworld.org\/wp-content\/uploads\/2019\/06\/ifeslogo.png","contentUrl":"https:\/\/ifesworld.org\/wp-content\/uploads\/2019\/06\/ifeslogo.png","width":262,"height":262,"caption":"IFES \u00b7 International Fellowship of Evangelical Students"},"image":{"@id":"https:\/\/ifesworld.org\/es\/#\/schema\/logo\/image\/"}}]}},"_links":{"self":[{"href":"https:\/\/ifesworld.org\/fr\/wp-json\/wp\/v2\/pages\/42007","targetHints":{"allow":["GET"]}}],"collection":[{"href":"https:\/\/ifesworld.org\/fr\/wp-json\/wp\/v2\/pages"}],"about":[{"href":"https:\/\/ifesworld.org\/fr\/wp-json\/wp\/v2\/types\/page"}],"author":[{"embeddable":true,"href":"https:\/\/ifesworld.org\/fr\/wp-json\/wp\/v2\/users\/20"}],"replies":[{"embeddable":true,"href":"https:\/\/ifesworld.org\/fr\/wp-json\/wp\/v2\/comments?post=42007"}],"version-history":[{"count":0,"href":"https:\/\/ifesworld.org\/fr\/wp-json\/wp\/v2\/pages\/42007\/revisions"}],"wp:featuredmedia":[{"embeddable":true,"href":"https:\/\/ifesworld.org\/fr\/wp-json\/wp\/v2\/media\/41987"}],"wp:attachment":[{"href":"https:\/\/ifesworld.org\/fr\/wp-json\/wp\/v2\/media?parent=42007"}],"wp:term":[{"taxonomy":"area","embeddable":true,"href":"https:\/\/ifesworld.org\/fr\/wp-json\/wp\/v2\/area?post=42007"},{"taxonomy":"theme","embeddable":true,"href":"https:\/\/ifesworld.org\/fr\/wp-json\/wp\/v2\/theme?post=42007"}],"curies":[{"name":"wp","href":"https:\/\/api.w.org\/{rel}","templated":true}]}}