{"id":289,"date":"2019-04-17T08:12:36","date_gmt":"2019-04-17T08:12:36","guid":{"rendered":"https:\/\/ifesworld.org\/landing\/developper-de-nouveaux-leaders\/"},"modified":"2024-01-24T14:44:54","modified_gmt":"2024-01-24T14:44:54","slug":"developper-de-nouveaux-leaders","status":"publish","type":"page","link":"https:\/\/ifesworld.org\/fr\/developper-de-nouveaux-leaders\/","title":{"rendered":"Former les leaders de demain"},"content":{"rendered":"<div class=\"wp-block block-core-group alignfull\">\n<div class=\"wp-block-group alignfull has-white-background-color has-background\"><div class=\"wp-block-group__inner-container is-layout-flow wp-block-group-is-layout-flow\"><div class=\"wp-block block-core-paragraph\">\n<p class=\"has-md-font-size wp-block-paragraph\">Le\nbesoin se fait cruellement sentir aujourd\u2019hui pour de meilleurs leaders et de\nmeilleurs mod\u00e8les de leadership, \u00e0 l\u2019universit\u00e9, au sein de l\u2019\u00c9glise locale et\ndans la soci\u00e9t\u00e9. Nous souhaitons tous voir se lever des leaders faisant preuve\nd\u2019int\u00e9grit\u00e9, de sagesse et de vision.<\/p>\n<\/div>\n\n<div class=\"wp-block block-core-paragraph\">\n<p class=\"wp-block-paragraph\">Par\nle moyen de ses groupes \u00e9tudiants, de ses mouvements nationaux et des\n\u00e9v\u00e9nements r\u00e9gionaux, l\u2019IFES investit dans des leaders \u00e9tudiants \u00e0 travers le\nmonde : offrir aux \u00e9tudiants du N\u00e9pal des outils pour mieux animer une \u00e9tude\nbiblique, apprendre \u00e0 des \u00e9tudiants en Australie comment livrer un message\n\u00e9vang\u00e9lique, \u00e9quiper des \u00e9tudiants du Moyen-Orient pour qu\u2019ils atteignent leurs\namis musulmans.<\/p>\n<\/div>\n\n<div class=\"wp-block block-core-paragraph\">\n<p class=\"wp-block-paragraph\">Et\ncela ne s\u2019arr\u00eate pas l\u00e0. Nous voulons voir ces \u00e9tudiants devenir des disciples\ndu Christ leur vie durant, et devenir des leaders faisant preuve d\u2019int\u00e9grit\u00e9 et\nde vision dans leur vie au-del\u00e0 de l\u2019universit\u00e9. C&rsquo;est la raison pour laquelle\nl\u2019IFES s&rsquo;est donn\u00e9 pour mission de soutenir ses dipl\u00f4m\u00e9s alors qu\u2019ils font la\ntransition vers la vie professionnelle et qu\u2019ils occupent des postes de\nleadership au sein de l\u2019\u00c9glise locale et dans la soci\u00e9t\u00e9.<\/p>\n<\/div>\n\n<div class=\"wp-block block-core-paragraph\">\n<p class=\"wp-block-paragraph\">Poursuivez\nvotre lecture pour en savoir plus sur la mani\u00e8re dont l\u2019IFES \u00e9quipe les leaders\nde demain.<\/p>\n<\/div><\/div>\n<\/div><\/div>\n\n<div class=\"wp-block block-core-group alignfull\">\n<div class=\"wp-block-group alignfull has-white-dark-background-color has-background\" id=\"GlobalLeadershipInitiative\"><div class=\"wp-block-group__inner-container is-layout-flow wp-block-group-is-layout-flow\"><div class=\"wp-block block-core-heading\">\n<h1 class=\"wp-block-heading\"><strong>Initiative mondiale pour le leadership<\/strong><\/h1>\n<\/div>\n\n<div class=\"wp-block block-core-paragraph\">\n<p class=\"wp-block-paragraph\">Nous voulons que les leaders de l\u2019IFES soient \u00e9quip\u00e9s pour diriger avec cr\u00e9ativit\u00e9, discernement et attachement \u00e0 Dieu. Dans ce monde en continuelle mutation, savoir g\u00e9rer les complexit\u00e9s d\u2019un minist\u00e8re transculturel sur un campus est un d\u00e9fi de taille. L\u2019initiative mondiale pour le leadership est un programme de formation de jeunes \u00e9quipiers impliqu\u00e9s dans la direction des mouvements nationaux de l\u2019IFES. Il a pour objectif de rep\u00e9rer et de d\u00e9velopper les qualit\u00e9s potentielles de leadership au sein du r\u00e9seau mondial de l&rsquo;IFES.<\/p>\n<\/div>\n\n<div class=\"wp-block block-acf-ifesbutton\">\n<div class=\"\">\n    <a id=\"btn-block_951a23bfd473f3d4fc32b37d5669e96c\" target=\"\" href=\"http:\/\/ifesworld.org\/en\/blog\/learning-to-lead-in-a-global-world\/\" class=\"btn btn--cta-link\">\n        <span>\n                    <span class=\"icon\"><svg class=\"icon\"><use xlink:href=\"#chevron-circle-right-solid\"\/><\/svg><\/span>\n        En savoir plus sur l\u2019impact de l&rsquo;initiative mondiale pour le leadership         <\/span>\n    <\/a>\n<\/div>\n\n<\/div><\/div>\n<\/div><\/div>\n\n<div class=\"wp-block block-core-group alignfull\">\n<div class=\"wp-block-group alignfull\"><div class=\"wp-block-group__inner-container is-layout-flow wp-block-group-is-layout-flow\"><div class=\"wp-block block-core-heading\">\n<h1 class=\"wp-block-heading\">L&rsquo;Impact des dipl\u00f4m\u00e9s&nbsp;<\/h1>\n<\/div>\n\n<div class=\"wp-block block-core-paragraph\">\n<p class=\"wp-block-paragraph\">Pour les jeunes chr\u00e9tiens ayant termin\u00e9 leurs \u00e9tudes universitaires, le milieu du travail peut \u00eatre un environnement mena\u00e7ant. Beaucoup sont confront\u00e9s \u00e0 des situations qu\u2019ils n\u2019ont jamais rencontr\u00e9es auparavant : dilemmes \u00e9thiques, comm\u00e9rages de bureau, d\u00e9cisions financi\u00e8res et peu ou pas de communion fraternelle.<\/p>\n<\/div>\n\n<div class=\"wp-block block-core-paragraph\">\n<p class=\"wp-block-paragraph\">L\u2019impact des dipl\u00f4m\u00e9s offre un soutien aux jeunes adultes chr\u00e9tiens d\u2019Europe et d\u2019Eurasie dans leur transition entre l\u2019universit\u00e9 et le monde du travail. Il propose des conf\u00e9rences de formation et des r\u00e9seaux de mentorat en suivi, en vue d\u2019aider ces jeunes professionnels \u00e0 grandir en maturit\u00e9 en tant que disciples de J\u00e9sus dans leur milieu de travail, au sein de leur profession et de la soci\u00e9t\u00e9.<\/p>\n<\/div>\n\n<div class=\"wp-block block-acf-ifesbutton\">\n<div class=\"\">\n    <a id=\"btn-block_45ec81cef31b036bec6474e3cbb172f3\" target=\"\" href=\"http:\/\/ifesworld.org\/fr\/blog\/prendre-position-pour-jesus-au-travail\/\" class=\"btn btn--cta-link\">\n        <span>\n                    <span class=\"icon\"><svg class=\"icon\"><use xlink:href=\"#chevron-circle-right-solid\"\/><\/svg><\/span>\n        Lisez l\u2019histoire de Dima        <\/span>\n    <\/a>\n<\/div>\n\n<\/div>\n\n<div class=\"wp-block block-acf-ifesbutton\">\n<div class=\"\">\n    <a id=\"btn-block_f4b9be0e4aa761bcde3c340ce8d957fa\" target=\"_blank\" href=\"https:\/\/www.graduateimpact.org\/\" class=\"btn btn--primary\">\n        <span>\n        Pour en savoir plus, allez sur le site web d\u2019impact des dipl\u00f4m\u00e9s        <\/span>\n    <\/a>\n<\/div>\n\n<\/div><\/div>\n<\/div><\/div>\n\n<div class=\"wp-block block-core-group alignfull\">\n<div class=\"wp-block-group alignfull has-white-dark-background-color has-background\"><div class=\"wp-block-group__inner-container is-layout-flow wp-block-group-is-layout-flow\"><div class=\"wp-block block-core-heading\">\n<h1 class=\"wp-block-heading\"><strong>Bourses de l\u2019IFES<\/strong><\/h1>\n<\/div>\n\n<div class=\"wp-block block-core-paragraph\">\n<p class=\"wp-block-paragraph\">Chaque ann\u00e9e, l\u2019IFES offre un nombre de bourses\npartielles \u00e0 ceux qui se forment pour le minist\u00e8re chr\u00e9tien, de m\u00eame que ceux\nqui sont form\u00e9s dans diff\u00e9rents domaines d\u2019expertise, tels que les comp\u00e9tences\nen leadership, l\u2019\u00e9vang\u00e9lisation et l\u2019apprentissage d\u2019une nouvelle langue.<\/p>\n<\/div>\n\n<div class=\"wp-block block-core-paragraph\">\n<p class=\"wp-block-paragraph\">Une bourse de l&rsquo;IFES a aid\u00e9 un \u00e9quipier de Russie \u00e0 avoir une compr\u00e9hension plus profonde de la Bible et \u00e0 d\u00e9velopper des comp\u00e9tences en pr\u00e9dication. Un \u00e9quipier du Ghana a appris comment entrer en contact avec des \u00e9tudiants d\u2019autres arri\u00e8re-plans religieux, plus particuli\u00e8rement celui des religions africaines traditionnelles. Un autre \u00e9quipier du Soudan du Sud a suivi une formation en relation d\u2019aide biblique et il a pu utiliser ses nouvelles comp\u00e9tences pour aider ceux qui \u00e9taient affect\u00e9s par la guerre civile dans son pays.<\/p>\n<\/div><\/div>\n<\/div><\/div>","protected":false},"excerpt":{"rendered":"<p>Le besoin se fait cruellement sentir aujourd\u2019hui pour de meilleurs leaders et de meilleurs mod\u00e8les de leadership, \u00e0 l\u2019universit\u00e9, au sein de l\u2019\u00c9glise locale et dans la soci\u00e9t\u00e9. Nous souhaitons tous voir se lever des leaders faisant preuve d\u2019int\u00e9grit\u00e9, de sagesse et de vision. Par le moyen de ses groupes \u00e9tudiants, de ses mouvements nationaux&#8230;<\/p>\n","protected":false},"author":2,"featured_media":33351,"parent":0,"menu_order":0,"comment_status":"closed","ping_status":"closed","template":"","meta":{"_acf_changed":false,"_crdt_document":"","inline_featured_image":false,"footnotes":""},"area":[],"theme":[],"class_list":["post-289","page","type-page","status-publish","has-post-thumbnail","hentry"],"acf":[],"yoast_head":"<!-- This site is optimized with the Yoast SEO plugin v27.2 - https:\/\/yoast.com\/product\/yoast-seo-wordpress\/ -->\n<title>Former les leaders de demain &#183; IFES<\/title>\n<meta name=\"description\" content=\"Le besoin se fait cruellement sentir aujourd\u2019hui pour de meilleurs leaders et de meilleurs mod\u00e8les de leadership, \u00e0 l\u2019universit\u00e9, au sein de l\u2019\u00c9glise\" \/>\n<meta name=\"robots\" content=\"index, follow, max-snippet:-1, max-image-preview:large, max-video-preview:-1\" \/>\n<link rel=\"canonical\" href=\"https:\/\/ifesworld.org\/fr\/developper-de-nouveaux-leaders\/\" \/>\n<meta property=\"og:locale\" content=\"fr_FR\" \/>\n<meta property=\"og:type\" content=\"article\" \/>\n<meta property=\"og:title\" content=\"Former les leaders de demain &#183; IFES\" \/>\n<meta property=\"og:description\" content=\"Le besoin se fait cruellement sentir aujourd\u2019hui pour de meilleurs leaders et de meilleurs mod\u00e8les de leadership, \u00e0 l\u2019universit\u00e9, au sein de l\u2019\u00c9glise\" \/>\n<meta property=\"og:url\" content=\"https:\/\/ifesworld.org\/fr\/developper-de-nouveaux-leaders\/\" \/>\n<meta property=\"og:site_name\" content=\"IFES\" \/>\n<meta property=\"article:modified_time\" content=\"2024-01-24T14:44:54+00:00\" \/>\n<meta property=\"og:image\" content=\"https:\/\/ifesworld.org\/wp-content\/uploads\/2024\/01\/GLI-cohort-3-print-3957-2-e1706107392953.jpg\" \/>\n\t<meta property=\"og:image:width\" content=\"2048\" \/>\n\t<meta property=\"og:image:height\" content=\"870\" \/>\n\t<meta property=\"og:image:type\" content=\"image\/jpeg\" \/>\n<meta name=\"twitter:card\" content=\"summary_large_image\" \/>\n<meta name=\"twitter:label1\" content=\"Dur\u00e9e de lecture estim\u00e9e\" \/>\n\t<meta name=\"twitter:data1\" content=\"3 minutes\" \/>\n<script type=\"application\/ld+json\" class=\"yoast-schema-graph\">{\"@context\":\"https:\/\/schema.org\",\"@graph\":[{\"@type\":\"WebPage\",\"@id\":\"https:\/\/ifesworld.org\/fr\/developper-de-nouveaux-leaders\/\",\"url\":\"https:\/\/ifesworld.org\/fr\/developper-de-nouveaux-leaders\/\",\"name\":\"Former les leaders de demain &#183; IFES\",\"isPartOf\":{\"@id\":\"https:\/\/ifesworld.org\/es\/#website\"},\"primaryImageOfPage\":{\"@id\":\"https:\/\/ifesworld.org\/fr\/developper-de-nouveaux-leaders\/#primaryimage\"},\"image\":{\"@id\":\"https:\/\/ifesworld.org\/fr\/developper-de-nouveaux-leaders\/#primaryimage\"},\"thumbnailUrl\":\"https:\/\/ifesworld.org\/wp-content\/uploads\/2024\/01\/GLI-cohort-3-print-3957-2-e1706107392953.jpg\",\"datePublished\":\"2019-04-17T08:12:36+00:00\",\"dateModified\":\"2024-01-24T14:44:54+00:00\",\"description\":\"Le besoin se fait cruellement sentir aujourd\u2019hui pour de meilleurs leaders et de meilleurs mod\u00e8les de leadership, \u00e0 l\u2019universit\u00e9, au sein de l\u2019\u00c9glise\",\"breadcrumb\":{\"@id\":\"https:\/\/ifesworld.org\/fr\/developper-de-nouveaux-leaders\/#breadcrumb\"},\"inLanguage\":\"fr-FR\",\"potentialAction\":[{\"@type\":\"ReadAction\",\"target\":[\"https:\/\/ifesworld.org\/fr\/developper-de-nouveaux-leaders\/\"]}]},{\"@type\":\"ImageObject\",\"inLanguage\":\"fr-FR\",\"@id\":\"https:\/\/ifesworld.org\/fr\/developper-de-nouveaux-leaders\/#primaryimage\",\"url\":\"https:\/\/ifesworld.org\/wp-content\/uploads\/2024\/01\/GLI-cohort-3-print-3957-2-e1706107392953.jpg\",\"contentUrl\":\"https:\/\/ifesworld.org\/wp-content\/uploads\/2024\/01\/GLI-cohort-3-print-3957-2-e1706107392953.jpg\",\"width\":2048,\"height\":870},{\"@type\":\"BreadcrumbList\",\"@id\":\"https:\/\/ifesworld.org\/fr\/developper-de-nouveaux-leaders\/#breadcrumb\",\"itemListElement\":[{\"@type\":\"ListItem\",\"position\":1,\"name\":\"Home\",\"item\":\"https:\/\/ifesworld.org\/fr\/\"},{\"@type\":\"ListItem\",\"position\":2,\"name\":\"Former les leaders de demain\"}]},{\"@type\":\"WebSite\",\"@id\":\"https:\/\/ifesworld.org\/es\/#website\",\"url\":\"https:\/\/ifesworld.org\/es\/\",\"name\":\"IFES\",\"description\":\"A movement of students sharing and living out the good news of Jesus Christ. Locally. Nationally. Globally.\",\"publisher\":{\"@id\":\"https:\/\/ifesworld.org\/es\/#organization\"},\"potentialAction\":[{\"@type\":\"SearchAction\",\"target\":{\"@type\":\"EntryPoint\",\"urlTemplate\":\"https:\/\/ifesworld.org\/es\/?s={search_term_string}\"},\"query-input\":{\"@type\":\"PropertyValueSpecification\",\"valueRequired\":true,\"valueName\":\"search_term_string\"}}],\"inLanguage\":\"fr-FR\"},{\"@type\":\"Organization\",\"@id\":\"https:\/\/ifesworld.org\/es\/#organization\",\"name\":\"IFES \u00b7 International Fellowship of Evangelical Students\",\"url\":\"https:\/\/ifesworld.org\/es\/\",\"logo\":{\"@type\":\"ImageObject\",\"inLanguage\":\"fr-FR\",\"@id\":\"https:\/\/ifesworld.org\/es\/#\/schema\/logo\/image\/\",\"url\":\"https:\/\/ifesworld.org\/wp-content\/uploads\/2019\/06\/ifeslogo.png\",\"contentUrl\":\"https:\/\/ifesworld.org\/wp-content\/uploads\/2019\/06\/ifeslogo.png\",\"width\":262,\"height\":262,\"caption\":\"IFES \u00b7 International Fellowship of Evangelical Students\"},\"image\":{\"@id\":\"https:\/\/ifesworld.org\/es\/#\/schema\/logo\/image\/\"}}]}<\/script>\n<!-- \/ Yoast SEO plugin. -->","yoast_head_json":{"title":"Former les leaders de demain &#183; IFES","description":"Le besoin se fait cruellement sentir aujourd\u2019hui pour de meilleurs leaders et de meilleurs mod\u00e8les de leadership, \u00e0 l\u2019universit\u00e9, au sein de l\u2019\u00c9glise","robots":{"index":"index","follow":"follow","max-snippet":"max-snippet:-1","max-image-preview":"max-image-preview:large","max-video-preview":"max-video-preview:-1"},"canonical":"https:\/\/ifesworld.org\/fr\/developper-de-nouveaux-leaders\/","og_locale":"fr_FR","og_type":"article","og_title":"Former les leaders de demain &#183; IFES","og_description":"Le besoin se fait cruellement sentir aujourd\u2019hui pour de meilleurs leaders et de meilleurs mod\u00e8les de leadership, \u00e0 l\u2019universit\u00e9, au sein de l\u2019\u00c9glise","og_url":"https:\/\/ifesworld.org\/fr\/developper-de-nouveaux-leaders\/","og_site_name":"IFES","article_modified_time":"2024-01-24T14:44:54+00:00","og_image":[{"width":2048,"height":870,"url":"https:\/\/ifesworld.org\/wp-content\/uploads\/2024\/01\/GLI-cohort-3-print-3957-2-e1706107392953.jpg","type":"image\/jpeg"}],"twitter_card":"summary_large_image","twitter_misc":{"Dur\u00e9e de lecture estim\u00e9e":"3 minutes"},"schema":{"@context":"https:\/\/schema.org","@graph":[{"@type":"WebPage","@id":"https:\/\/ifesworld.org\/fr\/developper-de-nouveaux-leaders\/","url":"https:\/\/ifesworld.org\/fr\/developper-de-nouveaux-leaders\/","name":"Former les leaders de demain &#183; IFES","isPartOf":{"@id":"https:\/\/ifesworld.org\/es\/#website"},"primaryImageOfPage":{"@id":"https:\/\/ifesworld.org\/fr\/developper-de-nouveaux-leaders\/#primaryimage"},"image":{"@id":"https:\/\/ifesworld.org\/fr\/developper-de-nouveaux-leaders\/#primaryimage"},"thumbnailUrl":"https:\/\/ifesworld.org\/wp-content\/uploads\/2024\/01\/GLI-cohort-3-print-3957-2-e1706107392953.jpg","datePublished":"2019-04-17T08:12:36+00:00","dateModified":"2024-01-24T14:44:54+00:00","description":"Le besoin se fait cruellement sentir aujourd\u2019hui pour de meilleurs leaders et de meilleurs mod\u00e8les de leadership, \u00e0 l\u2019universit\u00e9, au sein de l\u2019\u00c9glise","breadcrumb":{"@id":"https:\/\/ifesworld.org\/fr\/developper-de-nouveaux-leaders\/#breadcrumb"},"inLanguage":"fr-FR","potentialAction":[{"@type":"ReadAction","target":["https:\/\/ifesworld.org\/fr\/developper-de-nouveaux-leaders\/"]}]},{"@type":"ImageObject","inLanguage":"fr-FR","@id":"https:\/\/ifesworld.org\/fr\/developper-de-nouveaux-leaders\/#primaryimage","url":"https:\/\/ifesworld.org\/wp-content\/uploads\/2024\/01\/GLI-cohort-3-print-3957-2-e1706107392953.jpg","contentUrl":"https:\/\/ifesworld.org\/wp-content\/uploads\/2024\/01\/GLI-cohort-3-print-3957-2-e1706107392953.jpg","width":2048,"height":870},{"@type":"BreadcrumbList","@id":"https:\/\/ifesworld.org\/fr\/developper-de-nouveaux-leaders\/#breadcrumb","itemListElement":[{"@type":"ListItem","position":1,"name":"Home","item":"https:\/\/ifesworld.org\/fr\/"},{"@type":"ListItem","position":2,"name":"Former les leaders de demain"}]},{"@type":"WebSite","@id":"https:\/\/ifesworld.org\/es\/#website","url":"https:\/\/ifesworld.org\/es\/","name":"IFES","description":"A movement of students sharing and living out the good news of Jesus Christ. Locally. Nationally. Globally.","publisher":{"@id":"https:\/\/ifesworld.org\/es\/#organization"},"potentialAction":[{"@type":"SearchAction","target":{"@type":"EntryPoint","urlTemplate":"https:\/\/ifesworld.org\/es\/?s={search_term_string}"},"query-input":{"@type":"PropertyValueSpecification","valueRequired":true,"valueName":"search_term_string"}}],"inLanguage":"fr-FR"},{"@type":"Organization","@id":"https:\/\/ifesworld.org\/es\/#organization","name":"IFES \u00b7 International Fellowship of Evangelical Students","url":"https:\/\/ifesworld.org\/es\/","logo":{"@type":"ImageObject","inLanguage":"fr-FR","@id":"https:\/\/ifesworld.org\/es\/#\/schema\/logo\/image\/","url":"https:\/\/ifesworld.org\/wp-content\/uploads\/2019\/06\/ifeslogo.png","contentUrl":"https:\/\/ifesworld.org\/wp-content\/uploads\/2019\/06\/ifeslogo.png","width":262,"height":262,"caption":"IFES \u00b7 International Fellowship of Evangelical Students"},"image":{"@id":"https:\/\/ifesworld.org\/es\/#\/schema\/logo\/image\/"}}]}},"_links":{"self":[{"href":"https:\/\/ifesworld.org\/fr\/wp-json\/wp\/v2\/pages\/289","targetHints":{"allow":["GET"]}}],"collection":[{"href":"https:\/\/ifesworld.org\/fr\/wp-json\/wp\/v2\/pages"}],"about":[{"href":"https:\/\/ifesworld.org\/fr\/wp-json\/wp\/v2\/types\/page"}],"author":[{"embeddable":true,"href":"https:\/\/ifesworld.org\/fr\/wp-json\/wp\/v2\/users\/2"}],"replies":[{"embeddable":true,"href":"https:\/\/ifesworld.org\/fr\/wp-json\/wp\/v2\/comments?post=289"}],"version-history":[{"count":0,"href":"https:\/\/ifesworld.org\/fr\/wp-json\/wp\/v2\/pages\/289\/revisions"}],"wp:featuredmedia":[{"embeddable":true,"href":"https:\/\/ifesworld.org\/fr\/wp-json\/wp\/v2\/media\/33351"}],"wp:attachment":[{"href":"https:\/\/ifesworld.org\/fr\/wp-json\/wp\/v2\/media?parent=289"}],"wp:term":[{"taxonomy":"area","embeddable":true,"href":"https:\/\/ifesworld.org\/fr\/wp-json\/wp\/v2\/area?post=289"},{"taxonomy":"theme","embeddable":true,"href":"https:\/\/ifesworld.org\/fr\/wp-json\/wp\/v2\/theme?post=289"}],"curies":[{"name":"wp","href":"https:\/\/api.w.org\/{rel}","templated":true}]}}