{"id":287,"date":"2019-04-17T08:12:32","date_gmt":"2019-04-17T08:12:32","guid":{"rendered":"https:\/\/ifesworld.org\/landing\/travailler-avec-ifes\/"},"modified":"2025-09-05T12:17:39","modified_gmt":"2025-09-05T11:17:39","slug":"travailler-avec-ifes","status":"publish","type":"page","link":"https:\/\/ifesworld.org\/fr\/travailler-avec-ifes\/","title":{"rendered":"Emplois"},"content":{"rendered":"<div class=\"wp-block block-core-paragraph\">\n<p class=\"has-md-font-size wp-block-paragraph\">L\u2019union internationale de l\u2019IFES offre l\u2019un des champs de mission les plus enthousiasmants qui soit. Vous pouvez investir votre temps et vos comp\u00e9tences dans un minist\u00e8re dont l\u2019influence est tr\u00e8s \u00e9largie. <\/p>\n<\/div>\n\n<div class=\"wp-block block-core-paragraph\">\n<p class=\"wp-block-paragraph\">Au fur et \u00e0 mesure que des postes sont disponibles \u00e0 l\u2019IFES, nous publierons les informations sur cette page. Si vous \u00eates int\u00e9ress\u00e9-e de travailler avec un mouvement national de l\u2019IFES, merci de visiter leur site web propre ou de les contacter directement.<\/p>\n<\/div>\n\n<div class=\"wp-block block-core-separator alignfull is-style-dots\">\n<hr class=\"wp-block-separator alignfull has-alpha-channel-opacity is-style-dots\"\/>\n<\/div>\n\n<div class=\"wp-block block-core-group alignfull\">\n<div class=\"wp-block-group alignfull has-white-background-color has-background\" id=\"autres\"><div class=\"wp-block-group__inner-container is-layout-flow wp-block-group-is-layout-flow\"><div class=\"wp-block block-core-heading\">\n<h1 class=\"wp-block-heading has-text-align-left\">Autres opportunit\u00e9s<\/h1>\n<\/div>\n\n<div class=\"wp-block block-core-paragraph\">\n<p class=\"wp-block-paragraph\">De nombreux mouvements nationaux de l\u2019IFES organisent des programmes \u00e0 l\u2019intention des \u00e9tudiants et des jeunes dipl\u00f4m\u00e9s pour faire l\u2019exp\u00e9rience du minist\u00e8re sur les campus dans un contexte diff\u00e9rent. Voici quelques-uns d\u2019entre eux \u00e0 titre d\u2019exemple : <\/p>\n<\/div>\n\n<div class=\"wp-block block-core-list\">\n<ul class=\"wp-block-list\"><div class=\"wp-block block-core-list-item\">\n<li>L\u2019InterVarsity\/Etats-Unis et l\u2019Inter-Varsity Canada organisent environ 25 projets internationaux chaque \u00e9t\u00e9 et envoient des \u00e9tudiants pour des voyages missionnaires d\u2019un mois, essentiellement en dehors de l\u2019Am\u00e9rique du Nord.<\/li>\n<\/div>\n\n<div class=\"wp-block block-core-list-item\">\n<li>En Afrique francophone, les mouvements \u00e9tudiants \u0153uvrent ensemble pour organiser plusieurs \u00e9quipes d\u2019\u00e9vang\u00e9lisation interculturelles lors des cong\u00e9s de milieu d\u2019ann\u00e9e.<\/li>\n<\/div>\n\n<div class=\"wp-block block-core-list-item\">\n<li>A travers l\u2019Europe et l\u2019Eurasie, environ 100 jeunes dipl\u00f4m\u00e9s servent chaque ann\u00e9e avec <a href=\"http:\/\/www.ifesinteraction.org\/\" target=\"_blank\" rel=\"noreferrer noopener\">l\u2019IFES InterAction<\/a>, en soutenant des mouvements nationaux dans leur minist\u00e8re parmi les \u00e9tudiants locaux et internationaux.<\/li>\n<\/div><\/ul>\n<\/div>\n\n<div class=\"wp-block block-core-paragraph\">\n<p class=\"wp-block-paragraph\">Si vous \u00eates <strong>\u00e9tudiant-e<\/strong>, nous vous sugg\u00e9rons de prendre contact avec votre mouvement national de l\u2019IFES pour voir o\u00f9 vous pouvez vous impliquer. <\/p>\n<\/div>\n\n<div class=\"wp-block block-core-paragraph\">\n<p class=\"wp-block-paragraph\">Si vous n\u00eates pas \u00e9tudiant-e mais que vous souhaiteriez en savoir plus sur les possibilit\u00e9s de service dans un minist\u00e8re \u00e9tudiant \u00e0 l\u2019\u00e9tranger, merci de prendre <a href=\"https:\/\/ifesworld.org\/fr\/monde\/\">contact avec l\u2019\u00e9quipe r\u00e9gionale de l\u2019IFES appropri\u00e9e<\/a> pour obtenir plus d\u2019informations sur les besoins et les opportunit\u00e9s ou mettez-vous en lien avec l\u2019un des programmes ci-dessous. <\/p>\n<\/div>\n\n<div class=\"wp-block block-core-list\">\n<ul class=\"wp-block-list\"><div class=\"wp-block block-core-list-item\">\n<li>Si vous \u00eates int\u00e9ress\u00e9-e pour int\u00e9grer une \u00e9quipe en Europe, merci de prendre contact avec <a rel=\"noreferrer noopener\" href=\"http:\/\/www.ifesinteraction.org\/\" target=\"_blank\">l\u2019IFES InterAction<\/a>, qui envoie des personnes pour servir, \u00e9quiper et renforcer des mouvements \u00e9tudiants en Europe.<\/li>\n<\/div>\n\n<div class=\"wp-block block-core-list-item\">\n<li>Plusieurs mouvements nationaux et d\u2019autres agences missionnaires disposent d\u2019un programme pour l\u2019envoi d\u2019\u00e9quipiers \u0153uvrant dans le minist\u00e8re \u00e9tudiant dans d\u2019autres pays.<\/li>\n<\/div>\n\n<div class=\"wp-block block-core-list-item\">\n<li>Pour envoyer votre candidature depuis les Etats-Unis, contactez <a rel=\"noreferrer noopener\" href=\"http:\/\/www.intervarsity.org\/link\/\" target=\"_blank\">l\u2019InterVarsity Link.<\/a><\/li>\n<\/div>\n\n<div class=\"wp-block block-core-list-item\">\n<li>Pour envoyer votre candidature depuis le Canada, contactez <a rel=\"noreferrer noopener\" href=\"https:\/\/www.ivcf.ca\/\" target=\"_blank\">l\u2019InterVarsity World Services.<\/a><\/li>\n<\/div>\n\n<div class=\"wp-block block-core-list-item\">\n<li>Pour envoyer votre candidature depuis l\u2019Australie, contactez le <a rel=\"noreferrer noopener\" href=\"http:\/\/www.cms.org.au\/\" target=\"_blank\">CMS Australia.<\/a><\/li>\n<\/div><\/ul>\n<\/div><\/div>\n<\/div><\/div>","protected":false},"excerpt":{"rendered":"<p>L\u2019union internationale de l\u2019IFES offre l\u2019un des champs de mission les plus enthousiasmants qui soit. Vous pouvez investir votre temps et vos comp\u00e9tences dans un minist\u00e8re dont l\u2019influence est tr\u00e8s \u00e9largie. Au fur et \u00e0 mesure que des postes sont disponibles \u00e0 l\u2019IFES, nous publierons les informations sur cette page. Si vous \u00eates int\u00e9ress\u00e9-e de&#8230;<\/p>\n","protected":false},"author":2,"featured_media":33394,"parent":0,"menu_order":0,"comment_status":"closed","ping_status":"closed","template":"","meta":{"_acf_changed":false,"_crdt_document":"","inline_featured_image":false,"footnotes":""},"area":[],"theme":[],"class_list":["post-287","page","type-page","status-publish","has-post-thumbnail","hentry"],"acf":[],"yoast_head":"<!-- This site is optimized with the Yoast SEO plugin v27.2 - https:\/\/yoast.com\/product\/yoast-seo-wordpress\/ -->\n<title>Emplois &#183; IFES<\/title>\n<meta name=\"description\" content=\"L\u2019union internationale de l\u2019IFES offre l\u2019un des champs de mission les plus enthousiasmants qui soit. Vous pouvez investir votre temps et vos comp\u00e9tences\" \/>\n<meta name=\"robots\" content=\"index, follow, max-snippet:-1, max-image-preview:large, max-video-preview:-1\" \/>\n<link rel=\"canonical\" href=\"https:\/\/ifesworld.org\/fr\/travailler-avec-ifes\/\" \/>\n<meta property=\"og:locale\" content=\"fr_FR\" \/>\n<meta property=\"og:type\" content=\"article\" \/>\n<meta property=\"og:title\" content=\"Emplois &#183; IFES\" \/>\n<meta property=\"og:description\" content=\"L\u2019union internationale de l\u2019IFES offre l\u2019un des champs de mission les plus enthousiasmants qui soit. Vous pouvez investir votre temps et vos comp\u00e9tences\" \/>\n<meta property=\"og:url\" content=\"https:\/\/ifesworld.org\/fr\/travailler-avec-ifes\/\" \/>\n<meta property=\"og:site_name\" content=\"IFES\" \/>\n<meta property=\"article:modified_time\" content=\"2025-09-05T11:17:39+00:00\" \/>\n<meta property=\"og:image\" content=\"https:\/\/ifesworld.org\/wp-content\/uploads\/2024\/01\/2F3BF4B7-353B-4554-A22C-C8AFC19ABFEA-8152-0000050F54DB09C7-1-1-scaled.jpg\" \/>\n\t<meta property=\"og:image:width\" content=\"2560\" \/>\n\t<meta property=\"og:image:height\" content=\"1707\" \/>\n\t<meta property=\"og:image:type\" content=\"image\/jpeg\" \/>\n<meta name=\"twitter:card\" content=\"summary_large_image\" \/>\n<meta name=\"twitter:label1\" content=\"Dur\u00e9e de lecture estim\u00e9e\" \/>\n\t<meta name=\"twitter:data1\" content=\"2 minutes\" \/>\n<script type=\"application\/ld+json\" class=\"yoast-schema-graph\">{\"@context\":\"https:\/\/schema.org\",\"@graph\":[{\"@type\":\"WebPage\",\"@id\":\"https:\/\/ifesworld.org\/fr\/travailler-avec-ifes\/\",\"url\":\"https:\/\/ifesworld.org\/fr\/travailler-avec-ifes\/\",\"name\":\"Emplois &#183; IFES\",\"isPartOf\":{\"@id\":\"https:\/\/ifesworld.org\/es\/#website\"},\"primaryImageOfPage\":{\"@id\":\"https:\/\/ifesworld.org\/fr\/travailler-avec-ifes\/#primaryimage\"},\"image\":{\"@id\":\"https:\/\/ifesworld.org\/fr\/travailler-avec-ifes\/#primaryimage\"},\"thumbnailUrl\":\"https:\/\/ifesworld.org\/wp-content\/uploads\/2024\/01\/2F3BF4B7-353B-4554-A22C-C8AFC19ABFEA-8152-0000050F54DB09C7-1-1-scaled.jpg\",\"datePublished\":\"2019-04-17T08:12:32+00:00\",\"dateModified\":\"2025-09-05T11:17:39+00:00\",\"description\":\"L\u2019union internationale de l\u2019IFES offre l\u2019un des champs de mission les plus enthousiasmants qui soit. Vous pouvez investir votre temps et vos comp\u00e9tences\",\"breadcrumb\":{\"@id\":\"https:\/\/ifesworld.org\/fr\/travailler-avec-ifes\/#breadcrumb\"},\"inLanguage\":\"fr-FR\",\"potentialAction\":[{\"@type\":\"ReadAction\",\"target\":[\"https:\/\/ifesworld.org\/fr\/travailler-avec-ifes\/\"]}]},{\"@type\":\"ImageObject\",\"inLanguage\":\"fr-FR\",\"@id\":\"https:\/\/ifesworld.org\/fr\/travailler-avec-ifes\/#primaryimage\",\"url\":\"https:\/\/ifesworld.org\/wp-content\/uploads\/2024\/01\/2F3BF4B7-353B-4554-A22C-C8AFC19ABFEA-8152-0000050F54DB09C7-1-1-scaled.jpg\",\"contentUrl\":\"https:\/\/ifesworld.org\/wp-content\/uploads\/2024\/01\/2F3BF4B7-353B-4554-A22C-C8AFC19ABFEA-8152-0000050F54DB09C7-1-1-scaled.jpg\",\"width\":2560,\"height\":1707},{\"@type\":\"BreadcrumbList\",\"@id\":\"https:\/\/ifesworld.org\/fr\/travailler-avec-ifes\/#breadcrumb\",\"itemListElement\":[{\"@type\":\"ListItem\",\"position\":1,\"name\":\"Home\",\"item\":\"https:\/\/ifesworld.org\/fr\/\"},{\"@type\":\"ListItem\",\"position\":2,\"name\":\"Emplois\"}]},{\"@type\":\"WebSite\",\"@id\":\"https:\/\/ifesworld.org\/es\/#website\",\"url\":\"https:\/\/ifesworld.org\/es\/\",\"name\":\"IFES\",\"description\":\"A movement of students sharing and living out the good news of Jesus Christ. Locally. Nationally. Globally.\",\"publisher\":{\"@id\":\"https:\/\/ifesworld.org\/es\/#organization\"},\"potentialAction\":[{\"@type\":\"SearchAction\",\"target\":{\"@type\":\"EntryPoint\",\"urlTemplate\":\"https:\/\/ifesworld.org\/es\/?s={search_term_string}\"},\"query-input\":{\"@type\":\"PropertyValueSpecification\",\"valueRequired\":true,\"valueName\":\"search_term_string\"}}],\"inLanguage\":\"fr-FR\"},{\"@type\":\"Organization\",\"@id\":\"https:\/\/ifesworld.org\/es\/#organization\",\"name\":\"IFES \u00b7 International Fellowship of Evangelical Students\",\"url\":\"https:\/\/ifesworld.org\/es\/\",\"logo\":{\"@type\":\"ImageObject\",\"inLanguage\":\"fr-FR\",\"@id\":\"https:\/\/ifesworld.org\/es\/#\/schema\/logo\/image\/\",\"url\":\"https:\/\/ifesworld.org\/wp-content\/uploads\/2019\/06\/ifeslogo.png\",\"contentUrl\":\"https:\/\/ifesworld.org\/wp-content\/uploads\/2019\/06\/ifeslogo.png\",\"width\":262,\"height\":262,\"caption\":\"IFES \u00b7 International Fellowship of Evangelical Students\"},\"image\":{\"@id\":\"https:\/\/ifesworld.org\/es\/#\/schema\/logo\/image\/\"}}]}<\/script>\n<!-- \/ Yoast SEO plugin. -->","yoast_head_json":{"title":"Emplois &#183; IFES","description":"L\u2019union internationale de l\u2019IFES offre l\u2019un des champs de mission les plus enthousiasmants qui soit. Vous pouvez investir votre temps et vos comp\u00e9tences","robots":{"index":"index","follow":"follow","max-snippet":"max-snippet:-1","max-image-preview":"max-image-preview:large","max-video-preview":"max-video-preview:-1"},"canonical":"https:\/\/ifesworld.org\/fr\/travailler-avec-ifes\/","og_locale":"fr_FR","og_type":"article","og_title":"Emplois &#183; IFES","og_description":"L\u2019union internationale de l\u2019IFES offre l\u2019un des champs de mission les plus enthousiasmants qui soit. Vous pouvez investir votre temps et vos comp\u00e9tences","og_url":"https:\/\/ifesworld.org\/fr\/travailler-avec-ifes\/","og_site_name":"IFES","article_modified_time":"2025-09-05T11:17:39+00:00","og_image":[{"width":2560,"height":1707,"url":"https:\/\/ifesworld.org\/wp-content\/uploads\/2024\/01\/2F3BF4B7-353B-4554-A22C-C8AFC19ABFEA-8152-0000050F54DB09C7-1-1-scaled.jpg","type":"image\/jpeg"}],"twitter_card":"summary_large_image","twitter_misc":{"Dur\u00e9e de lecture estim\u00e9e":"2 minutes"},"schema":{"@context":"https:\/\/schema.org","@graph":[{"@type":"WebPage","@id":"https:\/\/ifesworld.org\/fr\/travailler-avec-ifes\/","url":"https:\/\/ifesworld.org\/fr\/travailler-avec-ifes\/","name":"Emplois &#183; IFES","isPartOf":{"@id":"https:\/\/ifesworld.org\/es\/#website"},"primaryImageOfPage":{"@id":"https:\/\/ifesworld.org\/fr\/travailler-avec-ifes\/#primaryimage"},"image":{"@id":"https:\/\/ifesworld.org\/fr\/travailler-avec-ifes\/#primaryimage"},"thumbnailUrl":"https:\/\/ifesworld.org\/wp-content\/uploads\/2024\/01\/2F3BF4B7-353B-4554-A22C-C8AFC19ABFEA-8152-0000050F54DB09C7-1-1-scaled.jpg","datePublished":"2019-04-17T08:12:32+00:00","dateModified":"2025-09-05T11:17:39+00:00","description":"L\u2019union internationale de l\u2019IFES offre l\u2019un des champs de mission les plus enthousiasmants qui soit. Vous pouvez investir votre temps et vos comp\u00e9tences","breadcrumb":{"@id":"https:\/\/ifesworld.org\/fr\/travailler-avec-ifes\/#breadcrumb"},"inLanguage":"fr-FR","potentialAction":[{"@type":"ReadAction","target":["https:\/\/ifesworld.org\/fr\/travailler-avec-ifes\/"]}]},{"@type":"ImageObject","inLanguage":"fr-FR","@id":"https:\/\/ifesworld.org\/fr\/travailler-avec-ifes\/#primaryimage","url":"https:\/\/ifesworld.org\/wp-content\/uploads\/2024\/01\/2F3BF4B7-353B-4554-A22C-C8AFC19ABFEA-8152-0000050F54DB09C7-1-1-scaled.jpg","contentUrl":"https:\/\/ifesworld.org\/wp-content\/uploads\/2024\/01\/2F3BF4B7-353B-4554-A22C-C8AFC19ABFEA-8152-0000050F54DB09C7-1-1-scaled.jpg","width":2560,"height":1707},{"@type":"BreadcrumbList","@id":"https:\/\/ifesworld.org\/fr\/travailler-avec-ifes\/#breadcrumb","itemListElement":[{"@type":"ListItem","position":1,"name":"Home","item":"https:\/\/ifesworld.org\/fr\/"},{"@type":"ListItem","position":2,"name":"Emplois"}]},{"@type":"WebSite","@id":"https:\/\/ifesworld.org\/es\/#website","url":"https:\/\/ifesworld.org\/es\/","name":"IFES","description":"A movement of students sharing and living out the good news of Jesus Christ. Locally. Nationally. Globally.","publisher":{"@id":"https:\/\/ifesworld.org\/es\/#organization"},"potentialAction":[{"@type":"SearchAction","target":{"@type":"EntryPoint","urlTemplate":"https:\/\/ifesworld.org\/es\/?s={search_term_string}"},"query-input":{"@type":"PropertyValueSpecification","valueRequired":true,"valueName":"search_term_string"}}],"inLanguage":"fr-FR"},{"@type":"Organization","@id":"https:\/\/ifesworld.org\/es\/#organization","name":"IFES \u00b7 International Fellowship of Evangelical Students","url":"https:\/\/ifesworld.org\/es\/","logo":{"@type":"ImageObject","inLanguage":"fr-FR","@id":"https:\/\/ifesworld.org\/es\/#\/schema\/logo\/image\/","url":"https:\/\/ifesworld.org\/wp-content\/uploads\/2019\/06\/ifeslogo.png","contentUrl":"https:\/\/ifesworld.org\/wp-content\/uploads\/2019\/06\/ifeslogo.png","width":262,"height":262,"caption":"IFES \u00b7 International Fellowship of Evangelical Students"},"image":{"@id":"https:\/\/ifesworld.org\/es\/#\/schema\/logo\/image\/"}}]}},"_links":{"self":[{"href":"https:\/\/ifesworld.org\/fr\/wp-json\/wp\/v2\/pages\/287","targetHints":{"allow":["GET"]}}],"collection":[{"href":"https:\/\/ifesworld.org\/fr\/wp-json\/wp\/v2\/pages"}],"about":[{"href":"https:\/\/ifesworld.org\/fr\/wp-json\/wp\/v2\/types\/page"}],"author":[{"embeddable":true,"href":"https:\/\/ifesworld.org\/fr\/wp-json\/wp\/v2\/users\/2"}],"replies":[{"embeddable":true,"href":"https:\/\/ifesworld.org\/fr\/wp-json\/wp\/v2\/comments?post=287"}],"version-history":[{"count":0,"href":"https:\/\/ifesworld.org\/fr\/wp-json\/wp\/v2\/pages\/287\/revisions"}],"wp:featuredmedia":[{"embeddable":true,"href":"https:\/\/ifesworld.org\/fr\/wp-json\/wp\/v2\/media\/33394"}],"wp:attachment":[{"href":"https:\/\/ifesworld.org\/fr\/wp-json\/wp\/v2\/media?parent=287"}],"wp:term":[{"taxonomy":"area","embeddable":true,"href":"https:\/\/ifesworld.org\/fr\/wp-json\/wp\/v2\/area?post=287"},{"taxonomy":"theme","embeddable":true,"href":"https:\/\/ifesworld.org\/fr\/wp-json\/wp\/v2\/theme?post=287"}],"curies":[{"name":"wp","href":"https:\/\/api.w.org\/{rel}","templated":true}]}}