{"id":283,"date":"2019-04-17T08:11:23","date_gmt":"2019-04-17T08:11:23","guid":{"rendered":"https:\/\/ifesworld.org\/landing\/priez-pour-luniversite\/"},"modified":"2026-02-05T11:34:55","modified_gmt":"2026-02-05T11:34:55","slug":"priez-pour-luniversite","status":"publish","type":"page","link":"https:\/\/ifesworld.org\/fr\/priez-pour-luniversite\/","title":{"rendered":"Priez pour l\u2019Universit\u00e9"},"content":{"rendered":"<div class=\"wp-block block-core-paragraph\">\n<p class=\"has-md-font-size wp-block-paragraph\">Dieu est d\u00e9j\u00e0 \u00e0 l&rsquo;\u0153uvre dans les universit\u00e9s du monde. Mais il nous invite tous \u00e0 participer \u00e0 son \u0153uvre par la pri\u00e8re.&nbsp; <\/p>\n<\/div>\n\n<div class=\"wp-block block-core-paragraph\">\n<p class=\"wp-block-paragraph\">La pri\u00e8re est au c\u0153ur de tout ce que nous faisons \u00e0 l\u2019IFES et nous aimerions que vous priiez avec nous dans ce minist\u00e8re strat\u00e9gique et transformateur.&nbsp; <\/p>\n<\/div>\n\n<div class=\"wp-block block-core-heading\">\n<h2 class=\"wp-block-heading\">Priez avec nous chaque deux semaines<\/h2>\n<\/div>\n\n<div class=\"wp-block block-core-paragraph\">\n<p class=\"wp-block-paragraph\">Lisez les histoires des diff\u00e9rents mouvements \u00e9tudiants de l&rsquo;IFES, dans toutes sortes de cultures et de contextes. Ce court e-mail hebdomadaire vous donne un aper\u00e7u de la vie des \u00e9tudiants, qui apprennent \u00e0 vivre en disciples de J\u00e9sus sur leur campus.&nbsp; <\/p>\n<\/div>\n\n<div class=\"wp-block block-core-paragraph\">\n<p class=\"wp-block-paragraph\">Les histoires Prayerline sont aussi publi\u00e9es sur <a href=\"https:\/\/www.instagram.com\/ifesworld\/\">Instagram<\/a>&nbsp;and&nbsp;<a href=\"https:\/\/www.facebook.com\/ifesworld\/\" target=\"_blank\" rel=\"noreferrer noopener\">Facebook.<\/a><\/p>\n<\/div>\n\n<div class=\"wp-block block-acf-subscriptionsignup\">\n<section id=\"subscription-signup-block_1f4a12cc401a1502a20ed22dc3ddef7e\" class=\"subscription-signup subscription--prayerline side-padding--md\">\n    <div class=\"signup__content container--adaptive-md align--center text--center\">\n\n      \n      <script>(function() {\n\twindow.mc4wp = window.mc4wp || {\n\t\tlisteners: [],\n\t\tforms: {\n\t\t\ton: function(evt, cb) {\n\t\t\t\twindow.mc4wp.listeners.push(\n\t\t\t\t\t{\n\t\t\t\t\t\tevent   : evt,\n\t\t\t\t\t\tcallback: cb\n\t\t\t\t\t}\n\t\t\t\t);\n\t\t\t}\n\t\t}\n\t}\n})();\n<\/script><!-- Mailchimp for WordPress v4.12.1 - https:\/\/wordpress.org\/plugins\/mailchimp-for-wp\/ --><form id=\"mc4wp-form-1\" class=\"mc4wp-form mc4wp-form-3199\" method=\"post\" data-id=\"3199\" data-name=\"\" ><div class=\"mc4wp-form-fields\"><div class=\"signup__form container--full-width flex flex--wrap flex--center\">\r\n<div class=\"form__input signup__fname\">\r\n\t<label class=\"form__label sr-only\" for=\"signup-fname\">Pr\u00e9nom:<\/label>\r\n\t<input id=\"signup-fname\" type=\"text\" name=\"FNAME\" placeholder=\"Pr\u00e9nom\" \/>\r\n<\/div>\r\n<div class=\"form__input signup__lname\">\r\n\t<label class=\"form__label sr-only\" for=\"signup-lname\">Nom:<\/label>\r\n\t<input id=\"signup-lname\" type=\"text\" name=\"LNAME\" placeholder=\"Nom\" \/>\r\n<\/div>\r\n<div class=\"form__input signup__email\">\r\n\t<label class=\"form__label sr-only\" for=\"signup-email\">Adresse e-mail:<\/label>\r\n\t<input id=\"signup-email\" type=\"text\" name=\"EMAIL\" placeholder=\"Adresse e-mail\" \/>\r\n<\/div>\r\n<span class=\"btn btn--primary form__submit\">\r\n\t<input type=\"submit\">\r\n\t<span>S\u2019inscrire<\/span>\r\n<\/span>\r\n<\/div>\r\n<input type=\"hidden\" name=\"list\" value=\"prayerline\" \/>\r\n\r\n<\/div><label style=\"display: none !important;\">Laissez ce champ vide si vous \u00eates humain\u00a0: <input type=\"text\" name=\"_mc4wp_honeypot\" value=\"\" tabindex=\"-1\" autocomplete=\"off\" \/><\/label><input type=\"hidden\" name=\"_mc4wp_timestamp\" value=\"1775977973\" \/><input type=\"hidden\" name=\"_mc4wp_form_id\" value=\"3199\" \/><input type=\"hidden\" name=\"_mc4wp_form_element_id\" value=\"mc4wp-form-1\" \/><div class=\"mc4wp-response\"><\/div><\/form><!-- \/ Mailchimp for WordPress Plugin -->      \n          <\/div>\n<\/section>\n<\/div>\n\n<div class=\"wp-block block-acf-prayerline alignwide\"><section id=\"post-list-latest-post-block_d880aa67503a44201c45087827080598\" class='alignwide latest-post-list list--prayerline'>\n            <ul class='post-list items--4 flex flex--wrap flex--center-x no-style'>\n<li class=\"post__item flex flex--column\">\n    <article id=\"post-51129\" class=\"article-thumbnail article--prayerline article--south-asia\">\n      <a href=\"https:\/\/ifesworld.org\/fr\/prayerline\/sans-prevenir\/\" class=\"post__link\" rel=\"bookmark\">\n        <figure class=\"post__image  image--absolute--center image--absolute--mask\">\n          <img loading=\"lazy\" decoding=\"async\" width=\"740\" height=\"555\" src=\"https:\/\/ifesworld.org\/wp-content\/uploads\/2026\/03\/FOCUS-SL-small-group-1024x768.jpg\" class=\"attachment-large size-large wp-post-image\" alt=\"\" srcset=\"https:\/\/ifesworld.org\/wp-content\/uploads\/2026\/03\/FOCUS-SL-small-group-1024x768.jpg 1024w, https:\/\/ifesworld.org\/wp-content\/uploads\/2026\/03\/FOCUS-SL-small-group-300x225.jpg 300w, https:\/\/ifesworld.org\/wp-content\/uploads\/2026\/03\/FOCUS-SL-small-group-768x576.jpg 768w, https:\/\/ifesworld.org\/wp-content\/uploads\/2026\/03\/FOCUS-SL-small-group.jpg 1280w\" sizes=\"auto, (max-width: 740px) 100vw, 740px\" \/>         <\/figure>\n        <header class=\"post__content flex flex--column flex--end\">\n          <h1 class=\"post__title flex flex--column\">\n                          <span class=\"post__area\">Sri Lanka:<\/span>\n                         Sans pr\u00e9venir\u00a0             <i class=\"icon-container icon--praying-hands-solid\">\n                <svg class=\"icon\">\n                    <use xlink:href=\"#praying-hands-solid\"><\/use>\n                <\/svg>\n             <\/i>\n          <\/h1>\n        <\/header>\n      <\/a>\n    <\/article>\n<\/li>\n\n\n<li class=\"post__item flex flex--column\">\n    <article id=\"post-50998\" class=\"article-thumbnail article--prayerline article--mena\">\n      <a href=\"https:\/\/ifesworld.org\/fr\/prayerline\/comme-si-vous-y-etiez\/\" class=\"post__link\" rel=\"bookmark\">\n        <figure class=\"post__image  image--absolute--center image--absolute--mask\">\n          <img loading=\"lazy\" decoding=\"async\" width=\"740\" height=\"494\" src=\"https:\/\/ifesworld.org\/wp-content\/uploads\/2026\/03\/Prayers-1024x683.jpg\" class=\"attachment-large size-large wp-post-image\" alt=\"\" srcset=\"https:\/\/ifesworld.org\/wp-content\/uploads\/2026\/03\/Prayers-1024x683.jpg 1024w, https:\/\/ifesworld.org\/wp-content\/uploads\/2026\/03\/Prayers-300x200.jpg 300w, https:\/\/ifesworld.org\/wp-content\/uploads\/2026\/03\/Prayers-768x512.jpg 768w, https:\/\/ifesworld.org\/wp-content\/uploads\/2026\/03\/Prayers-1536x1024.jpg 1536w, https:\/\/ifesworld.org\/wp-content\/uploads\/2026\/03\/Prayers-2048x1365.jpg 2048w\" sizes=\"auto, (max-width: 740px) 100vw, 740px\" \/>         <\/figure>\n        <header class=\"post__content flex flex--column flex--end\">\n          <h1 class=\"post__title flex flex--column\">\n                          <span class=\"post__area\">Moyen-Orient et Afrique du Nord:<\/span>\n                         Comme si vous y \u00e9tiez             <i class=\"icon-container icon--praying-hands-solid\">\n                <svg class=\"icon\">\n                    <use xlink:href=\"#praying-hands-solid\"><\/use>\n                <\/svg>\n             <\/i>\n          <\/h1>\n        <\/header>\n      <\/a>\n    <\/article>\n<\/li>\n\n\n<li class=\"post__item flex flex--column\">\n    <article id=\"post-50883\" class=\"article-thumbnail article--prayerline article--north-america\">\n      <a href=\"https:\/\/ifesworld.org\/fr\/prayerline\/leve-les-yeux\/\" class=\"post__link\" rel=\"bookmark\">\n        <figure class=\"post__image  image--absolute--center image--absolute--mask\">\n          <img loading=\"lazy\" decoding=\"async\" width=\"740\" height=\"375\" src=\"https:\/\/ifesworld.org\/wp-content\/uploads\/2026\/03\/image-e1772548001801.jpeg\" class=\"attachment-large size-large wp-post-image\" alt=\"\" srcset=\"https:\/\/ifesworld.org\/wp-content\/uploads\/2026\/03\/image-e1772548001801.jpeg 800w, https:\/\/ifesworld.org\/wp-content\/uploads\/2026\/03\/image-e1772548001801-300x152.jpeg 300w, https:\/\/ifesworld.org\/wp-content\/uploads\/2026\/03\/image-e1772548001801-768x389.jpeg 768w\" sizes=\"auto, (max-width: 740px) 100vw, 740px\" \/>         <\/figure>\n        <header class=\"post__content flex flex--column flex--end\">\n          <h1 class=\"post__title flex flex--column\">\n                          <span class=\"post__area\">Etats-Unis:<\/span>\n                         L\u00e8ve les yeux\u202f!             <i class=\"icon-container icon--praying-hands-solid\">\n                <svg class=\"icon\">\n                    <use xlink:href=\"#praying-hands-solid\"><\/use>\n                <\/svg>\n             <\/i>\n          <\/h1>\n        <\/header>\n      <\/a>\n    <\/article>\n<\/li>\n\n\n<li class=\"post__item flex flex--column\">\n    <article id=\"post-50829\" class=\"article-thumbnail article--prayerline article--south-pacific\">\n      <a href=\"https:\/\/ifesworld.org\/fr\/prayerline\/planter-dans-locean\/\" class=\"post__link\" rel=\"bookmark\">\n        <figure class=\"post__image  image--absolute--center image--absolute--mask\">\n          <img loading=\"lazy\" decoding=\"async\" width=\"740\" height=\"567\" src=\"https:\/\/ifesworld.org\/wp-content\/uploads\/2026\/02\/Guam-1-1024x784.jpg\" class=\"attachment-large size-large wp-post-image\" alt=\"\" srcset=\"https:\/\/ifesworld.org\/wp-content\/uploads\/2026\/02\/Guam-1-1024x784.jpg 1024w, https:\/\/ifesworld.org\/wp-content\/uploads\/2026\/02\/Guam-1-300x230.jpg 300w, https:\/\/ifesworld.org\/wp-content\/uploads\/2026\/02\/Guam-1-768x588.jpg 768w, https:\/\/ifesworld.org\/wp-content\/uploads\/2026\/02\/Guam-1-rotated.jpg 1280w\" sizes=\"auto, (max-width: 740px) 100vw, 740px\" \/>         <\/figure>\n        <header class=\"post__content flex flex--column flex--end\">\n          <h1 class=\"post__title flex flex--column\">\n                          <span class=\"post__area\">Pacifique Sud:<\/span>\n                         Planter dans l\u2019oc\u00e9an             <i class=\"icon-container icon--praying-hands-solid\">\n                <svg class=\"icon\">\n                    <use xlink:href=\"#praying-hands-solid\"><\/use>\n                <\/svg>\n             <\/i>\n          <\/h1>\n        <\/header>\n      <\/a>\n    <\/article>\n<\/li>\n\n<\/ul><\/section><\/div>\n\n<div class=\"wp-block block-acf-ifesbutton\">\n<div class=\"\">\n    <a id=\"btn-block_5a759f375769d25b770a617bf30eed09\" target=\"\" href=\"https:\/\/ifesworld.org\/prayerline\" class=\"btn btn--cta-link\">\n        <span>\n                    <span class=\"icon\"><svg class=\"icon\"><use xlink:href=\"#chevron-circle-right-solid\"\/><\/svg><\/span>\n        Lire d\u2019autres histoires de pri\u00e8re \u00e0 travers le monde         <\/span>\n    <\/a>\n<\/div>\n\n<\/div>\n\n<div class=\"wp-block block-core-html\">\n<iframe title=\"From No Hopes to New Horizons\" allowtransparency=\"true\" height=\"150\" width=\"100%\" style=\"border: none; min-width: min(100%, 430px);height:150px;\" scrolling=\"no\" data-name=\"pb-iframe-player\" src=\"https:\/\/www.podbean.com\/player-v2\/?i=tr7xh-1a283dd-pb&amp;from=pb6admin&amp;share=1&amp;download=1&amp;rtl=0&amp;fonts=Arial&amp;skin=4f4897&amp;font-color=ffffff&amp;logo_link=episode_page&amp;btn-skin=666666\" loading=\"lazy\"><\/iframe>\n<\/div>\n\n<div class=\"wp-block block-acf-spacer\">\n<div id=\"spacer-block_e1cd4a75d5af5a2d35f1e2788006f4ea\" class=\"\">\n    <div aria-hidden=\"true\" class=\"wp-block-spacer spacer--md\"><\/div>\n<\/div>\n<\/div>\n\n<div class=\"wp-block block-core-group alignfull\">\n<div class=\"wp-block-group alignfull has-world-student-day-background-color has-background\"><div class=\"wp-block-group__inner-container is-layout-flow wp-block-group-is-layout-flow\"><div class=\"wp-block block-core-heading\">\n<h2 class=\"wp-block-heading has-white-color has-text-color\">Participez \u00e0 la Journ\u00e9e mondiale de l&rsquo;\u00e9tudiant le 8 Octobre 2025<\/h2>\n<\/div>\n\n<div class=\"wp-block block-core-paragraph\">\n<p class=\"has-white-color has-text-color wp-block-paragraph\">La Journ\u00e9e mondiale de l\u2019\u00e9tudiant est une p\u00e9riode de 48\u202fheures de pri\u00e8re qui unit notre mouvement international (\u00e9tudiants, membres du personnel et partenaires) pour c\u00e9l\u00e9brer tout ce que Dieu fait \u00e0 travers l\u2019IFES et pour prier pour les \u00e9tudiants autour du monde.&nbsp;<\/p>\n<\/div>\n\n<div class=\"wp-block block-acf-ifesbutton\">\n<div class=\"\">\n    <a id=\"btn-block_f86339c02c7e54d04d5560f2c0954faf\" target=\"\" href=\"http:\/\/ifesworld.org\/en\/wsd\/\" class=\"btn btn--secondary\">\n        <span>\n        Participer        <\/span>\n    <\/a>\n<\/div>\n\n<\/div><\/div>\n<\/div><\/div>\n\n<div class=\"wp-block block-core-group alignfull\">\n<div class=\"wp-block-group alignfull has-white-background-color has-background\"><div class=\"wp-block-group__inner-container is-layout-flow wp-block-group-is-layout-flow\"><div class=\"wp-block block-core-heading\">\n<h2 class=\"wp-block-heading\" id=\"ressources\">Voici d&rsquo;autres ressources qui vous aideront \u00e0 prier\u202f: <\/h2>\n<\/div>\n\n<div class=\"wp-block block-core-list\">\n<ul class=\"wp-block-list\"><div class=\"wp-block block-core-list-item\">\n<li><strong>Guide quotidien de pri\u00e8re\u202f:<\/strong> Un recueil de sujets de pri\u00e8re quotidiens sur deux mois pour le minist\u00e8re parmi les \u00e9tudiants autour du monde. <a href=\"https:\/\/ifesworld.org\/wp-content\/uploads\/2025\/06\/IFES8118-DPG-Jul-Sep-2025-EN-WEB-SINGLES.pdf\" target=\"_blank\" rel=\"noreferrer noopener\">T\u00e9l\u00e9chargerle le PDF <\/a>(en anglais).<\/li>\n<\/div>\n\n<div class=\"wp-block block-core-list-item\">\n<li><strong>Bulletin de nouvelles Appel \u00e0 la pri\u00e8re\u202f:<\/strong> Des nouvelles du minist\u00e8re et des mouvements de l\u2019IFES. Un nouveau num\u00e9ro est publi\u00e9 tous les trois mois. <a href=\"https:\/\/ifesworld.org\/wp-content\/uploads\/2025\/09\/IFES8199-Praise-and-Prayer-Oct-Dec-2025-EN-WEB.pdf\" target=\"_blank\" rel=\"noreferrer noopener\">T\u00e9l\u00e9charger le PDF <\/a>(en anglais).<\/li>\n<\/div>\n\n<div class=\"wp-block block-core-list-item\">\n<li>Vous pouvez \u00e9galement recevoir ces mises \u00e0 jour sur votre t\u00e9l\u00e9phone chaque jour en utilisant <a href=\"http:\/\/praynow4.org\/ifes\" target=\"_blank\" rel=\"noreferrer noopener\">l&rsquo;application PrayerMate<\/a> (en anglais).<\/li>\n<\/div><\/ul>\n<\/div><\/div>\n<\/div><\/div>\n\n<div class=\"wp-block block-core-paragraph\">\n<p class=\"wp-block-paragraph\"><\/p>\n<\/div>","protected":false},"excerpt":{"rendered":"<p>Dieu est d\u00e9j\u00e0 \u00e0 l&rsquo;\u0153uvre dans les universit\u00e9s du monde. Mais il nous invite tous \u00e0 participer \u00e0 son \u0153uvre par la pri\u00e8re.&nbsp; La pri\u00e8re est au c\u0153ur de tout ce que nous faisons \u00e0 l\u2019IFES et nous aimerions que vous priiez avec nous dans ce minist\u00e8re strat\u00e9gique et transformateur.&nbsp; Priez avec nous chaque deux&#8230;<\/p>\n","protected":false},"author":2,"featured_media":33397,"parent":0,"menu_order":0,"comment_status":"closed","ping_status":"closed","template":"","meta":{"_acf_changed":false,"_crdt_document":"","inline_featured_image":false,"footnotes":""},"area":[],"theme":[],"class_list":["post-283","page","type-page","status-publish","has-post-thumbnail","hentry"],"acf":[],"yoast_head":"<!-- This site is optimized with the Yoast SEO plugin v27.2 - https:\/\/yoast.com\/product\/yoast-seo-wordpress\/ -->\n<title>Priez pour l\u2019Universit\u00e9 &#183; IFES<\/title>\n<meta name=\"description\" content=\"Dieu est d\u00e9j\u00e0 \u00e0 l&#039;\u0153uvre dans les universit\u00e9s du monde. Mais il nous invite tous \u00e0 participer \u00e0 son \u0153uvre par la pri\u00e8re.&nbsp; La pri\u00e8re est au c\u0153ur de\" \/>\n<meta name=\"robots\" content=\"index, follow, max-snippet:-1, max-image-preview:large, max-video-preview:-1\" \/>\n<link rel=\"canonical\" href=\"https:\/\/ifesworld.org\/fr\/priez-pour-luniversite\/\" \/>\n<meta property=\"og:locale\" content=\"fr_FR\" \/>\n<meta property=\"og:type\" content=\"article\" \/>\n<meta property=\"og:title\" content=\"Priez pour l\u2019Universit\u00e9 &#183; IFES\" \/>\n<meta property=\"og:description\" content=\"Dieu est d\u00e9j\u00e0 \u00e0 l&#039;\u0153uvre dans les universit\u00e9s du monde. Mais il nous invite tous \u00e0 participer \u00e0 son \u0153uvre par la pri\u00e8re.&nbsp; La pri\u00e8re est au c\u0153ur de\" \/>\n<meta property=\"og:url\" content=\"https:\/\/ifesworld.org\/fr\/priez-pour-luniversite\/\" \/>\n<meta property=\"og:site_name\" content=\"IFES\" \/>\n<meta property=\"article:modified_time\" content=\"2026-02-05T11:34:55+00:00\" \/>\n<meta property=\"og:image\" content=\"https:\/\/ifesworld.org\/wp-content\/uploads\/2024\/01\/DSCF5265-1-scaled.jpg\" \/>\n\t<meta property=\"og:image:width\" content=\"2560\" \/>\n\t<meta property=\"og:image:height\" content=\"1707\" \/>\n\t<meta property=\"og:image:type\" content=\"image\/jpeg\" \/>\n<meta name=\"twitter:card\" content=\"summary_large_image\" \/>\n<meta name=\"twitter:label1\" content=\"Dur\u00e9e de lecture estim\u00e9e\" \/>\n\t<meta name=\"twitter:data1\" content=\"2 minutes\" \/>\n<script type=\"application\/ld+json\" class=\"yoast-schema-graph\">{\"@context\":\"https:\/\/schema.org\",\"@graph\":[{\"@type\":\"WebPage\",\"@id\":\"https:\/\/ifesworld.org\/fr\/priez-pour-luniversite\/\",\"url\":\"https:\/\/ifesworld.org\/fr\/priez-pour-luniversite\/\",\"name\":\"Priez pour l\u2019Universit\u00e9 &#183; IFES\",\"isPartOf\":{\"@id\":\"https:\/\/ifesworld.org\/es\/#website\"},\"primaryImageOfPage\":{\"@id\":\"https:\/\/ifesworld.org\/fr\/priez-pour-luniversite\/#primaryimage\"},\"image\":{\"@id\":\"https:\/\/ifesworld.org\/fr\/priez-pour-luniversite\/#primaryimage\"},\"thumbnailUrl\":\"https:\/\/ifesworld.org\/wp-content\/uploads\/2024\/01\/DSCF5265-1-scaled.jpg\",\"datePublished\":\"2019-04-17T08:11:23+00:00\",\"dateModified\":\"2026-02-05T11:34:55+00:00\",\"description\":\"Dieu est d\u00e9j\u00e0 \u00e0 l'\u0153uvre dans les universit\u00e9s du monde. Mais il nous invite tous \u00e0 participer \u00e0 son \u0153uvre par la pri\u00e8re.&nbsp; La pri\u00e8re est au c\u0153ur de\",\"breadcrumb\":{\"@id\":\"https:\/\/ifesworld.org\/fr\/priez-pour-luniversite\/#breadcrumb\"},\"inLanguage\":\"fr-FR\",\"potentialAction\":[{\"@type\":\"ReadAction\",\"target\":[\"https:\/\/ifesworld.org\/fr\/priez-pour-luniversite\/\"]}]},{\"@type\":\"ImageObject\",\"inLanguage\":\"fr-FR\",\"@id\":\"https:\/\/ifesworld.org\/fr\/priez-pour-luniversite\/#primaryimage\",\"url\":\"https:\/\/ifesworld.org\/wp-content\/uploads\/2024\/01\/DSCF5265-1-scaled.jpg\",\"contentUrl\":\"https:\/\/ifesworld.org\/wp-content\/uploads\/2024\/01\/DSCF5265-1-scaled.jpg\",\"width\":2560,\"height\":1707},{\"@type\":\"BreadcrumbList\",\"@id\":\"https:\/\/ifesworld.org\/fr\/priez-pour-luniversite\/#breadcrumb\",\"itemListElement\":[{\"@type\":\"ListItem\",\"position\":1,\"name\":\"Home\",\"item\":\"https:\/\/ifesworld.org\/fr\/\"},{\"@type\":\"ListItem\",\"position\":2,\"name\":\"Priez pour l\u2019Universit\u00e9\"}]},{\"@type\":\"WebSite\",\"@id\":\"https:\/\/ifesworld.org\/es\/#website\",\"url\":\"https:\/\/ifesworld.org\/es\/\",\"name\":\"IFES\",\"description\":\"A movement of students sharing and living out the good news of Jesus Christ. Locally. Nationally. Globally.\",\"publisher\":{\"@id\":\"https:\/\/ifesworld.org\/es\/#organization\"},\"potentialAction\":[{\"@type\":\"SearchAction\",\"target\":{\"@type\":\"EntryPoint\",\"urlTemplate\":\"https:\/\/ifesworld.org\/es\/?s={search_term_string}\"},\"query-input\":{\"@type\":\"PropertyValueSpecification\",\"valueRequired\":true,\"valueName\":\"search_term_string\"}}],\"inLanguage\":\"fr-FR\"},{\"@type\":\"Organization\",\"@id\":\"https:\/\/ifesworld.org\/es\/#organization\",\"name\":\"IFES \u00b7 International Fellowship of Evangelical Students\",\"url\":\"https:\/\/ifesworld.org\/es\/\",\"logo\":{\"@type\":\"ImageObject\",\"inLanguage\":\"fr-FR\",\"@id\":\"https:\/\/ifesworld.org\/es\/#\/schema\/logo\/image\/\",\"url\":\"https:\/\/ifesworld.org\/wp-content\/uploads\/2019\/06\/ifeslogo.png\",\"contentUrl\":\"https:\/\/ifesworld.org\/wp-content\/uploads\/2019\/06\/ifeslogo.png\",\"width\":262,\"height\":262,\"caption\":\"IFES \u00b7 International Fellowship of Evangelical Students\"},\"image\":{\"@id\":\"https:\/\/ifesworld.org\/es\/#\/schema\/logo\/image\/\"}}]}<\/script>\n<!-- \/ Yoast SEO plugin. -->","yoast_head_json":{"title":"Priez pour l\u2019Universit\u00e9 &#183; IFES","description":"Dieu est d\u00e9j\u00e0 \u00e0 l'\u0153uvre dans les universit\u00e9s du monde. Mais il nous invite tous \u00e0 participer \u00e0 son \u0153uvre par la pri\u00e8re.&nbsp; La pri\u00e8re est au c\u0153ur de","robots":{"index":"index","follow":"follow","max-snippet":"max-snippet:-1","max-image-preview":"max-image-preview:large","max-video-preview":"max-video-preview:-1"},"canonical":"https:\/\/ifesworld.org\/fr\/priez-pour-luniversite\/","og_locale":"fr_FR","og_type":"article","og_title":"Priez pour l\u2019Universit\u00e9 &#183; IFES","og_description":"Dieu est d\u00e9j\u00e0 \u00e0 l'\u0153uvre dans les universit\u00e9s du monde. Mais il nous invite tous \u00e0 participer \u00e0 son \u0153uvre par la pri\u00e8re.&nbsp; La pri\u00e8re est au c\u0153ur de","og_url":"https:\/\/ifesworld.org\/fr\/priez-pour-luniversite\/","og_site_name":"IFES","article_modified_time":"2026-02-05T11:34:55+00:00","og_image":[{"width":2560,"height":1707,"url":"https:\/\/ifesworld.org\/wp-content\/uploads\/2024\/01\/DSCF5265-1-scaled.jpg","type":"image\/jpeg"}],"twitter_card":"summary_large_image","twitter_misc":{"Dur\u00e9e de lecture estim\u00e9e":"2 minutes"},"schema":{"@context":"https:\/\/schema.org","@graph":[{"@type":"WebPage","@id":"https:\/\/ifesworld.org\/fr\/priez-pour-luniversite\/","url":"https:\/\/ifesworld.org\/fr\/priez-pour-luniversite\/","name":"Priez pour l\u2019Universit\u00e9 &#183; IFES","isPartOf":{"@id":"https:\/\/ifesworld.org\/es\/#website"},"primaryImageOfPage":{"@id":"https:\/\/ifesworld.org\/fr\/priez-pour-luniversite\/#primaryimage"},"image":{"@id":"https:\/\/ifesworld.org\/fr\/priez-pour-luniversite\/#primaryimage"},"thumbnailUrl":"https:\/\/ifesworld.org\/wp-content\/uploads\/2024\/01\/DSCF5265-1-scaled.jpg","datePublished":"2019-04-17T08:11:23+00:00","dateModified":"2026-02-05T11:34:55+00:00","description":"Dieu est d\u00e9j\u00e0 \u00e0 l'\u0153uvre dans les universit\u00e9s du monde. Mais il nous invite tous \u00e0 participer \u00e0 son \u0153uvre par la pri\u00e8re.&nbsp; La pri\u00e8re est au c\u0153ur de","breadcrumb":{"@id":"https:\/\/ifesworld.org\/fr\/priez-pour-luniversite\/#breadcrumb"},"inLanguage":"fr-FR","potentialAction":[{"@type":"ReadAction","target":["https:\/\/ifesworld.org\/fr\/priez-pour-luniversite\/"]}]},{"@type":"ImageObject","inLanguage":"fr-FR","@id":"https:\/\/ifesworld.org\/fr\/priez-pour-luniversite\/#primaryimage","url":"https:\/\/ifesworld.org\/wp-content\/uploads\/2024\/01\/DSCF5265-1-scaled.jpg","contentUrl":"https:\/\/ifesworld.org\/wp-content\/uploads\/2024\/01\/DSCF5265-1-scaled.jpg","width":2560,"height":1707},{"@type":"BreadcrumbList","@id":"https:\/\/ifesworld.org\/fr\/priez-pour-luniversite\/#breadcrumb","itemListElement":[{"@type":"ListItem","position":1,"name":"Home","item":"https:\/\/ifesworld.org\/fr\/"},{"@type":"ListItem","position":2,"name":"Priez pour l\u2019Universit\u00e9"}]},{"@type":"WebSite","@id":"https:\/\/ifesworld.org\/es\/#website","url":"https:\/\/ifesworld.org\/es\/","name":"IFES","description":"A movement of students sharing and living out the good news of Jesus Christ. Locally. Nationally. Globally.","publisher":{"@id":"https:\/\/ifesworld.org\/es\/#organization"},"potentialAction":[{"@type":"SearchAction","target":{"@type":"EntryPoint","urlTemplate":"https:\/\/ifesworld.org\/es\/?s={search_term_string}"},"query-input":{"@type":"PropertyValueSpecification","valueRequired":true,"valueName":"search_term_string"}}],"inLanguage":"fr-FR"},{"@type":"Organization","@id":"https:\/\/ifesworld.org\/es\/#organization","name":"IFES \u00b7 International Fellowship of Evangelical Students","url":"https:\/\/ifesworld.org\/es\/","logo":{"@type":"ImageObject","inLanguage":"fr-FR","@id":"https:\/\/ifesworld.org\/es\/#\/schema\/logo\/image\/","url":"https:\/\/ifesworld.org\/wp-content\/uploads\/2019\/06\/ifeslogo.png","contentUrl":"https:\/\/ifesworld.org\/wp-content\/uploads\/2019\/06\/ifeslogo.png","width":262,"height":262,"caption":"IFES \u00b7 International Fellowship of Evangelical Students"},"image":{"@id":"https:\/\/ifesworld.org\/es\/#\/schema\/logo\/image\/"}}]}},"_links":{"self":[{"href":"https:\/\/ifesworld.org\/fr\/wp-json\/wp\/v2\/pages\/283","targetHints":{"allow":["GET"]}}],"collection":[{"href":"https:\/\/ifesworld.org\/fr\/wp-json\/wp\/v2\/pages"}],"about":[{"href":"https:\/\/ifesworld.org\/fr\/wp-json\/wp\/v2\/types\/page"}],"author":[{"embeddable":true,"href":"https:\/\/ifesworld.org\/fr\/wp-json\/wp\/v2\/users\/2"}],"replies":[{"embeddable":true,"href":"https:\/\/ifesworld.org\/fr\/wp-json\/wp\/v2\/comments?post=283"}],"version-history":[{"count":3,"href":"https:\/\/ifesworld.org\/fr\/wp-json\/wp\/v2\/pages\/283\/revisions"}],"predecessor-version":[{"id":50624,"href":"https:\/\/ifesworld.org\/fr\/wp-json\/wp\/v2\/pages\/283\/revisions\/50624"}],"wp:featuredmedia":[{"embeddable":true,"href":"https:\/\/ifesworld.org\/fr\/wp-json\/wp\/v2\/media\/33397"}],"wp:attachment":[{"href":"https:\/\/ifesworld.org\/fr\/wp-json\/wp\/v2\/media?parent=283"}],"wp:term":[{"taxonomy":"area","embeddable":true,"href":"https:\/\/ifesworld.org\/fr\/wp-json\/wp\/v2\/area?post=283"},{"taxonomy":"theme","embeddable":true,"href":"https:\/\/ifesworld.org\/fr\/wp-json\/wp\/v2\/theme?post=283"}],"curies":[{"name":"wp","href":"https:\/\/api.w.org\/{rel}","templated":true}]}}