{"id":257,"date":"2019-04-17T07:50:53","date_gmt":"2019-04-17T07:50:53","guid":{"rendered":"https:\/\/ifesworld.org\/contacter\/"},"modified":"2022-03-02T10:07:04","modified_gmt":"2022-03-02T10:07:04","slug":"contacter","status":"publish","type":"page","link":"https:\/\/ifesworld.org\/fr\/contacter\/","title":{"rendered":"Nous contacter"},"content":{"rendered":"<div class=\"wp-block block-core-paragraph\">\n<p class=\"wp-block-paragraph\">N&rsquo;h\u00e9sitez pas \u00e0 nous contacter ! L&rsquo;\u00e9quipe du Bureau International est en mesure de r\u00e9pondre \u00e0 la plupart des questions relatives au minist\u00e8re \u00e9tudiant de l&rsquo;IFES dans le monde.<\/p>\n<\/div>\n\n<div class=\"wp-block block-core-shortcode\">\n<div class=\"wpcf7 no-js\" id=\"wpcf7-f6426-o1\" lang=\"en-US\" dir=\"ltr\" data-wpcf7-id=\"6426\">\n<div class=\"screen-reader-response\"><p role=\"status\" aria-live=\"polite\" aria-atomic=\"true\"><\/p> <ul><\/ul><\/div>\n<form action=\"\/fr\/wp-json\/wp\/v2\/pages\/257#wpcf7-f6426-o1\" method=\"post\" class=\"wpcf7-form init\" aria-label=\"Contact form\" novalidate=\"novalidate\" data-status=\"init\">\n<fieldset class=\"hidden-fields-container\"><input type=\"hidden\" name=\"_wpcf7\" value=\"6426\" \/><input type=\"hidden\" name=\"_wpcf7_version\" value=\"6.1.5\" \/><input type=\"hidden\" name=\"_wpcf7_locale\" value=\"en_US\" \/><input type=\"hidden\" name=\"_wpcf7_unit_tag\" value=\"wpcf7-f6426-o1\" \/><input type=\"hidden\" name=\"_wpcf7_container_post\" value=\"0\" \/><input type=\"hidden\" name=\"_wpcf7_posted_data_hash\" value=\"\" \/><input type=\"hidden\" name=\"_wpcf7_recaptcha_response\" value=\"\" \/>\n<\/fieldset>\n<p><span class=\"wpcf7-form-control-wrap\" data-name=\"your-name\"><input size=\"40\" maxlength=\"400\" class=\"wpcf7-form-control wpcf7-text wpcf7-validates-as-required\" aria-required=\"true\" aria-invalid=\"false\" placeholder=\"Entrez votre nom\" value=\"\" type=\"text\" name=\"your-name\" \/><\/span>\n<\/p>\n<p><span class=\"wpcf7-form-control-wrap\" data-name=\"your-email\"><input size=\"40\" maxlength=\"400\" class=\"wpcf7-form-control wpcf7-email wpcf7-validates-as-required wpcf7-text wpcf7-validates-as-email\" aria-required=\"true\" aria-invalid=\"false\" placeholder=\"Entrez votre adresse email\" value=\"\" type=\"email\" name=\"your-email\" \/><\/span>\n<\/p>\n<p><span class=\"wpcf7-form-control-wrap\" data-name=\"your-message\"><textarea cols=\"40\" rows=\"10\" maxlength=\"2000\" class=\"wpcf7-form-control wpcf7-textarea\" aria-invalid=\"false\" placeholder=\"Entrez votre message\" name=\"your-message\"><\/textarea><\/span>\n<\/p>\n<span class=\"wpcf7-form-control-wrap recaptcha\" data-name=\"recaptcha\"><span data-sitekey=\"6Lf_a6oUAAAAAKykEIvbKID8B_gqrkrkEvJA_mjg\" class=\"wpcf7-form-control wpcf7-recaptcha g-recaptcha\"><\/span>\r\n<noscript>\r\n\t<div class=\"grecaptcha-noscript\">\r\n\t\t<iframe loading=\"lazy\" src=\"https:\/\/www.google.com\/recaptcha\/api\/fallback?k=6Lf_a6oUAAAAAKykEIvbKID8B_gqrkrkEvJA_mjg\" frameborder=\"0\" scrolling=\"no\" width=\"310\" height=\"430\">\r\n\t\t<\/iframe>\r\n\t\t<textarea name=\"g-recaptcha-response\" rows=\"3\" cols=\"40\" placeholder=\"reCaptcha Response Here\">\r\n\t\t<\/textarea>\r\n\t<\/div>\r\n<\/noscript>\r\n<\/span>\n<div class=\"btn btn--secondary\">\n\t<p><input class=\"wpcf7-form-control wpcf7-submit has-spinner\" type=\"submit\" value=\"Envoyer le message\" \/><span>Envoyer le message<\/span>\n\t<\/p>\n<\/div><div class=\"wpcf7-response-output\" aria-hidden=\"true\"><\/div>\n<\/form>\n<\/div>\n\n<\/div>\n\n<div class=\"wp-block block-core-columns has-3-columns\">\n<div class=\"wp-block-columns has-3-columns is-layout-flex wp-container-core-columns-is-layout-8f761849 wp-block-columns-is-layout-flex\">\n<div class=\"wp-block-column is-layout-flow wp-block-column-is-layout-flow\" style=\"flex-basis:33%\"><div class=\"wp-block block-core-paragraph\">\n<p class=\"wp-block-paragraph\"><strong>IFES International Services (UK)<\/strong><br>5 Blue Boar Street<br>Oxford OX1 4EE<br>United Kingdom<\/p>\n<\/div>\n\n<div class=\"wp-block block-core-paragraph\">\n<p class=\"wp-block-paragraph\"><a href=\"tel:+44%20(0)1865%20263777\">+44 (0)1865 263777<\/a><br><a href=\"mailto:info@ifesworld.org\">info@ifesworld.org<\/a><\/p>\n<\/div>\n\n<div class=\"wp-block block-core-paragraph\">\n<p class=\"has-xs-font-size wp-block-paragraph\">IFES is a registered charity in England and Wales (247919), and a limited company (876229).<\/p>\n<\/div><\/div>\n\n\n\n<div class=\"wp-block-column is-layout-flow wp-block-column-is-layout-flow\" style=\"flex-basis:33.5%\"><div class=\"wp-block block-core-paragraph\">\n<p class=\"wp-block-paragraph\"><strong>IFES\/USA<\/strong><br>PO Box 46007<br>Madison, WI 53744<br>United States of America<\/p>\n<\/div>\n\n<div class=\"wp-block block-core-paragraph\">\n<p class=\"wp-block-paragraph\"><a href=\"tel:+16083486234\">+1 608 348 6234<\/a><br><a href=\"mailto:office.usa@ifesworld.org\">office.usa@ifesworld.org<\/a><br><a href=\"mailto:donor.services@ifesworld.org\">donor.services@ifesworld.org<\/a><\/p>\n<\/div>\n\n<div class=\"wp-block block-core-paragraph\">\n<p class=\"has-xs-font-size wp-block-paragraph\">IFES\/USA is a registered 501(c)(3) nonprofit organization in the USA.<\/p>\n<\/div><\/div>\n\n\n\n<div class=\"wp-block-column is-layout-flow wp-block-column-is-layout-flow\" style=\"flex-basis:33.5%\"><div class=\"wp-block block-core-paragraph\">\n<p class=\"wp-block-paragraph\"><strong><strong>L&rsquo;Union internationale des Groupes bibliques universitaires (IFES)<\/strong> <\/strong><br> Rue du Simplon 37<br>1006 Lausanne<br>Suisse <\/p>\n<\/div>\n\n<div class=\"wp-block block-core-paragraph\">\n<p class=\"wp-block-paragraph\"><a href=\"mailto:info@ifesworld.org\">info@ifesworld.org<\/a><\/p>\n<\/div>\n\n<div class=\"wp-block block-core-paragraph\">\n<p class=\"has-xs-font-size wp-block-paragraph\">L&rsquo;IFES est une organisation d\u00e9clar\u00e9e en Suisse.<\/p>\n<\/div><\/div>\n<\/div>\n<\/div>\n\n<div class=\"wp-block block-core-group alignfull\">\n<div class=\"wp-block-group alignfull has-white-dark-background-color has-background\"><div class=\"wp-block-group__inner-container is-layout-flow wp-block-group-is-layout-flow\"><div class=\"wp-block block-core-heading\">\n<h1 class=\"wp-block-heading\" id=\"entrez-en-contact-avec-une-region-de-l-ifes-ou-un-mouvement-national\">Entrez en contact avec une r\u00e9gion de l\u2019ifes ou un mouvement national<\/h1>\n<\/div>\n\n<div class=\"wp-block block-core-paragraph\">\n<p class=\"wp-block-paragraph\">Pour joindre un(e) secr\u00e9taire r\u00e9gional(e) ou prendre contact avec un mouvement national de l\u2019IFES, vous les trouverez en naviguant vers nos <a href=\"https:\/\/ifesworld.org\/fr\/monde\/\">pages r\u00e9gionales<\/a>.<\/p>\n<\/div>\n\n<div class=\"wp-block block-acf-regionlistmap\">\n<section id=\"region-list-block_5d027ac92a95f\" class=\"region-list-container\">\n    <img decoding=\"async\" class=\"region-list__map\" src=\"\/wp-content\/themes\/ifes\/assets\/images\/svg\/IFES_World_Connect_Map.svg\">\n    <div class=\"region-list__container flex full-width full-height\">\n        <ul class=\"region-list no-style\">\n          <li class=\"region region--south-pacific\"><a class=\"btn btn--south-pacific\" href=\"https:\/\/ifesworld.org\/fr\/region\/pacifiquesud\/\"><span>Pacifique sud<\/span><\/a><\/li><li class=\"region region--east-asia\"><a class=\"btn btn--east-asia\" href=\"https:\/\/ifesworld.org\/fr\/region\/asiedelest\/\"><span>Asie de l\u2019Est<\/span><\/a><\/li><li class=\"region region--south-asia\"><a class=\"btn btn--south-asia\" href=\"https:\/\/ifesworld.org\/fr\/region\/asiedusud\/\"><span>Asie du Sud<\/span><\/a><\/li><li class=\"region region--eurasia\"><a class=\"btn btn--eurasia\" href=\"https:\/\/ifesworld.org\/fr\/region\/eurasie\/\"><span>Eurasie<\/span><\/a><\/li><li class=\"region region--epsa\"><a class=\"btn btn--epsa\" href=\"https:\/\/ifesworld.org\/fr\/region\/epsa\/\"><span>EPSA<\/span><\/a><\/li><li class=\"region region--mena\"><a class=\"btn btn--mena\" href=\"https:\/\/ifesworld.org\/fr\/region\/mena\/\"><span>MENA<\/span><\/a><\/li><li class=\"region region--caribbean\"><a class=\"btn btn--caribbean\" href=\"https:\/\/ifesworld.org\/fr\/region\/caraibe\/\"><span>Cara\u00efbe<\/span><\/a><\/li><li class=\"region region--europe\"><a class=\"btn btn--europe\" href=\"https:\/\/ifesworld.org\/fr\/region\/europe\/\"><span>Europe<\/span><\/a><\/li><li class=\"region region--latin-america\"><a class=\"btn btn--latin-america\" href=\"https:\/\/ifesworld.org\/fr\/region\/ameriquelatine\/\"><span>Am\u00e9rique latine<\/span><\/a><\/li><li class=\"region region--north-america\"><a class=\"btn btn--north-america\" href=\"https:\/\/ifesworld.org\/fr\/region\/ameriquedunord\/\"><span>Am\u00e9rique du Nord<\/span><\/a><\/li><li class=\"region region--francophone-africa\"><a class=\"btn btn--francophone-africa\" href=\"https:\/\/ifesworld.org\/fr\/region\/afriquefrancophone\/\"><span>Afrique francophone<\/span><\/a><\/li>        <\/ul>\n    <\/div>\n<\/section>\n\n<\/div><\/div>\n<\/div><\/div>","protected":false},"excerpt":{"rendered":"<p>N&rsquo;h\u00e9sitez pas \u00e0 nous contacter ! L&rsquo;\u00e9quipe du Bureau International est en mesure de r\u00e9pondre \u00e0 la plupart des questions relatives au minist\u00e8re \u00e9tudiant de l&rsquo;IFES dans le monde. IFES International Services (UK)5 Blue Boar StreetOxford OX1 4EEUnited Kingdom +44 (0)1865 263777info@ifesworld.org IFES is a registered charity in England and Wales (247919), and a limited&#8230;<\/p>\n","protected":false},"author":2,"featured_media":0,"parent":0,"menu_order":0,"comment_status":"closed","ping_status":"closed","template":"","meta":{"_acf_changed":false,"_crdt_document":"","inline_featured_image":false,"footnotes":""},"area":[],"theme":[],"class_list":["post-257","page","type-page","status-publish","hentry"],"acf":[],"yoast_head":"<!-- This site is optimized with the Yoast SEO plugin v27.2 - https:\/\/yoast.com\/product\/yoast-seo-wordpress\/ -->\n<title>Nous contacter &#183; IFES<\/title>\n<meta name=\"description\" content=\"N&#039;h\u00e9sitez pas \u00e0 nous contacter ! L&#039;\u00e9quipe du Bureau International est en mesure de r\u00e9pondre \u00e0 la plupart des questions relatives au minist\u00e8re \u00e9tudiant de\" \/>\n<meta name=\"robots\" content=\"index, follow, max-snippet:-1, max-image-preview:large, max-video-preview:-1\" \/>\n<link rel=\"canonical\" href=\"https:\/\/ifesworld.org\/fr\/contacter\/\" \/>\n<meta property=\"og:locale\" content=\"fr_FR\" \/>\n<meta property=\"og:type\" content=\"article\" \/>\n<meta property=\"og:title\" content=\"Nous contacter &#183; IFES\" \/>\n<meta property=\"og:description\" content=\"N&#039;h\u00e9sitez pas \u00e0 nous contacter ! L&#039;\u00e9quipe du Bureau International est en mesure de r\u00e9pondre \u00e0 la plupart des questions relatives au minist\u00e8re \u00e9tudiant de\" \/>\n<meta property=\"og:url\" content=\"https:\/\/ifesworld.org\/fr\/contacter\/\" \/>\n<meta property=\"og:site_name\" content=\"IFES\" \/>\n<meta property=\"article:modified_time\" content=\"2022-03-02T10:07:04+00:00\" \/>\n<meta property=\"og:image\" content=\"https:\/\/ifesworld.org\/wp-content\/uploads\/2019\/06\/ifeslogo.png\" \/>\n\t<meta property=\"og:image:width\" content=\"262\" \/>\n\t<meta property=\"og:image:height\" content=\"262\" \/>\n\t<meta property=\"og:image:type\" content=\"image\/png\" \/>\n<meta name=\"twitter:card\" content=\"summary_large_image\" \/>\n<meta name=\"twitter:label1\" content=\"Dur\u00e9e de lecture estim\u00e9e\" \/>\n\t<meta name=\"twitter:data1\" content=\"1 minute\" \/>\n<script type=\"application\/ld+json\" class=\"yoast-schema-graph\">{\"@context\":\"https:\/\/schema.org\",\"@graph\":[{\"@type\":\"WebPage\",\"@id\":\"https:\/\/ifesworld.org\/fr\/contacter\/\",\"url\":\"https:\/\/ifesworld.org\/fr\/contacter\/\",\"name\":\"Nous contacter &#183; IFES\",\"isPartOf\":{\"@id\":\"https:\/\/ifesworld.org\/es\/#website\"},\"datePublished\":\"2019-04-17T07:50:53+00:00\",\"dateModified\":\"2022-03-02T10:07:04+00:00\",\"description\":\"N'h\u00e9sitez pas \u00e0 nous contacter ! L'\u00e9quipe du Bureau International est en mesure de r\u00e9pondre \u00e0 la plupart des questions relatives au minist\u00e8re \u00e9tudiant de\",\"breadcrumb\":{\"@id\":\"https:\/\/ifesworld.org\/fr\/contacter\/#breadcrumb\"},\"inLanguage\":\"fr-FR\",\"potentialAction\":[{\"@type\":\"ReadAction\",\"target\":[\"https:\/\/ifesworld.org\/fr\/contacter\/\"]}]},{\"@type\":\"BreadcrumbList\",\"@id\":\"https:\/\/ifesworld.org\/fr\/contacter\/#breadcrumb\",\"itemListElement\":[{\"@type\":\"ListItem\",\"position\":1,\"name\":\"Home\",\"item\":\"https:\/\/ifesworld.org\/fr\/\"},{\"@type\":\"ListItem\",\"position\":2,\"name\":\"Nous contacter\"}]},{\"@type\":\"WebSite\",\"@id\":\"https:\/\/ifesworld.org\/es\/#website\",\"url\":\"https:\/\/ifesworld.org\/es\/\",\"name\":\"IFES\",\"description\":\"A movement of students sharing and living out the good news of Jesus Christ. Locally. Nationally. Globally.\",\"publisher\":{\"@id\":\"https:\/\/ifesworld.org\/es\/#organization\"},\"potentialAction\":[{\"@type\":\"SearchAction\",\"target\":{\"@type\":\"EntryPoint\",\"urlTemplate\":\"https:\/\/ifesworld.org\/es\/?s={search_term_string}\"},\"query-input\":{\"@type\":\"PropertyValueSpecification\",\"valueRequired\":true,\"valueName\":\"search_term_string\"}}],\"inLanguage\":\"fr-FR\"},{\"@type\":\"Organization\",\"@id\":\"https:\/\/ifesworld.org\/es\/#organization\",\"name\":\"IFES \u00b7 International Fellowship of Evangelical Students\",\"url\":\"https:\/\/ifesworld.org\/es\/\",\"logo\":{\"@type\":\"ImageObject\",\"inLanguage\":\"fr-FR\",\"@id\":\"https:\/\/ifesworld.org\/es\/#\/schema\/logo\/image\/\",\"url\":\"https:\/\/ifesworld.org\/wp-content\/uploads\/2019\/06\/ifeslogo.png\",\"contentUrl\":\"https:\/\/ifesworld.org\/wp-content\/uploads\/2019\/06\/ifeslogo.png\",\"width\":262,\"height\":262,\"caption\":\"IFES \u00b7 International Fellowship of Evangelical Students\"},\"image\":{\"@id\":\"https:\/\/ifesworld.org\/es\/#\/schema\/logo\/image\/\"}}]}<\/script>\n<!-- \/ Yoast SEO plugin. -->","yoast_head_json":{"title":"Nous contacter &#183; IFES","description":"N'h\u00e9sitez pas \u00e0 nous contacter ! L'\u00e9quipe du Bureau International est en mesure de r\u00e9pondre \u00e0 la plupart des questions relatives au minist\u00e8re \u00e9tudiant de","robots":{"index":"index","follow":"follow","max-snippet":"max-snippet:-1","max-image-preview":"max-image-preview:large","max-video-preview":"max-video-preview:-1"},"canonical":"https:\/\/ifesworld.org\/fr\/contacter\/","og_locale":"fr_FR","og_type":"article","og_title":"Nous contacter &#183; IFES","og_description":"N'h\u00e9sitez pas \u00e0 nous contacter ! L'\u00e9quipe du Bureau International est en mesure de r\u00e9pondre \u00e0 la plupart des questions relatives au minist\u00e8re \u00e9tudiant de","og_url":"https:\/\/ifesworld.org\/fr\/contacter\/","og_site_name":"IFES","article_modified_time":"2022-03-02T10:07:04+00:00","og_image":[{"width":262,"height":262,"url":"https:\/\/ifesworld.org\/wp-content\/uploads\/2019\/06\/ifeslogo.png","type":"image\/png"}],"twitter_card":"summary_large_image","twitter_misc":{"Dur\u00e9e de lecture estim\u00e9e":"1 minute"},"schema":{"@context":"https:\/\/schema.org","@graph":[{"@type":"WebPage","@id":"https:\/\/ifesworld.org\/fr\/contacter\/","url":"https:\/\/ifesworld.org\/fr\/contacter\/","name":"Nous contacter &#183; IFES","isPartOf":{"@id":"https:\/\/ifesworld.org\/es\/#website"},"datePublished":"2019-04-17T07:50:53+00:00","dateModified":"2022-03-02T10:07:04+00:00","description":"N'h\u00e9sitez pas \u00e0 nous contacter ! L'\u00e9quipe du Bureau International est en mesure de r\u00e9pondre \u00e0 la plupart des questions relatives au minist\u00e8re \u00e9tudiant de","breadcrumb":{"@id":"https:\/\/ifesworld.org\/fr\/contacter\/#breadcrumb"},"inLanguage":"fr-FR","potentialAction":[{"@type":"ReadAction","target":["https:\/\/ifesworld.org\/fr\/contacter\/"]}]},{"@type":"BreadcrumbList","@id":"https:\/\/ifesworld.org\/fr\/contacter\/#breadcrumb","itemListElement":[{"@type":"ListItem","position":1,"name":"Home","item":"https:\/\/ifesworld.org\/fr\/"},{"@type":"ListItem","position":2,"name":"Nous contacter"}]},{"@type":"WebSite","@id":"https:\/\/ifesworld.org\/es\/#website","url":"https:\/\/ifesworld.org\/es\/","name":"IFES","description":"A movement of students sharing and living out the good news of Jesus Christ. Locally. Nationally. Globally.","publisher":{"@id":"https:\/\/ifesworld.org\/es\/#organization"},"potentialAction":[{"@type":"SearchAction","target":{"@type":"EntryPoint","urlTemplate":"https:\/\/ifesworld.org\/es\/?s={search_term_string}"},"query-input":{"@type":"PropertyValueSpecification","valueRequired":true,"valueName":"search_term_string"}}],"inLanguage":"fr-FR"},{"@type":"Organization","@id":"https:\/\/ifesworld.org\/es\/#organization","name":"IFES \u00b7 International Fellowship of Evangelical Students","url":"https:\/\/ifesworld.org\/es\/","logo":{"@type":"ImageObject","inLanguage":"fr-FR","@id":"https:\/\/ifesworld.org\/es\/#\/schema\/logo\/image\/","url":"https:\/\/ifesworld.org\/wp-content\/uploads\/2019\/06\/ifeslogo.png","contentUrl":"https:\/\/ifesworld.org\/wp-content\/uploads\/2019\/06\/ifeslogo.png","width":262,"height":262,"caption":"IFES \u00b7 International Fellowship of Evangelical Students"},"image":{"@id":"https:\/\/ifesworld.org\/es\/#\/schema\/logo\/image\/"}}]}},"_links":{"self":[{"href":"https:\/\/ifesworld.org\/fr\/wp-json\/wp\/v2\/pages\/257","targetHints":{"allow":["GET"]}}],"collection":[{"href":"https:\/\/ifesworld.org\/fr\/wp-json\/wp\/v2\/pages"}],"about":[{"href":"https:\/\/ifesworld.org\/fr\/wp-json\/wp\/v2\/types\/page"}],"author":[{"embeddable":true,"href":"https:\/\/ifesworld.org\/fr\/wp-json\/wp\/v2\/users\/2"}],"replies":[{"embeddable":true,"href":"https:\/\/ifesworld.org\/fr\/wp-json\/wp\/v2\/comments?post=257"}],"version-history":[{"count":0,"href":"https:\/\/ifesworld.org\/fr\/wp-json\/wp\/v2\/pages\/257\/revisions"}],"wp:attachment":[{"href":"https:\/\/ifesworld.org\/fr\/wp-json\/wp\/v2\/media?parent=257"}],"wp:term":[{"taxonomy":"area","embeddable":true,"href":"https:\/\/ifesworld.org\/fr\/wp-json\/wp\/v2\/area?post=257"},{"taxonomy":"theme","embeddable":true,"href":"https:\/\/ifesworld.org\/fr\/wp-json\/wp\/v2\/theme?post=257"}],"curies":[{"name":"wp","href":"https:\/\/api.w.org\/{rel}","templated":true}]}}