{"id":248,"date":"2019-04-17T07:46:01","date_gmt":"2019-04-17T07:46:01","guid":{"rendered":"https:\/\/ifesworld.org\/landing\/lorganisation\/"},"modified":"2024-01-24T15:25:26","modified_gmt":"2024-01-24T15:25:26","slug":"lorganisation","status":"publish","type":"page","link":"https:\/\/ifesworld.org\/fr\/lorganisation\/","title":{"rendered":"L&rsquo;organisation"},"content":{"rendered":"<div class=\"wp-block block-core-paragraph\">\n<p class=\"has-md-font-size wp-block-paragraph\"> Nous sommes l\u2019IFES : un mouvement d\u2019\u00e9tudiants qui partagent et vivent la bonne nouvelle de J\u00e9sus-Christ,&nbsp;au niveau local, national et mondial.&nbsp; <\/p>\n<\/div>\n\n<div class=\"wp-block block-core-paragraph\">\n<p class=\"wp-block-paragraph\"> Nous fa\u00e7onnons des vies et nous d\u00e9veloppons des responsables qui s\u2019engagent \u00e0 l\u2019universit\u00e9 et qui influencent le monde.&nbsp; <\/p>\n<\/div>\n\n<div class=\"wp-block block-acf-calltoactiongrid alignwide\">\n<section id=\"calltoactiongrid-block-block_2f2f139f231a74cd337bc76f484d658f\" class=\"alignwide calltoaction--grid custom-post-list list--custom\">\n    <ul class='post-list items--3 flex flex--wrap flex--center-x no-style'>\n                <li class=\"post__item flex flex--column\">\n              <article>\n                  <figure class=\"image--absolute--center image--absolute--mask image--absolute--aspect-ratio aspect-ratio--4-3\">\n                    <img loading=\"lazy\" decoding=\"async\" width=\"300\" height=\"200\" src=\"https:\/\/ifesworld.org\/wp-content\/uploads\/2024\/01\/IFESWA2023_Finals_DK-168-2-300x200.jpg\" class=\"attachment-medium size-medium\" alt=\"\" srcset=\"https:\/\/ifesworld.org\/wp-content\/uploads\/2024\/01\/IFESWA2023_Finals_DK-168-2-300x200.jpg 300w, https:\/\/ifesworld.org\/wp-content\/uploads\/2024\/01\/IFESWA2023_Finals_DK-168-2-1024x683.jpg 1024w, https:\/\/ifesworld.org\/wp-content\/uploads\/2024\/01\/IFESWA2023_Finals_DK-168-2-768x512.jpg 768w, https:\/\/ifesworld.org\/wp-content\/uploads\/2024\/01\/IFESWA2023_Finals_DK-168-2-1536x1024.jpg 1536w, https:\/\/ifesworld.org\/wp-content\/uploads\/2024\/01\/IFESWA2023_Finals_DK-168-2.jpg 2048w\" sizes=\"auto, (max-width: 300px) 100vw, 300px\" \/>                  <\/figure>\n                  <div class=\"ctagrid__content flex flex--column flex--end\">\n                      <header class=\"ctagrid__header flex flex--center aspect-ratio--4-3\">\n                          <h2 class=\"h1 flex flex--column flex--center\">Notre travail<\/h2>\n                      <\/header>\n                      <p class=\"text--center\">Nous travaillons \u00e0 \u00e9tablir et soutenir un mouvement chr\u00e9tien dirig\u00e9 par des \u00e9tudiants locaux dans plus de 180 pays.<\/p>\n                       \n<div class=\"align--center\">\n    <a id=\"calltoactiongrid-block-block_2f2f139f231a74cd337bc76f484d658f\" target=\"\" href=\"https:\/\/ifesworld.org\/fr\/notre-travail\/\" class=\"grid-cta__button btn btn--primary\">\n        <span>\n        En savoir plus         <\/span>\n    <\/a>\n<\/div>\n\n                  <\/div>\n              <\/article>\n          <\/li>\n                <li class=\"post__item flex flex--column\">\n              <article>\n                  <figure class=\"image--absolute--center image--absolute--mask image--absolute--aspect-ratio aspect-ratio--4-3\">\n                    <img loading=\"lazy\" decoding=\"async\" width=\"300\" height=\"170\" src=\"https:\/\/ifesworld.org\/wp-content\/uploads\/2019\/06\/Together-Background-300x170.png\" class=\"attachment-medium size-medium\" alt=\"\" srcset=\"https:\/\/ifesworld.org\/wp-content\/uploads\/2019\/06\/Together-Background-300x169.png 300w, https:\/\/ifesworld.org\/wp-content\/uploads\/2019\/06\/Together-Background-768x434.png 768w, https:\/\/ifesworld.org\/wp-content\/uploads\/2019\/06\/Together-Background-1024x579.png 1024w, https:\/\/ifesworld.org\/wp-content\/uploads\/2019\/06\/Together-Background.png 1200w\" sizes=\"auto, (max-width: 300px) 100vw, 300px\" \/>                  <\/figure>\n                  <div class=\"ctagrid__content flex flex--column flex--end\">\n                      <header class=\"ctagrid__header flex flex--center aspect-ratio--4-3\">\n                          <h2 class=\"h1 flex flex--column flex--center\">Notre histoire<\/h2>\n                      <\/header>\n                      <p class=\"text--center\">D\u00e9couvrez d\u2019o\u00f9 nous venons et comment nous continuons \u00e0 apporter l\u2019\u00c9vangile dans les universit\u00e9s du monde entier.<\/p>\n                       \n<div class=\"align--center\">\n    <a id=\"calltoactiongrid-block-block_2f2f139f231a74cd337bc76f484d658f\" target=\"\" href=\"https:\/\/ifesworld.org\/fr\/ensemble\/\" class=\"grid-cta__button btn btn--primary\">\n        <span>\n        Lire notre histoire         <\/span>\n    <\/a>\n<\/div>\n\n                  <\/div>\n              <\/article>\n          <\/li>\n                <li class=\"post__item flex flex--column\">\n              <article>\n                  <figure class=\"image--absolute--center image--absolute--mask image--absolute--aspect-ratio aspect-ratio--4-3\">\n                    <img loading=\"lazy\" decoding=\"async\" width=\"300\" height=\"200\" src=\"https:\/\/ifesworld.org\/wp-content\/uploads\/2024\/01\/BEN03493-2-300x200.jpg\" class=\"attachment-medium size-medium\" alt=\"\" srcset=\"https:\/\/ifesworld.org\/wp-content\/uploads\/2024\/01\/BEN03493-2-300x200.jpg 300w, https:\/\/ifesworld.org\/wp-content\/uploads\/2024\/01\/BEN03493-2-1024x683.jpg 1024w, https:\/\/ifesworld.org\/wp-content\/uploads\/2024\/01\/BEN03493-2-768x512.jpg 768w, https:\/\/ifesworld.org\/wp-content\/uploads\/2024\/01\/BEN03493-2-1536x1024.jpg 1536w, https:\/\/ifesworld.org\/wp-content\/uploads\/2024\/01\/BEN03493-2.jpg 2048w\" sizes=\"auto, (max-width: 300px) 100vw, 300px\" \/>                  <\/figure>\n                  <div class=\"ctagrid__content flex flex--column flex--end\">\n                      <header class=\"ctagrid__header flex flex--center aspect-ratio--4-3\">\n                          <h2 class=\"h1 flex flex--column flex--center\">Notre \u00e9quipe<\/h2>\n                      <\/header>\n                      <p class=\"text--center\">L\u2019IFES est compos\u00e9 d\u2019\u00e9tudiants, de membres du personnel et de partenaires de partout dans le monde.<\/p>\n                       \n<div class=\"align--center\">\n    <a id=\"calltoactiongrid-block-block_2f2f139f231a74cd337bc76f484d658f\" target=\"\" href=\"https:\/\/ifesworld.org\/fr\/notre-equipe-de-mission\/\" class=\"grid-cta__button btn btn--primary\">\n        <span>\n        Rencontrer notre \u00e9quipe         <\/span>\n    <\/a>\n<\/div>\n\n                  <\/div>\n              <\/article>\n          <\/li>\n                <li class=\"post__item flex flex--column\">\n              <article>\n                  <figure class=\"image--absolute--center image--absolute--mask image--absolute--aspect-ratio aspect-ratio--4-3\">\n                    <img loading=\"lazy\" decoding=\"async\" width=\"300\" height=\"169\" src=\"https:\/\/ifesworld.org\/wp-content\/uploads\/2024\/01\/WDE00331-edited-1-300x169.jpg\" class=\"attachment-medium size-medium\" alt=\"\" srcset=\"https:\/\/ifesworld.org\/wp-content\/uploads\/2024\/01\/WDE00331-edited-1-300x169.jpg 300w, https:\/\/ifesworld.org\/wp-content\/uploads\/2024\/01\/WDE00331-edited-1-1024x576.jpg 1024w, https:\/\/ifesworld.org\/wp-content\/uploads\/2024\/01\/WDE00331-edited-1-768x432.jpg 768w, https:\/\/ifesworld.org\/wp-content\/uploads\/2024\/01\/WDE00331-edited-1-1536x864.jpg 1536w, https:\/\/ifesworld.org\/wp-content\/uploads\/2024\/01\/WDE00331-edited-1-2048x1152.jpg 2048w\" sizes=\"auto, (max-width: 300px) 100vw, 300px\" \/>                  <\/figure>\n                  <div class=\"ctagrid__content flex flex--column flex--end\">\n                      <header class=\"ctagrid__header flex flex--center aspect-ratio--4-3\">\n                          <h2 class=\"h1 flex flex--column flex--center\">Gouvernance de l\u2019IFES<\/h2>\n                      <\/header>\n                      <p class=\"text--center\">Nous sommes engag\u00e9s dans un minist\u00e8re bien structur\u00e9 et dirig\u00e9 d\u2019une mani\u00e8re r\u00e9fl\u00e9chie qui honore Dieu.<\/p>\n                       \n<div class=\"align--center\">\n    <a id=\"calltoactiongrid-block-block_2f2f139f231a74cd337bc76f484d658f\" target=\"\" href=\"https:\/\/ifesworld.org\/fr\/notre-gouvernance\/\" class=\"grid-cta__button btn btn--primary\">\n        <span>\n        En savoir plus         <\/span>\n    <\/a>\n<\/div>\n\n                  <\/div>\n              <\/article>\n          <\/li>\n                <li class=\"post__item flex flex--column\">\n              <article>\n                  <figure class=\"image--absolute--center image--absolute--mask image--absolute--aspect-ratio aspect-ratio--4-3\">\n                    <img loading=\"lazy\" decoding=\"async\" width=\"300\" height=\"200\" src=\"https:\/\/ifesworld.org\/wp-content\/uploads\/2019\/06\/Think-Bigger-p15-300x200.jpg\" class=\"attachment-medium size-medium\" alt=\"\" srcset=\"https:\/\/ifesworld.org\/wp-content\/uploads\/2019\/06\/Think-Bigger-p15-300x200.jpg 300w, https:\/\/ifesworld.org\/wp-content\/uploads\/2019\/06\/Think-Bigger-p15-768x512.jpg 768w, https:\/\/ifesworld.org\/wp-content\/uploads\/2019\/06\/Think-Bigger-p15-1024x683.jpg 1024w\" sizes=\"auto, (max-width: 300px) 100vw, 300px\" \/>                  <\/figure>\n                  <div class=\"ctagrid__content flex flex--column flex--end\">\n                      <header class=\"ctagrid__header flex flex--center aspect-ratio--4-3\">\n                          <h2 class=\"h1 flex flex--column flex--center\">CROYANCES<\/h2>\n                      <\/header>\n                      <p class=\"text--center\">Nous sommes une organisation non-d\u00e9nominationnelle qui rassemble des chr\u00e9tiens de toutes cultures, langues et traditions chr\u00e9tiennes.<\/p>\n                       \n<div class=\"align--center\">\n    <a id=\"calltoactiongrid-block-block_2f2f139f231a74cd337bc76f484d658f\" target=\"\" href=\"https:\/\/ifesworld.org\/fr\/ce-que-nous-croyons\/\" class=\"grid-cta__button btn btn--primary\">\n        <span>\n        Ce que nous croyons         <\/span>\n    <\/a>\n<\/div>\n\n                  <\/div>\n              <\/article>\n          <\/li>\n                <li class=\"post__item flex flex--column\">\n              <article>\n                  <figure class=\"image--absolute--center image--absolute--mask image--absolute--aspect-ratio aspect-ratio--4-3\">\n                    <img loading=\"lazy\" decoding=\"async\" width=\"300\" height=\"200\" src=\"https:\/\/ifesworld.org\/wp-content\/uploads\/2019\/06\/feedback-300x200.jpg\" class=\"attachment-medium size-medium\" alt=\"\" srcset=\"https:\/\/ifesworld.org\/wp-content\/uploads\/2019\/06\/feedback-300x200.jpg 300w, https:\/\/ifesworld.org\/wp-content\/uploads\/2019\/06\/feedback-768x511.jpg 768w, https:\/\/ifesworld.org\/wp-content\/uploads\/2019\/06\/feedback-1024x681.jpg 1024w\" sizes=\"auto, (max-width: 300px) 100vw, 300px\" \/>                  <\/figure>\n                  <div class=\"ctagrid__content flex flex--column flex--end\">\n                      <header class=\"ctagrid__header flex flex--center aspect-ratio--4-3\">\n                          <h2 class=\"h1 flex flex--column flex--center\">Contact<\/h2>\n                      <\/header>\n                      <p class=\"text--center\">Contacter l\u2019IFES<\/p>\n                       \n<div class=\"align--center\">\n    <a id=\"calltoactiongrid-block-block_2f2f139f231a74cd337bc76f484d658f\" target=\"\" href=\"https:\/\/ifesworld.org\/en\/contact\/\" class=\"grid-cta__button btn btn--primary\">\n        <span>\n        Contact IFES        <\/span>\n    <\/a>\n<\/div>\n\n                  <\/div>\n              <\/article>\n          <\/li>\n          <\/ul>\n<\/section>\n<\/div>","protected":false},"excerpt":{"rendered":"<p>Nous sommes l\u2019IFES : un mouvement d\u2019\u00e9tudiants qui partagent et vivent la bonne nouvelle de J\u00e9sus-Christ,&nbsp;au niveau local, national et mondial.&nbsp; Nous fa\u00e7onnons des vies et nous d\u00e9veloppons des responsables qui s\u2019engagent \u00e0 l\u2019universit\u00e9 et qui influencent le monde.&nbsp;<\/p>\n","protected":false},"author":2,"featured_media":0,"parent":0,"menu_order":0,"comment_status":"closed","ping_status":"closed","template":"","meta":{"_acf_changed":false,"_crdt_document":"","inline_featured_image":false,"footnotes":""},"area":[],"theme":[],"class_list":["post-248","page","type-page","status-publish","hentry"],"acf":[],"yoast_head":"<!-- This site is optimized with the Yoast SEO plugin v27.2 - https:\/\/yoast.com\/product\/yoast-seo-wordpress\/ -->\n<title>L&#039;organisation &#183; IFES<\/title>\n<meta name=\"description\" content=\"Nous sommes l\u2019IFES : un mouvement d\u2019\u00e9tudiants qui partagent et vivent la bonne nouvelle de J\u00e9sus-Christ,&nbsp;au niveau local, national et mondial.&nbsp;\" \/>\n<meta name=\"robots\" content=\"index, follow, max-snippet:-1, max-image-preview:large, max-video-preview:-1\" \/>\n<link rel=\"canonical\" href=\"https:\/\/ifesworld.org\/fr\/lorganisation\/\" \/>\n<meta property=\"og:locale\" content=\"fr_FR\" \/>\n<meta property=\"og:type\" content=\"article\" \/>\n<meta property=\"og:title\" content=\"L&#039;organisation &#183; IFES\" \/>\n<meta property=\"og:description\" content=\"Nous sommes l\u2019IFES : un mouvement d\u2019\u00e9tudiants qui partagent et vivent la bonne nouvelle de J\u00e9sus-Christ,&nbsp;au niveau local, national et mondial.&nbsp;\" \/>\n<meta property=\"og:url\" content=\"https:\/\/ifesworld.org\/fr\/lorganisation\/\" \/>\n<meta property=\"og:site_name\" content=\"IFES\" \/>\n<meta property=\"article:modified_time\" content=\"2024-01-24T15:25:26+00:00\" \/>\n<meta property=\"og:image\" content=\"https:\/\/ifesworld.org\/wp-content\/uploads\/2019\/06\/ifeslogo.png\" \/>\n\t<meta property=\"og:image:width\" content=\"262\" \/>\n\t<meta property=\"og:image:height\" content=\"262\" \/>\n\t<meta property=\"og:image:type\" content=\"image\/png\" \/>\n<meta name=\"twitter:card\" content=\"summary_large_image\" \/>\n<meta name=\"twitter:label1\" content=\"Dur\u00e9e de lecture estim\u00e9e\" \/>\n\t<meta name=\"twitter:data1\" content=\"1 minute\" \/>\n<script type=\"application\/ld+json\" class=\"yoast-schema-graph\">{\"@context\":\"https:\/\/schema.org\",\"@graph\":[{\"@type\":\"WebPage\",\"@id\":\"https:\/\/ifesworld.org\/fr\/lorganisation\/\",\"url\":\"https:\/\/ifesworld.org\/fr\/lorganisation\/\",\"name\":\"L'organisation &#183; IFES\",\"isPartOf\":{\"@id\":\"https:\/\/ifesworld.org\/es\/#website\"},\"datePublished\":\"2019-04-17T07:46:01+00:00\",\"dateModified\":\"2024-01-24T15:25:26+00:00\",\"description\":\"Nous sommes l\u2019IFES : un mouvement d\u2019\u00e9tudiants qui partagent et vivent la bonne nouvelle de J\u00e9sus-Christ,&nbsp;au niveau local, national et mondial.&nbsp;\",\"breadcrumb\":{\"@id\":\"https:\/\/ifesworld.org\/fr\/lorganisation\/#breadcrumb\"},\"inLanguage\":\"fr-FR\",\"potentialAction\":[{\"@type\":\"ReadAction\",\"target\":[\"https:\/\/ifesworld.org\/fr\/lorganisation\/\"]}]},{\"@type\":\"BreadcrumbList\",\"@id\":\"https:\/\/ifesworld.org\/fr\/lorganisation\/#breadcrumb\",\"itemListElement\":[{\"@type\":\"ListItem\",\"position\":1,\"name\":\"Home\",\"item\":\"https:\/\/ifesworld.org\/fr\/\"},{\"@type\":\"ListItem\",\"position\":2,\"name\":\"L&rsquo;organisation\"}]},{\"@type\":\"WebSite\",\"@id\":\"https:\/\/ifesworld.org\/es\/#website\",\"url\":\"https:\/\/ifesworld.org\/es\/\",\"name\":\"IFES\",\"description\":\"A movement of students sharing and living out the good news of Jesus Christ. Locally. Nationally. Globally.\",\"publisher\":{\"@id\":\"https:\/\/ifesworld.org\/es\/#organization\"},\"potentialAction\":[{\"@type\":\"SearchAction\",\"target\":{\"@type\":\"EntryPoint\",\"urlTemplate\":\"https:\/\/ifesworld.org\/es\/?s={search_term_string}\"},\"query-input\":{\"@type\":\"PropertyValueSpecification\",\"valueRequired\":true,\"valueName\":\"search_term_string\"}}],\"inLanguage\":\"fr-FR\"},{\"@type\":\"Organization\",\"@id\":\"https:\/\/ifesworld.org\/es\/#organization\",\"name\":\"IFES \u00b7 International Fellowship of Evangelical Students\",\"url\":\"https:\/\/ifesworld.org\/es\/\",\"logo\":{\"@type\":\"ImageObject\",\"inLanguage\":\"fr-FR\",\"@id\":\"https:\/\/ifesworld.org\/es\/#\/schema\/logo\/image\/\",\"url\":\"https:\/\/ifesworld.org\/wp-content\/uploads\/2019\/06\/ifeslogo.png\",\"contentUrl\":\"https:\/\/ifesworld.org\/wp-content\/uploads\/2019\/06\/ifeslogo.png\",\"width\":262,\"height\":262,\"caption\":\"IFES \u00b7 International Fellowship of Evangelical Students\"},\"image\":{\"@id\":\"https:\/\/ifesworld.org\/es\/#\/schema\/logo\/image\/\"}}]}<\/script>\n<!-- \/ Yoast SEO plugin. -->","yoast_head_json":{"title":"L'organisation &#183; IFES","description":"Nous sommes l\u2019IFES : un mouvement d\u2019\u00e9tudiants qui partagent et vivent la bonne nouvelle de J\u00e9sus-Christ,&nbsp;au niveau local, national et mondial.&nbsp;","robots":{"index":"index","follow":"follow","max-snippet":"max-snippet:-1","max-image-preview":"max-image-preview:large","max-video-preview":"max-video-preview:-1"},"canonical":"https:\/\/ifesworld.org\/fr\/lorganisation\/","og_locale":"fr_FR","og_type":"article","og_title":"L'organisation &#183; IFES","og_description":"Nous sommes l\u2019IFES : un mouvement d\u2019\u00e9tudiants qui partagent et vivent la bonne nouvelle de J\u00e9sus-Christ,&nbsp;au niveau local, national et mondial.&nbsp;","og_url":"https:\/\/ifesworld.org\/fr\/lorganisation\/","og_site_name":"IFES","article_modified_time":"2024-01-24T15:25:26+00:00","og_image":[{"width":262,"height":262,"url":"https:\/\/ifesworld.org\/wp-content\/uploads\/2019\/06\/ifeslogo.png","type":"image\/png"}],"twitter_card":"summary_large_image","twitter_misc":{"Dur\u00e9e de lecture estim\u00e9e":"1 minute"},"schema":{"@context":"https:\/\/schema.org","@graph":[{"@type":"WebPage","@id":"https:\/\/ifesworld.org\/fr\/lorganisation\/","url":"https:\/\/ifesworld.org\/fr\/lorganisation\/","name":"L'organisation &#183; IFES","isPartOf":{"@id":"https:\/\/ifesworld.org\/es\/#website"},"datePublished":"2019-04-17T07:46:01+00:00","dateModified":"2024-01-24T15:25:26+00:00","description":"Nous sommes l\u2019IFES : un mouvement d\u2019\u00e9tudiants qui partagent et vivent la bonne nouvelle de J\u00e9sus-Christ,&nbsp;au niveau local, national et mondial.&nbsp;","breadcrumb":{"@id":"https:\/\/ifesworld.org\/fr\/lorganisation\/#breadcrumb"},"inLanguage":"fr-FR","potentialAction":[{"@type":"ReadAction","target":["https:\/\/ifesworld.org\/fr\/lorganisation\/"]}]},{"@type":"BreadcrumbList","@id":"https:\/\/ifesworld.org\/fr\/lorganisation\/#breadcrumb","itemListElement":[{"@type":"ListItem","position":1,"name":"Home","item":"https:\/\/ifesworld.org\/fr\/"},{"@type":"ListItem","position":2,"name":"L&rsquo;organisation"}]},{"@type":"WebSite","@id":"https:\/\/ifesworld.org\/es\/#website","url":"https:\/\/ifesworld.org\/es\/","name":"IFES","description":"A movement of students sharing and living out the good news of Jesus Christ. Locally. Nationally. Globally.","publisher":{"@id":"https:\/\/ifesworld.org\/es\/#organization"},"potentialAction":[{"@type":"SearchAction","target":{"@type":"EntryPoint","urlTemplate":"https:\/\/ifesworld.org\/es\/?s={search_term_string}"},"query-input":{"@type":"PropertyValueSpecification","valueRequired":true,"valueName":"search_term_string"}}],"inLanguage":"fr-FR"},{"@type":"Organization","@id":"https:\/\/ifesworld.org\/es\/#organization","name":"IFES \u00b7 International Fellowship of Evangelical Students","url":"https:\/\/ifesworld.org\/es\/","logo":{"@type":"ImageObject","inLanguage":"fr-FR","@id":"https:\/\/ifesworld.org\/es\/#\/schema\/logo\/image\/","url":"https:\/\/ifesworld.org\/wp-content\/uploads\/2019\/06\/ifeslogo.png","contentUrl":"https:\/\/ifesworld.org\/wp-content\/uploads\/2019\/06\/ifeslogo.png","width":262,"height":262,"caption":"IFES \u00b7 International Fellowship of Evangelical Students"},"image":{"@id":"https:\/\/ifesworld.org\/es\/#\/schema\/logo\/image\/"}}]}},"_links":{"self":[{"href":"https:\/\/ifesworld.org\/fr\/wp-json\/wp\/v2\/pages\/248","targetHints":{"allow":["GET"]}}],"collection":[{"href":"https:\/\/ifesworld.org\/fr\/wp-json\/wp\/v2\/pages"}],"about":[{"href":"https:\/\/ifesworld.org\/fr\/wp-json\/wp\/v2\/types\/page"}],"author":[{"embeddable":true,"href":"https:\/\/ifesworld.org\/fr\/wp-json\/wp\/v2\/users\/2"}],"replies":[{"embeddable":true,"href":"https:\/\/ifesworld.org\/fr\/wp-json\/wp\/v2\/comments?post=248"}],"version-history":[{"count":0,"href":"https:\/\/ifesworld.org\/fr\/wp-json\/wp\/v2\/pages\/248\/revisions"}],"wp:attachment":[{"href":"https:\/\/ifesworld.org\/fr\/wp-json\/wp\/v2\/media?parent=248"}],"wp:term":[{"taxonomy":"area","embeddable":true,"href":"https:\/\/ifesworld.org\/fr\/wp-json\/wp\/v2\/area?post=248"},{"taxonomy":"theme","embeddable":true,"href":"https:\/\/ifesworld.org\/fr\/wp-json\/wp\/v2\/theme?post=248"}],"curies":[{"name":"wp","href":"https:\/\/api.w.org\/{rel}","templated":true}]}}