{"id":245,"date":"2019-04-17T07:44:09","date_gmt":"2019-04-17T07:44:09","guid":{"rendered":"https:\/\/ifesworld.org\/landing\/participer\/"},"modified":"2021-12-13T11:00:28","modified_gmt":"2021-12-13T11:00:28","slug":"participer","status":"publish","type":"page","link":"https:\/\/ifesworld.org\/fr\/participer\/","title":{"rendered":"Participer"},"content":{"rendered":"<div class=\"wp-block block-core-paragraph\">\n<p class=\"has-md-font-size wp-block-paragraph\"> Nous sommes un mouvement international, travaillant dans plus de 180 pays, c\u2019est pourquoi il y a de nombreuses fa\u00e7ons de vous impliquer avec l\u2019IFES.\u00a0 <\/p>\n<\/div>\n\n<div class=\"wp-block block-core-paragraph\">\n<p class=\"wp-block-paragraph\"><a href=\"https:\/\/ifesworld.org\/fr\/monde\/\">Trouvez un groupe \u00e9tudiant<\/a> faisant partie de l\u2019un de nos mouvements nationaux affil\u00e9s et joignez-vous \u00e0 ce qu\u2019il fait ou commencez \u00e0 prier pour lui et \u00e0 le soutenir dans ses activit\u00e9s.&nbsp; <\/p>\n<\/div>\n\n<div class=\"wp-block block-core-paragraph\">\n<p class=\"wp-block-paragraph\"> Plusieurs de nos minist\u00e8res r\u00e9gionaux et internationaux tiennent des rassemblements en vue d\u2019inspirer l\u2019\u00e9vang\u00e9lisation, de former les \u00e9tudiants, d\u2019\u00e9quiper les dipl\u00f4m\u00e9s, de mettre les chercheurs en liens les uns avec les autres et d\u2019engager le dialogue sur les grands enjeux au sein de l\u2019universit\u00e9.&nbsp;<a href=\"https:\/\/ifesworld.org\/fr\/monde\/\">Rendez-vous sur la page de votre r\u00e9gion<\/a> et contactez votre secr\u00e9taire r\u00e9gional(e) pour en savoir davantage.&nbsp; <\/p>\n<\/div>\n\n<div class=\"wp-block block-core-paragraph\">\n<p class=\"wp-block-paragraph\"> Vous pouvez aussi vous impliquer mondialement. Lisez des histoires d\u2019\u00e9tudiants pr\u00e8s de vous et \u00e0 l\u2019\u00e9tranger, dans nos articles <a href=\"https:\/\/ifesworld.org\/fr\/prayerline\/\">hebdomadaires de Prayerline<\/a>. Joignez-vous \u00e0 des milliers d\u2019\u00e9tudiants autour du globe qui prient ensemble lors de la <a href=\"https:\/\/ifesworld.org\/fr\/jme\/\">Journ\u00e9e mondiale de l&rsquo;\u00e9tudiant.<\/a>&nbsp; <\/p>\n<\/div>\n\n<div class=\"wp-block block-acf-calltoactiongrid alignwide\">\n<section id=\"calltoactiongrid-block-block_5d0cbb3a54170\" class=\"alignwide calltoaction--grid custom-post-list list--custom\">\n    <ul class='post-list items--3 flex flex--wrap flex--center-x no-style'>\n                <li class=\"post__item flex flex--column\">\n              <article>\n                  <figure class=\"image--absolute--center image--absolute--mask image--absolute--aspect-ratio aspect-ratio--4-3\">\n                    <img loading=\"lazy\" decoding=\"async\" width=\"300\" height=\"169\" src=\"https:\/\/ifesworld.org\/wp-content\/uploads\/2019\/06\/Connect-map-300x169.jpg\" class=\"attachment-medium size-medium\" alt=\"\" srcset=\"https:\/\/ifesworld.org\/wp-content\/uploads\/2019\/06\/Connect-map-300x169.jpg 300w, https:\/\/ifesworld.org\/wp-content\/uploads\/2019\/06\/Connect-map-768x432.jpg 768w, https:\/\/ifesworld.org\/wp-content\/uploads\/2019\/06\/Connect-map-1024x576.jpg 1024w, https:\/\/ifesworld.org\/wp-content\/uploads\/2019\/06\/Connect-map.jpg 1200w\" sizes=\"auto, (max-width: 300px) 100vw, 300px\" \/>                  <\/figure>\n                  <div class=\"ctagrid__content flex flex--column flex--end\">\n                      <header class=\"ctagrid__header flex flex--center aspect-ratio--4-3\">\n                          <h2 class=\"h1 flex flex--column flex--center\">Prenez contact<\/h2>\n                      <\/header>\n                      <p class=\"text--center\">Trouvez le mouvement national de votre pays et contactez-le pour vous impliquer.<\/p>\n                       \n<div class=\"align--center\">\n    <a id=\"calltoactiongrid-block-block_5d0cbb3a54170\" target=\"\" href=\"https:\/\/ifesworld.org\/fr\/monde\/\" class=\"grid-cta__button btn btn--primary\">\n        <span>\n        Chercher maintenant         <\/span>\n    <\/a>\n<\/div>\n\n                  <\/div>\n              <\/article>\n          <\/li>\n                <li class=\"post__item flex flex--column\">\n              <article>\n                  <figure class=\"image--absolute--center image--absolute--mask image--absolute--aspect-ratio aspect-ratio--4-3\">\n                    <img loading=\"lazy\" decoding=\"async\" width=\"300\" height=\"169\" src=\"https:\/\/ifesworld.org\/wp-content\/uploads\/2019\/06\/Pray-1-300x169.jpg\" class=\"attachment-medium size-medium\" alt=\"\" srcset=\"https:\/\/ifesworld.org\/wp-content\/uploads\/2019\/06\/Pray-1-300x169.jpg 300w, https:\/\/ifesworld.org\/wp-content\/uploads\/2019\/06\/Pray-1-768x432.jpg 768w, https:\/\/ifesworld.org\/wp-content\/uploads\/2019\/06\/Pray-1.jpg 1000w\" sizes=\"auto, (max-width: 300px) 100vw, 300px\" \/>                  <\/figure>\n                  <div class=\"ctagrid__content flex flex--column flex--end\">\n                      <header class=\"ctagrid__header flex flex--center aspect-ratio--4-3\">\n                          <h2 class=\"h1 flex flex--column flex--center\">Priez<\/h2>\n                      <\/header>\n                      <p class=\"text--center\">Lisez des histoires de mouvements \u00e9tudiants du monde entier et priez ensemble r\u00e9guli\u00e8rement<\/p>\n                       \n<div class=\"align--center\">\n    <a id=\"calltoactiongrid-block-block_5d0cbb3a54170\" target=\"\" href=\"https:\/\/ifesworld.org\/fr\/priez-pour-luniversite\/\" class=\"grid-cta__button btn btn--primary\">\n        <span>\n        Mani\u00e8res de prier         <\/span>\n    <\/a>\n<\/div>\n\n                  <\/div>\n              <\/article>\n          <\/li>\n                <li class=\"post__item flex flex--column\">\n              <article>\n                  <figure class=\"image--absolute--center image--absolute--mask image--absolute--aspect-ratio aspect-ratio--4-3\">\n                    <img loading=\"lazy\" decoding=\"async\" width=\"300\" height=\"200\" src=\"https:\/\/ifesworld.org\/wp-content\/uploads\/2019\/06\/19967251486_7e7729af5c_o-300x200.jpg\" class=\"attachment-medium size-medium\" alt=\"\" srcset=\"https:\/\/ifesworld.org\/wp-content\/uploads\/2019\/06\/19967251486_7e7729af5c_o-300x200.jpg 300w, https:\/\/ifesworld.org\/wp-content\/uploads\/2019\/06\/19967251486_7e7729af5c_o-768x512.jpg 768w, https:\/\/ifesworld.org\/wp-content\/uploads\/2019\/06\/19967251486_7e7729af5c_o.jpg 1000w\" sizes=\"auto, (max-width: 300px) 100vw, 300px\" \/>                  <\/figure>\n                  <div class=\"ctagrid__content flex flex--column flex--end\">\n                      <header class=\"ctagrid__header flex flex--center aspect-ratio--4-3\">\n                          <h2 class=\"h1 flex flex--column flex--center\">Donnez<\/h2>\n                      <\/header>\n                      <p class=\"text--center\">Donnez pour soutenir l\u2019IFES d\u00e8s aujourd\u2019hui et ayez un impact mondial au sein des universit\u00e9s du monde entier.<\/p>\n                       \n<div class=\"align--center\">\n    <a id=\"calltoactiongrid-block-block_5d0cbb3a54170\" target=\"\" href=\"https:\/\/ifesworld.org\/fr\/donner\/\" class=\"grid-cta__button btn btn--primary\">\n        <span>\n        Donner maintenant         <\/span>\n    <\/a>\n<\/div>\n\n                  <\/div>\n              <\/article>\n          <\/li>\n          <\/ul>\n<\/section>\n<\/div>","protected":false},"excerpt":{"rendered":"<p>Nous sommes un mouvement international, travaillant dans plus de 180 pays, c\u2019est pourquoi il y a de nombreuses fa\u00e7ons de vous impliquer avec l\u2019IFES.\u00a0 Trouvez un groupe \u00e9tudiant faisant partie de l\u2019un de nos mouvements nationaux affil\u00e9s et joignez-vous \u00e0 ce qu\u2019il fait ou commencez \u00e0 prier pour lui et \u00e0 le soutenir dans ses&#8230;<\/p>\n","protected":false},"author":2,"featured_media":6621,"parent":0,"menu_order":0,"comment_status":"closed","ping_status":"closed","template":"","meta":{"_acf_changed":false,"_crdt_document":"","inline_featured_image":false,"footnotes":""},"area":[],"theme":[],"class_list":["post-245","page","type-page","status-publish","has-post-thumbnail","hentry"],"acf":[],"yoast_head":"<!-- This site is optimized with the Yoast SEO plugin v27.2 - https:\/\/yoast.com\/product\/yoast-seo-wordpress\/ -->\n<title>Participer &#183; IFES<\/title>\n<meta name=\"description\" content=\"Nous sommes un mouvement international, travaillant dans plus de 180 pays, c\u2019est pourquoi il y a de nombreuses fa\u00e7ons de vous impliquer avec l\u2019IFES.\u00a0\" \/>\n<meta name=\"robots\" content=\"index, follow, max-snippet:-1, max-image-preview:large, max-video-preview:-1\" \/>\n<link rel=\"canonical\" href=\"https:\/\/ifesworld.org\/fr\/participer\/\" \/>\n<meta property=\"og:locale\" content=\"fr_FR\" \/>\n<meta property=\"og:type\" content=\"article\" \/>\n<meta property=\"og:title\" content=\"Participer &#183; IFES\" \/>\n<meta property=\"og:description\" content=\"Nous sommes un mouvement international, travaillant dans plus de 180 pays, c\u2019est pourquoi il y a de nombreuses fa\u00e7ons de vous impliquer avec l\u2019IFES.\u00a0\" \/>\n<meta property=\"og:url\" content=\"https:\/\/ifesworld.org\/fr\/participer\/\" \/>\n<meta property=\"og:site_name\" content=\"IFES\" \/>\n<meta property=\"article:modified_time\" content=\"2021-12-13T11:00:28+00:00\" \/>\n<meta property=\"og:image\" content=\"https:\/\/ifesworld.org\/wp-content\/uploads\/2019\/06\/Get-involved-header.jpg\" \/>\n\t<meta property=\"og:image:width\" content=\"1200\" \/>\n\t<meta property=\"og:image:height\" content=\"675\" \/>\n\t<meta property=\"og:image:type\" content=\"image\/jpeg\" \/>\n<meta name=\"twitter:card\" content=\"summary_large_image\" \/>\n<meta name=\"twitter:label1\" content=\"Dur\u00e9e de lecture estim\u00e9e\" \/>\n\t<meta name=\"twitter:data1\" content=\"1 minute\" \/>\n<script type=\"application\/ld+json\" class=\"yoast-schema-graph\">{\"@context\":\"https:\/\/schema.org\",\"@graph\":[{\"@type\":\"WebPage\",\"@id\":\"https:\/\/ifesworld.org\/fr\/participer\/\",\"url\":\"https:\/\/ifesworld.org\/fr\/participer\/\",\"name\":\"Participer &#183; IFES\",\"isPartOf\":{\"@id\":\"https:\/\/ifesworld.org\/es\/#website\"},\"primaryImageOfPage\":{\"@id\":\"https:\/\/ifesworld.org\/fr\/participer\/#primaryimage\"},\"image\":{\"@id\":\"https:\/\/ifesworld.org\/fr\/participer\/#primaryimage\"},\"thumbnailUrl\":\"https:\/\/ifesworld.org\/wp-content\/uploads\/2019\/06\/Get-involved-header.jpg\",\"datePublished\":\"2019-04-17T07:44:09+00:00\",\"dateModified\":\"2021-12-13T11:00:28+00:00\",\"description\":\"Nous sommes un mouvement international, travaillant dans plus de 180 pays, c\u2019est pourquoi il y a de nombreuses fa\u00e7ons de vous impliquer avec l\u2019IFES.\u00a0\",\"breadcrumb\":{\"@id\":\"https:\/\/ifesworld.org\/fr\/participer\/#breadcrumb\"},\"inLanguage\":\"fr-FR\",\"potentialAction\":[{\"@type\":\"ReadAction\",\"target\":[\"https:\/\/ifesworld.org\/fr\/participer\/\"]}]},{\"@type\":\"ImageObject\",\"inLanguage\":\"fr-FR\",\"@id\":\"https:\/\/ifesworld.org\/fr\/participer\/#primaryimage\",\"url\":\"https:\/\/ifesworld.org\/wp-content\/uploads\/2019\/06\/Get-involved-header.jpg\",\"contentUrl\":\"https:\/\/ifesworld.org\/wp-content\/uploads\/2019\/06\/Get-involved-header.jpg\",\"width\":1200,\"height\":675},{\"@type\":\"BreadcrumbList\",\"@id\":\"https:\/\/ifesworld.org\/fr\/participer\/#breadcrumb\",\"itemListElement\":[{\"@type\":\"ListItem\",\"position\":1,\"name\":\"Home\",\"item\":\"https:\/\/ifesworld.org\/fr\/\"},{\"@type\":\"ListItem\",\"position\":2,\"name\":\"Participer\"}]},{\"@type\":\"WebSite\",\"@id\":\"https:\/\/ifesworld.org\/es\/#website\",\"url\":\"https:\/\/ifesworld.org\/es\/\",\"name\":\"IFES\",\"description\":\"A movement of students sharing and living out the good news of Jesus Christ. Locally. Nationally. Globally.\",\"publisher\":{\"@id\":\"https:\/\/ifesworld.org\/es\/#organization\"},\"potentialAction\":[{\"@type\":\"SearchAction\",\"target\":{\"@type\":\"EntryPoint\",\"urlTemplate\":\"https:\/\/ifesworld.org\/es\/?s={search_term_string}\"},\"query-input\":{\"@type\":\"PropertyValueSpecification\",\"valueRequired\":true,\"valueName\":\"search_term_string\"}}],\"inLanguage\":\"fr-FR\"},{\"@type\":\"Organization\",\"@id\":\"https:\/\/ifesworld.org\/es\/#organization\",\"name\":\"IFES \u00b7 International Fellowship of Evangelical Students\",\"url\":\"https:\/\/ifesworld.org\/es\/\",\"logo\":{\"@type\":\"ImageObject\",\"inLanguage\":\"fr-FR\",\"@id\":\"https:\/\/ifesworld.org\/es\/#\/schema\/logo\/image\/\",\"url\":\"https:\/\/ifesworld.org\/wp-content\/uploads\/2019\/06\/ifeslogo.png\",\"contentUrl\":\"https:\/\/ifesworld.org\/wp-content\/uploads\/2019\/06\/ifeslogo.png\",\"width\":262,\"height\":262,\"caption\":\"IFES \u00b7 International Fellowship of Evangelical Students\"},\"image\":{\"@id\":\"https:\/\/ifesworld.org\/es\/#\/schema\/logo\/image\/\"}}]}<\/script>\n<!-- \/ Yoast SEO plugin. -->","yoast_head_json":{"title":"Participer &#183; IFES","description":"Nous sommes un mouvement international, travaillant dans plus de 180 pays, c\u2019est pourquoi il y a de nombreuses fa\u00e7ons de vous impliquer avec l\u2019IFES.\u00a0","robots":{"index":"index","follow":"follow","max-snippet":"max-snippet:-1","max-image-preview":"max-image-preview:large","max-video-preview":"max-video-preview:-1"},"canonical":"https:\/\/ifesworld.org\/fr\/participer\/","og_locale":"fr_FR","og_type":"article","og_title":"Participer &#183; IFES","og_description":"Nous sommes un mouvement international, travaillant dans plus de 180 pays, c\u2019est pourquoi il y a de nombreuses fa\u00e7ons de vous impliquer avec l\u2019IFES.\u00a0","og_url":"https:\/\/ifesworld.org\/fr\/participer\/","og_site_name":"IFES","article_modified_time":"2021-12-13T11:00:28+00:00","og_image":[{"width":1200,"height":675,"url":"https:\/\/ifesworld.org\/wp-content\/uploads\/2019\/06\/Get-involved-header.jpg","type":"image\/jpeg"}],"twitter_card":"summary_large_image","twitter_misc":{"Dur\u00e9e de lecture estim\u00e9e":"1 minute"},"schema":{"@context":"https:\/\/schema.org","@graph":[{"@type":"WebPage","@id":"https:\/\/ifesworld.org\/fr\/participer\/","url":"https:\/\/ifesworld.org\/fr\/participer\/","name":"Participer &#183; IFES","isPartOf":{"@id":"https:\/\/ifesworld.org\/es\/#website"},"primaryImageOfPage":{"@id":"https:\/\/ifesworld.org\/fr\/participer\/#primaryimage"},"image":{"@id":"https:\/\/ifesworld.org\/fr\/participer\/#primaryimage"},"thumbnailUrl":"https:\/\/ifesworld.org\/wp-content\/uploads\/2019\/06\/Get-involved-header.jpg","datePublished":"2019-04-17T07:44:09+00:00","dateModified":"2021-12-13T11:00:28+00:00","description":"Nous sommes un mouvement international, travaillant dans plus de 180 pays, c\u2019est pourquoi il y a de nombreuses fa\u00e7ons de vous impliquer avec l\u2019IFES.\u00a0","breadcrumb":{"@id":"https:\/\/ifesworld.org\/fr\/participer\/#breadcrumb"},"inLanguage":"fr-FR","potentialAction":[{"@type":"ReadAction","target":["https:\/\/ifesworld.org\/fr\/participer\/"]}]},{"@type":"ImageObject","inLanguage":"fr-FR","@id":"https:\/\/ifesworld.org\/fr\/participer\/#primaryimage","url":"https:\/\/ifesworld.org\/wp-content\/uploads\/2019\/06\/Get-involved-header.jpg","contentUrl":"https:\/\/ifesworld.org\/wp-content\/uploads\/2019\/06\/Get-involved-header.jpg","width":1200,"height":675},{"@type":"BreadcrumbList","@id":"https:\/\/ifesworld.org\/fr\/participer\/#breadcrumb","itemListElement":[{"@type":"ListItem","position":1,"name":"Home","item":"https:\/\/ifesworld.org\/fr\/"},{"@type":"ListItem","position":2,"name":"Participer"}]},{"@type":"WebSite","@id":"https:\/\/ifesworld.org\/es\/#website","url":"https:\/\/ifesworld.org\/es\/","name":"IFES","description":"A movement of students sharing and living out the good news of Jesus Christ. Locally. Nationally. Globally.","publisher":{"@id":"https:\/\/ifesworld.org\/es\/#organization"},"potentialAction":[{"@type":"SearchAction","target":{"@type":"EntryPoint","urlTemplate":"https:\/\/ifesworld.org\/es\/?s={search_term_string}"},"query-input":{"@type":"PropertyValueSpecification","valueRequired":true,"valueName":"search_term_string"}}],"inLanguage":"fr-FR"},{"@type":"Organization","@id":"https:\/\/ifesworld.org\/es\/#organization","name":"IFES \u00b7 International Fellowship of Evangelical Students","url":"https:\/\/ifesworld.org\/es\/","logo":{"@type":"ImageObject","inLanguage":"fr-FR","@id":"https:\/\/ifesworld.org\/es\/#\/schema\/logo\/image\/","url":"https:\/\/ifesworld.org\/wp-content\/uploads\/2019\/06\/ifeslogo.png","contentUrl":"https:\/\/ifesworld.org\/wp-content\/uploads\/2019\/06\/ifeslogo.png","width":262,"height":262,"caption":"IFES \u00b7 International Fellowship of Evangelical Students"},"image":{"@id":"https:\/\/ifesworld.org\/es\/#\/schema\/logo\/image\/"}}]}},"_links":{"self":[{"href":"https:\/\/ifesworld.org\/fr\/wp-json\/wp\/v2\/pages\/245","targetHints":{"allow":["GET"]}}],"collection":[{"href":"https:\/\/ifesworld.org\/fr\/wp-json\/wp\/v2\/pages"}],"about":[{"href":"https:\/\/ifesworld.org\/fr\/wp-json\/wp\/v2\/types\/page"}],"author":[{"embeddable":true,"href":"https:\/\/ifesworld.org\/fr\/wp-json\/wp\/v2\/users\/2"}],"replies":[{"embeddable":true,"href":"https:\/\/ifesworld.org\/fr\/wp-json\/wp\/v2\/comments?post=245"}],"version-history":[{"count":0,"href":"https:\/\/ifesworld.org\/fr\/wp-json\/wp\/v2\/pages\/245\/revisions"}],"wp:featuredmedia":[{"embeddable":true,"href":"https:\/\/ifesworld.org\/fr\/wp-json\/wp\/v2\/media\/6621"}],"wp:attachment":[{"href":"https:\/\/ifesworld.org\/fr\/wp-json\/wp\/v2\/media?parent=245"}],"wp:term":[{"taxonomy":"area","embeddable":true,"href":"https:\/\/ifesworld.org\/fr\/wp-json\/wp\/v2\/area?post=245"},{"taxonomy":"theme","embeddable":true,"href":"https:\/\/ifesworld.org\/fr\/wp-json\/wp\/v2\/theme?post=245"}],"curies":[{"name":"wp","href":"https:\/\/api.w.org\/{rel}","templated":true}]}}