{"id":24322,"date":"2023-03-31T15:26:09","date_gmt":"2023-03-31T14:26:09","guid":{"rendered":"https:\/\/ifesworld.org\/?page_id=24322"},"modified":"2023-04-12T22:02:45","modified_gmt":"2023-04-12T21:02:45","slug":"assemblee-mondiale-en-ligne","status":"publish","type":"page","link":"https:\/\/ifesworld.org\/fr\/assemblee-mondiale-en-ligne\/","title":{"rendered":"Assembl\u00e9e mondiale en ligne"},"content":{"rendered":"<div class=\"wp-block block-core-paragraph\">\n<p class=\"wp-block-paragraph\">Nous sommes heureux de pouvoir proposer pour la premi\u00e8re fois une partie du programme de l\u2019Assembl\u00e9e mondiale en ligne pendant le congr\u00e8s&nbsp;! Cela signifie que toute personne membre de l\u2019Union peut partager l\u2019exp\u00e9rience de l\u2019Assembl\u00e9e mondiale avec ses fr\u00e8res et s\u0153urs au niveau local.<\/p>\n<\/div>\n\n<div class=\"wp-block block-core-paragraph\">\n<p class=\"wp-block-paragraph\">Nous encourageons les groupes locaux \u00e0 cr\u00e9er leurs propres groupes \u00e0 distance qui se r\u00e9uniront, diffuseront l\u2019\u00e9v\u00e9nement en flux et prendront le temps de louer, partager et s\u2019encourager mutuellement. Ce n\u2019est pas un \u00e9v\u00e9nement \u00e0 suivre seul \u2013 il est con\u00e7u pour le partage&nbsp;!<\/p>\n<\/div>\n\n<div class=\"wp-block block-core-paragraph\">\n<p class=\"wp-block-paragraph\">Demandez \u00e0 votre leader local de l\u2019IFES si un groupe est enregistr\u00e9 pr\u00e8s de chez vous.<\/p>\n<\/div>\n\n<div class=\"wp-block block-core-paragraph\">\n<p class=\"wp-block-paragraph\">L\u2019enregistrement pour les nouveaux groupes se terminera le 30 juin 2023.<\/p>\n<\/div>\n\n<div class=\"wp-block block-core-heading\">\n<h2 class=\"wp-block-heading\">Le programme<\/h2>\n<\/div>\n\n<div class=\"wp-block block-core-paragraph\">\n<p class=\"wp-block-paragraph\">Toutes les parties du programme seront diffus\u00e9es en flux\u00a0; elles ne seront disponibles en t\u00e9l\u00e9chargement qu\u2019une fois le congr\u00e8s termin\u00e9. L\u2019Assembl\u00e9e mondiale 2023 aura lieu \u00e0 Jakarta en Indon\u00e9sie (GMT+7). Votre mouvement national pourra vous informer des parties du programme pour lesquelles votre groupe \u00e0 distance est enregistr\u00e9.<\/p>\n<\/div>\n\n<div class=\"wp-block block-core-table\">\n<figure class=\"wp-block-table\"><table><tbody><tr><td><strong>Pl\u00e9ni\u00e8re du matin<\/strong><\/td><td>Cheminer \u00e0 travers les Psaumes<\/td><td>9h00-11h30<\/td><td>03-09 Ao\u00fbt<\/td><\/tr><tr><td><strong>Conversatorium<\/strong><\/td><td>S\u00e9minaires sur des sujets importants<\/td><td>16h30-18h00<\/td><td>4 Ao\u00fbt<\/td><\/tr><tr><td><strong>Pl\u00e9ni\u00e8re du soir<\/strong><\/td><td>Enjeux actuels \u00e0 l\u2019universit<\/td><td>19h45<\/td><td>03-09 Ao\u00fbt<\/td><\/tr><tr><td><strong>Nuit indon\u00e9sienne et c\u00e9l\u00e9bration du 75<sup>\u00e8me<\/sup> anniversaire de l\u2019IFES<\/strong><\/td><td><\/td><td>19h45<\/td><td>6 Ao\u00fbt<\/td><\/tr><\/tbody><\/table><\/figure>\n<\/div>\n\n<div class=\"wp-block block-core-paragraph\">\n<p class=\"wp-block-paragraph\">Des questions pour les petits groupes et les notes des s\u00e9minaires seront disponibles en parall\u00e8le de la diffusion en flux. Nous vous encourageons \u00e0 discuter de ce que vous entendez avec les autres de votre groupe \u00e0 distance.<\/p>\n<\/div>\n\n<div class=\"wp-block block-core-heading\">\n<h2 class=\"wp-block-heading\">\u00c0 qui s\u2019adresse cet \u00e9v\u00e9nement&nbsp;?<\/h2>\n<\/div>\n\n<div class=\"wp-block block-core-paragraph\">\n<p class=\"wp-block-paragraph\">Nous vous encourageons \u00e0 r\u00e9unir des groupes diversifi\u00e9s qui pourront interagir avec le contenu de l\u2019Assembl\u00e9e mondiale. Voici quelques pistes pour mettre en place un groupe \u00e0 distance ou pour d\u00e9cider si un tel groupe vous sera utile&nbsp;:<\/p>\n<\/div>\n\n<div class=\"wp-block block-core-list\">\n<ul class=\"wp-block-list\"><li><strong>Inclure des \u00e9tudiants et le personnel.<\/strong> L\u2019IFES est un mouvement \u00e9tudiant et nous voulons donc que des \u00e9tudiants participent \u00e0 ces groupes \u00e0 distance. Le personnel, les membres des Conseils d&rsquo;administration et les partenaires sont aussi invit\u00e9s \u00e0 participer.<\/li><li>Les participants doivent \u00eatre <strong>passionn\u00e9s par la transmission de ce qu\u2019ils apprennent<\/strong>. Qui est pr\u00eat \u00e0 apprendre de ce rassemblement et \u00e0 voir leurs horizons \u00e9largis&nbsp;? Qui pourra r\u00e9fl\u00e9chir \u00e0 ce qu\u2019il\/elle entend et voit et pourra aider l\u2019ensemble de votre mouvement \u00e0 en b\u00e9n\u00e9ficier et grandir&nbsp;? Qui a d\u00e9montr\u00e9 son engagement \u00e0 votre mouvement&nbsp;?<\/li><li>Les participants doivent \u00eatre des <strong>chr\u00e9tiens engag\u00e9s<\/strong> d\u00e9j\u00e0 connus de votre mouvement. Certaines personnes pr\u00e9sentes \u00e0 l\u2019Assembl\u00e9e mondiale vivent dans des contextes sensibles. Pour leur protection, ainsi que celle de leur mouvement, lors des \u00e9v\u00e9nements diffus\u00e9s en flux, nous demandons que vos groupes soient constitu\u00e9s de personnes que vous connaissez et qui partagent les valeurs de l\u2019IFES.<\/li><li>Les participants doivent pouvoir communiquer dans l\u2019une des trois langues principales du congr\u00e8s (<strong>anglais, fran\u00e7ais et espagnol<\/strong>). Si vous souhaitez fournir une traduction simultan\u00e9e pour votre groupe \u00e0 distance, vous \u00eates libre de l\u2019organiser mais la diffusion en flux ne sera disponible que dans les langues du congr\u00e8s.<\/li><\/ul>\n<\/div>\n\n<div class=\"wp-block block-core-paragraph\">\n<p class=\"wp-block-paragraph\">L\u2019enregistrement des participants individuels s\u2019effectuera directement par le biais de votre facilitateur \u00e0 distance local. Consultez le leader de votre groupe local si vous avez un doute sur la personne responsable.<\/p>\n<\/div>\n\n<div class=\"wp-block block-core-heading\">\n<h2 class=\"wp-block-heading\">Comment est-ce que cela fonctionnera&nbsp;?<\/h2>\n<\/div>\n\n<div class=\"wp-block block-core-paragraph\">\n<p class=\"wp-block-paragraph\">Nous utiliserons la plateforme Zoom pour diffuser les sessions, avec une interpr\u00e9tation simultan\u00e9e en anglais, espagnol, fran\u00e7ais et bahasa Indon\u00e9sie. Certains groupes choisiront \u00e9ventuellement de fournir une interpr\u00e9tation suppl\u00e9mentaire \u2013 demandez \u00e0 votre facilitateur \u00e0 distance local quelles langues seront mises \u00e0 votre disposition. Si vous pensez \u00eatre dou\u00e9(e) dans l\u2019interpr\u00e9tation, vous pourriez vous proposer comme interpr\u00e8te pour votre groupe.<\/p>\n<\/div>\n\n<div class=\"wp-block block-core-paragraph\">\n<p class=\"wp-block-paragraph\">Tous les facilitateurs \u00e0 distance recevront un lien pour la diffusion ult\u00e9rieurement. Apr\u00e8s avoir regard\u00e9 la diffusion ensemble, vous pourrez discuter de la pr\u00e9sentation gr\u00e2ce aux questions pour les petits groupes et aux notes de discussion.<\/p>\n<\/div>\n\n<div class=\"wp-block block-core-paragraph\">\n<p class=\"wp-block-paragraph\">Chaque groupe \u00e0 distance aura une forme qui lui sera propre pour que l\u2019exp\u00e9rience soit pertinente \u00e0 votre contexte.<\/p>\n<\/div>\n\n<div class=\"wp-block block-core-paragraph\">\n<p class=\"wp-block-paragraph\">Nous serions heureux d\u2019apprendre comment vous choisirez de vous impliquer dans l\u2019Assembl\u00e9e mondiale et nous vous encourageons \u00e0 utiliser le hashtag #ifeswa23 pour nous inclure&nbsp;!<\/p>\n<\/div>\n\n<div class=\"wp-block block-core-heading\">\n<h2 class=\"wp-block-heading\">Comment participer<\/h2>\n<\/div>\n\n<div class=\"wp-block block-core-paragraph\">\n<p class=\"wp-block-paragraph\">Demandez \u00e0 votre groupe local si un groupe se r\u00e9unira dans votre localit\u00e9 pour l\u2019Assembl\u00e9e mondiale en ligne. Il vous faudra vous inscrire aupr\u00e8s de votre groupe \u00e0 distance local.<\/p>\n<\/div>\n\n<div class=\"wp-block block-core-paragraph\">\n<p class=\"wp-block-paragraph\">Des communications r\u00e9guli\u00e8res seront envoy\u00e9es \u00e0 votre facilitateur \u00e0 distance avec des ressources et des astuces pour bien profiter de l\u2019Assembl\u00e9e mondiale en ligne.<\/p>\n<\/div>\n\n<div class=\"wp-block block-core-heading\">\n<h2 class=\"wp-block-heading\">Prenez contact avec l\u2019ensemble de l\u2019Union<\/h2>\n<\/div>\n\n<div class=\"wp-block block-core-paragraph\">\n<p class=\"wp-block-paragraph\">L\u2019Assembl\u00e9e mondiale est une excellente occasion de partager et d\u2019\u00e9changer avec l\u2019Union \u00e9largie. Nous esp\u00e9rons que vous pourrez vous aussi participer \u00e0 cet aspect de l\u2019Assembl\u00e9e mondiale gr\u00e2ce \u00e0 une plateforme particuli\u00e8re.<\/p>\n<\/div>\n\n<div class=\"wp-block block-core-paragraph\">\n<p class=\"wp-block-paragraph\">Une fois que vous \u00eates enregistr\u00e9(e), nous pourrons vous ajouter au r\u00e9seau en ligne de l\u2019IFES Connect. <\/p>\n<\/div>\n\n<div class=\"wp-block block-acf-ifesbutton\">\n<div class=\"\">\n    <a id=\"btn-block_64371c54db121\" target=\"_blank\" href=\"https:\/\/connect.ifesworld.org\" class=\"btn btn--cta-link\">\n        <span>\n                    <span class=\"icon\"><svg class=\"icon\"><use xlink:href=\"#chevron-circle-right-solid\"\/><\/svg><\/span>\n        Cliquez ici pour rejoindre l\u2019IFES Connect        <\/span>\n    <\/a>\n<\/div>\n\n<\/div>","protected":false},"excerpt":{"rendered":"<p>Nous sommes heureux de pouvoir proposer pour la premi\u00e8re fois une partie du programme de l\u2019Assembl\u00e9e mondiale en ligne pendant le congr\u00e8s&nbsp;! Cela signifie que toute personne membre de l\u2019Union peut partager l\u2019exp\u00e9rience de l\u2019Assembl\u00e9e mondiale avec ses fr\u00e8res et s\u0153urs au niveau local. Nous encourageons les groupes locaux \u00e0 cr\u00e9er leurs propres groupes \u00e0&#8230;<\/p>\n","protected":false},"author":2,"featured_media":0,"parent":0,"menu_order":0,"comment_status":"closed","ping_status":"closed","template":"","meta":{"_acf_changed":false,"_crdt_document":"","inline_featured_image":false,"footnotes":""},"area":[],"theme":[],"class_list":["post-24322","page","type-page","status-publish","hentry"],"acf":[],"yoast_head":"<!-- This site is optimized with the Yoast SEO plugin v27.2 - https:\/\/yoast.com\/product\/yoast-seo-wordpress\/ -->\n<title>Assembl\u00e9e mondiale en ligne &#183; IFES<\/title>\n<meta name=\"description\" content=\"Nous sommes heureux de pouvoir proposer pour la premi\u00e8re fois une partie du programme de l\u2019Assembl\u00e9e mondiale en ligne pendant le congr\u00e8s&nbsp;! Cela\" \/>\n<meta name=\"robots\" content=\"index, follow, max-snippet:-1, max-image-preview:large, max-video-preview:-1\" \/>\n<link rel=\"canonical\" href=\"https:\/\/ifesworld.org\/en\/world-assembly-online\/\" \/>\n<meta property=\"og:locale\" content=\"fr_FR\" \/>\n<meta property=\"og:type\" content=\"article\" \/>\n<meta property=\"og:title\" content=\"Assembl\u00e9e mondiale en ligne &#183; IFES\" \/>\n<meta property=\"og:description\" content=\"Nous sommes heureux de pouvoir proposer pour la premi\u00e8re fois une partie du programme de l\u2019Assembl\u00e9e mondiale en ligne pendant le congr\u00e8s&nbsp;! Cela\" \/>\n<meta property=\"og:url\" content=\"https:\/\/ifesworld.org\/en\/world-assembly-online\/\" \/>\n<meta property=\"og:site_name\" content=\"IFES\" \/>\n<meta property=\"article:modified_time\" content=\"2023-04-12T21:02:45+00:00\" \/>\n<meta property=\"og:image\" content=\"https:\/\/ifesworld.org\/wp-content\/uploads\/2019\/06\/ifeslogo.png\" \/>\n\t<meta property=\"og:image:width\" content=\"262\" \/>\n\t<meta property=\"og:image:height\" content=\"262\" \/>\n\t<meta property=\"og:image:type\" content=\"image\/png\" \/>\n<meta name=\"twitter:card\" content=\"summary_large_image\" \/>\n<meta name=\"twitter:label1\" content=\"Dur\u00e9e de lecture estim\u00e9e\" \/>\n\t<meta name=\"twitter:data1\" content=\"4 minutes\" \/>\n<script type=\"application\/ld+json\" class=\"yoast-schema-graph\">{\"@context\":\"https:\/\/schema.org\",\"@graph\":[{\"@type\":\"WebPage\",\"@id\":\"https:\/\/ifesworld.org\/en\/world-assembly-online\/\",\"url\":\"https:\/\/ifesworld.org\/en\/world-assembly-online\/\",\"name\":\"Assembl\u00e9e mondiale en ligne &#183; IFES\",\"isPartOf\":{\"@id\":\"https:\/\/ifesworld.org\/es\/#website\"},\"datePublished\":\"2023-03-31T14:26:09+00:00\",\"dateModified\":\"2023-04-12T21:02:45+00:00\",\"description\":\"Nous sommes heureux de pouvoir proposer pour la premi\u00e8re fois une partie du programme de l\u2019Assembl\u00e9e mondiale en ligne pendant le congr\u00e8s&nbsp;! Cela\",\"breadcrumb\":{\"@id\":\"https:\/\/ifesworld.org\/en\/world-assembly-online\/#breadcrumb\"},\"inLanguage\":\"fr-FR\",\"potentialAction\":[{\"@type\":\"ReadAction\",\"target\":[\"https:\/\/ifesworld.org\/en\/world-assembly-online\/\"]}]},{\"@type\":\"BreadcrumbList\",\"@id\":\"https:\/\/ifesworld.org\/en\/world-assembly-online\/#breadcrumb\",\"itemListElement\":[{\"@type\":\"ListItem\",\"position\":1,\"name\":\"Home\",\"item\":\"https:\/\/ifesworld.org\/fr\/\"},{\"@type\":\"ListItem\",\"position\":2,\"name\":\"Assembl\u00e9e mondiale en ligne\"}]},{\"@type\":\"WebSite\",\"@id\":\"https:\/\/ifesworld.org\/es\/#website\",\"url\":\"https:\/\/ifesworld.org\/es\/\",\"name\":\"IFES\",\"description\":\"A movement of students sharing and living out the good news of Jesus Christ. Locally. Nationally. Globally.\",\"publisher\":{\"@id\":\"https:\/\/ifesworld.org\/es\/#organization\"},\"potentialAction\":[{\"@type\":\"SearchAction\",\"target\":{\"@type\":\"EntryPoint\",\"urlTemplate\":\"https:\/\/ifesworld.org\/es\/?s={search_term_string}\"},\"query-input\":{\"@type\":\"PropertyValueSpecification\",\"valueRequired\":true,\"valueName\":\"search_term_string\"}}],\"inLanguage\":\"fr-FR\"},{\"@type\":\"Organization\",\"@id\":\"https:\/\/ifesworld.org\/es\/#organization\",\"name\":\"IFES \u00b7 International Fellowship of Evangelical Students\",\"url\":\"https:\/\/ifesworld.org\/es\/\",\"logo\":{\"@type\":\"ImageObject\",\"inLanguage\":\"fr-FR\",\"@id\":\"https:\/\/ifesworld.org\/es\/#\/schema\/logo\/image\/\",\"url\":\"https:\/\/ifesworld.org\/wp-content\/uploads\/2019\/06\/ifeslogo.png\",\"contentUrl\":\"https:\/\/ifesworld.org\/wp-content\/uploads\/2019\/06\/ifeslogo.png\",\"width\":262,\"height\":262,\"caption\":\"IFES \u00b7 International Fellowship of Evangelical Students\"},\"image\":{\"@id\":\"https:\/\/ifesworld.org\/es\/#\/schema\/logo\/image\/\"}}]}<\/script>\n<!-- \/ Yoast SEO plugin. -->","yoast_head_json":{"title":"Assembl\u00e9e mondiale en ligne &#183; IFES","description":"Nous sommes heureux de pouvoir proposer pour la premi\u00e8re fois une partie du programme de l\u2019Assembl\u00e9e mondiale en ligne pendant le congr\u00e8s&nbsp;! Cela","robots":{"index":"index","follow":"follow","max-snippet":"max-snippet:-1","max-image-preview":"max-image-preview:large","max-video-preview":"max-video-preview:-1"},"canonical":"https:\/\/ifesworld.org\/en\/world-assembly-online\/","og_locale":"fr_FR","og_type":"article","og_title":"Assembl\u00e9e mondiale en ligne &#183; IFES","og_description":"Nous sommes heureux de pouvoir proposer pour la premi\u00e8re fois une partie du programme de l\u2019Assembl\u00e9e mondiale en ligne pendant le congr\u00e8s&nbsp;! Cela","og_url":"https:\/\/ifesworld.org\/en\/world-assembly-online\/","og_site_name":"IFES","article_modified_time":"2023-04-12T21:02:45+00:00","og_image":[{"width":262,"height":262,"url":"https:\/\/ifesworld.org\/wp-content\/uploads\/2019\/06\/ifeslogo.png","type":"image\/png"}],"twitter_card":"summary_large_image","twitter_misc":{"Dur\u00e9e de lecture estim\u00e9e":"4 minutes"},"schema":{"@context":"https:\/\/schema.org","@graph":[{"@type":"WebPage","@id":"https:\/\/ifesworld.org\/en\/world-assembly-online\/","url":"https:\/\/ifesworld.org\/en\/world-assembly-online\/","name":"Assembl\u00e9e mondiale en ligne &#183; IFES","isPartOf":{"@id":"https:\/\/ifesworld.org\/es\/#website"},"datePublished":"2023-03-31T14:26:09+00:00","dateModified":"2023-04-12T21:02:45+00:00","description":"Nous sommes heureux de pouvoir proposer pour la premi\u00e8re fois une partie du programme de l\u2019Assembl\u00e9e mondiale en ligne pendant le congr\u00e8s&nbsp;! Cela","breadcrumb":{"@id":"https:\/\/ifesworld.org\/en\/world-assembly-online\/#breadcrumb"},"inLanguage":"fr-FR","potentialAction":[{"@type":"ReadAction","target":["https:\/\/ifesworld.org\/en\/world-assembly-online\/"]}]},{"@type":"BreadcrumbList","@id":"https:\/\/ifesworld.org\/en\/world-assembly-online\/#breadcrumb","itemListElement":[{"@type":"ListItem","position":1,"name":"Home","item":"https:\/\/ifesworld.org\/fr\/"},{"@type":"ListItem","position":2,"name":"Assembl\u00e9e mondiale en ligne"}]},{"@type":"WebSite","@id":"https:\/\/ifesworld.org\/es\/#website","url":"https:\/\/ifesworld.org\/es\/","name":"IFES","description":"A movement of students sharing and living out the good news of Jesus Christ. Locally. Nationally. Globally.","publisher":{"@id":"https:\/\/ifesworld.org\/es\/#organization"},"potentialAction":[{"@type":"SearchAction","target":{"@type":"EntryPoint","urlTemplate":"https:\/\/ifesworld.org\/es\/?s={search_term_string}"},"query-input":{"@type":"PropertyValueSpecification","valueRequired":true,"valueName":"search_term_string"}}],"inLanguage":"fr-FR"},{"@type":"Organization","@id":"https:\/\/ifesworld.org\/es\/#organization","name":"IFES \u00b7 International Fellowship of Evangelical Students","url":"https:\/\/ifesworld.org\/es\/","logo":{"@type":"ImageObject","inLanguage":"fr-FR","@id":"https:\/\/ifesworld.org\/es\/#\/schema\/logo\/image\/","url":"https:\/\/ifesworld.org\/wp-content\/uploads\/2019\/06\/ifeslogo.png","contentUrl":"https:\/\/ifesworld.org\/wp-content\/uploads\/2019\/06\/ifeslogo.png","width":262,"height":262,"caption":"IFES \u00b7 International Fellowship of Evangelical Students"},"image":{"@id":"https:\/\/ifesworld.org\/es\/#\/schema\/logo\/image\/"}}]}},"_links":{"self":[{"href":"https:\/\/ifesworld.org\/fr\/wp-json\/wp\/v2\/pages\/24322","targetHints":{"allow":["GET"]}}],"collection":[{"href":"https:\/\/ifesworld.org\/fr\/wp-json\/wp\/v2\/pages"}],"about":[{"href":"https:\/\/ifesworld.org\/fr\/wp-json\/wp\/v2\/types\/page"}],"author":[{"embeddable":true,"href":"https:\/\/ifesworld.org\/fr\/wp-json\/wp\/v2\/users\/2"}],"replies":[{"embeddable":true,"href":"https:\/\/ifesworld.org\/fr\/wp-json\/wp\/v2\/comments?post=24322"}],"version-history":[{"count":0,"href":"https:\/\/ifesworld.org\/fr\/wp-json\/wp\/v2\/pages\/24322\/revisions"}],"wp:attachment":[{"href":"https:\/\/ifesworld.org\/fr\/wp-json\/wp\/v2\/media?parent=24322"}],"wp:term":[{"taxonomy":"area","embeddable":true,"href":"https:\/\/ifesworld.org\/fr\/wp-json\/wp\/v2\/area?post=24322"},{"taxonomy":"theme","embeddable":true,"href":"https:\/\/ifesworld.org\/fr\/wp-json\/wp\/v2\/theme?post=24322"}],"curies":[{"name":"wp","href":"https:\/\/api.w.org\/{rel}","templated":true}]}}