{"id":239,"date":"2019-04-17T07:37:38","date_gmt":"2019-04-17T07:37:38","guid":{"rendered":"https:\/\/ifesworld.org\/landing\/ifes\/"},"modified":"2019-04-29T07:20:41","modified_gmt":"2019-04-29T07:20:41","slug":"ifes","status":"publish","type":"page","link":"https:\/\/ifesworld.org\/fr\/ifes\/","title":{"rendered":"IFES"},"content":{"rendered":"<div class=\"wp-block block-core-paragraph\">\n<p class=\"wp-block-paragraph\">Les \u00e9tudiants d\u2019aujourd\u2019hui sont les leaders mondiaux de demain. Pourtant, les universit\u00e9s, bien qu\u2019elles soient des centres de pens\u00e9e, de leadership et d\u2019innovation, ne parviennent pas, dans l\u2019ensemble, \u00e0 s\u2019engager avec des v\u00e9rit\u00e9s chr\u00e9tiennes fondationnelles. En cons\u00e9quence, les \u00e9tudiants sont envoy\u00e9s dans le monde non pr\u00e9par\u00e9s \u00e0 \u00eatre les leaders de l\u2019int\u00e9grit\u00e9 dont le monde a d\u00e9sesp\u00e9r\u00e9ment besoin.<br>Notre vocation principale est d\u2019engager l\u2019Universit\u00e9, et de soutenir les \u00e9tudiants \u00e0 ce moment crucial o\u00f9 ils sont expos\u00e9s \u00e0 des philosophies et des th\u00e9ories dominantes auxquelles ils sont capables d\u2019apporter une perspective chr\u00e9tienne<\/p>\n<\/div><div class=\"wp-block block-core-heading\">\n<h2 class=\"wp-block-heading\">Comment nous travaillons<\/h2>\n<\/div><div class=\"wp-block block-core-paragraph\">\n<p class=\"wp-block-paragraph\">La plupart de nos programmes et services visent \u00e0 soutenir le minist\u00e8re des \u00e9tudiants dans les domaines suivants.<\/p>\n<\/div><div class=\"wp-block block-core-button\">\n<div class=\"wp-block-button\"><a class=\"wp-block-button__link\" href=\"https:\/\/www.google.com\">C&rsquo;est un test<\/a><\/div>\n<\/div><div class=\"wp-block block-jsforwp-register-demo\">\n<div class=\"wp-block-jsforwp-register-demo\"><h2>registerBlockType expliqu\u00e9e<\/h2><pre><abbr class='c2c-text-hover' title='WordPress'>WP<\/abbr>. Blocks. registerBlockType (\n 'espace de noms\/nom de bloc',\n {\n<strong> <em>\/\/Localise le titre \u00e0 l\u2019aide de <abbr class='c2c-text-hover' title='WordPress'>WP<\/abbr>. i18n\n . _ ()<\/em> title: _ ('Block Demo', 'textdomain'),\n <em>\/\/Options de cat\u00e9gorie: commun, mise en forme, mise en\n page, widgets, incorporer<\/em> la cat\u00e9gorie: 'Common',\n <em>\/\/Options dashicons-https:\/\/goo.GL\/aTM1DQ\n<\/em> Icon: 'WordPress-alt',\n <em>\/\/Limite \u00e0 3 mots cl\u00e9s\/\n phrases<\/em> Mots-cl\u00e9s: [\n _ ('Exemple', 'textdomain'),\n _ ('Projet', 'textdomain'),\n _ ('Exemples de code', 'textdomain')\n ],\n <em>\/\/Activer ou d\u00e9sactiver la prise en\n charge des fonctionnalit\u00e9s<\/em> prend en charge: {\n HTML: false\n },\n <em>\/\/Attributs d\u00e9finis pour chaque \u00e9l\u00e9ment de donn\u00e9es dynamiques utilis\u00e9s dans vos attributs\n de bloc<\/em> : {\n contenu: {\n type: 'array',\n Source: \u00abenfants\u00bb,\n s\u00e9lecteur: 'div.my-content',\n },\n },\n <em>\/\/D\u00e9termine ce qui est affich\u00e9 dans l'\n \u00e9diteur<\/em> Edit: props = &gt; {\n const onChangeContent = value = &gt; {\n props. setAttributes ({Content: value});\n };\n retour\n        &lt;div className = {props. className} &gt;\n          &lt;Richtext\n TagName = \"div\"\n Multiline = \"p\"\n className = \"mon-contenu\"\n PlaceHolder = {_ ('ajouter votre contenu... ', 'textdomain')}\n value = {props. Attributes. Content}\n onChange = {onChangeContent}\n \/&gt;\n        &lt;\/div &gt;\n );\n },\n <em>\/\/D\u00e9termine ce qui est affich\u00e9 sur le frontend\n<\/em> Save: props = &gt; {\n retour\n        &lt;div className = {props. className} &gt;\n          &lt;div class = \"My-Content\" &gt;\n {props. Attributes. Content}\n          &lt;\/div &gt;\n        &lt;\/div &gt;\n );\n },\n<\/strong> },\n);<\/pre><\/div>\n<\/div><div class=\"wp-block block-jsforwphowto-demo\">\n<div class=\"wp-block-jsforwphowto-demo\"><h2>Appel \u00e0 l\u2019action<\/h2><div class=\"message-body\"><p>Bonjour<\/p><\/div><\/div>\n<\/div>","protected":false},"excerpt":{"rendered":"<p>Les \u00e9tudiants d\u2019aujourd\u2019hui sont les leaders mondiaux de demain. Pourtant, les universit\u00e9s, bien qu\u2019elles soient des centres de pens\u00e9e, de leadership et d\u2019innovation, ne parviennent pas, dans l\u2019ensemble, \u00e0 s\u2019engager avec des v\u00e9rit\u00e9s chr\u00e9tiennes fondationnelles. En cons\u00e9quence, les \u00e9tudiants sont envoy\u00e9s dans le monde non pr\u00e9par\u00e9s \u00e0 \u00eatre les leaders de l\u2019int\u00e9grit\u00e9 dont le monde&#8230;<\/p>\n","protected":false},"author":0,"featured_media":0,"parent":0,"menu_order":0,"comment_status":"closed","ping_status":"closed","template":"","meta":{"_acf_changed":false,"_crdt_document":"","inline_featured_image":false,"footnotes":""},"area":[],"theme":[],"class_list":["post-239","page","type-page","status-publish","hentry"],"acf":[],"yoast_head":"<!-- This site is optimized with the Yoast SEO plugin v27.2 - https:\/\/yoast.com\/product\/yoast-seo-wordpress\/ -->\n<title>IFES &#183; IFES<\/title>\n<meta name=\"description\" content=\"Les \u00e9tudiants d\u2019aujourd\u2019hui sont les leaders mondiaux de demain. Pourtant, les universit\u00e9s, bien qu\u2019elles soient des centres de pens\u00e9e, de leadership et\" \/>\n<meta name=\"robots\" content=\"index, follow, max-snippet:-1, max-image-preview:large, max-video-preview:-1\" \/>\n<link rel=\"canonical\" href=\"https:\/\/ifesworld.org\/fr\/ifes\/\" \/>\n<meta property=\"og:locale\" content=\"fr_FR\" \/>\n<meta property=\"og:type\" content=\"article\" \/>\n<meta property=\"og:title\" content=\"IFES &#183; IFES\" \/>\n<meta property=\"og:description\" content=\"Les \u00e9tudiants d\u2019aujourd\u2019hui sont les leaders mondiaux de demain. Pourtant, les universit\u00e9s, bien qu\u2019elles soient des centres de pens\u00e9e, de leadership et\" \/>\n<meta property=\"og:url\" content=\"https:\/\/ifesworld.org\/fr\/ifes\/\" \/>\n<meta property=\"og:site_name\" content=\"IFES\" \/>\n<meta property=\"article:modified_time\" content=\"2019-04-29T07:20:41+00:00\" \/>\n<meta property=\"og:image\" content=\"https:\/\/ifesworld.org\/wp-content\/uploads\/2019\/06\/ifeslogo.png\" \/>\n\t<meta property=\"og:image:width\" content=\"262\" \/>\n\t<meta property=\"og:image:height\" content=\"262\" \/>\n\t<meta property=\"og:image:type\" content=\"image\/png\" \/>\n<meta name=\"twitter:card\" content=\"summary_large_image\" \/>\n<meta name=\"twitter:label1\" content=\"Dur\u00e9e de lecture estim\u00e9e\" \/>\n\t<meta name=\"twitter:data1\" content=\"2 minutes\" \/>\n<script type=\"application\/ld+json\" class=\"yoast-schema-graph\">{\"@context\":\"https:\/\/schema.org\",\"@graph\":[{\"@type\":\"WebPage\",\"@id\":\"https:\/\/ifesworld.org\/fr\/ifes\/\",\"url\":\"https:\/\/ifesworld.org\/fr\/ifes\/\",\"name\":\"IFES &#183; IFES\",\"isPartOf\":{\"@id\":\"https:\/\/ifesworld.org\/es\/#website\"},\"datePublished\":\"2019-04-17T07:37:38+00:00\",\"dateModified\":\"2019-04-29T07:20:41+00:00\",\"description\":\"Les \u00e9tudiants d\u2019aujourd\u2019hui sont les leaders mondiaux de demain. Pourtant, les universit\u00e9s, bien qu\u2019elles soient des centres de pens\u00e9e, de leadership et\",\"breadcrumb\":{\"@id\":\"https:\/\/ifesworld.org\/fr\/ifes\/#breadcrumb\"},\"inLanguage\":\"fr-FR\",\"potentialAction\":[{\"@type\":\"ReadAction\",\"target\":[\"https:\/\/ifesworld.org\/fr\/ifes\/\"]}]},{\"@type\":\"BreadcrumbList\",\"@id\":\"https:\/\/ifesworld.org\/fr\/ifes\/#breadcrumb\",\"itemListElement\":[{\"@type\":\"ListItem\",\"position\":1,\"name\":\"Home\",\"item\":\"https:\/\/ifesworld.org\/fr\/\"},{\"@type\":\"ListItem\",\"position\":2,\"name\":\"IFES\"}]},{\"@type\":\"WebSite\",\"@id\":\"https:\/\/ifesworld.org\/es\/#website\",\"url\":\"https:\/\/ifesworld.org\/es\/\",\"name\":\"IFES\",\"description\":\"A movement of students sharing and living out the good news of Jesus Christ. Locally. Nationally. Globally.\",\"publisher\":{\"@id\":\"https:\/\/ifesworld.org\/es\/#organization\"},\"potentialAction\":[{\"@type\":\"SearchAction\",\"target\":{\"@type\":\"EntryPoint\",\"urlTemplate\":\"https:\/\/ifesworld.org\/es\/?s={search_term_string}\"},\"query-input\":{\"@type\":\"PropertyValueSpecification\",\"valueRequired\":true,\"valueName\":\"search_term_string\"}}],\"inLanguage\":\"fr-FR\"},{\"@type\":\"Organization\",\"@id\":\"https:\/\/ifesworld.org\/es\/#organization\",\"name\":\"IFES \u00b7 International Fellowship of Evangelical Students\",\"url\":\"https:\/\/ifesworld.org\/es\/\",\"logo\":{\"@type\":\"ImageObject\",\"inLanguage\":\"fr-FR\",\"@id\":\"https:\/\/ifesworld.org\/es\/#\/schema\/logo\/image\/\",\"url\":\"https:\/\/ifesworld.org\/wp-content\/uploads\/2019\/06\/ifeslogo.png\",\"contentUrl\":\"https:\/\/ifesworld.org\/wp-content\/uploads\/2019\/06\/ifeslogo.png\",\"width\":262,\"height\":262,\"caption\":\"IFES \u00b7 International Fellowship of Evangelical Students\"},\"image\":{\"@id\":\"https:\/\/ifesworld.org\/es\/#\/schema\/logo\/image\/\"}}]}<\/script>\n<!-- \/ Yoast SEO plugin. -->","yoast_head_json":{"title":"IFES &#183; IFES","description":"Les \u00e9tudiants d\u2019aujourd\u2019hui sont les leaders mondiaux de demain. Pourtant, les universit\u00e9s, bien qu\u2019elles soient des centres de pens\u00e9e, de leadership et","robots":{"index":"index","follow":"follow","max-snippet":"max-snippet:-1","max-image-preview":"max-image-preview:large","max-video-preview":"max-video-preview:-1"},"canonical":"https:\/\/ifesworld.org\/fr\/ifes\/","og_locale":"fr_FR","og_type":"article","og_title":"IFES &#183; IFES","og_description":"Les \u00e9tudiants d\u2019aujourd\u2019hui sont les leaders mondiaux de demain. Pourtant, les universit\u00e9s, bien qu\u2019elles soient des centres de pens\u00e9e, de leadership et","og_url":"https:\/\/ifesworld.org\/fr\/ifes\/","og_site_name":"IFES","article_modified_time":"2019-04-29T07:20:41+00:00","og_image":[{"width":262,"height":262,"url":"https:\/\/ifesworld.org\/wp-content\/uploads\/2019\/06\/ifeslogo.png","type":"image\/png"}],"twitter_card":"summary_large_image","twitter_misc":{"Dur\u00e9e de lecture estim\u00e9e":"2 minutes"},"schema":{"@context":"https:\/\/schema.org","@graph":[{"@type":"WebPage","@id":"https:\/\/ifesworld.org\/fr\/ifes\/","url":"https:\/\/ifesworld.org\/fr\/ifes\/","name":"IFES &#183; IFES","isPartOf":{"@id":"https:\/\/ifesworld.org\/es\/#website"},"datePublished":"2019-04-17T07:37:38+00:00","dateModified":"2019-04-29T07:20:41+00:00","description":"Les \u00e9tudiants d\u2019aujourd\u2019hui sont les leaders mondiaux de demain. Pourtant, les universit\u00e9s, bien qu\u2019elles soient des centres de pens\u00e9e, de leadership et","breadcrumb":{"@id":"https:\/\/ifesworld.org\/fr\/ifes\/#breadcrumb"},"inLanguage":"fr-FR","potentialAction":[{"@type":"ReadAction","target":["https:\/\/ifesworld.org\/fr\/ifes\/"]}]},{"@type":"BreadcrumbList","@id":"https:\/\/ifesworld.org\/fr\/ifes\/#breadcrumb","itemListElement":[{"@type":"ListItem","position":1,"name":"Home","item":"https:\/\/ifesworld.org\/fr\/"},{"@type":"ListItem","position":2,"name":"IFES"}]},{"@type":"WebSite","@id":"https:\/\/ifesworld.org\/es\/#website","url":"https:\/\/ifesworld.org\/es\/","name":"IFES","description":"A movement of students sharing and living out the good news of Jesus Christ. Locally. Nationally. Globally.","publisher":{"@id":"https:\/\/ifesworld.org\/es\/#organization"},"potentialAction":[{"@type":"SearchAction","target":{"@type":"EntryPoint","urlTemplate":"https:\/\/ifesworld.org\/es\/?s={search_term_string}"},"query-input":{"@type":"PropertyValueSpecification","valueRequired":true,"valueName":"search_term_string"}}],"inLanguage":"fr-FR"},{"@type":"Organization","@id":"https:\/\/ifesworld.org\/es\/#organization","name":"IFES \u00b7 International Fellowship of Evangelical Students","url":"https:\/\/ifesworld.org\/es\/","logo":{"@type":"ImageObject","inLanguage":"fr-FR","@id":"https:\/\/ifesworld.org\/es\/#\/schema\/logo\/image\/","url":"https:\/\/ifesworld.org\/wp-content\/uploads\/2019\/06\/ifeslogo.png","contentUrl":"https:\/\/ifesworld.org\/wp-content\/uploads\/2019\/06\/ifeslogo.png","width":262,"height":262,"caption":"IFES \u00b7 International Fellowship of Evangelical Students"},"image":{"@id":"https:\/\/ifesworld.org\/es\/#\/schema\/logo\/image\/"}}]}},"_links":{"self":[{"href":"https:\/\/ifesworld.org\/fr\/wp-json\/wp\/v2\/pages\/239","targetHints":{"allow":["GET"]}}],"collection":[{"href":"https:\/\/ifesworld.org\/fr\/wp-json\/wp\/v2\/pages"}],"about":[{"href":"https:\/\/ifesworld.org\/fr\/wp-json\/wp\/v2\/types\/page"}],"replies":[{"embeddable":true,"href":"https:\/\/ifesworld.org\/fr\/wp-json\/wp\/v2\/comments?post=239"}],"version-history":[{"count":0,"href":"https:\/\/ifesworld.org\/fr\/wp-json\/wp\/v2\/pages\/239\/revisions"}],"wp:attachment":[{"href":"https:\/\/ifesworld.org\/fr\/wp-json\/wp\/v2\/media?parent=239"}],"wp:term":[{"taxonomy":"area","embeddable":true,"href":"https:\/\/ifesworld.org\/fr\/wp-json\/wp\/v2\/area?post=239"},{"taxonomy":"theme","embeddable":true,"href":"https:\/\/ifesworld.org\/fr\/wp-json\/wp\/v2\/theme?post=239"}],"curies":[{"name":"wp","href":"https:\/\/api.w.org\/{rel}","templated":true}]}}