{"id":19336,"date":"2022-07-29T16:02:23","date_gmt":"2022-07-29T15:02:23","guid":{"rendered":"https:\/\/ifesworld.org\/?page_id=19336"},"modified":"2026-03-19T09:18:03","modified_gmt":"2026-03-19T09:18:03","slug":"ifes-connect","status":"publish","type":"page","link":"https:\/\/ifesworld.org\/fr\/ifes-connect\/","title":{"rendered":"IFES Connect"},"content":{"rendered":"<div class=\"wp-block block-core-heading\">\n<h2 class=\"wp-block-heading has-accent-light-color has-text-color\">IFES Connect va \u00eatre ferm\u00e9<\/h2>\n<\/div>\n\n<div class=\"wp-block block-core-paragraph\">\n<p class=\"wp-block-paragraph\">Apr\u00e8s avoir facilit\u00e9 les connexions entre le personnel, les \u00e9tudiants et les partenaires au sein de notre Union internationale pendant plusieurs ann\u00e9es, IFES Connect ferment ses portes en mai 2026.<\/p>\n<\/div>\n\n<div class=\"wp-block block-core-paragraph\">\n<p class=\"wp-block-paragraph\">Nous sommes profond\u00e9ment reconnaissants pour chaque conversation, chaque ressource partag\u00e9e et chaque relation cr\u00e9\u00e9e gr\u00e2ce \u00e0 cette communaut\u00e9 en ligne.\u00a0<\/p>\n<\/div>\n\n<div class=\"wp-block block-core-paragraph\">\n<p class=\"has-md-font-size wp-block-paragraph\">Vous pouvez rester en contact avec notre Union internationale par les moyens suivants :<\/p>\n<\/div>\n\n<div class=\"wp-block block-core-list\">\n<ul class=\"wp-block-list\"><div class=\"wp-block block-core-list-item\">\n<li class=\"has-md-font-size\"><a href=\"https:\/\/whatsapp.com\/channel\/0029VaKzF0r1noyz3i3uQQ14\"><strong>WhatsApp<\/strong><\/a><\/li>\n<\/div>\n\n<div class=\"wp-block block-core-list-item\">\n<li class=\"has-md-font-size\"><a href=\"https:\/\/www.facebook.com\/ifesworld\"><strong>Facebook<\/strong><\/a><\/li>\n<\/div>\n\n<div class=\"wp-block block-core-list-item\">\n<li class=\"has-md-font-size\"><a href=\"https:\/\/www.instagram.com\/ifesworld\/\"><strong>Instagram<\/strong><\/a><\/li>\n<\/div>\n\n<div class=\"wp-block block-core-list-item\">\n<li class=\"has-md-font-size\"><strong><a href=\"https:\/\/ifesworld.org\/fr\/monde\/\">Votre mouvement national<\/a><\/strong> \u2014 Vous trouverez ici les coordonn\u00e9es des mouvements \u00e0 travers le monde.<\/li>\n<\/div><\/ul>\n<\/div>","protected":false},"excerpt":{"rendered":"<p>IFES Connect va \u00eatre ferm\u00e9 Apr\u00e8s avoir facilit\u00e9 les connexions entre le personnel, les \u00e9tudiants et les partenaires au sein de notre Union internationale pendant plusieurs ann\u00e9es, IFES Connect ferment ses portes en mai 2026. Nous sommes profond\u00e9ment reconnaissants pour chaque conversation, chaque ressource partag\u00e9e et chaque relation cr\u00e9\u00e9e gr\u00e2ce \u00e0 cette communaut\u00e9 en ligne.\u00a0&#8230;<\/p>\n","protected":false},"author":2,"featured_media":19326,"parent":0,"menu_order":0,"comment_status":"closed","ping_status":"closed","template":"","meta":{"_acf_changed":false,"_crdt_document":"","inline_featured_image":false,"footnotes":""},"area":[],"theme":[],"class_list":["post-19336","page","type-page","status-publish","has-post-thumbnail","hentry"],"acf":[],"yoast_head":"<!-- This site is optimized with the Yoast SEO plugin v27.2 - https:\/\/yoast.com\/product\/yoast-seo-wordpress\/ -->\n<title>IFES Connect &#183; IFES<\/title>\n<meta name=\"description\" content=\"IFES Connect va \u00eatre ferm\u00e9 Apr\u00e8s avoir facilit\u00e9 les connexions entre le personnel, les \u00e9tudiants et les partenaires au sein de notre Union internationale\" \/>\n<meta name=\"robots\" content=\"index, follow, max-snippet:-1, max-image-preview:large, max-video-preview:-1\" \/>\n<link rel=\"canonical\" href=\"https:\/\/ifesworld.org\/fr\/ifes-connect\/\" \/>\n<meta property=\"og:locale\" content=\"fr_FR\" \/>\n<meta property=\"og:type\" content=\"article\" \/>\n<meta property=\"og:title\" content=\"IFES Connect &#183; IFES\" \/>\n<meta property=\"og:description\" content=\"IFES Connect va \u00eatre ferm\u00e9 Apr\u00e8s avoir facilit\u00e9 les connexions entre le personnel, les \u00e9tudiants et les partenaires au sein de notre Union internationale\" \/>\n<meta property=\"og:url\" content=\"https:\/\/ifesworld.org\/fr\/ifes-connect\/\" \/>\n<meta property=\"og:site_name\" content=\"IFES\" \/>\n<meta property=\"article:modified_time\" content=\"2026-03-19T09:18:03+00:00\" \/>\n<meta property=\"og:image\" content=\"https:\/\/ifesworld.org\/wp-content\/uploads\/2022\/07\/43092888180_465dcd499e_o-scaled.jpg\" \/>\n\t<meta property=\"og:image:width\" content=\"2560\" \/>\n\t<meta property=\"og:image:height\" content=\"1707\" \/>\n\t<meta property=\"og:image:type\" content=\"image\/jpeg\" \/>\n<meta name=\"twitter:card\" content=\"summary_large_image\" \/>\n<meta name=\"twitter:label1\" content=\"Dur\u00e9e de lecture estim\u00e9e\" \/>\n\t<meta name=\"twitter:data1\" content=\"3 minutes\" \/>\n<script type=\"application\/ld+json\" class=\"yoast-schema-graph\">{\"@context\":\"https:\/\/schema.org\",\"@graph\":[{\"@type\":\"WebPage\",\"@id\":\"https:\/\/ifesworld.org\/fr\/ifes-connect\/\",\"url\":\"https:\/\/ifesworld.org\/fr\/ifes-connect\/\",\"name\":\"IFES Connect &#183; IFES\",\"isPartOf\":{\"@id\":\"https:\/\/ifesworld.org\/es\/#website\"},\"primaryImageOfPage\":{\"@id\":\"https:\/\/ifesworld.org\/fr\/ifes-connect\/#primaryimage\"},\"image\":{\"@id\":\"https:\/\/ifesworld.org\/fr\/ifes-connect\/#primaryimage\"},\"thumbnailUrl\":\"https:\/\/ifesworld.org\/wp-content\/uploads\/2022\/07\/43092888180_465dcd499e_o-scaled.jpg\",\"datePublished\":\"2022-07-29T15:02:23+00:00\",\"dateModified\":\"2026-03-19T09:18:03+00:00\",\"description\":\"IFES Connect va \u00eatre ferm\u00e9 Apr\u00e8s avoir facilit\u00e9 les connexions entre le personnel, les \u00e9tudiants et les partenaires au sein de notre Union internationale\",\"breadcrumb\":{\"@id\":\"https:\/\/ifesworld.org\/fr\/ifes-connect\/#breadcrumb\"},\"inLanguage\":\"fr-FR\",\"potentialAction\":[{\"@type\":\"ReadAction\",\"target\":[\"https:\/\/ifesworld.org\/fr\/ifes-connect\/\"]}]},{\"@type\":\"ImageObject\",\"inLanguage\":\"fr-FR\",\"@id\":\"https:\/\/ifesworld.org\/fr\/ifes-connect\/#primaryimage\",\"url\":\"https:\/\/ifesworld.org\/wp-content\/uploads\/2022\/07\/43092888180_465dcd499e_o-scaled.jpg\",\"contentUrl\":\"https:\/\/ifesworld.org\/wp-content\/uploads\/2022\/07\/43092888180_465dcd499e_o-scaled.jpg\",\"width\":2560,\"height\":1707},{\"@type\":\"BreadcrumbList\",\"@id\":\"https:\/\/ifesworld.org\/fr\/ifes-connect\/#breadcrumb\",\"itemListElement\":[{\"@type\":\"ListItem\",\"position\":1,\"name\":\"Home\",\"item\":\"https:\/\/ifesworld.org\/fr\/\"},{\"@type\":\"ListItem\",\"position\":2,\"name\":\"IFES Connect\"}]},{\"@type\":\"WebSite\",\"@id\":\"https:\/\/ifesworld.org\/es\/#website\",\"url\":\"https:\/\/ifesworld.org\/es\/\",\"name\":\"IFES\",\"description\":\"A movement of students sharing and living out the good news of Jesus Christ. Locally. Nationally. Globally.\",\"publisher\":{\"@id\":\"https:\/\/ifesworld.org\/es\/#organization\"},\"potentialAction\":[{\"@type\":\"SearchAction\",\"target\":{\"@type\":\"EntryPoint\",\"urlTemplate\":\"https:\/\/ifesworld.org\/es\/?s={search_term_string}\"},\"query-input\":{\"@type\":\"PropertyValueSpecification\",\"valueRequired\":true,\"valueName\":\"search_term_string\"}}],\"inLanguage\":\"fr-FR\"},{\"@type\":\"Organization\",\"@id\":\"https:\/\/ifesworld.org\/es\/#organization\",\"name\":\"IFES \u00b7 International Fellowship of Evangelical Students\",\"url\":\"https:\/\/ifesworld.org\/es\/\",\"logo\":{\"@type\":\"ImageObject\",\"inLanguage\":\"fr-FR\",\"@id\":\"https:\/\/ifesworld.org\/es\/#\/schema\/logo\/image\/\",\"url\":\"https:\/\/ifesworld.org\/wp-content\/uploads\/2019\/06\/ifeslogo.png\",\"contentUrl\":\"https:\/\/ifesworld.org\/wp-content\/uploads\/2019\/06\/ifeslogo.png\",\"width\":262,\"height\":262,\"caption\":\"IFES \u00b7 International Fellowship of Evangelical Students\"},\"image\":{\"@id\":\"https:\/\/ifesworld.org\/es\/#\/schema\/logo\/image\/\"}}]}<\/script>\n<!-- \/ Yoast SEO plugin. -->","yoast_head_json":{"title":"IFES Connect &#183; IFES","description":"IFES Connect va \u00eatre ferm\u00e9 Apr\u00e8s avoir facilit\u00e9 les connexions entre le personnel, les \u00e9tudiants et les partenaires au sein de notre Union internationale","robots":{"index":"index","follow":"follow","max-snippet":"max-snippet:-1","max-image-preview":"max-image-preview:large","max-video-preview":"max-video-preview:-1"},"canonical":"https:\/\/ifesworld.org\/fr\/ifes-connect\/","og_locale":"fr_FR","og_type":"article","og_title":"IFES Connect &#183; IFES","og_description":"IFES Connect va \u00eatre ferm\u00e9 Apr\u00e8s avoir facilit\u00e9 les connexions entre le personnel, les \u00e9tudiants et les partenaires au sein de notre Union internationale","og_url":"https:\/\/ifesworld.org\/fr\/ifes-connect\/","og_site_name":"IFES","article_modified_time":"2026-03-19T09:18:03+00:00","og_image":[{"width":2560,"height":1707,"url":"https:\/\/ifesworld.org\/wp-content\/uploads\/2022\/07\/43092888180_465dcd499e_o-scaled.jpg","type":"image\/jpeg"}],"twitter_card":"summary_large_image","twitter_misc":{"Dur\u00e9e de lecture estim\u00e9e":"3 minutes"},"schema":{"@context":"https:\/\/schema.org","@graph":[{"@type":"WebPage","@id":"https:\/\/ifesworld.org\/fr\/ifes-connect\/","url":"https:\/\/ifesworld.org\/fr\/ifes-connect\/","name":"IFES Connect &#183; IFES","isPartOf":{"@id":"https:\/\/ifesworld.org\/es\/#website"},"primaryImageOfPage":{"@id":"https:\/\/ifesworld.org\/fr\/ifes-connect\/#primaryimage"},"image":{"@id":"https:\/\/ifesworld.org\/fr\/ifes-connect\/#primaryimage"},"thumbnailUrl":"https:\/\/ifesworld.org\/wp-content\/uploads\/2022\/07\/43092888180_465dcd499e_o-scaled.jpg","datePublished":"2022-07-29T15:02:23+00:00","dateModified":"2026-03-19T09:18:03+00:00","description":"IFES Connect va \u00eatre ferm\u00e9 Apr\u00e8s avoir facilit\u00e9 les connexions entre le personnel, les \u00e9tudiants et les partenaires au sein de notre Union internationale","breadcrumb":{"@id":"https:\/\/ifesworld.org\/fr\/ifes-connect\/#breadcrumb"},"inLanguage":"fr-FR","potentialAction":[{"@type":"ReadAction","target":["https:\/\/ifesworld.org\/fr\/ifes-connect\/"]}]},{"@type":"ImageObject","inLanguage":"fr-FR","@id":"https:\/\/ifesworld.org\/fr\/ifes-connect\/#primaryimage","url":"https:\/\/ifesworld.org\/wp-content\/uploads\/2022\/07\/43092888180_465dcd499e_o-scaled.jpg","contentUrl":"https:\/\/ifesworld.org\/wp-content\/uploads\/2022\/07\/43092888180_465dcd499e_o-scaled.jpg","width":2560,"height":1707},{"@type":"BreadcrumbList","@id":"https:\/\/ifesworld.org\/fr\/ifes-connect\/#breadcrumb","itemListElement":[{"@type":"ListItem","position":1,"name":"Home","item":"https:\/\/ifesworld.org\/fr\/"},{"@type":"ListItem","position":2,"name":"IFES Connect"}]},{"@type":"WebSite","@id":"https:\/\/ifesworld.org\/es\/#website","url":"https:\/\/ifesworld.org\/es\/","name":"IFES","description":"A movement of students sharing and living out the good news of Jesus Christ. Locally. Nationally. Globally.","publisher":{"@id":"https:\/\/ifesworld.org\/es\/#organization"},"potentialAction":[{"@type":"SearchAction","target":{"@type":"EntryPoint","urlTemplate":"https:\/\/ifesworld.org\/es\/?s={search_term_string}"},"query-input":{"@type":"PropertyValueSpecification","valueRequired":true,"valueName":"search_term_string"}}],"inLanguage":"fr-FR"},{"@type":"Organization","@id":"https:\/\/ifesworld.org\/es\/#organization","name":"IFES \u00b7 International Fellowship of Evangelical Students","url":"https:\/\/ifesworld.org\/es\/","logo":{"@type":"ImageObject","inLanguage":"fr-FR","@id":"https:\/\/ifesworld.org\/es\/#\/schema\/logo\/image\/","url":"https:\/\/ifesworld.org\/wp-content\/uploads\/2019\/06\/ifeslogo.png","contentUrl":"https:\/\/ifesworld.org\/wp-content\/uploads\/2019\/06\/ifeslogo.png","width":262,"height":262,"caption":"IFES \u00b7 International Fellowship of Evangelical Students"},"image":{"@id":"https:\/\/ifesworld.org\/es\/#\/schema\/logo\/image\/"}}]}},"_links":{"self":[{"href":"https:\/\/ifesworld.org\/fr\/wp-json\/wp\/v2\/pages\/19336","targetHints":{"allow":["GET"]}}],"collection":[{"href":"https:\/\/ifesworld.org\/fr\/wp-json\/wp\/v2\/pages"}],"about":[{"href":"https:\/\/ifesworld.org\/fr\/wp-json\/wp\/v2\/types\/page"}],"author":[{"embeddable":true,"href":"https:\/\/ifesworld.org\/fr\/wp-json\/wp\/v2\/users\/2"}],"replies":[{"embeddable":true,"href":"https:\/\/ifesworld.org\/fr\/wp-json\/wp\/v2\/comments?post=19336"}],"version-history":[{"count":1,"href":"https:\/\/ifesworld.org\/fr\/wp-json\/wp\/v2\/pages\/19336\/revisions"}],"predecessor-version":[{"id":51055,"href":"https:\/\/ifesworld.org\/fr\/wp-json\/wp\/v2\/pages\/19336\/revisions\/51055"}],"wp:featuredmedia":[{"embeddable":true,"href":"https:\/\/ifesworld.org\/fr\/wp-json\/wp\/v2\/media\/19326"}],"wp:attachment":[{"href":"https:\/\/ifesworld.org\/fr\/wp-json\/wp\/v2\/media?parent=19336"}],"wp:term":[{"taxonomy":"area","embeddable":true,"href":"https:\/\/ifesworld.org\/fr\/wp-json\/wp\/v2\/area?post=19336"},{"taxonomy":"theme","embeddable":true,"href":"https:\/\/ifesworld.org\/fr\/wp-json\/wp\/v2\/theme?post=19336"}],"curies":[{"name":"wp","href":"https:\/\/api.w.org\/{rel}","templated":true}]}}