{"id":17551,"date":"2021-12-17T12:57:38","date_gmt":"2021-12-17T12:57:38","guid":{"rendered":"https:\/\/ifesworld.org\/?page_id=17551"},"modified":"2021-12-17T15:12:20","modified_gmt":"2021-12-17T15:12:20","slug":"pour-une-joie-eternelle","status":"publish","type":"page","link":"https:\/\/ifesworld.org\/fr\/pour-une-joie-eternelle\/","title":{"rendered":"Pour une joie \u00e9ternelle"},"content":{"rendered":"<div class=\"wp-block block-core-group\">\n<div class=\"wp-block-group\"><div class=\"wp-block-group__inner-container is-layout-flow wp-block-group-is-layout-flow\"><div class=\"wp-block block-core-heading\">\n<h2 class=\"wp-block-heading\">Savez-vous \u00e0 quoi aspirent les \u00e9tudiants \u00e0 l&rsquo;aube de 2022&nbsp;?<\/h2>\n<\/div>\n\n<div class=\"wp-block block-core-paragraph\">\n<p class=\"wp-block-paragraph\">Vous en aurez un aper\u00e7u en consultant les sujets de pri\u00e8re que les \u00e9tudiants ont partag\u00e9s lors de la <a href=\"https:\/\/ifesworld.org\/en\/wsd\/?switch_language=en\">Journ\u00e9e mondiale de l&rsquo;\u00e9tudiant<\/a> cette ann\u00e9e.<\/p>\n<\/div>\n\n<div class=\"wp-block block-core-paragraph\">\n<p class=\"wp-block-paragraph\">Ani, une \u00e9tudiante d&rsquo;Arm\u00e9nie, raconte&nbsp;: \u00ab&nbsp;Depuis que j&rsquo;ai dit \u00e0 mes amis que j&rsquo;\u00e9tais chr\u00e9tienne, que je lis la Bible et que je prie, je sens qu&rsquo;ils me traitent un peu diff\u00e9remment, et je n&rsquo;aime pas \u00e7a&nbsp;\u00bb.<\/p>\n<\/div>\n\n<div class=\"wp-block block-core-paragraph\">\n<p class=\"wp-block-paragraph\">Zhyrlene est leader \u00e9tudiante avec l&rsquo;<a href=\"https:\/\/ivcfphil.org\/\">IVCF Philippines<\/a>. Elle demande \u00ab&nbsp;la direction de Dieu alors que nous, leaders \u00e9tudiants, cherchons en permanence l&rsquo;\u00e9quilibre entre le temps que nous consacrons \u00e0 nos \u00e9tudes et celui que nous consacrons au partage et \u00e0 l&rsquo;incarnation de la Parole de Dieu. Les cours en ligne nous pompent toute notre \u00e9nergie et entra\u00eenent une grosse fatigue.&nbsp;\u00bb<\/p>\n<\/div>\n\n<div class=\"wp-block block-core-paragraph\">\n<p class=\"wp-block-paragraph\">Angy est une \u00e9tudiante \u00e9gyptienne&nbsp;: \u00ab&nbsp;Je vis dans un pays arabe et la majorit\u00e9 des \u00e9tudiants sont musulmans. Je veux que le Seigneur ouvre leurs yeux et leur c\u0153ur \u00e0 son amour et les am\u00e8ne \u00e0 le conna\u00eetre, et qu&rsquo;il m&rsquo;utilise aupr\u00e8s d&rsquo;eux&nbsp;!&nbsp;\u00bb<\/p>\n<\/div>\n\n<div class=\"wp-block block-core-paragraph\">\n<p class=\"wp-block-paragraph\">Trois \u00e9tudiants, trois continents et trois situations diff\u00e9rentes. Mais tous ont besoin d&rsquo;\u00eatre conduits par l&rsquo;Esprit saint dans les difficult\u00e9s qu&rsquo;ils rencontrent. Ils ont \u00e9galement besoin du soutien, des encouragements et du courage que l&rsquo;IFES peut leur apporter, en leur montrant qu&rsquo;ils ne sont pas seuls et en les incitant \u00e0 continuer \u00e0 rechercher la joie en J\u00e9sus, quel qu&rsquo;en soit le prix.<\/p>\n<\/div>\n\n<div class=\"wp-block block-core-paragraph\">\n<p class=\"wp-block-paragraph\">Dieu est n\u00e9anmoins \u00e0 l\u2019\u0153uvre parmi les \u00e9tudiants. En cette Journ\u00e9e mondiale de l&rsquo;\u00e9tudiant, Gedeon en RdC et son groupe d&rsquo;\u00e9tudiants, le <a href=\"https:\/\/www.facebook.com\/gbugoma\/\">GBU Goma<\/a>, sont all\u00e9s partager la bonne nouvelle de J\u00e9sus avec des jeunes qui faisaient du sport dehors. Apr\u00e8s avoir pri\u00e9 pour eux, ils ont pratiqu\u00e9 ce qu&rsquo;ils appellent \u00ab&nbsp;l&rsquo;\u00e9vang\u00e9lisation par le sport&nbsp;\u00bb. D&rsquo;apr\u00e8s G\u00e9d\u00e9on, ils ont compris d&rsquo;une nouvelle fa\u00e7on que \u00ab&nbsp;beaucoup de ces jeunes n&rsquo;ont jamais entendu parler de J\u00e9sus-Christ, et qu&rsquo;ils ont cruellement et urgemment besoin de la parole de Dieu. <strong>La joie qui a rempli nos c\u0153urs apr\u00e8s cette activit\u00e9 est imaginable, et nous nous sommes dit que c&rsquo;\u00e9tait l\u00e0 le but de l&rsquo;\u00c9vangile&nbsp;\u00bb.<\/strong><\/p>\n<\/div><\/div>\n<\/div><\/div>\n\n<div class=\"wp-block block-core-cover alignfull\">\n<div class=\"wp-block-cover alignfull has-background-dim-10 has-background-dim has-parallax\" style=\"background-image:url(https:\/\/ifesworld.org\/wp-content\/uploads\/2021\/12\/Zhyrlene.jpg)\"><div class=\"wp-block-cover__inner-container is-layout-flow wp-block-cover-is-layout-flow\"><div class=\"wp-block block-core-paragraph aligncenter\">\n<p class=\"has-text-align-center has-large-font-size wp-block-paragraph\"><\/p>\n<\/div><\/div><\/div>\n<\/div>\n\n<div class=\"wp-block block-core-group alignfull\">\n<div class=\"wp-block-group alignfull has-white-dark-background-color has-background\"><div class=\"wp-block-group__inner-container is-layout-flow wp-block-group-is-layout-flow\"><div class=\"wp-block block-core-heading\">\n<h2 class=\"wp-block-heading\">Envisagerez-vous de faire un don pour apporter la joie \u00e9ternelle de J\u00e9sus aux \u00e9tudiants en 2022&nbsp;?<\/h2>\n<\/div>\n\n<div class=\"wp-block block-core-paragraph\">\n<p class=\"has-accent-light-color has-text-color has-md-font-size wp-block-paragraph\">\u00c9sa\u00efe 35:10 offre une promesse ultime pour les rachet\u00e9s&nbsp;: <em>\u00ab&nbsp;ils iront \u00e0 Sion avec des cris de joie. Un bonheur \u00e9ternel couronnera leur t\u00eate, ils auront en partage la joie et l\u2019all\u00e9gresse, tristesse et plaintes s\u2019enfuiront.&nbsp;\u00bb<\/em><\/p>\n<\/div>\n\n<div class=\"wp-block block-core-paragraph\">\n<p class=\"wp-block-paragraph\">Cette derni\u00e8re ann\u00e9e a \u00e9t\u00e9 riche en d\u00e9fis pour les \u00e9tudiants&nbsp;; 2022 risque de l&rsquo;\u00eatre tout autant. L&rsquo;IFES entre dans la nouvelle ann\u00e9e en s&rsquo;engageant \u00e0 conduire les \u00e9tudiants vers J\u00e9sus, \u00e0 les soutenir et \u00e0 les encourager de toutes les mani\u00e8res possibles. Cela implique de <a href=\"https:\/\/ifesworld.org\/en\/strengthen\/#governancedevelopment\">multiplier les nouveaux groupes et mouvements dans de nouveaux endroits<\/a>, de former les \u00e9tudiants \u00e0 la vie de disciples et \u00e0 l&rsquo;\u00e9vang\u00e9lisation, et d&rsquo;organiser des \u00e9v\u00e9nements et des congr\u00e8s qui les aideront \u00e0 d\u00e9finir leur appel.<\/p>\n<\/div>\n\n<div class=\"wp-block block-core-paragraph\">\n<p class=\"wp-block-paragraph\">Avec votre aide, l&rsquo;IFES peut apporter la bonne nouvelle d&rsquo;une grande joie aux \u00e9tudiants dans toutes les universit\u00e9s du monde. La joie, m\u00eame au c\u0153ur des \u00e9preuves et des difficult\u00e9s. Votre don permettra \u00e0 l&rsquo;\u00c9vangile d&rsquo;\u00eatre annonc\u00e9 aux \u00e9tudiants et d&rsquo;en faire des disciples remplis de l&rsquo;Esprit qui vivent pleinement pour Christ.<\/p>\n<\/div>\n\n<div class=\"wp-block block-acf-giveform\">    <section id=\"giveform-block-block_61b095315c200\" class=\"give-form bg--alt margin-bottom--xl\">\n        <h2 class=\"h1\">JE SOUHAITE DONNER \u00c0<\/h2>\n        <a id=\"give-login-link\" href=\"https:\/\/give.ifesworld.org\/login\" target=\"_blank\" class=\"btn btn--cta-link\"><span><span class=\"icon\"><svg class=\"icon\"><use xlink:href=\"#chevron-circle-right-solid\"><\/use><\/svg><\/span>Se connecter \u00e0 votre compte de donateur<\/span><\/a>\n        <form class=\"give__form container--full-width flex flex--column\"\n              action=\"https:\/\/give.ifesworld.org\/customgiving?utm_source=ifesworld.org&#038;utm_medium=referral&#038;\" method=\"GET\"\n              target=\"_blank\">\n            <div class=\"give_designation margin-top\">\n                <label for=\"code\" class=\"screen-reader-text\">Soutenir l\u2019IFES dans une r\u00e9gion particuli\u00e8re<\/label>\n                <select id=\"code\" name=\"code\" required>\n                                        <option value=\"GF000_PMAIN\">Minist\u00e8re de l&rsquo;IFES dans le monde<\/option>\n                                                                  <option value=\"ifes-region\">Soutenir l\u2019IFES dans une r\u00e9gion particuli\u00e8re<\/option>\n                                        <\/select>\n            <\/div>\n                            <div id=\"give_region\" class=\"give_region margin-top hide\">\n                    <label for=\"give_area\" class=\"screen-reader-text\">Choisir une r\u00e9gion<\/label>\n                    <select id='give_area' name='give_area'>\n                        <option data-placeholder=\"true\" value=\"\" hidden>Choisir une r\u00e9gion<\/option>\n                                                <option value=\"FA000_REGN\">Afrique francophone<\/option>\n                                                  <option value=\"NA000_REGN\">Am\u00e9rique du Nord<\/option>\n                                                  <option value=\"LA000_REGN\">Am\u00e9rique latine<\/option>\n                                                  <option value=\"EA000_REGN\">Asie de l\u2019Est<\/option>\n                                                  <option value=\"SA000_REGN\">Asie du Sud<\/option>\n                                                  <option value=\"CR000_REGN\">Cara\u00efbe<\/option>\n                                                  <option value=\"EP000_REGN\">Afrique anglophone, lusophone et hispanophone<\/option>\n                                                  <option value=\"EX000_REGN\">Eurasie<\/option>\n                                                  <option value=\"ER000_REGN\">Europe<\/option>\n                                                  <option value=\"ME000_REGN\">Moyen-Orient et Afrique du Nord<\/option>\n                                                  <option value=\"SP000_REGN\">Pacifique sud<\/option>\n                                            <\/select>\n                <\/div>\n                                    <div class=\"amount-selection grid-4 margin-top\">\n                <div class=\"grid__item form__input--radio\">\n                                        <input type=\"radio\" id=\"give-10\" name=\"give-radio-amount\" value=\"10\" class=\"sr-only\"  >\n                    <label class=\"h1\" for=\"give-10\"><span class=\"js-currency__symbol\">$<\/span>10<\/label>\n                <\/div>\n\n                <div class=\"grid__item form__input--radio\">\n                    <input type=\"radio\" id=\"give-25\" name=\"give-radio-amount\" value=\"25\" class=\"sr-only\" checked >\n                    <label class=\"h1\" for=\"give-25\"><span class=\"js-currency__symbol\">$<\/span>25<\/label>\n                <\/div>\n\n                <div class=\"grid__item form__input--radio\">\n                    <input type=\"radio\" id=\"give-50\" name=\"give-radio-amount\" value=\"50\" class=\"sr-only\"  >\n                    <label class=\"h1\" for=\"give-50\"><span class=\"js-currency__symbol\">$<\/span>50<\/label>\n                <\/div>\n\n                <div class=\"grid__item form__input--radio\">\n                    <input type=\"radio\" id=\"give-100\" name=\"give-radio-amount\" value=\"100\" class=\"sr-only\"  >\n                    <label class=\"h1\" for=\"give-100\"><span class=\"js-currency__symbol\">$<\/span>100<\/label>\n                <\/div>\n            <\/div>\n\n            <div class=\"amount-currency margin-top grid-4\">\n                <div class=\"form__input--amount\">\n                    <label for=\"a\" class=\"screen-reader-text\">Specify donation amount<\/label>\n                    <span class=\"currency flex flex--center-y\"><span class=\"js-currency__symbol\">$<\/span><\/span>\n                    <input type=\"number\" id=\"a\" name=\"a\" class=\"amount\" required value=\"25\">\n                <\/div>\n                <div class=\"form__input--currency select\">\n                    <label for=\"c\" class=\"screen-reader-text\">S\u00e9lectionnez votre devise<\/label>\n                    <select id=\"c\" name=\"c\">\n                                                <option value=\"USD\" data-symbol=\"$\"  selected=\"selected\">USD <\/option>\n                                                <option value=\"GBP\" data-symbol=\"&pound;\" >GBP <\/option>\n                                                <option value=\"EUR\" data-symbol=\"&euro;\" >EUR <\/option>\n                                          <\/select>\n                <\/div>\n            <\/div>\n            <div class=\"donation-frequency grid-2 margin-top\">\n                            <div class=\"grid__item form__input--radio\">\n                    <input type=\"radio\" id=\"donate-once\"  name=\"r\" value=\"0\" class=\"sr-only\" >\n                    <label class=\"h1\" for=\"donate-once\">Faire un don ponctuel<\/label>\n                <\/div>\n                <div class=\"grid__item form__input--radio\">\n                    <input type=\"radio\" id=\"donate-monthly\" checked name=\"r\" value=\"1\" class=\"sr-only\" >\n                    <label class=\"h1\" for=\"donate-monthly\">Faire un don mensuel<\/label>\n                <\/div>\n            <\/div>\n\n\n            <div class=\"give-form__footer margin-top--lg\">\n                <div class=\"give-form__continue flex flex--column flex--space-between\">\n                    <div class=\"btn btn--primary btn--full-width form__submit\">\n                        <input type=\"submit\" id=\"submit\" value=\"continuer\"\/>\n                        <span>continuer<\/span>\n                    <\/div>\n                                            <div>\n                            <a href=\"https:\/\/give.ifesworld.org\/\" class=\"btn btn--cta-link\">\n            <span>\n                        <span class=\"icon\"><svg class=\"icon\"><use xlink:href=\"#chevron-circle-right-solid\"><\/use><\/svg><\/span>Rechercher un minist\u00e8re ou mouvement national pr\u00e9cis de l\u2019IFES<\/span>\n                            <\/a>\n                        <\/div>\n                                   <\/div>\n                          <\/div>\n                          <input type=\"hidden\" name=\"t\" value=\"1\"\/>\n            <input type=\"hidden\" name=\"s\" value=\"IFESWEBSITE\"\/>\n            <input type=\"hidden\" name=\"utm_source\" value=\"ifesworld.org\"\/>\n            <input type=\"hidden\" name=\"utm_medium\" value=\"referral\"\/>\n            <input type=\"hidden\" id=\"d\" name=\"d\" value=\"GF000_PMAIN\" required\/>\n\n        <\/form>\n    <\/section>\n\n<\/div><\/div>\n<\/div><\/div>","protected":false},"excerpt":{"rendered":"<p>Savez-vous \u00e0 quoi aspirent les \u00e9tudiants \u00e0 l&rsquo;aube de 2022&nbsp;? Vous en aurez un aper\u00e7u en consultant les sujets de pri\u00e8re que les \u00e9tudiants ont partag\u00e9s lors de la Journ\u00e9e mondiale de l&rsquo;\u00e9tudiant cette ann\u00e9e. Ani, une \u00e9tudiante d&rsquo;Arm\u00e9nie, raconte&nbsp;: \u00ab&nbsp;Depuis que j&rsquo;ai dit \u00e0 mes amis que j&rsquo;\u00e9tais chr\u00e9tienne, que je lis la Bible&#8230;<\/p>\n","protected":false},"author":2,"featured_media":17536,"parent":0,"menu_order":0,"comment_status":"closed","ping_status":"closed","template":"","meta":{"_acf_changed":false,"_crdt_document":"","inline_featured_image":false,"footnotes":""},"area":[],"theme":[],"class_list":["post-17551","page","type-page","status-publish","has-post-thumbnail","hentry"],"acf":[],"yoast_head":"<!-- This site is optimized with the Yoast SEO plugin v27.2 - https:\/\/yoast.com\/product\/yoast-seo-wordpress\/ -->\n<title>Pour une joie \u00e9ternelle &#183; IFES<\/title>\n<meta name=\"description\" content=\"Savez-vous \u00e0 quoi aspirent les \u00e9tudiants \u00e0 l&#039;aube de 2022&nbsp;? Vous en aurez un aper\u00e7u en consultant les sujets de pri\u00e8re que les \u00e9tudiants ont partag\u00e9s\" \/>\n<meta name=\"robots\" content=\"index, follow, max-snippet:-1, max-image-preview:large, max-video-preview:-1\" \/>\n<link rel=\"canonical\" href=\"https:\/\/ifesworld.org\/en\/for-everlasting-joy\/\" \/>\n<meta property=\"og:locale\" content=\"fr_FR\" \/>\n<meta property=\"og:type\" content=\"article\" \/>\n<meta property=\"og:title\" content=\"Pour une joie \u00e9ternelle &#183; IFES\" \/>\n<meta property=\"og:description\" content=\"Savez-vous \u00e0 quoi aspirent les \u00e9tudiants \u00e0 l&#039;aube de 2022&nbsp;? Vous en aurez un aper\u00e7u en consultant les sujets de pri\u00e8re que les \u00e9tudiants ont partag\u00e9s\" \/>\n<meta property=\"og:url\" content=\"https:\/\/ifesworld.org\/en\/for-everlasting-joy\/\" \/>\n<meta property=\"og:site_name\" content=\"IFES\" \/>\n<meta property=\"article:modified_time\" content=\"2021-12-17T15:12:20+00:00\" \/>\n<meta property=\"og:image\" content=\"https:\/\/ifesworld.org\/wp-content\/uploads\/2021\/12\/Gedeon-sports-evangelism-GBU-Goma.jpg\" \/>\n\t<meta property=\"og:image:width\" content=\"1280\" \/>\n\t<meta property=\"og:image:height\" content=\"950\" \/>\n\t<meta property=\"og:image:type\" content=\"image\/jpeg\" \/>\n<meta name=\"twitter:card\" content=\"summary_large_image\" \/>\n<meta name=\"twitter:label1\" content=\"Dur\u00e9e de lecture estim\u00e9e\" \/>\n\t<meta name=\"twitter:data1\" content=\"3 minutes\" \/>\n<script type=\"application\/ld+json\" class=\"yoast-schema-graph\">{\"@context\":\"https:\/\/schema.org\",\"@graph\":[{\"@type\":\"WebPage\",\"@id\":\"https:\/\/ifesworld.org\/en\/for-everlasting-joy\/\",\"url\":\"https:\/\/ifesworld.org\/en\/for-everlasting-joy\/\",\"name\":\"Pour une joie \u00e9ternelle &#183; IFES\",\"isPartOf\":{\"@id\":\"https:\/\/ifesworld.org\/es\/#website\"},\"primaryImageOfPage\":{\"@id\":\"https:\/\/ifesworld.org\/en\/for-everlasting-joy\/#primaryimage\"},\"image\":{\"@id\":\"https:\/\/ifesworld.org\/en\/for-everlasting-joy\/#primaryimage\"},\"thumbnailUrl\":\"https:\/\/ifesworld.org\/wp-content\/uploads\/2021\/12\/Gedeon-sports-evangelism-GBU-Goma.jpg\",\"datePublished\":\"2021-12-17T12:57:38+00:00\",\"dateModified\":\"2021-12-17T15:12:20+00:00\",\"description\":\"Savez-vous \u00e0 quoi aspirent les \u00e9tudiants \u00e0 l'aube de 2022&nbsp;? Vous en aurez un aper\u00e7u en consultant les sujets de pri\u00e8re que les \u00e9tudiants ont partag\u00e9s\",\"breadcrumb\":{\"@id\":\"https:\/\/ifesworld.org\/en\/for-everlasting-joy\/#breadcrumb\"},\"inLanguage\":\"fr-FR\",\"potentialAction\":[{\"@type\":\"ReadAction\",\"target\":[\"https:\/\/ifesworld.org\/en\/for-everlasting-joy\/\"]}]},{\"@type\":\"ImageObject\",\"inLanguage\":\"fr-FR\",\"@id\":\"https:\/\/ifesworld.org\/en\/for-everlasting-joy\/#primaryimage\",\"url\":\"https:\/\/ifesworld.org\/wp-content\/uploads\/2021\/12\/Gedeon-sports-evangelism-GBU-Goma.jpg\",\"contentUrl\":\"https:\/\/ifesworld.org\/wp-content\/uploads\/2021\/12\/Gedeon-sports-evangelism-GBU-Goma.jpg\",\"width\":1280,\"height\":950},{\"@type\":\"BreadcrumbList\",\"@id\":\"https:\/\/ifesworld.org\/en\/for-everlasting-joy\/#breadcrumb\",\"itemListElement\":[{\"@type\":\"ListItem\",\"position\":1,\"name\":\"Home\",\"item\":\"https:\/\/ifesworld.org\/fr\/\"},{\"@type\":\"ListItem\",\"position\":2,\"name\":\"Pour une joie \u00e9ternelle\"}]},{\"@type\":\"WebSite\",\"@id\":\"https:\/\/ifesworld.org\/es\/#website\",\"url\":\"https:\/\/ifesworld.org\/es\/\",\"name\":\"IFES\",\"description\":\"A movement of students sharing and living out the good news of Jesus Christ. Locally. Nationally. Globally.\",\"publisher\":{\"@id\":\"https:\/\/ifesworld.org\/es\/#organization\"},\"potentialAction\":[{\"@type\":\"SearchAction\",\"target\":{\"@type\":\"EntryPoint\",\"urlTemplate\":\"https:\/\/ifesworld.org\/es\/?s={search_term_string}\"},\"query-input\":{\"@type\":\"PropertyValueSpecification\",\"valueRequired\":true,\"valueName\":\"search_term_string\"}}],\"inLanguage\":\"fr-FR\"},{\"@type\":\"Organization\",\"@id\":\"https:\/\/ifesworld.org\/es\/#organization\",\"name\":\"IFES \u00b7 International Fellowship of Evangelical Students\",\"url\":\"https:\/\/ifesworld.org\/es\/\",\"logo\":{\"@type\":\"ImageObject\",\"inLanguage\":\"fr-FR\",\"@id\":\"https:\/\/ifesworld.org\/es\/#\/schema\/logo\/image\/\",\"url\":\"https:\/\/ifesworld.org\/wp-content\/uploads\/2019\/06\/ifeslogo.png\",\"contentUrl\":\"https:\/\/ifesworld.org\/wp-content\/uploads\/2019\/06\/ifeslogo.png\",\"width\":262,\"height\":262,\"caption\":\"IFES \u00b7 International Fellowship of Evangelical Students\"},\"image\":{\"@id\":\"https:\/\/ifesworld.org\/es\/#\/schema\/logo\/image\/\"}}]}<\/script>\n<!-- \/ Yoast SEO plugin. -->","yoast_head_json":{"title":"Pour une joie \u00e9ternelle &#183; IFES","description":"Savez-vous \u00e0 quoi aspirent les \u00e9tudiants \u00e0 l'aube de 2022&nbsp;? Vous en aurez un aper\u00e7u en consultant les sujets de pri\u00e8re que les \u00e9tudiants ont partag\u00e9s","robots":{"index":"index","follow":"follow","max-snippet":"max-snippet:-1","max-image-preview":"max-image-preview:large","max-video-preview":"max-video-preview:-1"},"canonical":"https:\/\/ifesworld.org\/en\/for-everlasting-joy\/","og_locale":"fr_FR","og_type":"article","og_title":"Pour une joie \u00e9ternelle &#183; IFES","og_description":"Savez-vous \u00e0 quoi aspirent les \u00e9tudiants \u00e0 l'aube de 2022&nbsp;? Vous en aurez un aper\u00e7u en consultant les sujets de pri\u00e8re que les \u00e9tudiants ont partag\u00e9s","og_url":"https:\/\/ifesworld.org\/en\/for-everlasting-joy\/","og_site_name":"IFES","article_modified_time":"2021-12-17T15:12:20+00:00","og_image":[{"width":1280,"height":950,"url":"https:\/\/ifesworld.org\/wp-content\/uploads\/2021\/12\/Gedeon-sports-evangelism-GBU-Goma.jpg","type":"image\/jpeg"}],"twitter_card":"summary_large_image","twitter_misc":{"Dur\u00e9e de lecture estim\u00e9e":"3 minutes"},"schema":{"@context":"https:\/\/schema.org","@graph":[{"@type":"WebPage","@id":"https:\/\/ifesworld.org\/en\/for-everlasting-joy\/","url":"https:\/\/ifesworld.org\/en\/for-everlasting-joy\/","name":"Pour une joie \u00e9ternelle &#183; IFES","isPartOf":{"@id":"https:\/\/ifesworld.org\/es\/#website"},"primaryImageOfPage":{"@id":"https:\/\/ifesworld.org\/en\/for-everlasting-joy\/#primaryimage"},"image":{"@id":"https:\/\/ifesworld.org\/en\/for-everlasting-joy\/#primaryimage"},"thumbnailUrl":"https:\/\/ifesworld.org\/wp-content\/uploads\/2021\/12\/Gedeon-sports-evangelism-GBU-Goma.jpg","datePublished":"2021-12-17T12:57:38+00:00","dateModified":"2021-12-17T15:12:20+00:00","description":"Savez-vous \u00e0 quoi aspirent les \u00e9tudiants \u00e0 l'aube de 2022&nbsp;? Vous en aurez un aper\u00e7u en consultant les sujets de pri\u00e8re que les \u00e9tudiants ont partag\u00e9s","breadcrumb":{"@id":"https:\/\/ifesworld.org\/en\/for-everlasting-joy\/#breadcrumb"},"inLanguage":"fr-FR","potentialAction":[{"@type":"ReadAction","target":["https:\/\/ifesworld.org\/en\/for-everlasting-joy\/"]}]},{"@type":"ImageObject","inLanguage":"fr-FR","@id":"https:\/\/ifesworld.org\/en\/for-everlasting-joy\/#primaryimage","url":"https:\/\/ifesworld.org\/wp-content\/uploads\/2021\/12\/Gedeon-sports-evangelism-GBU-Goma.jpg","contentUrl":"https:\/\/ifesworld.org\/wp-content\/uploads\/2021\/12\/Gedeon-sports-evangelism-GBU-Goma.jpg","width":1280,"height":950},{"@type":"BreadcrumbList","@id":"https:\/\/ifesworld.org\/en\/for-everlasting-joy\/#breadcrumb","itemListElement":[{"@type":"ListItem","position":1,"name":"Home","item":"https:\/\/ifesworld.org\/fr\/"},{"@type":"ListItem","position":2,"name":"Pour une joie \u00e9ternelle"}]},{"@type":"WebSite","@id":"https:\/\/ifesworld.org\/es\/#website","url":"https:\/\/ifesworld.org\/es\/","name":"IFES","description":"A movement of students sharing and living out the good news of Jesus Christ. Locally. Nationally. Globally.","publisher":{"@id":"https:\/\/ifesworld.org\/es\/#organization"},"potentialAction":[{"@type":"SearchAction","target":{"@type":"EntryPoint","urlTemplate":"https:\/\/ifesworld.org\/es\/?s={search_term_string}"},"query-input":{"@type":"PropertyValueSpecification","valueRequired":true,"valueName":"search_term_string"}}],"inLanguage":"fr-FR"},{"@type":"Organization","@id":"https:\/\/ifesworld.org\/es\/#organization","name":"IFES \u00b7 International Fellowship of Evangelical Students","url":"https:\/\/ifesworld.org\/es\/","logo":{"@type":"ImageObject","inLanguage":"fr-FR","@id":"https:\/\/ifesworld.org\/es\/#\/schema\/logo\/image\/","url":"https:\/\/ifesworld.org\/wp-content\/uploads\/2019\/06\/ifeslogo.png","contentUrl":"https:\/\/ifesworld.org\/wp-content\/uploads\/2019\/06\/ifeslogo.png","width":262,"height":262,"caption":"IFES \u00b7 International Fellowship of Evangelical Students"},"image":{"@id":"https:\/\/ifesworld.org\/es\/#\/schema\/logo\/image\/"}}]}},"_links":{"self":[{"href":"https:\/\/ifesworld.org\/fr\/wp-json\/wp\/v2\/pages\/17551","targetHints":{"allow":["GET"]}}],"collection":[{"href":"https:\/\/ifesworld.org\/fr\/wp-json\/wp\/v2\/pages"}],"about":[{"href":"https:\/\/ifesworld.org\/fr\/wp-json\/wp\/v2\/types\/page"}],"author":[{"embeddable":true,"href":"https:\/\/ifesworld.org\/fr\/wp-json\/wp\/v2\/users\/2"}],"replies":[{"embeddable":true,"href":"https:\/\/ifesworld.org\/fr\/wp-json\/wp\/v2\/comments?post=17551"}],"version-history":[{"count":0,"href":"https:\/\/ifesworld.org\/fr\/wp-json\/wp\/v2\/pages\/17551\/revisions"}],"wp:featuredmedia":[{"embeddable":true,"href":"https:\/\/ifesworld.org\/fr\/wp-json\/wp\/v2\/media\/17536"}],"wp:attachment":[{"href":"https:\/\/ifesworld.org\/fr\/wp-json\/wp\/v2\/media?parent=17551"}],"wp:term":[{"taxonomy":"area","embeddable":true,"href":"https:\/\/ifesworld.org\/fr\/wp-json\/wp\/v2\/area?post=17551"},{"taxonomy":"theme","embeddable":true,"href":"https:\/\/ifesworld.org\/fr\/wp-json\/wp\/v2\/theme?post=17551"}],"curies":[{"name":"wp","href":"https:\/\/api.w.org\/{rel}","templated":true}]}}