{"id":17158,"date":"2021-10-28T11:14:59","date_gmt":"2021-10-28T10:14:59","guid":{"rendered":"https:\/\/ifesworld.org\/?page_id=17158"},"modified":"2025-05-01T16:51:31","modified_gmt":"2025-05-01T15:51:31","slug":"podcasts-de-lifes","status":"publish","type":"page","link":"https:\/\/ifesworld.org\/fr\/podcasts-de-lifes\/","title":{"rendered":"Podcasts de l&rsquo;IFES"},"content":{"rendered":"<div class=\"wp-block block-core-group\">\n<div class=\"wp-block-group\"><div class=\"wp-block-group__inner-container is-layout-flow wp-block-group-is-layout-flow\"><div class=\"wp-block block-core-heading\">\n<h1 class=\"wp-block-heading\">Parlons du minist\u00e8re \u00e9tudiant&nbsp;<\/h1>\n<\/div>\n\n<div class=\"wp-block block-core-paragraph\">\n<p class=\"wp-block-paragraph\">Abonnez-vous aux podcasts de l&rsquo;IFES pour d\u00e9couvrir des informations sur le minist\u00e8re \u00e9tudiant mondial.&nbsp;<\/p>\n<\/div>\n\n<div class=\"wp-block block-core-paragraph\">\n<p class=\"wp-block-paragraph\">Chaque semaine,&nbsp;Prayerline&nbsp;livre un r\u00e9cit provenant directement de la base de l\u2019un de nos 163 mouvements de l&rsquo;IFES. Vous entendrez peut-\u00eatre des r\u00e9cits de la bravoure d\u2019\u00e9tudiants face \u00e0 la pers\u00e9cution, des approches novatrices de l\u2019\u00e9vang\u00e9lisation ou de l&rsquo;impact d\u2019une petite \u00e9tude biblique en chambre universitaire. Pour finir, nous vous donnerons quelques id\u00e9es sur la mani\u00e8re de porter ces \u00e9tudiants rencontr\u00e9s dans le r\u00e9cit dans la pri\u00e8re. C\u2019est un excellent moyen de rester \u00e0 jour sur la fa\u00e7on dont vous pouvez prier pour les mouvements \u00e0 travers le monde.&nbsp;&nbsp;<\/p>\n<\/div>\n\n<div class=\"wp-block block-core-paragraph\">\n<p class=\"wp-block-paragraph\">Sur&nbsp;Voices&nbsp;of IFES, nous allons directement \u00e0 la source pour entendre parler des projets, des id\u00e9es et des perspectives du minist\u00e8re. Vous y trouverez des entretiens avec des \u00e9tudiants et des responsables de l&rsquo;IFES. Entre&nbsp;autres, vous entendrez parler de la cr\u00e9ation de nouveaux campus, de l&rsquo;utilisation du codage informatique pour r\u00e9pandre l&rsquo;\u00e9vangile et du maintien de l&rsquo;int\u00e9grit\u00e9 dans un contexte tr\u00e8s s\u00e9cularis\u00e9.&nbsp;Vous apprendrez de personnes de tous les coins du monde et vous d\u00e9couvrirez les fa\u00e7ons remarquables&nbsp;dont&nbsp;notre union va \u00e0 la rencontre des \u00e9tudiants.&nbsp;&nbsp;<\/p>\n<\/div><\/div>\n<\/div><\/div>\n\n<div class=\"wp-block block-core-group alignfull\">\n<div class=\"wp-block-group alignfull has-primary-background-color has-background\"><div class=\"wp-block-group__inner-container is-layout-flow wp-block-group-is-layout-flow\"><div class=\"wp-block block-core-columns\">\n<div class=\"wp-block-columns is-layout-flex wp-container-core-columns-is-layout-8f761849 wp-block-columns-is-layout-flex\">\n<div class=\"wp-block-column is-layout-flow wp-block-column-is-layout-flow\"><div class=\"wp-block block-core-html\">\n<iframe title=\"Assembl\u00e9e mondiale 2023 - Expos\u00e9 biblique : Michel Kenmogne - \u00ab Louer et c\u00e9l\u00e9brer Dieu avec toute sa cr\u00e9ation : Une invitation \u00e0 adorer Dieu et \u00e0 r\u00e9fl\u00e9chir sur notre cheminement \u00bb \/ Psaume 145\" allowtransparency=\"true\" height=\"150\" width=\"100%\" style=\"border: none; min-width: min(100%, 430px);height:150px;\" scrolling=\"no\" data-name=\"pb-iframe-player\" src=\"https:\/\/www.podbean.com\/player-v2\/?i=72dad-1639ee5-pb&#038;from=pb6admin&#038;share=1&#038;download=1&#038;rtl=0&#038;fonts=Arial&#038;skin=1&#038;font-color=auto&#038;logo_link=episode_page&#038;btn-skin=3267a3\" loading=\"lazy\"><\/iframe>\n<\/div><\/div>\n\n\n\n<div class=\"wp-block-column is-layout-flow wp-block-column-is-layout-flow\"><div class=\"wp-block block-core-paragraph\">\n<p class=\"has-white-color has-text-color wp-block-paragraph\">Michel Kenmogne, pr\u00e9sident du Conseil d\u2019administration de l\u2019IFES, observe les raisons derri\u00e8re l\u2019adoration passionn\u00e9e du psaume 145 (qui est Dieu et ce qu&rsquo;il a fait) et nous appelle \u00e0 entrer dans la c\u00e9l\u00e9bration.<\/p>\n<\/div>\n\n<div class=\"wp-block block-core-paragraph\">\n<p class=\"has-primary-color has-text-color wp-block-paragraph\">Si vous souhaitez soutenir CARIFES c&rsquo;est par ici :<\/p>\n<\/div><\/div>\n<\/div>\n<\/div><\/div>\n<\/div><\/div>\n\n<div class=\"wp-block block-core-group alignfull\">\n<div class=\"wp-block-group alignfull has-white-dark-background-color has-background\"><div class=\"wp-block-group__inner-container is-layout-flow wp-block-group-is-layout-flow\"><div class=\"wp-block block-core-heading\">\n<h3 class=\"wp-block-heading\">Vous pouvez vous abonner \u00e0\u00a0Voices\u00a0of IFES\u00a0partout o\u00f9 vous pouvez r\u00e9cup\u00e9rer vos podcasts.\u00a0\u00a0<\/h3>\n<\/div>\n\n<div class=\"wp-block block-core-columns\">\n<div class=\"wp-block-columns is-layout-flex wp-container-core-columns-is-layout-8f761849 wp-block-columns-is-layout-flex\">\n<div class=\"wp-block-column is-layout-flow wp-block-column-is-layout-flow\"><div class=\"wp-block block-acf-ifesbutton\">\n<div class=\"\">\n    <a id=\"btn-block_aa610bfd8aed17d9a5292ea9a48b96ca\" target=\"_blank\" href=\"https:\/\/music.amazon.com\/podcasts\/f0afdccc-d47d-46dd-8ace-6944f097d7ea\/voices-of-ifes\" class=\"btn btn--cta-link\">\n        <span>\n                    <span class=\"icon\"><svg class=\"icon\"><use xlink:href=\"#chevron-circle-right-solid\"\/><\/svg><\/span>\n        Amazon Music        <\/span>\n    <\/a>\n<\/div>\n\n<\/div>\n\n<div class=\"wp-block block-acf-ifesbutton\">\n<div class=\"\">\n    <a id=\"btn-block_3a274e469993405e0714da31c64a171b\" target=\"\" href=\"https:\/\/open.spotify.com\/show\/6VDsj26te8JTUWUfhIV6Lk\" class=\"btn btn--cta-link\">\n        <span>\n                    <span class=\"icon\"><svg class=\"icon\"><use xlink:href=\"#chevron-circle-right-solid\"\/><\/svg><\/span>\n        Spotify        <\/span>\n    <\/a>\n<\/div>\n\n<\/div>\n\n<div class=\"wp-block block-acf-ifesbutton\">\n<div class=\"\">\n    <a id=\"btn-block_b630a811c2aaa2c0b1e583996b4becea\" target=\"_blank\" href=\"https:\/\/www.audible.co.uk\/pd\/Podcast\/B08K5YVQXL?qid=1629642648&#038;sr=1-1&#038;ref=a_search_c3_lProduct_1_1&#038;pf_rd_p=c6e316b8-14da-418d-8f91-b3cad83c5183&#038;pf_rd_r=ZVF8QTHH885Z9YFN4NX1\" class=\"btn btn--cta-link\">\n        <span>\n                    <span class=\"icon\"><svg class=\"icon\"><use xlink:href=\"#chevron-circle-right-solid\"\/><\/svg><\/span>\n        Audible        <\/span>\n    <\/a>\n<\/div>\n\n<\/div>\n\n<div class=\"wp-block block-acf-ifesbutton\">\n<div class=\"\">\n    <a id=\"btn-block_dd21d4be74ce4cbbfeb314d2d718a63c\" target=\"_blank\" href=\"https:\/\/podcasts.apple.com\/us\/podcast\/voices-of-ifes\/id1582316698\" class=\"btn btn--cta-link\">\n        <span>\n                    <span class=\"icon\"><svg class=\"icon\"><use xlink:href=\"#chevron-circle-right-solid\"\/><\/svg><\/span>\n        Apple Podcast        <\/span>\n    <\/a>\n<\/div>\n\n<\/div>\n\n<div class=\"wp-block block-acf-ifesbutton\">\n<div class=\"\">\n    <a id=\"btn-block_e08c33d027ab63d42b1b0cc13d013a96\" target=\"_blank\" href=\"https:\/\/www.deezer.com\/fr\/show\/3491257\" class=\"btn btn--cta-link\">\n        <span>\n                    <span class=\"icon\"><svg class=\"icon\"><use xlink:href=\"#chevron-circle-right-solid\"\/><\/svg><\/span>\n        DEEZER        <\/span>\n    <\/a>\n<\/div>\n\n<\/div>\n\n<div class=\"wp-block block-acf-ifesbutton\">\n<div class=\"\">\n    <a id=\"btn-block_f562b9a6502b4217cf55f9a98b71edc6\" target=\"_blank\" href=\"https:\/\/cms.glb.samsungcast.com\/login\" class=\"btn btn--cta-link\">\n        <span>\n                    <span class=\"icon\"><svg class=\"icon\"><use xlink:href=\"#chevron-circle-right-solid\"\/><\/svg><\/span>\n        Samsung Podcast        <\/span>\n    <\/a>\n<\/div>\n\n<\/div>\n\n<div class=\"wp-block block-acf-ifesbutton\">\n<div class=\"\">\n    <a id=\"btn-block_ef1b8a833c3f8bb8b3b38a815334d779\" target=\"_blank\" href=\"https:\/\/www.youtube.com\/playlist?list=PL-m4j5a97yT44b8o0JChc6OdWg7-AI1uG\" class=\"btn btn--cta-link\">\n        <span>\n                    <span class=\"icon\"><svg class=\"icon\"><use xlink:href=\"#chevron-circle-right-solid\"\/><\/svg><\/span>\n        YOUTUBE        <\/span>\n    <\/a>\n<\/div>\n\n<\/div><\/div>\n<\/div>\n<\/div><\/div>\n<\/div><\/div>","protected":false},"excerpt":{"rendered":"<p>Parlons du minist\u00e8re \u00e9tudiant&nbsp; Abonnez-vous aux podcasts de l&rsquo;IFES pour d\u00e9couvrir des informations sur le minist\u00e8re \u00e9tudiant mondial.&nbsp; Chaque semaine,&nbsp;Prayerline&nbsp;livre un r\u00e9cit provenant directement de la base de l\u2019un de nos 163 mouvements de l&rsquo;IFES. Vous entendrez peut-\u00eatre des r\u00e9cits de la bravoure d\u2019\u00e9tudiants face \u00e0 la pers\u00e9cution, des approches novatrices de l\u2019\u00e9vang\u00e9lisation ou de&#8230;<\/p>\n","protected":false},"author":2,"featured_media":16220,"parent":0,"menu_order":0,"comment_status":"closed","ping_status":"closed","template":"","meta":{"_acf_changed":false,"_crdt_document":"","inline_featured_image":false,"footnotes":""},"area":[],"theme":[],"class_list":["post-17158","page","type-page","status-publish","has-post-thumbnail","hentry"],"acf":[],"yoast_head":"<!-- This site is optimized with the Yoast SEO plugin v27.2 - https:\/\/yoast.com\/product\/yoast-seo-wordpress\/ -->\n<title>Podcasts de l&#039;IFES &#183; IFES<\/title>\n<meta name=\"description\" content=\"Parlons du minist\u00e8re \u00e9tudiant&nbsp; Abonnez-vous aux podcasts de l&#039;IFES pour d\u00e9couvrir des informations sur le minist\u00e8re \u00e9tudiant mondial.&nbsp; Chaque\" \/>\n<meta name=\"robots\" content=\"index, follow, max-snippet:-1, max-image-preview:large, max-video-preview:-1\" \/>\n<link rel=\"canonical\" href=\"https:\/\/ifesworld.org\/fr\/podcasts-de-lifes\/\" \/>\n<meta property=\"og:locale\" content=\"fr_FR\" \/>\n<meta property=\"og:type\" content=\"article\" \/>\n<meta property=\"og:title\" content=\"Podcasts de l&#039;IFES &#183; IFES\" \/>\n<meta property=\"og:description\" content=\"Parlons du minist\u00e8re \u00e9tudiant&nbsp; Abonnez-vous aux podcasts de l&#039;IFES pour d\u00e9couvrir des informations sur le minist\u00e8re \u00e9tudiant mondial.&nbsp; Chaque\" \/>\n<meta property=\"og:url\" content=\"https:\/\/ifesworld.org\/fr\/podcasts-de-lifes\/\" \/>\n<meta property=\"og:site_name\" content=\"IFES\" \/>\n<meta property=\"article:modified_time\" content=\"2025-05-01T15:51:31+00:00\" \/>\n<meta property=\"og:image\" content=\"https:\/\/ifesworld.org\/wp-content\/uploads\/2021\/08\/ross-sneddon-G4fPRLboREI-unsplash.jpg\" \/>\n\t<meta property=\"og:image:width\" content=\"2400\" \/>\n\t<meta property=\"og:image:height\" content=\"1600\" \/>\n\t<meta property=\"og:image:type\" content=\"image\/jpeg\" \/>\n<meta name=\"twitter:card\" content=\"summary_large_image\" \/>\n<meta name=\"twitter:label1\" content=\"Dur\u00e9e de lecture estim\u00e9e\" \/>\n\t<meta name=\"twitter:data1\" content=\"2 minutes\" \/>\n<script type=\"application\/ld+json\" class=\"yoast-schema-graph\">{\"@context\":\"https:\/\/schema.org\",\"@graph\":[{\"@type\":\"WebPage\",\"@id\":\"https:\/\/ifesworld.org\/fr\/podcasts-de-lifes\/\",\"url\":\"https:\/\/ifesworld.org\/fr\/podcasts-de-lifes\/\",\"name\":\"Podcasts de l'IFES &#183; IFES\",\"isPartOf\":{\"@id\":\"https:\/\/ifesworld.org\/es\/#website\"},\"primaryImageOfPage\":{\"@id\":\"https:\/\/ifesworld.org\/fr\/podcasts-de-lifes\/#primaryimage\"},\"image\":{\"@id\":\"https:\/\/ifesworld.org\/fr\/podcasts-de-lifes\/#primaryimage\"},\"thumbnailUrl\":\"https:\/\/ifesworld.org\/wp-content\/uploads\/2021\/08\/ross-sneddon-G4fPRLboREI-unsplash.jpg\",\"datePublished\":\"2021-10-28T10:14:59+00:00\",\"dateModified\":\"2025-05-01T15:51:31+00:00\",\"description\":\"Parlons du minist\u00e8re \u00e9tudiant&nbsp; Abonnez-vous aux podcasts de l'IFES pour d\u00e9couvrir des informations sur le minist\u00e8re \u00e9tudiant mondial.&nbsp; Chaque\",\"breadcrumb\":{\"@id\":\"https:\/\/ifesworld.org\/fr\/podcasts-de-lifes\/#breadcrumb\"},\"inLanguage\":\"fr-FR\",\"potentialAction\":[{\"@type\":\"ReadAction\",\"target\":[\"https:\/\/ifesworld.org\/fr\/podcasts-de-lifes\/\"]}]},{\"@type\":\"ImageObject\",\"inLanguage\":\"fr-FR\",\"@id\":\"https:\/\/ifesworld.org\/fr\/podcasts-de-lifes\/#primaryimage\",\"url\":\"https:\/\/ifesworld.org\/wp-content\/uploads\/2021\/08\/ross-sneddon-G4fPRLboREI-unsplash.jpg\",\"contentUrl\":\"https:\/\/ifesworld.org\/wp-content\/uploads\/2021\/08\/ross-sneddon-G4fPRLboREI-unsplash.jpg\",\"width\":2400,\"height\":1600},{\"@type\":\"BreadcrumbList\",\"@id\":\"https:\/\/ifesworld.org\/fr\/podcasts-de-lifes\/#breadcrumb\",\"itemListElement\":[{\"@type\":\"ListItem\",\"position\":1,\"name\":\"Home\",\"item\":\"https:\/\/ifesworld.org\/fr\/\"},{\"@type\":\"ListItem\",\"position\":2,\"name\":\"Podcasts de l&rsquo;IFES\"}]},{\"@type\":\"WebSite\",\"@id\":\"https:\/\/ifesworld.org\/es\/#website\",\"url\":\"https:\/\/ifesworld.org\/es\/\",\"name\":\"IFES\",\"description\":\"A movement of students sharing and living out the good news of Jesus Christ. Locally. Nationally. Globally.\",\"publisher\":{\"@id\":\"https:\/\/ifesworld.org\/es\/#organization\"},\"potentialAction\":[{\"@type\":\"SearchAction\",\"target\":{\"@type\":\"EntryPoint\",\"urlTemplate\":\"https:\/\/ifesworld.org\/es\/?s={search_term_string}\"},\"query-input\":{\"@type\":\"PropertyValueSpecification\",\"valueRequired\":true,\"valueName\":\"search_term_string\"}}],\"inLanguage\":\"fr-FR\"},{\"@type\":\"Organization\",\"@id\":\"https:\/\/ifesworld.org\/es\/#organization\",\"name\":\"IFES \u00b7 International Fellowship of Evangelical Students\",\"url\":\"https:\/\/ifesworld.org\/es\/\",\"logo\":{\"@type\":\"ImageObject\",\"inLanguage\":\"fr-FR\",\"@id\":\"https:\/\/ifesworld.org\/es\/#\/schema\/logo\/image\/\",\"url\":\"https:\/\/ifesworld.org\/wp-content\/uploads\/2019\/06\/ifeslogo.png\",\"contentUrl\":\"https:\/\/ifesworld.org\/wp-content\/uploads\/2019\/06\/ifeslogo.png\",\"width\":262,\"height\":262,\"caption\":\"IFES \u00b7 International Fellowship of Evangelical Students\"},\"image\":{\"@id\":\"https:\/\/ifesworld.org\/es\/#\/schema\/logo\/image\/\"}}]}<\/script>\n<!-- \/ Yoast SEO plugin. -->","yoast_head_json":{"title":"Podcasts de l'IFES &#183; IFES","description":"Parlons du minist\u00e8re \u00e9tudiant&nbsp; Abonnez-vous aux podcasts de l'IFES pour d\u00e9couvrir des informations sur le minist\u00e8re \u00e9tudiant mondial.&nbsp; Chaque","robots":{"index":"index","follow":"follow","max-snippet":"max-snippet:-1","max-image-preview":"max-image-preview:large","max-video-preview":"max-video-preview:-1"},"canonical":"https:\/\/ifesworld.org\/fr\/podcasts-de-lifes\/","og_locale":"fr_FR","og_type":"article","og_title":"Podcasts de l'IFES &#183; IFES","og_description":"Parlons du minist\u00e8re \u00e9tudiant&nbsp; Abonnez-vous aux podcasts de l'IFES pour d\u00e9couvrir des informations sur le minist\u00e8re \u00e9tudiant mondial.&nbsp; Chaque","og_url":"https:\/\/ifesworld.org\/fr\/podcasts-de-lifes\/","og_site_name":"IFES","article_modified_time":"2025-05-01T15:51:31+00:00","og_image":[{"width":2400,"height":1600,"url":"https:\/\/ifesworld.org\/wp-content\/uploads\/2021\/08\/ross-sneddon-G4fPRLboREI-unsplash.jpg","type":"image\/jpeg"}],"twitter_card":"summary_large_image","twitter_misc":{"Dur\u00e9e de lecture estim\u00e9e":"2 minutes"},"schema":{"@context":"https:\/\/schema.org","@graph":[{"@type":"WebPage","@id":"https:\/\/ifesworld.org\/fr\/podcasts-de-lifes\/","url":"https:\/\/ifesworld.org\/fr\/podcasts-de-lifes\/","name":"Podcasts de l'IFES &#183; IFES","isPartOf":{"@id":"https:\/\/ifesworld.org\/es\/#website"},"primaryImageOfPage":{"@id":"https:\/\/ifesworld.org\/fr\/podcasts-de-lifes\/#primaryimage"},"image":{"@id":"https:\/\/ifesworld.org\/fr\/podcasts-de-lifes\/#primaryimage"},"thumbnailUrl":"https:\/\/ifesworld.org\/wp-content\/uploads\/2021\/08\/ross-sneddon-G4fPRLboREI-unsplash.jpg","datePublished":"2021-10-28T10:14:59+00:00","dateModified":"2025-05-01T15:51:31+00:00","description":"Parlons du minist\u00e8re \u00e9tudiant&nbsp; Abonnez-vous aux podcasts de l'IFES pour d\u00e9couvrir des informations sur le minist\u00e8re \u00e9tudiant mondial.&nbsp; Chaque","breadcrumb":{"@id":"https:\/\/ifesworld.org\/fr\/podcasts-de-lifes\/#breadcrumb"},"inLanguage":"fr-FR","potentialAction":[{"@type":"ReadAction","target":["https:\/\/ifesworld.org\/fr\/podcasts-de-lifes\/"]}]},{"@type":"ImageObject","inLanguage":"fr-FR","@id":"https:\/\/ifesworld.org\/fr\/podcasts-de-lifes\/#primaryimage","url":"https:\/\/ifesworld.org\/wp-content\/uploads\/2021\/08\/ross-sneddon-G4fPRLboREI-unsplash.jpg","contentUrl":"https:\/\/ifesworld.org\/wp-content\/uploads\/2021\/08\/ross-sneddon-G4fPRLboREI-unsplash.jpg","width":2400,"height":1600},{"@type":"BreadcrumbList","@id":"https:\/\/ifesworld.org\/fr\/podcasts-de-lifes\/#breadcrumb","itemListElement":[{"@type":"ListItem","position":1,"name":"Home","item":"https:\/\/ifesworld.org\/fr\/"},{"@type":"ListItem","position":2,"name":"Podcasts de l&rsquo;IFES"}]},{"@type":"WebSite","@id":"https:\/\/ifesworld.org\/es\/#website","url":"https:\/\/ifesworld.org\/es\/","name":"IFES","description":"A movement of students sharing and living out the good news of Jesus Christ. Locally. Nationally. Globally.","publisher":{"@id":"https:\/\/ifesworld.org\/es\/#organization"},"potentialAction":[{"@type":"SearchAction","target":{"@type":"EntryPoint","urlTemplate":"https:\/\/ifesworld.org\/es\/?s={search_term_string}"},"query-input":{"@type":"PropertyValueSpecification","valueRequired":true,"valueName":"search_term_string"}}],"inLanguage":"fr-FR"},{"@type":"Organization","@id":"https:\/\/ifesworld.org\/es\/#organization","name":"IFES \u00b7 International Fellowship of Evangelical Students","url":"https:\/\/ifesworld.org\/es\/","logo":{"@type":"ImageObject","inLanguage":"fr-FR","@id":"https:\/\/ifesworld.org\/es\/#\/schema\/logo\/image\/","url":"https:\/\/ifesworld.org\/wp-content\/uploads\/2019\/06\/ifeslogo.png","contentUrl":"https:\/\/ifesworld.org\/wp-content\/uploads\/2019\/06\/ifeslogo.png","width":262,"height":262,"caption":"IFES \u00b7 International Fellowship of Evangelical Students"},"image":{"@id":"https:\/\/ifesworld.org\/es\/#\/schema\/logo\/image\/"}}]}},"_links":{"self":[{"href":"https:\/\/ifesworld.org\/fr\/wp-json\/wp\/v2\/pages\/17158","targetHints":{"allow":["GET"]}}],"collection":[{"href":"https:\/\/ifesworld.org\/fr\/wp-json\/wp\/v2\/pages"}],"about":[{"href":"https:\/\/ifesworld.org\/fr\/wp-json\/wp\/v2\/types\/page"}],"author":[{"embeddable":true,"href":"https:\/\/ifesworld.org\/fr\/wp-json\/wp\/v2\/users\/2"}],"replies":[{"embeddable":true,"href":"https:\/\/ifesworld.org\/fr\/wp-json\/wp\/v2\/comments?post=17158"}],"version-history":[{"count":0,"href":"https:\/\/ifesworld.org\/fr\/wp-json\/wp\/v2\/pages\/17158\/revisions"}],"wp:featuredmedia":[{"embeddable":true,"href":"https:\/\/ifesworld.org\/fr\/wp-json\/wp\/v2\/media\/16220"}],"wp:attachment":[{"href":"https:\/\/ifesworld.org\/fr\/wp-json\/wp\/v2\/media?parent=17158"}],"wp:term":[{"taxonomy":"area","embeddable":true,"href":"https:\/\/ifesworld.org\/fr\/wp-json\/wp\/v2\/area?post=17158"},{"taxonomy":"theme","embeddable":true,"href":"https:\/\/ifesworld.org\/fr\/wp-json\/wp\/v2\/theme?post=17158"}],"curies":[{"name":"wp","href":"https:\/\/api.w.org\/{rel}","templated":true}]}}