{"id":16149,"date":"2021-07-29T09:00:14","date_gmt":"2021-07-29T08:00:14","guid":{"rendered":"https:\/\/ifesworld.org\/?page_id=16149"},"modified":"2021-08-05T12:57:50","modified_gmt":"2021-08-05T11:57:50","slug":"lesperance-dans-la-lamentation","status":"publish","type":"page","link":"https:\/\/ifesworld.org\/fr\/lesperance-dans-la-lamentation\/","title":{"rendered":"L&rsquo;ESPERANCE DANS LA LAMENTATION"},"content":{"rendered":"<div class=\"wp-block block-core-group\">\n<div class=\"wp-block-group\"><div class=\"wp-block-group__inner-container is-layout-flow wp-block-group-is-layout-flow\"><div class=\"wp-block block-core-heading\">\n<h1 class=\"wp-block-heading\">La SEMAINE D&rsquo;ESPerance ET DE LAMENTATION<\/h1>\n<\/div>\n\n<div class=\"wp-block block-core-heading\">\n<h2 class=\"wp-block-heading\">  02 au 06 ao\u00fbt <\/h2>\n<\/div>\n\n<div class=\"wp-block block-core-paragraph\">\n<p class=\"wp-block-paragraph\">Le monde a chang\u00e9 du jour au lendemain avec la pand\u00e9mie&nbsp;inattendue. Nous avons travers\u00e9 les angoisses, les blocages, l&rsquo;impact \u00e9conomique et la perte d&rsquo;\u00eatres chers. Au milieu de cela, certaines nations ont subi des troubles politiques, des coups d&rsquo;\u00c9tat et des catastrophes naturelles qui se sont ajout\u00e9s \u00e0 nos souffrances.&nbsp;<\/p>\n<\/div>\n\n<div class=\"wp-block block-core-paragraph\">\n<p class=\"wp-block-paragraph\">Les psalmistes et les proph\u00e8tes se lamentaient souvent ouvertement devant Dieu. Ils se sont souvenus \u00e0 nouveau de qui est notre Dieu et ont fond\u00e9 leur esp\u00e9rance en lui.&nbsp;<\/p>\n<\/div>\n\n<div class=\"wp-block block-core-paragraph\">\n<p class=\"wp-block-paragraph\">En tant que famille mondiale, nous voulons faire de m\u00eame. Du 2 au 6 ao\u00fbt, nous vous invitons \u00e0 chercher le Seigneur avec nous, en lui apportant nos angoisses et nos cris de lamentation.&nbsp;<\/p>\n<\/div>\n\n<div class=\"wp-block block-core-paragraph\">\n<p class=\"has-accent-color has-text-color wp-block-paragraph\">Nous h\u00e9bergerons des ressources sur IFES Connect, notre nouvel espace de rassemblement en ligne pour la famille de l&rsquo;IFES. Le personnel, les \u00e9tudiants et les partenaires sont tous invit\u00e9s \u00e0 rejoindre IFES Connect. Une fois votre demande d&rsquo;adh\u00e9sion approuv\u00e9e, visitez le groupe&nbsp;<a href=\"https:\/\/connect.ifesworld.org\/networks\/events\/62024\" target=\"_blank\" rel=\"noreferrer noopener\">Lamentation dans l&rsquo;esp\u00e9rance,&nbsp;<\/a><a href=\"http:\/\/connect.ifesworld.org\/topics\/28216\/\" target=\"_blank\" rel=\"noreferrer noopener\">groupe&nbsp;<\/a>&nbsp;pour vous aider \u00e0 prier tout au long de la semaine. Ce groupe vous donnera acc\u00e8s \u00e0 toutes les ressources, aux liens Zoom et aux opportunit\u00e9s de partager comment Dieu vient \u00e0&nbsp;votre rencontre tout au long de la semaine. Il comprendra \u00e9galement une salle de pri\u00e8re Zoom ouverte du lundi au jeudi.&nbsp;&nbsp;<\/p>\n<\/div>\n\n<div class=\"wp-block block-acf-ifesbutton\">\n<div class=\"\">\n    <a id=\"btn-block_61025d3a24e71\" target=\"\" href=\"https:\/\/connect.ifesworld.org\/networks\/events\/62024\" class=\"btn btn--primary\">\n        <span>\n        Rejoignez-nous        <\/span>\n    <\/a>\n<\/div>\n\n<\/div>\n\n<div class=\"wp-block block-core-paragraph\">\n<p class=\"wp-block-paragraph\">Nous avons h\u00e2te de prier avec vous.&nbsp;<\/p>\n<\/div><\/div>\n<\/div><\/div>","protected":false},"excerpt":{"rendered":"<p>La SEMAINE D&rsquo;ESPerance ET DE LAMENTATION 02 au 06 ao\u00fbt Le monde a chang\u00e9 du jour au lendemain avec la pand\u00e9mie&nbsp;inattendue. Nous avons travers\u00e9 les angoisses, les blocages, l&rsquo;impact \u00e9conomique et la perte d&rsquo;\u00eatres chers. Au milieu de cela, certaines nations ont subi des troubles politiques, des coups d&rsquo;\u00c9tat et des catastrophes naturelles qui se&#8230;<\/p>\n","protected":false},"author":2,"featured_media":16107,"parent":0,"menu_order":0,"comment_status":"closed","ping_status":"closed","template":"","meta":{"_acf_changed":false,"_crdt_document":"","inline_featured_image":false,"footnotes":""},"area":[],"theme":[],"class_list":["post-16149","page","type-page","status-publish","has-post-thumbnail","hentry"],"acf":[],"yoast_head":"<!-- This site is optimized with the Yoast SEO plugin v27.2 - https:\/\/yoast.com\/product\/yoast-seo-wordpress\/ -->\n<title>L&#039;ESPERANCE DANS LA LAMENTATION &#183; IFES<\/title>\n<meta name=\"description\" content=\"La SEMAINE D&#039;ESPerance ET DE LAMENTATION 02 au 06 ao\u00fbt Le monde a chang\u00e9 du jour au lendemain avec la pand\u00e9mie&nbsp;inattendue. Nous avons travers\u00e9 les\" \/>\n<meta name=\"robots\" content=\"index, follow, max-snippet:-1, max-image-preview:large, max-video-preview:-1\" \/>\n<link rel=\"canonical\" href=\"https:\/\/ifesworld.org\/fr\/lesperance-dans-la-lamentation\/\" \/>\n<meta property=\"og:locale\" content=\"fr_FR\" \/>\n<meta property=\"og:type\" content=\"article\" \/>\n<meta property=\"og:title\" content=\"L&#039;ESPERANCE DANS LA LAMENTATION &#183; IFES\" \/>\n<meta property=\"og:description\" content=\"La SEMAINE D&#039;ESPerance ET DE LAMENTATION 02 au 06 ao\u00fbt Le monde a chang\u00e9 du jour au lendemain avec la pand\u00e9mie&nbsp;inattendue. Nous avons travers\u00e9 les\" \/>\n<meta property=\"og:url\" content=\"https:\/\/ifesworld.org\/fr\/lesperance-dans-la-lamentation\/\" \/>\n<meta property=\"og:site_name\" content=\"IFES\" \/>\n<meta property=\"article:modified_time\" content=\"2021-08-05T11:57:50+00:00\" \/>\n<meta property=\"og:image\" content=\"https:\/\/ifesworld.org\/wp-content\/uploads\/2021\/07\/MicrosoftTeams-image-6.jpg\" \/>\n\t<meta property=\"og:image:width\" content=\"1600\" \/>\n\t<meta property=\"og:image:height\" content=\"600\" \/>\n\t<meta property=\"og:image:type\" content=\"image\/jpeg\" \/>\n<meta name=\"twitter:card\" content=\"summary_large_image\" \/>\n<meta name=\"twitter:label1\" content=\"Dur\u00e9e de lecture estim\u00e9e\" \/>\n\t<meta name=\"twitter:data1\" content=\"1 minute\" \/>\n<script type=\"application\/ld+json\" class=\"yoast-schema-graph\">{\"@context\":\"https:\/\/schema.org\",\"@graph\":[{\"@type\":\"WebPage\",\"@id\":\"https:\/\/ifesworld.org\/fr\/lesperance-dans-la-lamentation\/\",\"url\":\"https:\/\/ifesworld.org\/fr\/lesperance-dans-la-lamentation\/\",\"name\":\"L'ESPERANCE DANS LA LAMENTATION &#183; IFES\",\"isPartOf\":{\"@id\":\"https:\/\/ifesworld.org\/es\/#website\"},\"primaryImageOfPage\":{\"@id\":\"https:\/\/ifesworld.org\/fr\/lesperance-dans-la-lamentation\/#primaryimage\"},\"image\":{\"@id\":\"https:\/\/ifesworld.org\/fr\/lesperance-dans-la-lamentation\/#primaryimage\"},\"thumbnailUrl\":\"https:\/\/ifesworld.org\/wp-content\/uploads\/2021\/07\/MicrosoftTeams-image-6.jpg\",\"datePublished\":\"2021-07-29T08:00:14+00:00\",\"dateModified\":\"2021-08-05T11:57:50+00:00\",\"description\":\"La SEMAINE D'ESPerance ET DE LAMENTATION 02 au 06 ao\u00fbt Le monde a chang\u00e9 du jour au lendemain avec la pand\u00e9mie&nbsp;inattendue. Nous avons travers\u00e9 les\",\"breadcrumb\":{\"@id\":\"https:\/\/ifesworld.org\/fr\/lesperance-dans-la-lamentation\/#breadcrumb\"},\"inLanguage\":\"fr-FR\",\"potentialAction\":[{\"@type\":\"ReadAction\",\"target\":[\"https:\/\/ifesworld.org\/fr\/lesperance-dans-la-lamentation\/\"]}]},{\"@type\":\"ImageObject\",\"inLanguage\":\"fr-FR\",\"@id\":\"https:\/\/ifesworld.org\/fr\/lesperance-dans-la-lamentation\/#primaryimage\",\"url\":\"https:\/\/ifesworld.org\/wp-content\/uploads\/2021\/07\/MicrosoftTeams-image-6.jpg\",\"contentUrl\":\"https:\/\/ifesworld.org\/wp-content\/uploads\/2021\/07\/MicrosoftTeams-image-6.jpg\",\"width\":1600,\"height\":600},{\"@type\":\"BreadcrumbList\",\"@id\":\"https:\/\/ifesworld.org\/fr\/lesperance-dans-la-lamentation\/#breadcrumb\",\"itemListElement\":[{\"@type\":\"ListItem\",\"position\":1,\"name\":\"Home\",\"item\":\"https:\/\/ifesworld.org\/fr\/\"},{\"@type\":\"ListItem\",\"position\":2,\"name\":\"L&rsquo;ESPERANCE DANS LA LAMENTATION\"}]},{\"@type\":\"WebSite\",\"@id\":\"https:\/\/ifesworld.org\/es\/#website\",\"url\":\"https:\/\/ifesworld.org\/es\/\",\"name\":\"IFES\",\"description\":\"A movement of students sharing and living out the good news of Jesus Christ. Locally. Nationally. Globally.\",\"publisher\":{\"@id\":\"https:\/\/ifesworld.org\/es\/#organization\"},\"potentialAction\":[{\"@type\":\"SearchAction\",\"target\":{\"@type\":\"EntryPoint\",\"urlTemplate\":\"https:\/\/ifesworld.org\/es\/?s={search_term_string}\"},\"query-input\":{\"@type\":\"PropertyValueSpecification\",\"valueRequired\":true,\"valueName\":\"search_term_string\"}}],\"inLanguage\":\"fr-FR\"},{\"@type\":\"Organization\",\"@id\":\"https:\/\/ifesworld.org\/es\/#organization\",\"name\":\"IFES \u00b7 International Fellowship of Evangelical Students\",\"url\":\"https:\/\/ifesworld.org\/es\/\",\"logo\":{\"@type\":\"ImageObject\",\"inLanguage\":\"fr-FR\",\"@id\":\"https:\/\/ifesworld.org\/es\/#\/schema\/logo\/image\/\",\"url\":\"https:\/\/ifesworld.org\/wp-content\/uploads\/2019\/06\/ifeslogo.png\",\"contentUrl\":\"https:\/\/ifesworld.org\/wp-content\/uploads\/2019\/06\/ifeslogo.png\",\"width\":262,\"height\":262,\"caption\":\"IFES \u00b7 International Fellowship of Evangelical Students\"},\"image\":{\"@id\":\"https:\/\/ifesworld.org\/es\/#\/schema\/logo\/image\/\"}}]}<\/script>\n<!-- \/ Yoast SEO plugin. -->","yoast_head_json":{"title":"L'ESPERANCE DANS LA LAMENTATION &#183; IFES","description":"La SEMAINE D'ESPerance ET DE LAMENTATION 02 au 06 ao\u00fbt Le monde a chang\u00e9 du jour au lendemain avec la pand\u00e9mie&nbsp;inattendue. Nous avons travers\u00e9 les","robots":{"index":"index","follow":"follow","max-snippet":"max-snippet:-1","max-image-preview":"max-image-preview:large","max-video-preview":"max-video-preview:-1"},"canonical":"https:\/\/ifesworld.org\/fr\/lesperance-dans-la-lamentation\/","og_locale":"fr_FR","og_type":"article","og_title":"L'ESPERANCE DANS LA LAMENTATION &#183; IFES","og_description":"La SEMAINE D'ESPerance ET DE LAMENTATION 02 au 06 ao\u00fbt Le monde a chang\u00e9 du jour au lendemain avec la pand\u00e9mie&nbsp;inattendue. Nous avons travers\u00e9 les","og_url":"https:\/\/ifesworld.org\/fr\/lesperance-dans-la-lamentation\/","og_site_name":"IFES","article_modified_time":"2021-08-05T11:57:50+00:00","og_image":[{"width":1600,"height":600,"url":"https:\/\/ifesworld.org\/wp-content\/uploads\/2021\/07\/MicrosoftTeams-image-6.jpg","type":"image\/jpeg"}],"twitter_card":"summary_large_image","twitter_misc":{"Dur\u00e9e de lecture estim\u00e9e":"1 minute"},"schema":{"@context":"https:\/\/schema.org","@graph":[{"@type":"WebPage","@id":"https:\/\/ifesworld.org\/fr\/lesperance-dans-la-lamentation\/","url":"https:\/\/ifesworld.org\/fr\/lesperance-dans-la-lamentation\/","name":"L'ESPERANCE DANS LA LAMENTATION &#183; IFES","isPartOf":{"@id":"https:\/\/ifesworld.org\/es\/#website"},"primaryImageOfPage":{"@id":"https:\/\/ifesworld.org\/fr\/lesperance-dans-la-lamentation\/#primaryimage"},"image":{"@id":"https:\/\/ifesworld.org\/fr\/lesperance-dans-la-lamentation\/#primaryimage"},"thumbnailUrl":"https:\/\/ifesworld.org\/wp-content\/uploads\/2021\/07\/MicrosoftTeams-image-6.jpg","datePublished":"2021-07-29T08:00:14+00:00","dateModified":"2021-08-05T11:57:50+00:00","description":"La SEMAINE D'ESPerance ET DE LAMENTATION 02 au 06 ao\u00fbt Le monde a chang\u00e9 du jour au lendemain avec la pand\u00e9mie&nbsp;inattendue. Nous avons travers\u00e9 les","breadcrumb":{"@id":"https:\/\/ifesworld.org\/fr\/lesperance-dans-la-lamentation\/#breadcrumb"},"inLanguage":"fr-FR","potentialAction":[{"@type":"ReadAction","target":["https:\/\/ifesworld.org\/fr\/lesperance-dans-la-lamentation\/"]}]},{"@type":"ImageObject","inLanguage":"fr-FR","@id":"https:\/\/ifesworld.org\/fr\/lesperance-dans-la-lamentation\/#primaryimage","url":"https:\/\/ifesworld.org\/wp-content\/uploads\/2021\/07\/MicrosoftTeams-image-6.jpg","contentUrl":"https:\/\/ifesworld.org\/wp-content\/uploads\/2021\/07\/MicrosoftTeams-image-6.jpg","width":1600,"height":600},{"@type":"BreadcrumbList","@id":"https:\/\/ifesworld.org\/fr\/lesperance-dans-la-lamentation\/#breadcrumb","itemListElement":[{"@type":"ListItem","position":1,"name":"Home","item":"https:\/\/ifesworld.org\/fr\/"},{"@type":"ListItem","position":2,"name":"L&rsquo;ESPERANCE DANS LA LAMENTATION"}]},{"@type":"WebSite","@id":"https:\/\/ifesworld.org\/es\/#website","url":"https:\/\/ifesworld.org\/es\/","name":"IFES","description":"A movement of students sharing and living out the good news of Jesus Christ. Locally. Nationally. Globally.","publisher":{"@id":"https:\/\/ifesworld.org\/es\/#organization"},"potentialAction":[{"@type":"SearchAction","target":{"@type":"EntryPoint","urlTemplate":"https:\/\/ifesworld.org\/es\/?s={search_term_string}"},"query-input":{"@type":"PropertyValueSpecification","valueRequired":true,"valueName":"search_term_string"}}],"inLanguage":"fr-FR"},{"@type":"Organization","@id":"https:\/\/ifesworld.org\/es\/#organization","name":"IFES \u00b7 International Fellowship of Evangelical Students","url":"https:\/\/ifesworld.org\/es\/","logo":{"@type":"ImageObject","inLanguage":"fr-FR","@id":"https:\/\/ifesworld.org\/es\/#\/schema\/logo\/image\/","url":"https:\/\/ifesworld.org\/wp-content\/uploads\/2019\/06\/ifeslogo.png","contentUrl":"https:\/\/ifesworld.org\/wp-content\/uploads\/2019\/06\/ifeslogo.png","width":262,"height":262,"caption":"IFES \u00b7 International Fellowship of Evangelical Students"},"image":{"@id":"https:\/\/ifesworld.org\/es\/#\/schema\/logo\/image\/"}}]}},"_links":{"self":[{"href":"https:\/\/ifesworld.org\/fr\/wp-json\/wp\/v2\/pages\/16149","targetHints":{"allow":["GET"]}}],"collection":[{"href":"https:\/\/ifesworld.org\/fr\/wp-json\/wp\/v2\/pages"}],"about":[{"href":"https:\/\/ifesworld.org\/fr\/wp-json\/wp\/v2\/types\/page"}],"author":[{"embeddable":true,"href":"https:\/\/ifesworld.org\/fr\/wp-json\/wp\/v2\/users\/2"}],"replies":[{"embeddable":true,"href":"https:\/\/ifesworld.org\/fr\/wp-json\/wp\/v2\/comments?post=16149"}],"version-history":[{"count":0,"href":"https:\/\/ifesworld.org\/fr\/wp-json\/wp\/v2\/pages\/16149\/revisions"}],"wp:featuredmedia":[{"embeddable":true,"href":"https:\/\/ifesworld.org\/fr\/wp-json\/wp\/v2\/media\/16107"}],"wp:attachment":[{"href":"https:\/\/ifesworld.org\/fr\/wp-json\/wp\/v2\/media?parent=16149"}],"wp:term":[{"taxonomy":"area","embeddable":true,"href":"https:\/\/ifesworld.org\/fr\/wp-json\/wp\/v2\/area?post=16149"},{"taxonomy":"theme","embeddable":true,"href":"https:\/\/ifesworld.org\/fr\/wp-json\/wp\/v2\/theme?post=16149"}],"curies":[{"name":"wp","href":"https:\/\/api.w.org\/{rel}","templated":true}]}}