{"id":50198,"date":"2026-01-13T11:43:27","date_gmt":"2026-01-13T11:43:27","guid":{"rendered":"https:\/\/ifesworld.org\/?page_id=50198"},"modified":"2026-01-13T14:08:07","modified_gmt":"2026-01-13T14:08:07","slug":"50198-2","status":"publish","type":"page","link":"https:\/\/ifesworld.org\/es\/50198-2\/","title":{"rendered":""},"content":{"rendered":"<div class=\"wp-block block-core-columns alignwide\">\n<div class=\"wp-block-columns alignwide is-layout-flex wp-container-core-columns-is-layout-8f761849 wp-block-columns-is-layout-flex\">\n<div class=\"wp-block-column has-accent-background-color has-background is-layout-flow wp-block-column-is-layout-flow\"><div class=\"wp-block block-core-heading wp-elements-a8611a4a611627be642442a78d8dc907\">\n<h2 class=\"wp-block-heading has-text-align-center has-white-color has-text-color has-link-color has-lg-font-size wp-elements-a8611a4a611627be642442a78d8dc907\">PARA LOS ESTADOS UNIDOS: NOTA SOBRE LEVANTAMIENTO DE FONDOS POR ESTADO<\/h2>\n<\/div>\n\n<div class=\"wp-block block-acf-spacer\">\n<div id=\"spacer-block_845a3c579026db88a76d34b49670ad5f\" class=\"\">\n    <div aria-hidden=\"true\" class=\"wp-block-spacer spacer--md\"><\/div>\n<\/div>\n<\/div><\/div>\n<\/div>\n<\/div>\n\n<div class=\"wp-block block-core-paragraph\">\n<p class=\"wp-block-paragraph\">LA COMUNIDAD INTERNACIONAL DE ESTUDIANTES EVANG\u00c9LICOS\/EE. UU., INC. IFES\/USA es una organizaci\u00f3n ben\u00e9fica \u00a7501(c)(3), tus donativos se desgravan de acuerdo con el monto estipulado por la ley. IFES\/USA es una organizaci\u00f3n sin fines de lucro ubicada en Wisconsin, con la direcci\u00f3n postal: PO Box 46007, Madison, WI 53744 y que se sit\u00faa en 35&nbsp;Science&nbsp;Drive, Suite 300, Madison, WI 53711 (608) 348-6234.&nbsp;<\/p>\n<\/div>\n\n<div class=\"wp-block block-core-paragraph\">\n<p class=\"wp-block-paragraph\">Cont\u00e1ctanos si deseas obtener estados de cuentas y las descripciones de los programas.&nbsp;<\/p>\n<\/div>\n\n<div class=\"wp-block block-core-paragraph\">\n<p class=\"wp-block-paragraph\">La visi\u00f3n de IFES\/EE. UU. consiste en ver estudiantes que forman comunidades de disc\u00edpulos, que son transformados por el evangelio y que impactan a la universidad, la iglesia y la sociedad para la gloria de Cristo.&nbsp;<\/p>\n<\/div>\n\n<div class=\"wp-block block-core-paragraph\">\n<p class=\"wp-block-paragraph\"><strong>NOTA SORBRE LEVANTAMIENTO DE FONDOS POR ESTADO&nbsp;<\/strong>&nbsp;<\/p>\n<\/div>\n\n<div class=\"wp-block block-core-paragraph\">\n<p class=\"wp-block-paragraph\"><strong>CALIFORNIA:<\/strong>&nbsp;Puedes solicitar el estado de cuentas auditado de IFES\/USA directamente a IFES\/USA. Seg\u00fan las leyes fiscales federales y estatales se puede desgravar la totalidad de tu donativo.&nbsp;&nbsp;<\/p>\n<\/div>\n\n<div class=\"wp-block block-core-paragraph\">\n<p class=\"wp-block-paragraph\"><strong>GEORGIA:<\/strong>&nbsp;Para obtener una descripci\u00f3n objetiva y completa de este y otros programas, al igual que los estados de cuenta o los informes financieros, por favor contacta a IFES\/USA.&nbsp;<\/p>\n<\/div>\n\n<div class=\"wp-block block-core-paragraph\">\n<p class=\"wp-block-paragraph\"><strong>MARYLAND<\/strong>: Para obtener un estado de cuentas actualizado de IFES\/USA, solic\u00edtalo por correo postal a IFES\/USA, PO Box 46007, Madison, WI 53744 o a 635&nbsp;Science&nbsp;Drive, Suite 300, Madison, WI 53711. Tel\u00e9fono: (608) 348-6234. Para obtener m\u00e1s informaci\u00f3n sobre los gastos de copias y franqueo, los documentos de registro y otros datos, contacta a Maryland&nbsp;Secretary&nbsp;of&nbsp;State,&nbsp;State&nbsp;House, Annapolis, MD&nbsp;21401.&nbsp;&nbsp;<\/p>\n<\/div>\n\n<div class=\"wp-block block-core-paragraph\">\n<p class=\"wp-block-paragraph\"><strong>MINNESOTA<\/strong>: Seg\u00fan las leyes fiscales federales y estatales se puede desgravar la totalidad de tu donativo como contribuci\u00f3n ben\u00e9fica.&nbsp;&nbsp;<\/p>\n<\/div>\n\n<div class=\"wp-block block-core-paragraph\">\n<p class=\"wp-block-paragraph\"><strong>MISSISSIPPI<\/strong>: Puedes obtener el registro oficial y la informaci\u00f3n financiera de IFES\/USA llamando a la oficina de la Secretar\u00eda del Estado de Mississippi: 1-888-236-6167. Estar registrado no implica ser respaldado por la Secretar\u00eda del Estado.&nbsp;&nbsp;<\/p>\n<\/div>\n\n<div class=\"wp-block block-core-paragraph\">\n<p class=\"wp-block-paragraph\"><strong>VIRGINIA<\/strong>:&nbsp; Puedes solicitar un estado de cuentas a la Oficina Estatal de Asuntos del Consumidor del Departamento de Agricultura y Servicios al Consumidor, P.O. Box 1163, Richmond, VA 23218. WASHINGTON: Para recibir cualquier informaci\u00f3n adicional con respecto a las actividades o a las finanzas de IFES\/USA, registrada en el Washington&nbsp;State&nbsp;Charities&nbsp;Program&nbsp;tal y como lo estipula la ley, llama al 800-332-4483&nbsp;or&nbsp;al 360-725-0378.&nbsp;&nbsp;<\/p>\n<\/div>\n\n<div class=\"wp-block block-core-paragraph\">\n<p class=\"wp-block-paragraph\"><strong>WASHINGTON<\/strong>: Para recibir cualquier informaci\u00f3n adicional con respecto a las actividades o a las finanzas de IFES\/USA, registrada en el Washington&nbsp;State&nbsp;Charities&nbsp;Program&nbsp;tal y como lo estipula la ley, llama al 800-332-4483 o consulta la p\u00e1gina&nbsp;<a href=\"http:\/\/www.sos.wa.gov\/charities\" target=\"_blank\" rel=\"noreferrer noopener\">www.sos.wa.gov\/charities<\/a>.&nbsp;<\/p>\n<\/div>\n\n<div class=\"wp-block block-core-paragraph\">\n<p class=\"wp-block-paragraph\"><strong>VIRGINIA OCCIDENTAL:<\/strong>&nbsp;Los residentes de Virginia occidental pueden obtener un compendio de los documentos financieros y de registro a trav\u00e9s de la Secretar\u00eda de Estado:&nbsp;Secretary&nbsp;of&nbsp;State,&nbsp;State&nbsp;Capitol, Charleston, West Virginia 25305. El registro no implica respaldo.&nbsp;<\/p>\n<\/div>\n\n<div class=\"wp-block block-core-paragraph\">\n<p class=\"wp-block-paragraph\"><strong>WISCONSIN<\/strong>: Cualquier persona que lo solicite podr\u00e1 obtener un informe financiero de IFES\/USA en el que encontrar\u00e1 los activos, pasivos, saldos de fondos, ingresos y gastos del a\u00f1o fiscal anterior.&nbsp;<\/p>\n<\/div>\n\n<div class=\"wp-block block-core-columns\">\n<div class=\"wp-block-columns is-layout-flex wp-container-core-columns-is-layout-8f761849 wp-block-columns-is-layout-flex\">\n<div class=\"wp-block-column is-layout-flow wp-block-column-is-layout-flow\"><div class=\"wp-block block-core-heading\">\n<h3 class=\"wp-block-heading has-text-align-left\"><strong>Comparte esta p\u00e1gina en tu:<\/strong><\/h3>\n<\/div>\n\n<div class=\"wp-block block-core-paragraph\">\n<p class=\"wp-block-paragraph\"><\/p>\n<\/div>\n\n<div class=\"wp-block block-core-shortcode\"><div class=\"addtoany_shortcode\"><div class=\"a2a_kit a2a_kit_size_36 addtoany_list\" data-a2a-url=\"https:\/\/ifesworld.org\/es\/50198-2\/\"><a class=\"a2a_button_facebook\" href=\"https:\/\/www.addtoany.com\/add_to\/facebook?linkurl=https%3A%2F%2Fifesworld.org%2Fes%2F50198-2%2F&amp;linkname=\" title=\"Facebook\" rel=\"nofollow noopener\" target=\"_blank\"><\/a><a class=\"a2a_button_whatsapp\" href=\"https:\/\/www.addtoany.com\/add_to\/whatsapp?linkurl=https%3A%2F%2Fifesworld.org%2Fes%2F50198-2%2F&amp;linkname=\" title=\"WhatsApp\" rel=\"nofollow noopener\" target=\"_blank\"><\/a><a class=\"a2a_button_email\" href=\"https:\/\/www.addtoany.com\/add_to\/email?linkurl=https%3A%2F%2Fifesworld.org%2Fes%2F50198-2%2F&amp;linkname=\" title=\"Email\" rel=\"nofollow noopener\" target=\"_blank\"><\/a><a class=\"a2a_button_linkedin\" href=\"https:\/\/www.addtoany.com\/add_to\/linkedin?linkurl=https%3A%2F%2Fifesworld.org%2Fes%2F50198-2%2F&amp;linkname=\" title=\"LinkedIn\" rel=\"nofollow noopener\" target=\"_blank\"><\/a><a class=\"a2a_button_microsoft_teams\" href=\"https:\/\/www.addtoany.com\/add_to\/microsoft_teams?linkurl=https%3A%2F%2Fifesworld.org%2Fes%2F50198-2%2F&amp;linkname=\" title=\"Teams\" rel=\"nofollow noopener\" target=\"_blank\"><\/a><\/div><\/div>\n<\/div><\/div>\n\n\n\n<div class=\"wp-block-column is-vertically-aligned-stretch is-layout-flow wp-block-column-is-layout-flow\"><div class=\"wp-block block-acf-spacer\">\n<div id=\"spacer-block_845a3c579026db88a76d34b49670ad5f\" class=\"\">\n    <div aria-hidden=\"true\" class=\"wp-block-spacer spacer--md\"><\/div>\n<\/div>\n<\/div>\n\n<div class=\"wp-block block-acf-spacer\">\n<div id=\"spacer-block_845a3c579026db88a76d34b49670ad5f\" class=\"\">\n    <div aria-hidden=\"true\" class=\"wp-block-spacer spacer--md\"><\/div>\n<\/div>\n<\/div><\/div>\n<\/div>\n<\/div>","protected":false},"excerpt":{"rendered":"<p>PARA LOS ESTADOS UNIDOS: NOTA SOBRE LEVANTAMIENTO DE FONDOS POR ESTADO LA COMUNIDAD INTERNACIONAL DE ESTUDIANTES EVANG\u00c9LICOS\/EE. UU., INC. IFES\/USA es una organizaci\u00f3n ben\u00e9fica \u00a7501(c)(3), tus donativos se desgravan de acuerdo con el monto estipulado por la ley. IFES\/USA es una organizaci\u00f3n sin fines de lucro ubicada en Wisconsin, con la direcci\u00f3n postal: PO Box&#8230;<\/p>\n","protected":false},"author":3961,"featured_media":0,"parent":0,"menu_order":0,"comment_status":"closed","ping_status":"closed","template":"","meta":{"_acf_changed":false,"_crdt_document":"","inline_featured_image":false,"footnotes":""},"area":[],"theme":[],"class_list":["post-50198","page","type-page","status-publish","hentry"],"acf":[],"yoast_head":"<!-- This site is optimized with the Yoast SEO plugin v27.2 - https:\/\/yoast.com\/product\/yoast-seo-wordpress\/ -->\n<title>&#183; IFES<\/title>\n<meta name=\"description\" content=\"PARA LOS ESTADOS UNIDOS: NOTA SOBRE LEVANTAMIENTO DE FONDOS POR ESTADO LA COMUNIDAD INTERNACIONAL DE ESTUDIANTES EVANG\u00c9LICOS\/EE. UU., INC. IFES\/USA es una\" \/>\n<meta name=\"robots\" content=\"index, follow, max-snippet:-1, max-image-preview:large, max-video-preview:-1\" \/>\n<link rel=\"canonical\" href=\"https:\/\/ifesworld.org\/es\/50198-2\/\" \/>\n<meta property=\"og:locale\" content=\"es_ES\" \/>\n<meta property=\"og:type\" content=\"article\" \/>\n<meta property=\"og:title\" content=\"&#183; IFES\" \/>\n<meta property=\"og:description\" content=\"PARA LOS ESTADOS UNIDOS: NOTA SOBRE LEVANTAMIENTO DE FONDOS POR ESTADO LA COMUNIDAD INTERNACIONAL DE ESTUDIANTES EVANG\u00c9LICOS\/EE. UU., INC. IFES\/USA es una\" \/>\n<meta property=\"og:url\" content=\"https:\/\/ifesworld.org\/es\/50198-2\/\" \/>\n<meta property=\"og:site_name\" content=\"IFES\" \/>\n<meta property=\"article:modified_time\" content=\"2026-01-13T14:08:07+00:00\" \/>\n<meta property=\"og:image\" content=\"https:\/\/ifesworld.org\/wp-content\/uploads\/2019\/06\/ifeslogo.png\" \/>\n\t<meta property=\"og:image:width\" content=\"262\" \/>\n\t<meta property=\"og:image:height\" content=\"262\" \/>\n\t<meta property=\"og:image:type\" content=\"image\/png\" \/>\n<meta name=\"twitter:card\" content=\"summary_large_image\" \/>\n<meta name=\"twitter:label1\" content=\"Tiempo de lectura\" \/>\n\t<meta name=\"twitter:data1\" content=\"3 minutos\" \/>\n<script type=\"application\/ld+json\" class=\"yoast-schema-graph\">{\"@context\":\"https:\/\/schema.org\",\"@graph\":[{\"@type\":\"WebPage\",\"@id\":\"https:\/\/ifesworld.org\/es\/50198-2\/\",\"url\":\"https:\/\/ifesworld.org\/es\/50198-2\/\",\"name\":\"&#183; IFES\",\"isPartOf\":{\"@id\":\"https:\/\/ifesworld.org\/es\/#website\"},\"datePublished\":\"2026-01-13T11:43:27+00:00\",\"dateModified\":\"2026-01-13T14:08:07+00:00\",\"description\":\"PARA LOS ESTADOS UNIDOS: NOTA SOBRE LEVANTAMIENTO DE FONDOS POR ESTADO LA COMUNIDAD INTERNACIONAL DE ESTUDIANTES EVANG\u00c9LICOS\/EE. UU., INC. IFES\/USA es una\",\"inLanguage\":\"es\",\"potentialAction\":[{\"@type\":\"ReadAction\",\"target\":[\"https:\/\/ifesworld.org\/es\/50198-2\/\"]}]},{\"@type\":\"WebSite\",\"@id\":\"https:\/\/ifesworld.org\/es\/#website\",\"url\":\"https:\/\/ifesworld.org\/es\/\",\"name\":\"IFES\",\"description\":\"A movement of students sharing and living out the good news of Jesus Christ. Locally. Nationally. Globally.\",\"publisher\":{\"@id\":\"https:\/\/ifesworld.org\/es\/#organization\"},\"potentialAction\":[{\"@type\":\"SearchAction\",\"target\":{\"@type\":\"EntryPoint\",\"urlTemplate\":\"https:\/\/ifesworld.org\/es\/?s={search_term_string}\"},\"query-input\":{\"@type\":\"PropertyValueSpecification\",\"valueRequired\":true,\"valueName\":\"search_term_string\"}}],\"inLanguage\":\"es\"},{\"@type\":\"Organization\",\"@id\":\"https:\/\/ifesworld.org\/es\/#organization\",\"name\":\"IFES \u00b7 International Fellowship of Evangelical Students\",\"url\":\"https:\/\/ifesworld.org\/es\/\",\"logo\":{\"@type\":\"ImageObject\",\"inLanguage\":\"es\",\"@id\":\"https:\/\/ifesworld.org\/es\/#\/schema\/logo\/image\/\",\"url\":\"https:\/\/ifesworld.org\/wp-content\/uploads\/2019\/06\/ifeslogo.png\",\"contentUrl\":\"https:\/\/ifesworld.org\/wp-content\/uploads\/2019\/06\/ifeslogo.png\",\"width\":262,\"height\":262,\"caption\":\"IFES \u00b7 International Fellowship of Evangelical Students\"},\"image\":{\"@id\":\"https:\/\/ifesworld.org\/es\/#\/schema\/logo\/image\/\"}}]}<\/script>\n<!-- \/ Yoast SEO plugin. -->","yoast_head_json":{"title":"&#183; IFES","description":"PARA LOS ESTADOS UNIDOS: NOTA SOBRE LEVANTAMIENTO DE FONDOS POR ESTADO LA COMUNIDAD INTERNACIONAL DE ESTUDIANTES EVANG\u00c9LICOS\/EE. UU., INC. IFES\/USA es una","robots":{"index":"index","follow":"follow","max-snippet":"max-snippet:-1","max-image-preview":"max-image-preview:large","max-video-preview":"max-video-preview:-1"},"canonical":"https:\/\/ifesworld.org\/es\/50198-2\/","og_locale":"es_ES","og_type":"article","og_title":"&#183; IFES","og_description":"PARA LOS ESTADOS UNIDOS: NOTA SOBRE LEVANTAMIENTO DE FONDOS POR ESTADO LA COMUNIDAD INTERNACIONAL DE ESTUDIANTES EVANG\u00c9LICOS\/EE. UU., INC. IFES\/USA es una","og_url":"https:\/\/ifesworld.org\/es\/50198-2\/","og_site_name":"IFES","article_modified_time":"2026-01-13T14:08:07+00:00","og_image":[{"width":262,"height":262,"url":"https:\/\/ifesworld.org\/wp-content\/uploads\/2019\/06\/ifeslogo.png","type":"image\/png"}],"twitter_card":"summary_large_image","twitter_misc":{"Tiempo de lectura":"3 minutos"},"schema":{"@context":"https:\/\/schema.org","@graph":[{"@type":"WebPage","@id":"https:\/\/ifesworld.org\/es\/50198-2\/","url":"https:\/\/ifesworld.org\/es\/50198-2\/","name":"&#183; IFES","isPartOf":{"@id":"https:\/\/ifesworld.org\/es\/#website"},"datePublished":"2026-01-13T11:43:27+00:00","dateModified":"2026-01-13T14:08:07+00:00","description":"PARA LOS ESTADOS UNIDOS: NOTA SOBRE LEVANTAMIENTO DE FONDOS POR ESTADO LA COMUNIDAD INTERNACIONAL DE ESTUDIANTES EVANG\u00c9LICOS\/EE. UU., INC. IFES\/USA es una","inLanguage":"es","potentialAction":[{"@type":"ReadAction","target":["https:\/\/ifesworld.org\/es\/50198-2\/"]}]},{"@type":"WebSite","@id":"https:\/\/ifesworld.org\/es\/#website","url":"https:\/\/ifesworld.org\/es\/","name":"IFES","description":"A movement of students sharing and living out the good news of Jesus Christ. Locally. Nationally. Globally.","publisher":{"@id":"https:\/\/ifesworld.org\/es\/#organization"},"potentialAction":[{"@type":"SearchAction","target":{"@type":"EntryPoint","urlTemplate":"https:\/\/ifesworld.org\/es\/?s={search_term_string}"},"query-input":{"@type":"PropertyValueSpecification","valueRequired":true,"valueName":"search_term_string"}}],"inLanguage":"es"},{"@type":"Organization","@id":"https:\/\/ifesworld.org\/es\/#organization","name":"IFES \u00b7 International Fellowship of Evangelical Students","url":"https:\/\/ifesworld.org\/es\/","logo":{"@type":"ImageObject","inLanguage":"es","@id":"https:\/\/ifesworld.org\/es\/#\/schema\/logo\/image\/","url":"https:\/\/ifesworld.org\/wp-content\/uploads\/2019\/06\/ifeslogo.png","contentUrl":"https:\/\/ifesworld.org\/wp-content\/uploads\/2019\/06\/ifeslogo.png","width":262,"height":262,"caption":"IFES \u00b7 International Fellowship of Evangelical Students"},"image":{"@id":"https:\/\/ifesworld.org\/es\/#\/schema\/logo\/image\/"}}]}},"_links":{"self":[{"href":"https:\/\/ifesworld.org\/es\/wp-json\/wp\/v2\/pages\/50198","targetHints":{"allow":["GET"]}}],"collection":[{"href":"https:\/\/ifesworld.org\/es\/wp-json\/wp\/v2\/pages"}],"about":[{"href":"https:\/\/ifesworld.org\/es\/wp-json\/wp\/v2\/types\/page"}],"author":[{"embeddable":true,"href":"https:\/\/ifesworld.org\/es\/wp-json\/wp\/v2\/users\/3961"}],"replies":[{"embeddable":true,"href":"https:\/\/ifesworld.org\/es\/wp-json\/wp\/v2\/comments?post=50198"}],"version-history":[{"count":6,"href":"https:\/\/ifesworld.org\/es\/wp-json\/wp\/v2\/pages\/50198\/revisions"}],"predecessor-version":[{"id":50218,"href":"https:\/\/ifesworld.org\/es\/wp-json\/wp\/v2\/pages\/50198\/revisions\/50218"}],"wp:attachment":[{"href":"https:\/\/ifesworld.org\/es\/wp-json\/wp\/v2\/media?parent=50198"}],"wp:term":[{"taxonomy":"area","embeddable":true,"href":"https:\/\/ifesworld.org\/es\/wp-json\/wp\/v2\/area?post=50198"},{"taxonomy":"theme","embeddable":true,"href":"https:\/\/ifesworld.org\/es\/wp-json\/wp\/v2\/theme?post=50198"}],"curies":[{"name":"wp","href":"https:\/\/api.w.org\/{rel}","templated":true}]}}