{"id":43656,"date":"2024-11-26T16:10:35","date_gmt":"2024-11-26T16:10:35","guid":{"rendered":"https:\/\/ifesworld.org\/?page_id=43656"},"modified":"2024-11-26T16:19:12","modified_gmt":"2024-11-26T16:19:12","slug":"levantemonos-y-edifiquemos","status":"publish","type":"page","link":"https:\/\/ifesworld.org\/es\/levantemonos-y-edifiquemos\/","title":{"rendered":"\u201c\u00a1LEVANT\u00c9MONOS Y EDIFIQUEMOS!\u201d"},"content":{"rendered":"<div class=\"wp-block block-core-columns alignfull\">\n<div class=\"wp-block-columns alignfull is-layout-flex wp-container-core-columns-is-layout-8f761849 wp-block-columns-is-layout-flex\">\n<div class=\"wp-block-column has-caribbean-background-color has-background is-layout-flow wp-block-column-is-layout-flow\"><div class=\"wp-block block-core-columns alignwide\">\n<div class=\"wp-block-columns alignwide is-layout-flex wp-container-core-columns-is-layout-8f761849 wp-block-columns-is-layout-flex\">\n<div class=\"wp-block-column is-layout-flow wp-block-column-is-layout-flow\"><div class=\"wp-block block-core-heading\">\n<h2 class=\"wp-block-heading\">Con una fe y una visi\u00f3n como las de Nehem\u00edas (\u201cLevant\u00e9monos y edifiquemos\u201d, Neh. 2:18, LBLA), \u00bfayudar\u00e1s a restaurar y fortalecer GBEUH, el movimiento IFES de Hait\u00ed, un pa\u00eds lleno de problemas?\u00a0\u00a0<\/h2>\n<\/div>\n\n<div class=\"wp-block block-acf-ifesbutton aligncenter\">\n<div class=\"aligncenter\">\n    <a id=\"btn-block_f872359cbccc53e87e5bc68a0a5eb14b\" target=\"\" href=\"https:\/\/ifesworld.org\/es\/donar\/?switch_language=es&#038;source=REGFR&#038;destination=CR000_PCGW&#038;freq=once\" class=\"btn btn--secondary\">\n        <span>\n        DONA AHORA        <\/span>\n    <\/a>\n<\/div>\n\n<\/div><\/div>\n<\/div>\n<\/div>\n\n<div class=\"wp-block block-core-heading alignfull wp-elements-8111290bb640264478fc0cfd268543fd\">\n<h3 class=\"wp-block-heading alignfull has-text-align-center has-white-color has-primary-background-color has-text-color has-background has-link-color wp-elements-8111290bb640264478fc0cfd268543fd\">La Semana de Donativos de IFES Caribe (CARIFES) 2024, tiene lugar entre el 24 de noviembre y el 1 de diciembre.<\/h3>\n<\/div><\/div>\n<\/div>\n<\/div>\n\n<div class=\"wp-block block-core-heading wp-elements-3bccd89afafa64f82f674d786e574f38\">\n<h2 class=\"wp-block-heading has-text-align-center has-accent-color has-text-color has-link-color has-xl-font-size wp-elements-3bccd89afafa64f82f674d786e574f38\"><strong><strong>LEVANTARSE POR ENCIMA DE LAS RUINAS<\/strong>\u00a0<\/strong>\u00a0<\/h2>\n<\/div>\n\n<div class=\"wp-block block-core-separator is-style-default\">\n<hr class=\"wp-block-separator has-text-color has-caribbean-color has-alpha-channel-opacity has-caribbean-background-color has-background is-style-default\"\/>\n<\/div>\n\n<div class=\"wp-block block-core-paragraph\">\n<p class=\"has-md-font-size wp-block-paragraph\">En los \u00faltimos meses, la violencia entre pandillas, la inestabilidad pol\u00edtica y los enormes retos humanitarios de este pa\u00eds han empeorado de manera cr\u00edtica.<\/p>\n<\/div>\n\n<div class=\"wp-block block-core-paragraph\">\n<p class=\"wp-block-paragraph\"> En la actualidad, grupos armados controlan la mayor parte de Port-au-Prince y sus alrededores, m\u00e1s de 700 000 personas se encuentran desplazadas y casi la mitad de la poblaci\u00f3n se enfrenta a una grave inseguridad alimentaria.\u00a0\u00a0<\/p>\n<\/div>\n\n<div class=\"wp-block block-core-paragraph\">\n<p class=\"wp-block-paragraph\"><strong>Ahora, m\u00e1s que nunca, la paz que viene de conocer a Cristo es esencial. <\/strong>A pesar de la crisis, los estudiantes de GBEUH siguen mostrando resiliencia y brillando como luces de esperanza.<\/p>\n<\/div>\n\n<div class=\"wp-block block-core-heading\">\n<h3 class=\"wp-block-heading has-white-dark-background-color has-background\"><strong><strong>Sin embargo, para seguir construyendo su ministerio, necesitan recursos vitales.\u00a0<\/strong>\u00a0<\/strong><\/h3>\n<\/div>\n\n<div class=\"wp-block block-core-paragraph\">\n<p class=\"wp-block-paragraph\">Descheny Laurent, obrero de GBEUH, nos comparte m\u00e1s:\u00a0\u00a0<\/p>\n<\/div>\n\n<div class=\"wp-block block-core-embed wp-embed-aspect-16-9 wp-has-aspect-ratio\">\n<figure class=\"wp-block-embed is-type-video is-provider-youtube wp-block-embed-youtube wp-embed-aspect-16-9 wp-has-aspect-ratio\"><div class=\"wp-block-embed__wrapper\">\n<iframe loading=\"lazy\" title=\"CARIFES Gift Week 2024: Student Ministry in Haiti&#039;s Context - Why GBEUH Need Your Support\" width=\"740\" height=\"416\" src=\"https:\/\/www.youtube.com\/embed\/09YSwW-dRvw?list=PLGxsS8y2qsvc0JHsip3loHK59rnz7FIxF\" frameborder=\"0\" allow=\"accelerometer; autoplay; clipboard-write; encrypted-media; gyroscope; picture-in-picture; web-share\" referrerpolicy=\"strict-origin-when-cross-origin\" allowfullscreen><\/iframe>\n<\/div><\/figure>\n<\/div>\n\n<div class=\"wp-block block-core-heading wp-elements-1f932895509fab469e4c9c74a65dd20b\">\n<h2 class=\"wp-block-heading has-text-align-center has-accent-color has-text-color has-link-color has-xl-font-size wp-elements-1f932895509fab469e4c9c74a65dd20b\"><strong><strong>C\u00d3MO PUEDES AYUDAR<\/strong>\u00a0<\/strong><\/h2>\n<\/div>\n\n<div class=\"wp-block block-core-separator is-style-default\">\n<hr class=\"wp-block-separator has-text-color has-caribbean-color has-alpha-channel-opacity has-caribbean-background-color has-background is-style-default\"\/>\n<\/div>\n\n<div class=\"wp-block block-core-columns alignwide\">\n<div class=\"wp-block-columns alignwide is-layout-flex wp-container-core-columns-is-layout-8f761849 wp-block-columns-is-layout-flex\">\n<div class=\"wp-block-column is-layout-flow wp-block-column-is-layout-flow\"><div class=\"wp-block block-core-columns\">\n<div class=\"wp-block-columns is-layout-flex wp-container-core-columns-is-layout-8f761849 wp-block-columns-is-layout-flex\">\n<div class=\"wp-block-column is-layout-flow wp-block-column-is-layout-flow\">\n<figure class=\"wp-block-image size-full\"><img loading=\"lazy\" decoding=\"async\" width=\"300\" height=\"300\" src=\"https:\/\/ifesworld.org\/wp-content\/uploads\/2024\/11\/8-1.png\" alt=\"\" class=\"wp-image-43663\" srcset=\"https:\/\/ifesworld.org\/wp-content\/uploads\/2024\/11\/8-1.png 300w, https:\/\/ifesworld.org\/wp-content\/uploads\/2024\/11\/8-1-150x150.png 150w, https:\/\/ifesworld.org\/wp-content\/uploads\/2024\/11\/8-1-70x70.png 70w\" sizes=\"auto, (max-width: 300px) 100vw, 300px\" \/><\/figure>\n<\/div>\n\n\n\n<div class=\"wp-block-column is-layout-flow wp-block-column-is-layout-flow\">\n<figure class=\"wp-block-image size-full\"><img loading=\"lazy\" decoding=\"async\" width=\"300\" height=\"300\" src=\"https:\/\/ifesworld.org\/wp-content\/uploads\/2024\/11\/9-1.png\" alt=\"\" class=\"wp-image-43664\" srcset=\"https:\/\/ifesworld.org\/wp-content\/uploads\/2024\/11\/9-1.png 300w, https:\/\/ifesworld.org\/wp-content\/uploads\/2024\/11\/9-1-150x150.png 150w, https:\/\/ifesworld.org\/wp-content\/uploads\/2024\/11\/9-1-70x70.png 70w\" sizes=\"auto, (max-width: 300px) 100vw, 300px\" \/><\/figure>\n<\/div>\n<\/div>\n<\/div><\/div>\n\n\n\n<div class=\"wp-block-column is-layout-flow wp-block-column-is-layout-flow\"><div class=\"wp-block block-core-columns\">\n<div class=\"wp-block-columns is-layout-flex wp-container-core-columns-is-layout-8f761849 wp-block-columns-is-layout-flex\">\n<div class=\"wp-block-column is-layout-flow wp-block-column-is-layout-flow\">\n<figure class=\"wp-block-image size-full\"><img loading=\"lazy\" decoding=\"async\" width=\"300\" height=\"300\" src=\"https:\/\/ifesworld.org\/wp-content\/uploads\/2024\/11\/10-1.png\" alt=\"\" class=\"wp-image-43665\" srcset=\"https:\/\/ifesworld.org\/wp-content\/uploads\/2024\/11\/10-1.png 300w, https:\/\/ifesworld.org\/wp-content\/uploads\/2024\/11\/10-1-150x150.png 150w, https:\/\/ifesworld.org\/wp-content\/uploads\/2024\/11\/10-1-70x70.png 70w\" sizes=\"auto, (max-width: 300px) 100vw, 300px\" \/><\/figure>\n<\/div>\n\n\n\n<div class=\"wp-block-column is-layout-flow wp-block-column-is-layout-flow\">\n<figure class=\"wp-block-image size-full\"><img loading=\"lazy\" decoding=\"async\" width=\"300\" height=\"300\" src=\"https:\/\/ifesworld.org\/wp-content\/uploads\/2024\/11\/11-1.png\" alt=\"\" class=\"wp-image-43666\" srcset=\"https:\/\/ifesworld.org\/wp-content\/uploads\/2024\/11\/11-1.png 300w, https:\/\/ifesworld.org\/wp-content\/uploads\/2024\/11\/11-1-150x150.png 150w, https:\/\/ifesworld.org\/wp-content\/uploads\/2024\/11\/11-1-70x70.png 70w\" sizes=\"auto, (max-width: 300px) 100vw, 300px\" \/><\/figure>\n<\/div>\n<\/div>\n<\/div><\/div>\n<\/div>\n<\/div>\n\n<div class=\"wp-block block-core-paragraph\">\n<p class=\"wp-block-paragraph\"><\/p>\n<\/div>\n\n<div class=\"wp-block block-core-heading wp-elements-915a8612798c56fd18a5dfcff9ab479d\">\n<h2 class=\"wp-block-heading has-text-align-center has-accent-color has-text-color has-link-color has-xl-font-size wp-elements-915a8612798c56fd18a5dfcff9ab479d\"><strong><strong><strong>BENDICIENDO EL CARIBE<\/strong>\u00a0<\/strong>\u00a0<\/strong><\/h2>\n<\/div>\n\n<div class=\"wp-block block-core-separator is-style-default\">\n<hr class=\"wp-block-separator has-text-color has-caribbean-color has-alpha-channel-opacity has-caribbean-background-color has-background is-style-default\"\/>\n<\/div>\n\n<div class=\"wp-block block-core-paragraph\">\n<p class=\"has-md-font-size wp-block-paragraph\">Cada a\u00f1o, el equipo de CARIFES da una oportunidad a los estudiantes, a los obreros y a los graduados de la regi\u00f3n, as\u00ed como tambi\u00e9n a las personas que apoyan el ministerio, para donar de manera generosa y apoyar, as\u00ed, la obra que Dios est\u00e1 llevando a cabo entre los estudiantes del Caribe.\u00a0\u00a0<\/p>\n<\/div>\n\n<div class=\"wp-block block-core-embed wp-embed-aspect-16-9 wp-has-aspect-ratio\">\n<figure class=\"wp-block-embed is-type-video is-provider-youtube wp-block-embed-youtube wp-embed-aspect-16-9 wp-has-aspect-ratio\"><div class=\"wp-block-embed__wrapper\">\n<iframe loading=\"lazy\" title=\"CARIFES Gift Week 2024: Join us in Supporting the Needs for Haiti&#039;s Student Movement \ud83c\udded\ud83c\uddf9\" width=\"740\" height=\"416\" src=\"https:\/\/www.youtube.com\/embed\/WPjkdwnDVIU?list=PLGxsS8y2qsvc0JHsip3loHK59rnz7FIxF\" frameborder=\"0\" allow=\"accelerometer; autoplay; clipboard-write; encrypted-media; gyroscope; picture-in-picture; web-share\" referrerpolicy=\"strict-origin-when-cross-origin\" allowfullscreen><\/iframe>\n<\/div><\/figure>\n<\/div>\n\n<div class=\"wp-block block-core-columns alignfull\">\n<div class=\"wp-block-columns alignfull is-layout-flex wp-container-core-columns-is-layout-8f761849 wp-block-columns-is-layout-flex\">\n<div class=\"wp-block-column has-caribbean-color has-caribbean-background-color has-text-color has-background has-link-color wp-elements-8371e71e52bdfd8f056db87048773b19 is-layout-flow wp-block-column-is-layout-flow\"><div class=\"wp-block block-core-columns alignwide\">\n<div class=\"wp-block-columns alignwide is-layout-flex wp-container-core-columns-is-layout-8f761849 wp-block-columns-is-layout-flex\">\n<div class=\"wp-block-column is-layout-flow wp-block-column-is-layout-flow\"><div class=\"wp-block block-core-heading alignwide wp-elements-fe58512f08836a47955ac3e7b0769671\">\n<h3 class=\"wp-block-heading alignwide has-text-align-center has-primary-color has-caribbean-background-color has-text-color has-background has-link-color wp-elements-fe58512f08836a47955ac3e7b0769671\">Es con mucho entusiasmo que extendemos la invitaci\u00f3n de CARIFES m\u00e1s all\u00e1 de su regi\u00f3n, a toda la comunidad, sabiendo que tanto los estudiantes como los obreros de IFES, as\u00ed como las personas que nos apoyan en todo el mundo, querr\u00e1n unirse al gozo de donar para la Semana de Donativos de CARIFES.\u00a0<\/h3>\n<\/div>\n\n<div class=\"wp-block block-core-paragraph\">\n<p class=\"wp-block-paragraph\"><\/p>\n<\/div><\/div>\n<\/div>\n<\/div><\/div>\n<\/div>\n<\/div>\n\n<div class=\"wp-block block-core-cover alignfull\">\n<div class=\"wp-block-cover alignfull is-light has-parallax\"><div class=\"wp-block-cover__image-background wp-image-43513 size-large has-parallax\" style=\"background-position:50% 50%;background-image:url(https:\/\/ifesworld.org\/wp-content\/uploads\/2024\/11\/copy-1024x576.png)\"><\/div><span aria-hidden=\"true\" class=\"wp-block-cover__background has-caribbean-background-color has-background-dim-0 has-background-dim\"><\/span><div class=\"wp-block-cover__inner-container is-layout-flow wp-block-cover-is-layout-flow\"><div class=\"wp-block block-core-heading\">\n<h2 class=\"wp-block-heading has-text-align-center\">Sigue a CARIFES en\u202f<a href=\"https:\/\/www.instagram.com\/ifescaribbean\/\" target=\"_blank\" rel=\"noreferrer noopener\">Instagram<\/a><a href=\"https:\/\/ifescaribbean.org\/en\/carifes-gift-day-2023\/\" target=\"_blank\" rel=\"noreferrer noopener\">\u202f<\/a>para ver c\u00f3mo puedes donar y para mantenerte informado sobre esta campa\u00f1a.\u202f\u00a0<\/h2>\n<\/div><\/div><\/div>\n<\/div>\n\n<div class=\"wp-block block-core-paragraph\">\n<p class=\"wp-block-paragraph\"><\/p>\n<\/div>","protected":false},"excerpt":{"rendered":"<p>Con una fe y una visi\u00f3n como las de Nehem\u00edas (\u201cLevant\u00e9monos y edifiquemos\u201d, Neh. 2:18, LBLA), \u00bfayudar\u00e1s a restaurar y fortalecer GBEUH, el movimiento IFES de Hait\u00ed, un pa\u00eds lleno de problemas?\u00a0\u00a0 La Semana de Donativos de IFES Caribe (CARIFES) 2024, tiene lugar entre el 24 de noviembre y el 1 de diciembre. LEVANTARSE POR&#8230;<\/p>\n","protected":false},"author":3961,"featured_media":43498,"parent":0,"menu_order":0,"comment_status":"closed","ping_status":"closed","template":"","meta":{"_acf_changed":false,"_crdt_document":"","inline_featured_image":false,"footnotes":""},"area":[],"theme":[],"class_list":["post-43656","page","type-page","status-publish","has-post-thumbnail","hentry"],"acf":[],"yoast_head":"<!-- This site is optimized with the Yoast SEO plugin v27.2 - https:\/\/yoast.com\/product\/yoast-seo-wordpress\/ -->\n<title>\u201c\u00a1LEVANT\u00c9MONOS Y EDIFIQUEMOS!\u201d &#183; IFES<\/title>\n<meta name=\"description\" content=\"Con una fe y una visi\u00f3n como las de Nehem\u00edas (\u201cLevant\u00e9monos y edifiquemos\u201d, Neh. 2:18, LBLA), \u00bfayudar\u00e1s a restaurar y fortalecer GBEUH, el movimiento IFES\" \/>\n<meta name=\"robots\" content=\"index, follow, max-snippet:-1, max-image-preview:large, max-video-preview:-1\" \/>\n<link rel=\"canonical\" href=\"https:\/\/ifesworld.org\/es\/levantemonos-y-edifiquemos\/\" \/>\n<meta property=\"og:locale\" content=\"es_ES\" \/>\n<meta property=\"og:type\" content=\"article\" \/>\n<meta property=\"og:title\" content=\"\u201c\u00a1LEVANT\u00c9MONOS Y EDIFIQUEMOS!\u201d &#183; IFES\" \/>\n<meta property=\"og:description\" content=\"Con una fe y una visi\u00f3n como las de Nehem\u00edas (\u201cLevant\u00e9monos y edifiquemos\u201d, Neh. 2:18, LBLA), \u00bfayudar\u00e1s a restaurar y fortalecer GBEUH, el movimiento IFES\" \/>\n<meta property=\"og:url\" content=\"https:\/\/ifesworld.org\/es\/levantemonos-y-edifiquemos\/\" \/>\n<meta property=\"og:site_name\" content=\"IFES\" \/>\n<meta property=\"article:modified_time\" content=\"2024-11-26T16:19:12+00:00\" \/>\n<meta property=\"og:image\" content=\"https:\/\/ifesworld.org\/wp-content\/uploads\/2024\/11\/All-About-Me-Vintage-Minimalist-Presentation-e1732527465442.png\" \/>\n\t<meta property=\"og:image:width\" content=\"1670\" \/>\n\t<meta property=\"og:image:height\" content=\"393\" \/>\n\t<meta property=\"og:image:type\" content=\"image\/png\" \/>\n<meta name=\"twitter:card\" content=\"summary_large_image\" \/>\n<meta name=\"twitter:label1\" content=\"Tiempo de lectura\" \/>\n\t<meta name=\"twitter:data1\" content=\"3 minutos\" \/>\n<script type=\"application\/ld+json\" class=\"yoast-schema-graph\">{\"@context\":\"https:\/\/schema.org\",\"@graph\":[{\"@type\":\"WebPage\",\"@id\":\"https:\/\/ifesworld.org\/es\/levantemonos-y-edifiquemos\/\",\"url\":\"https:\/\/ifesworld.org\/es\/levantemonos-y-edifiquemos\/\",\"name\":\"\u201c\u00a1LEVANT\u00c9MONOS Y EDIFIQUEMOS!\u201d &#183; IFES\",\"isPartOf\":{\"@id\":\"https:\/\/ifesworld.org\/es\/#website\"},\"primaryImageOfPage\":{\"@id\":\"https:\/\/ifesworld.org\/es\/levantemonos-y-edifiquemos\/#primaryimage\"},\"image\":{\"@id\":\"https:\/\/ifesworld.org\/es\/levantemonos-y-edifiquemos\/#primaryimage\"},\"thumbnailUrl\":\"https:\/\/ifesworld.org\/wp-content\/uploads\/2024\/11\/All-About-Me-Vintage-Minimalist-Presentation-e1732527465442.png\",\"datePublished\":\"2024-11-26T16:10:35+00:00\",\"dateModified\":\"2024-11-26T16:19:12+00:00\",\"description\":\"Con una fe y una visi\u00f3n como las de Nehem\u00edas (\u201cLevant\u00e9monos y edifiquemos\u201d, Neh. 2:18, LBLA), \u00bfayudar\u00e1s a restaurar y fortalecer GBEUH, el movimiento IFES\",\"breadcrumb\":{\"@id\":\"https:\/\/ifesworld.org\/es\/levantemonos-y-edifiquemos\/#breadcrumb\"},\"inLanguage\":\"es\",\"potentialAction\":[{\"@type\":\"ReadAction\",\"target\":[\"https:\/\/ifesworld.org\/es\/levantemonos-y-edifiquemos\/\"]}]},{\"@type\":\"ImageObject\",\"inLanguage\":\"es\",\"@id\":\"https:\/\/ifesworld.org\/es\/levantemonos-y-edifiquemos\/#primaryimage\",\"url\":\"https:\/\/ifesworld.org\/wp-content\/uploads\/2024\/11\/All-About-Me-Vintage-Minimalist-Presentation-e1732527465442.png\",\"contentUrl\":\"https:\/\/ifesworld.org\/wp-content\/uploads\/2024\/11\/All-About-Me-Vintage-Minimalist-Presentation-e1732527465442.png\",\"width\":1670,\"height\":393},{\"@type\":\"BreadcrumbList\",\"@id\":\"https:\/\/ifesworld.org\/es\/levantemonos-y-edifiquemos\/#breadcrumb\",\"itemListElement\":[{\"@type\":\"ListItem\",\"position\":1,\"name\":\"Home\",\"item\":\"https:\/\/ifesworld.org\/es\/\"},{\"@type\":\"ListItem\",\"position\":2,\"name\":\"\u201c\u00a1LEVANT\u00c9MONOS Y EDIFIQUEMOS!\u201d\"}]},{\"@type\":\"WebSite\",\"@id\":\"https:\/\/ifesworld.org\/es\/#website\",\"url\":\"https:\/\/ifesworld.org\/es\/\",\"name\":\"IFES\",\"description\":\"A movement of students sharing and living out the good news of Jesus Christ. Locally. Nationally. Globally.\",\"publisher\":{\"@id\":\"https:\/\/ifesworld.org\/es\/#organization\"},\"potentialAction\":[{\"@type\":\"SearchAction\",\"target\":{\"@type\":\"EntryPoint\",\"urlTemplate\":\"https:\/\/ifesworld.org\/es\/?s={search_term_string}\"},\"query-input\":{\"@type\":\"PropertyValueSpecification\",\"valueRequired\":true,\"valueName\":\"search_term_string\"}}],\"inLanguage\":\"es\"},{\"@type\":\"Organization\",\"@id\":\"https:\/\/ifesworld.org\/es\/#organization\",\"name\":\"IFES \u00b7 International Fellowship of Evangelical Students\",\"url\":\"https:\/\/ifesworld.org\/es\/\",\"logo\":{\"@type\":\"ImageObject\",\"inLanguage\":\"es\",\"@id\":\"https:\/\/ifesworld.org\/es\/#\/schema\/logo\/image\/\",\"url\":\"https:\/\/ifesworld.org\/wp-content\/uploads\/2019\/06\/ifeslogo.png\",\"contentUrl\":\"https:\/\/ifesworld.org\/wp-content\/uploads\/2019\/06\/ifeslogo.png\",\"width\":262,\"height\":262,\"caption\":\"IFES \u00b7 International Fellowship of Evangelical Students\"},\"image\":{\"@id\":\"https:\/\/ifesworld.org\/es\/#\/schema\/logo\/image\/\"}}]}<\/script>\n<!-- \/ Yoast SEO plugin. -->","yoast_head_json":{"title":"\u201c\u00a1LEVANT\u00c9MONOS Y EDIFIQUEMOS!\u201d &#183; IFES","description":"Con una fe y una visi\u00f3n como las de Nehem\u00edas (\u201cLevant\u00e9monos y edifiquemos\u201d, Neh. 2:18, LBLA), \u00bfayudar\u00e1s a restaurar y fortalecer GBEUH, el movimiento IFES","robots":{"index":"index","follow":"follow","max-snippet":"max-snippet:-1","max-image-preview":"max-image-preview:large","max-video-preview":"max-video-preview:-1"},"canonical":"https:\/\/ifesworld.org\/es\/levantemonos-y-edifiquemos\/","og_locale":"es_ES","og_type":"article","og_title":"\u201c\u00a1LEVANT\u00c9MONOS Y EDIFIQUEMOS!\u201d &#183; IFES","og_description":"Con una fe y una visi\u00f3n como las de Nehem\u00edas (\u201cLevant\u00e9monos y edifiquemos\u201d, Neh. 2:18, LBLA), \u00bfayudar\u00e1s a restaurar y fortalecer GBEUH, el movimiento IFES","og_url":"https:\/\/ifesworld.org\/es\/levantemonos-y-edifiquemos\/","og_site_name":"IFES","article_modified_time":"2024-11-26T16:19:12+00:00","og_image":[{"width":1670,"height":393,"url":"https:\/\/ifesworld.org\/wp-content\/uploads\/2024\/11\/All-About-Me-Vintage-Minimalist-Presentation-e1732527465442.png","type":"image\/png"}],"twitter_card":"summary_large_image","twitter_misc":{"Tiempo de lectura":"3 minutos"},"schema":{"@context":"https:\/\/schema.org","@graph":[{"@type":"WebPage","@id":"https:\/\/ifesworld.org\/es\/levantemonos-y-edifiquemos\/","url":"https:\/\/ifesworld.org\/es\/levantemonos-y-edifiquemos\/","name":"\u201c\u00a1LEVANT\u00c9MONOS Y EDIFIQUEMOS!\u201d &#183; IFES","isPartOf":{"@id":"https:\/\/ifesworld.org\/es\/#website"},"primaryImageOfPage":{"@id":"https:\/\/ifesworld.org\/es\/levantemonos-y-edifiquemos\/#primaryimage"},"image":{"@id":"https:\/\/ifesworld.org\/es\/levantemonos-y-edifiquemos\/#primaryimage"},"thumbnailUrl":"https:\/\/ifesworld.org\/wp-content\/uploads\/2024\/11\/All-About-Me-Vintage-Minimalist-Presentation-e1732527465442.png","datePublished":"2024-11-26T16:10:35+00:00","dateModified":"2024-11-26T16:19:12+00:00","description":"Con una fe y una visi\u00f3n como las de Nehem\u00edas (\u201cLevant\u00e9monos y edifiquemos\u201d, Neh. 2:18, LBLA), \u00bfayudar\u00e1s a restaurar y fortalecer GBEUH, el movimiento IFES","breadcrumb":{"@id":"https:\/\/ifesworld.org\/es\/levantemonos-y-edifiquemos\/#breadcrumb"},"inLanguage":"es","potentialAction":[{"@type":"ReadAction","target":["https:\/\/ifesworld.org\/es\/levantemonos-y-edifiquemos\/"]}]},{"@type":"ImageObject","inLanguage":"es","@id":"https:\/\/ifesworld.org\/es\/levantemonos-y-edifiquemos\/#primaryimage","url":"https:\/\/ifesworld.org\/wp-content\/uploads\/2024\/11\/All-About-Me-Vintage-Minimalist-Presentation-e1732527465442.png","contentUrl":"https:\/\/ifesworld.org\/wp-content\/uploads\/2024\/11\/All-About-Me-Vintage-Minimalist-Presentation-e1732527465442.png","width":1670,"height":393},{"@type":"BreadcrumbList","@id":"https:\/\/ifesworld.org\/es\/levantemonos-y-edifiquemos\/#breadcrumb","itemListElement":[{"@type":"ListItem","position":1,"name":"Home","item":"https:\/\/ifesworld.org\/es\/"},{"@type":"ListItem","position":2,"name":"\u201c\u00a1LEVANT\u00c9MONOS Y EDIFIQUEMOS!\u201d"}]},{"@type":"WebSite","@id":"https:\/\/ifesworld.org\/es\/#website","url":"https:\/\/ifesworld.org\/es\/","name":"IFES","description":"A movement of students sharing and living out the good news of Jesus Christ. Locally. Nationally. Globally.","publisher":{"@id":"https:\/\/ifesworld.org\/es\/#organization"},"potentialAction":[{"@type":"SearchAction","target":{"@type":"EntryPoint","urlTemplate":"https:\/\/ifesworld.org\/es\/?s={search_term_string}"},"query-input":{"@type":"PropertyValueSpecification","valueRequired":true,"valueName":"search_term_string"}}],"inLanguage":"es"},{"@type":"Organization","@id":"https:\/\/ifesworld.org\/es\/#organization","name":"IFES \u00b7 International Fellowship of Evangelical Students","url":"https:\/\/ifesworld.org\/es\/","logo":{"@type":"ImageObject","inLanguage":"es","@id":"https:\/\/ifesworld.org\/es\/#\/schema\/logo\/image\/","url":"https:\/\/ifesworld.org\/wp-content\/uploads\/2019\/06\/ifeslogo.png","contentUrl":"https:\/\/ifesworld.org\/wp-content\/uploads\/2019\/06\/ifeslogo.png","width":262,"height":262,"caption":"IFES \u00b7 International Fellowship of Evangelical Students"},"image":{"@id":"https:\/\/ifesworld.org\/es\/#\/schema\/logo\/image\/"}}]}},"_links":{"self":[{"href":"https:\/\/ifesworld.org\/es\/wp-json\/wp\/v2\/pages\/43656","targetHints":{"allow":["GET"]}}],"collection":[{"href":"https:\/\/ifesworld.org\/es\/wp-json\/wp\/v2\/pages"}],"about":[{"href":"https:\/\/ifesworld.org\/es\/wp-json\/wp\/v2\/types\/page"}],"author":[{"embeddable":true,"href":"https:\/\/ifesworld.org\/es\/wp-json\/wp\/v2\/users\/3961"}],"replies":[{"embeddable":true,"href":"https:\/\/ifesworld.org\/es\/wp-json\/wp\/v2\/comments?post=43656"}],"version-history":[{"count":0,"href":"https:\/\/ifesworld.org\/es\/wp-json\/wp\/v2\/pages\/43656\/revisions"}],"wp:featuredmedia":[{"embeddable":true,"href":"https:\/\/ifesworld.org\/es\/wp-json\/wp\/v2\/media\/43498"}],"wp:attachment":[{"href":"https:\/\/ifesworld.org\/es\/wp-json\/wp\/v2\/media?parent=43656"}],"wp:term":[{"taxonomy":"area","embeddable":true,"href":"https:\/\/ifesworld.org\/es\/wp-json\/wp\/v2\/area?post=43656"},{"taxonomy":"theme","embeddable":true,"href":"https:\/\/ifesworld.org\/es\/wp-json\/wp\/v2\/theme?post=43656"}],"curies":[{"name":"wp","href":"https:\/\/api.w.org\/{rel}","templated":true}]}}