{"id":41998,"date":"2024-09-06T15:05:45","date_gmt":"2024-09-06T14:05:45","guid":{"rendered":"https:\/\/ifesworld.org\/?page_id=41998"},"modified":"2024-10-14T11:17:55","modified_gmt":"2024-10-14T10:17:55","slug":"daniel-bourdanne","status":"publish","type":"page","link":"https:\/\/ifesworld.org\/es\/daniel-bourdanne\/","title":{"rendered":"Daniel Bourdann\u00e9"},"content":{"rendered":"<div class=\"wp-block block-core-paragraph\">\n<p class=\"has-md-font-size wp-block-paragraph\"><span class=\"TextRun SCXW188356386 BCX8\" lang=\"ES-ES\" xml:lang=\"ES-ES\" data-contrast=\"none\"><span class=\"NormalTextRun SCXW188356386 BCX8\">Es con una profunda tristeza que nos vemos obligados a compartir la noticia del fallecimiento de Daniel Bourdann\u00e9 (antiguo Secretario General de IFES) el 6 de septiembre de 2024. Daniel \u2013 en la imagen con su esposa Halimatou en la Asamblea Mundial de IFES de Sud\u00e1frica en 2019 \u2013 fue Secretario General de IFES desde el 2007 al 2019.<\/span><\/span><\/p>\n<\/div>\n\n<div class=\"wp-block block-acf-ifesbutton aligncenter\">\n<div class=\"aligncenter\">\n    <a id=\"btn-block_9721695a2978cd1aa0f938eb2d4b658a\" target=\"_blank\" href=\"https:\/\/ifesworld.org\/es\/el-evangelio-encarnado\" class=\"btn btn--secondary\">\n        <span>\n        Leer el tributo completo        <\/span>\n    <\/a>\n<\/div>\n\n<\/div>\n\n<div class=\"wp-block-image\">\n<figure class=\"aligncenter size-large\"><img loading=\"lazy\" decoding=\"async\" width=\"1024\" height=\"683\" src=\"https:\/\/ifesworld.org\/wp-content\/uploads\/2024\/09\/daniel-and-Halimatou-1024x683.jpg\" alt=\"\" class=\"wp-image-41982\" srcset=\"https:\/\/ifesworld.org\/wp-content\/uploads\/2024\/09\/daniel-and-Halimatou-1024x683.jpg 1024w, https:\/\/ifesworld.org\/wp-content\/uploads\/2024\/09\/daniel-and-Halimatou-300x200.jpg 300w, https:\/\/ifesworld.org\/wp-content\/uploads\/2024\/09\/daniel-and-Halimatou-768x512.jpg 768w, https:\/\/ifesworld.org\/wp-content\/uploads\/2024\/09\/daniel-and-Halimatou.jpg 1267w\" sizes=\"auto, (max-width: 1024px) 100vw, 1024px\" \/><\/figure>\n<\/div>\n\n<div class=\"wp-block block-core-paragraph\">\n<p class=\"wp-block-paragraph\"><p><span data-contrast=\"auto\">\u00abMichel Kenmogne (Presidente del Comit\u00e9 de IFES) escribe: \u201cLa historia de la extensi\u00f3n del Evangelio por el mundo durante las \u00faltimas cuatro d\u00e9cadas no puede escribirse sin mencionar a Daniel Bourdann\u00e9. Daniel es uno de nuestros contempor\u00e1neos que, junto con el Ap\u00f3stol Pablo, pod\u00eda decir con humildad y convicci\u00f3n: \u201cHe peleado la buena batalla\u2026 he acabado la carrera\u201d.<\/span><\/p>\n<p><span data-contrast=\"none\">Tim Adams (actual Secretario General de IFES) nos escribe: \u201cDaniel era uno de los gigantes de nuestra comunidad global. Ciertamente nos sacaba una cabeza a la mayor\u00eda de nosotros, pero la altura de su presencia era mayor que tan solo su estatura f\u00edsica. Daniel vivi\u00f3 una vida de liderazgo espiritual, de servicio y autosacrificio al Se\u00f1or y a los movimientos de IFES en el \u00c1frica franc\u00f3fona y en el resto del mundo. Le extra\u00f1aremos.\u201d<\/span><span data-ccp-props=\"{&quot;134233117&quot;:false,&quot;134233118&quot;:false,&quot;201341983&quot;:0,&quot;335559738&quot;:0,&quot;335559739&quot;:0,&quot;335559740&quot;:279}\">&nbsp;<\/span> <span data-contrast=\"none\">Compartiremos un homenaje en honor a Daniel en los pr\u00f3ximos d\u00edas.&nbsp;<\/span><span data-ccp-props=\"{&quot;134233117&quot;:false,&quot;134233118&quot;:false,&quot;201341983&quot;:0,&quot;335559738&quot;:0,&quot;335559739&quot;:0,&quot;335559740&quot;:279}\">&nbsp;<\/span><\/p>\n<p><span class=\"TextRun SCXW216127974 BCX8\" lang=\"ES-ES\" xml:lang=\"ES-ES\" data-contrast=\"none\"><span class=\"NormalTextRun SCXW216127974 BCX8\">IFES recopilar\u00e1 un libro de fotos y recuerdos de la vida y el ministerio de IFES. Si quisieras contribuir, puedes hacerlo enviando un correo electr\u00f3nico a<\/span><\/span> info@ifesworld.org <span class=\"TextRun SCXW216127974 BCX8\" lang=\"ES-ES\" xml:lang=\"ES-ES\" data-contrast=\"none\"><span class=\"NormalTextRun SCXW216127974 BCX8\">o mediante este sitio web<\/span><\/span>:<\/p><\/p>\n<\/div>\n\n<div class=\"wp-block block-core-paragraph\">\n<p class=\"wp-block-paragraph\"><\/p>\n<\/div>\n\n<div class=\"wp-block block-acf-ifesbutton aligncenter\">\n<div class=\"aligncenter\">\n    <a id=\"btn-block_72519557c26e73d81adcc527e280673d\" target=\"\" href=\"https:\/\/www.kudoboard.com\/boards\/CLr0Dpmr\" class=\"btn btn--secondary\">\n        <span>\n        Kudoboard        <\/span>\n    <\/a>\n<\/div>\n\n<\/div>\n\n<div class=\"wp-block block-core-group alignfull\">\n<div class=\"wp-block-group alignfull has-white-dark-background-color has-background\"><div class=\"wp-block-group__inner-container is-layout-constrained wp-block-group-is-layout-constrained\"><div class=\"wp-block block-core-quote\">\n<blockquote class=\"wp-block-quote is-layout-flow wp-block-quote-is-layout-flow\"><div class=\"wp-block block-core-paragraph\">\n<p class=\"wp-block-paragraph\"><span class=\"TextRun SCXW7782994 BCX8\" lang=\"ES-ES\" xml:lang=\"ES-ES\" data-contrast=\"none\"><span class=\"NormalTextRun SCXW7782994 BCX8\">\u201c<\/span><\/span><span class=\"TextRun SCXW7782994 BCX8\" lang=\"ES-ES\" xml:lang=\"ES-ES\" data-contrast=\"none\"><span class=\"NormalTextRun SCXW7782994 BCX8\">IFES es, en esencia, el lugar en el que aprend\u00ed a ser un cristiano espiritualmente equilibrado y a estar siempre motivado por el deseo de asemejarme m\u00e1s y m\u00e1s al car\u00e1cter de Jesucristo.\u201d<\/span><\/span><span class=\"EOP SCXW7782994 BCX8\" data-ccp-props=\"{&quot;134233117&quot;:false,&quot;134233118&quot;:false,&quot;201341983&quot;:0,&quot;335559738&quot;:0,&quot;335559739&quot;:120,&quot;335559740&quot;:279}\">&nbsp;<\/span><\/p>\n<\/div><\/blockquote>\n<\/div>\n\n<div class=\"wp-block block-core-paragraph alignright has-text-align-right\">\n<p class=\"has-text-align-right wp-block-paragraph\"><span class=\"TextRun SCXW141677133 BCX8\" lang=\"ES-ES\" xml:lang=\"ES-ES\" data-contrast=\"none\"><span class=\"NormalTextRun SCXW141677133 BCX8\">DANIEL BOURDANN\u00c9, Asamblea Mundial de IFES 2019<\/span><\/span><\/p>\n<\/div><\/div>\n<\/div><\/div>","protected":false},"excerpt":{"rendered":"<p>Es con una profunda tristeza que nos vemos obligados a compartir la noticia del fallecimiento de Daniel Bourdann\u00e9 (antiguo Secretario General de IFES) el 6 de septiembre de 2024. Daniel \u2013 en la imagen con su esposa Halimatou en la Asamblea Mundial de IFES de Sud\u00e1frica en 2019 \u2013 fue Secretario General de IFES desde&#8230;<\/p>\n","protected":false},"author":3718,"featured_media":41987,"parent":0,"menu_order":0,"comment_status":"closed","ping_status":"closed","template":"","meta":{"_acf_changed":false,"_crdt_document":"","inline_featured_image":false,"footnotes":""},"area":[],"theme":[],"class_list":["post-41998","page","type-page","status-publish","has-post-thumbnail","hentry"],"acf":[],"yoast_head":"<!-- This site is optimized with the Yoast SEO plugin v27.2 - https:\/\/yoast.com\/product\/yoast-seo-wordpress\/ -->\n<title>Daniel Bourdann\u00e9 &#183; IFES<\/title>\n<meta name=\"description\" content=\"Es con una profunda tristeza que nos vemos obligados a compartir la noticia del fallecimiento de Daniel Bourdann\u00e9 (antiguo Secretario General de IFES) el\" \/>\n<meta name=\"robots\" content=\"index, follow, max-snippet:-1, max-image-preview:large, max-video-preview:-1\" \/>\n<link rel=\"canonical\" href=\"https:\/\/ifesworld.org\/es\/daniel-bourdanne\/\" \/>\n<meta property=\"og:locale\" content=\"es_ES\" \/>\n<meta property=\"og:type\" content=\"article\" \/>\n<meta property=\"og:title\" content=\"Daniel Bourdann\u00e9 &#183; IFES\" \/>\n<meta property=\"og:description\" content=\"Es con una profunda tristeza que nos vemos obligados a compartir la noticia del fallecimiento de Daniel Bourdann\u00e9 (antiguo Secretario General de IFES) el\" \/>\n<meta property=\"og:url\" content=\"https:\/\/ifesworld.org\/es\/daniel-bourdanne\/\" \/>\n<meta property=\"og:site_name\" content=\"IFES\" \/>\n<meta property=\"article:modified_time\" content=\"2024-10-14T10:17:55+00:00\" \/>\n<meta property=\"og:image\" content=\"https:\/\/ifesworld.org\/wp-content\/uploads\/2024\/09\/Daniel-2-sm.jpg\" \/>\n\t<meta property=\"og:image:width\" content=\"1048\" \/>\n\t<meta property=\"og:image:height\" content=\"250\" \/>\n\t<meta property=\"og:image:type\" content=\"image\/jpeg\" \/>\n<meta name=\"twitter:card\" content=\"summary_large_image\" \/>\n<meta name=\"twitter:label1\" content=\"Tiempo de lectura\" \/>\n\t<meta name=\"twitter:data1\" content=\"2 minutos\" \/>\n<script type=\"application\/ld+json\" class=\"yoast-schema-graph\">{\"@context\":\"https:\/\/schema.org\",\"@graph\":[{\"@type\":\"WebPage\",\"@id\":\"https:\/\/ifesworld.org\/es\/daniel-bourdanne\/\",\"url\":\"https:\/\/ifesworld.org\/es\/daniel-bourdanne\/\",\"name\":\"Daniel Bourdann\u00e9 &#183; IFES\",\"isPartOf\":{\"@id\":\"https:\/\/ifesworld.org\/es\/#website\"},\"primaryImageOfPage\":{\"@id\":\"https:\/\/ifesworld.org\/es\/daniel-bourdanne\/#primaryimage\"},\"image\":{\"@id\":\"https:\/\/ifesworld.org\/es\/daniel-bourdanne\/#primaryimage\"},\"thumbnailUrl\":\"https:\/\/ifesworld.org\/wp-content\/uploads\/2024\/09\/Daniel-2-sm.jpg\",\"datePublished\":\"2024-09-06T14:05:45+00:00\",\"dateModified\":\"2024-10-14T10:17:55+00:00\",\"description\":\"Es con una profunda tristeza que nos vemos obligados a compartir la noticia del fallecimiento de Daniel Bourdann\u00e9 (antiguo Secretario General de IFES) el\",\"breadcrumb\":{\"@id\":\"https:\/\/ifesworld.org\/es\/daniel-bourdanne\/#breadcrumb\"},\"inLanguage\":\"es\",\"potentialAction\":[{\"@type\":\"ReadAction\",\"target\":[\"https:\/\/ifesworld.org\/es\/daniel-bourdanne\/\"]}]},{\"@type\":\"ImageObject\",\"inLanguage\":\"es\",\"@id\":\"https:\/\/ifesworld.org\/es\/daniel-bourdanne\/#primaryimage\",\"url\":\"https:\/\/ifesworld.org\/wp-content\/uploads\/2024\/09\/Daniel-2-sm.jpg\",\"contentUrl\":\"https:\/\/ifesworld.org\/wp-content\/uploads\/2024\/09\/Daniel-2-sm.jpg\",\"width\":1048,\"height\":250},{\"@type\":\"BreadcrumbList\",\"@id\":\"https:\/\/ifesworld.org\/es\/daniel-bourdanne\/#breadcrumb\",\"itemListElement\":[{\"@type\":\"ListItem\",\"position\":1,\"name\":\"Home\",\"item\":\"https:\/\/ifesworld.org\/es\/\"},{\"@type\":\"ListItem\",\"position\":2,\"name\":\"Daniel Bourdann\u00e9\"}]},{\"@type\":\"WebSite\",\"@id\":\"https:\/\/ifesworld.org\/es\/#website\",\"url\":\"https:\/\/ifesworld.org\/es\/\",\"name\":\"IFES\",\"description\":\"A movement of students sharing and living out the good news of Jesus Christ. Locally. Nationally. Globally.\",\"publisher\":{\"@id\":\"https:\/\/ifesworld.org\/es\/#organization\"},\"potentialAction\":[{\"@type\":\"SearchAction\",\"target\":{\"@type\":\"EntryPoint\",\"urlTemplate\":\"https:\/\/ifesworld.org\/es\/?s={search_term_string}\"},\"query-input\":{\"@type\":\"PropertyValueSpecification\",\"valueRequired\":true,\"valueName\":\"search_term_string\"}}],\"inLanguage\":\"es\"},{\"@type\":\"Organization\",\"@id\":\"https:\/\/ifesworld.org\/es\/#organization\",\"name\":\"IFES \u00b7 International Fellowship of Evangelical Students\",\"url\":\"https:\/\/ifesworld.org\/es\/\",\"logo\":{\"@type\":\"ImageObject\",\"inLanguage\":\"es\",\"@id\":\"https:\/\/ifesworld.org\/es\/#\/schema\/logo\/image\/\",\"url\":\"https:\/\/ifesworld.org\/wp-content\/uploads\/2019\/06\/ifeslogo.png\",\"contentUrl\":\"https:\/\/ifesworld.org\/wp-content\/uploads\/2019\/06\/ifeslogo.png\",\"width\":262,\"height\":262,\"caption\":\"IFES \u00b7 International Fellowship of Evangelical Students\"},\"image\":{\"@id\":\"https:\/\/ifesworld.org\/es\/#\/schema\/logo\/image\/\"}}]}<\/script>\n<!-- \/ Yoast SEO plugin. -->","yoast_head_json":{"title":"Daniel Bourdann\u00e9 &#183; IFES","description":"Es con una profunda tristeza que nos vemos obligados a compartir la noticia del fallecimiento de Daniel Bourdann\u00e9 (antiguo Secretario General de IFES) el","robots":{"index":"index","follow":"follow","max-snippet":"max-snippet:-1","max-image-preview":"max-image-preview:large","max-video-preview":"max-video-preview:-1"},"canonical":"https:\/\/ifesworld.org\/es\/daniel-bourdanne\/","og_locale":"es_ES","og_type":"article","og_title":"Daniel Bourdann\u00e9 &#183; IFES","og_description":"Es con una profunda tristeza que nos vemos obligados a compartir la noticia del fallecimiento de Daniel Bourdann\u00e9 (antiguo Secretario General de IFES) el","og_url":"https:\/\/ifesworld.org\/es\/daniel-bourdanne\/","og_site_name":"IFES","article_modified_time":"2024-10-14T10:17:55+00:00","og_image":[{"width":1048,"height":250,"url":"https:\/\/ifesworld.org\/wp-content\/uploads\/2024\/09\/Daniel-2-sm.jpg","type":"image\/jpeg"}],"twitter_card":"summary_large_image","twitter_misc":{"Tiempo de lectura":"2 minutos"},"schema":{"@context":"https:\/\/schema.org","@graph":[{"@type":"WebPage","@id":"https:\/\/ifesworld.org\/es\/daniel-bourdanne\/","url":"https:\/\/ifesworld.org\/es\/daniel-bourdanne\/","name":"Daniel Bourdann\u00e9 &#183; IFES","isPartOf":{"@id":"https:\/\/ifesworld.org\/es\/#website"},"primaryImageOfPage":{"@id":"https:\/\/ifesworld.org\/es\/daniel-bourdanne\/#primaryimage"},"image":{"@id":"https:\/\/ifesworld.org\/es\/daniel-bourdanne\/#primaryimage"},"thumbnailUrl":"https:\/\/ifesworld.org\/wp-content\/uploads\/2024\/09\/Daniel-2-sm.jpg","datePublished":"2024-09-06T14:05:45+00:00","dateModified":"2024-10-14T10:17:55+00:00","description":"Es con una profunda tristeza que nos vemos obligados a compartir la noticia del fallecimiento de Daniel Bourdann\u00e9 (antiguo Secretario General de IFES) el","breadcrumb":{"@id":"https:\/\/ifesworld.org\/es\/daniel-bourdanne\/#breadcrumb"},"inLanguage":"es","potentialAction":[{"@type":"ReadAction","target":["https:\/\/ifesworld.org\/es\/daniel-bourdanne\/"]}]},{"@type":"ImageObject","inLanguage":"es","@id":"https:\/\/ifesworld.org\/es\/daniel-bourdanne\/#primaryimage","url":"https:\/\/ifesworld.org\/wp-content\/uploads\/2024\/09\/Daniel-2-sm.jpg","contentUrl":"https:\/\/ifesworld.org\/wp-content\/uploads\/2024\/09\/Daniel-2-sm.jpg","width":1048,"height":250},{"@type":"BreadcrumbList","@id":"https:\/\/ifesworld.org\/es\/daniel-bourdanne\/#breadcrumb","itemListElement":[{"@type":"ListItem","position":1,"name":"Home","item":"https:\/\/ifesworld.org\/es\/"},{"@type":"ListItem","position":2,"name":"Daniel Bourdann\u00e9"}]},{"@type":"WebSite","@id":"https:\/\/ifesworld.org\/es\/#website","url":"https:\/\/ifesworld.org\/es\/","name":"IFES","description":"A movement of students sharing and living out the good news of Jesus Christ. Locally. Nationally. Globally.","publisher":{"@id":"https:\/\/ifesworld.org\/es\/#organization"},"potentialAction":[{"@type":"SearchAction","target":{"@type":"EntryPoint","urlTemplate":"https:\/\/ifesworld.org\/es\/?s={search_term_string}"},"query-input":{"@type":"PropertyValueSpecification","valueRequired":true,"valueName":"search_term_string"}}],"inLanguage":"es"},{"@type":"Organization","@id":"https:\/\/ifesworld.org\/es\/#organization","name":"IFES \u00b7 International Fellowship of Evangelical Students","url":"https:\/\/ifesworld.org\/es\/","logo":{"@type":"ImageObject","inLanguage":"es","@id":"https:\/\/ifesworld.org\/es\/#\/schema\/logo\/image\/","url":"https:\/\/ifesworld.org\/wp-content\/uploads\/2019\/06\/ifeslogo.png","contentUrl":"https:\/\/ifesworld.org\/wp-content\/uploads\/2019\/06\/ifeslogo.png","width":262,"height":262,"caption":"IFES \u00b7 International Fellowship of Evangelical Students"},"image":{"@id":"https:\/\/ifesworld.org\/es\/#\/schema\/logo\/image\/"}}]}},"_links":{"self":[{"href":"https:\/\/ifesworld.org\/es\/wp-json\/wp\/v2\/pages\/41998","targetHints":{"allow":["GET"]}}],"collection":[{"href":"https:\/\/ifesworld.org\/es\/wp-json\/wp\/v2\/pages"}],"about":[{"href":"https:\/\/ifesworld.org\/es\/wp-json\/wp\/v2\/types\/page"}],"author":[{"embeddable":true,"href":"https:\/\/ifesworld.org\/es\/wp-json\/wp\/v2\/users\/3718"}],"replies":[{"embeddable":true,"href":"https:\/\/ifesworld.org\/es\/wp-json\/wp\/v2\/comments?post=41998"}],"version-history":[{"count":0,"href":"https:\/\/ifesworld.org\/es\/wp-json\/wp\/v2\/pages\/41998\/revisions"}],"wp:featuredmedia":[{"embeddable":true,"href":"https:\/\/ifesworld.org\/es\/wp-json\/wp\/v2\/media\/41987"}],"wp:attachment":[{"href":"https:\/\/ifesworld.org\/es\/wp-json\/wp\/v2\/media?parent=41998"}],"wp:term":[{"taxonomy":"area","embeddable":true,"href":"https:\/\/ifesworld.org\/es\/wp-json\/wp\/v2\/area?post=41998"},{"taxonomy":"theme","embeddable":true,"href":"https:\/\/ifesworld.org\/es\/wp-json\/wp\/v2\/theme?post=41998"}],"curies":[{"name":"wp","href":"https:\/\/api.w.org\/{rel}","templated":true}]}}