{"id":34930,"date":"2024-03-15T20:36:49","date_gmt":"2024-03-15T20:36:49","guid":{"rendered":"https:\/\/ifesworld.org\/?page_id=34930"},"modified":"2024-03-15T20:36:51","modified_gmt":"2024-03-15T20:36:51","slug":"cinco-formas-de-amar-a-los-estudiantes-musulmanes-durante-el-ramadan","status":"publish","type":"page","link":"https:\/\/ifesworld.org\/es\/cinco-formas-de-amar-a-los-estudiantes-musulmanes-durante-el-ramadan\/","title":{"rendered":"Cinco formas de amar a los estudiantes musulmanes durante el ramad\u00e1n"},"content":{"rendered":"<div class=\"wp-block block-core-heading\">\n<h2 class=\"wp-block-heading\">C\u00f3mo puedes apoyar a tus amigos que ayunan<\/h2>\n<\/div>\n\n<div class=\"wp-block block-core-paragraph\">\n<p class=\"wp-block-paragraph\">Para los musulmanes de todo el mundo, esta \u00e9poca del a\u00f1o se caracteriza por los ruidos de la familia y los amigos que se re\u00fanen en un hogar lleno de aromas deliciosas. Los seres queridos se juntan para celebrar el ramad\u00e1n, una festividad que conmemora la provisi\u00f3n del Cor\u00e1n a Mahoma por parte de Al\u00e1.&nbsp;<\/p>\n<\/div>\n\n<div class=\"wp-block block-core-paragraph\">\n<p class=\"wp-block-paragraph\">Durante esta celebraci\u00f3n, que dura un mes, los musulmanes se centran en la oraci\u00f3n y el ayuno durante las horas del d\u00eda, practican la disciplina propia y recuerdan a los pobres. Al caer la noche, las comunidades se re\u00fanen para rezar. A continuaci\u00f3n, rompen el ayuno con un banquete llamado \u00abiftar\u00bb. Esas noches son un tiempo importante para disfrutar de la compa\u00f1\u00eda de los seres queridos.&nbsp;&nbsp;<\/p>\n<\/div>\n\n<div class=\"wp-block block-core-paragraph\">\n<p class=\"wp-block-paragraph\">Cada a\u00f1o, las implicaciones espirituales del ramad\u00e1n ofrecen oportunidades para que los cristianos entablen conversaciones significativas con sus amigos musulmanes. Estas son cinco formas de amar a tus amigos musulmanes que este a\u00f1o celebrar\u00e1n un ramad\u00e1n.&nbsp;<\/p>\n<\/div>\n\n<div class=\"wp-block block-core-list\">\n<ol class=\"wp-block-list\" start=\"1\"><div class=\"wp-block block-core-list-item\">\n<li><strong>Inter\u00e9sate<\/strong>&nbsp;<\/li>\n<\/div><\/ol>\n<\/div>\n\n<div class=\"wp-block block-core-paragraph\">\n<p class=\"wp-block-paragraph\">\u00bfBuscas una forma sencilla de apoyar a tus amigos durante el ramad\u00e1n? Preg\u00fantales c\u00f3mo est\u00e1n. No tengas miedo de iniciar la conversaci\u00f3n. Formular preguntas reflexivas es una forma significativa&nbsp;de averiguar que se trata de un momento importante para ellos.&nbsp;Estas son cuatro preguntas con las que puedes empezar:&nbsp;<\/p>\n<\/div>\n\n<div class=\"wp-block block-core-list\">\n<ul class=\"wp-block-list\"><div class=\"wp-block block-core-list-item\">\n<li>\u00bfC\u00f3mo lo celebrar\u00e1 este a\u00f1o?&nbsp;<\/li>\n<\/div>\n\n<div class=\"wp-block block-core-list-item\">\n<li>\u00bfC\u00f3mo va el ayuno?&nbsp;<\/li>\n<\/div>\n\n<div class=\"wp-block block-core-list-item\">\n<li>\u00bfC\u00f3mo puedo orar por ti?&nbsp;<\/li>\n<\/div><\/ul>\n<\/div>\n\n<div class=\"wp-block block-core-list\">\n<ol class=\"wp-block-list\" start=\"2\"><div class=\"wp-block block-core-list-item\">\n<li><strong>\u00danete el ayuno<\/strong>&nbsp;<\/li>\n<\/div><\/ol>\n<\/div>\n\n<div class=\"wp-block block-core-paragraph\">\n<p class=\"wp-block-paragraph\">Unirte a tus amigos musulmanes para participar en el banquete iftar de la noche es una gran manera de aprender sobre sus tradiciones y fomentar la conversaci\u00f3n. Si quieres mostrar m\u00e1s solidaridad, puedes plantearte escoger un d\u00eda para ayunar con tu amigo y romper el ayuno juntos al final del d\u00eda.&nbsp;<\/p>\n<\/div>\n\n<div class=\"wp-block block-core-list\">\n<ol class=\"wp-block-list\" start=\"3\"><div class=\"wp-block block-core-list-item\">\n<li><strong>Inicia una conversaci\u00f3n<\/strong>&nbsp;<\/li>\n<\/div><\/ol>\n<\/div>\n\n<div class=\"wp-block block-core-paragraph\">\n<p class=\"wp-block-paragraph\">Puesto que el ramad\u00e1n crea una concienciaci\u00f3n elevada sobre la espiritualidad, proporciona buenas oportunidades para tener conversaciones sobre la fe. Sin embargo, la clave para las conversaciones fruct\u00edferas es que no se conviertan en debates. Enfoca los temas como estudiante con inter\u00e9s genuino por aprender. Haz preguntas que generen conversaci\u00f3n sobre su propia espiritualidad. Por ejemplo: \u00ab\u00bfAlguna vez has experimentado que Dios te hablaba personalmente?\u00bb o \u00ab\u00bfQu\u00e9 experimentas al ayunar?\u00bb.&nbsp;&nbsp;<\/p>\n<\/div>\n\n<div class=\"wp-block block-core-paragraph\">\n<p class=\"wp-block-paragraph\">Tambi\u00e9n pueden darse conversaciones eficaces a trav\u00e9s de la lectura o la comparaci\u00f3n de la Biblia y el Cor\u00e1n. Un movimiento de Par\u00eds est\u00e1 cosechando grandes \u00e9xitos mediante grupos donde invitan a estudiantes musulmanes a discutir sobre temas comunes con los cristianos basados en referencias a ambos libros. En el caso de Ahmed*, un estudiante que fue a estudiar a Par\u00eds desde Djibouti, examinar el tema de la oraci\u00f3n en los dos textos le cambi\u00f3 la vida. A Ahmed le fascin\u00f3 aprender que Jes\u00fas anim\u00f3 a sus disc\u00edpulos a orar a Dios como Padre. Discutir este tema lo ayud\u00f3 a comprender que es posible tener una relaci\u00f3n cercana con Dios, que responde a nuestras oraciones y nos escucha.&nbsp;<\/p>\n<\/div>\n\n<div class=\"wp-block block-core-paragraph\">\n<p class=\"wp-block-paragraph\">En estos tiempos, considera c\u00f3mo puedes buscar v\u00edas para entablar conversaciones con musulmanes.&nbsp;<\/p>\n<\/div>\n\n<div class=\"wp-block block-core-list\">\n<ol class=\"wp-block-list\" start=\"4\"><div class=\"wp-block block-core-list-item\">\n<li><strong>Comparte la Escritura<\/strong>&nbsp;<\/li>\n<\/div><\/ol>\n<\/div>\n\n<div class=\"wp-block block-core-paragraph\">\n<p class=\"wp-block-paragraph\">En persona o por Internet, considera enviar bendiciones de la Escritura a tus amigos musulmanes. Aunque la Biblia no es su libro sagrado, muchos musulmanes reconocen sus palabras como relevantes para sus vidas, especialmente si provienen de un amigo que quiere alentarlos. Busca palabras bonitas de inspiraci\u00f3n o exhortaci\u00f3n de los Salmos o del Antiguo Testamento. Aunque estos textos solo sean peque\u00f1os fragmentos de la gran perspectiva b\u00edblica, har\u00e1n que los musulmanes conecten con la Escritura y puede despertar su curiosidad. Enviar un mensaje privado es un enfoque m\u00e1s personal, pero tambi\u00e9n puedes publicar bendiciones diarias en tus redes sociales durante el ramad\u00e1n.&nbsp;&nbsp;<\/p>\n<\/div>\n\n<div class=\"wp-block block-core-list\">\n<ol class=\"wp-block-list\" start=\"5\"><div class=\"wp-block block-core-list-item\">\n<li><strong>Ora&nbsp;<\/strong>&nbsp;<\/li>\n<\/div><\/ol>\n<\/div>\n\n<div class=\"wp-block block-core-paragraph\">\n<p class=\"wp-block-paragraph\">Si bien es importante dar con formas creativas de amar a nuestros amigos, no hay nada que sustituya el poder de la oraci\u00f3n. Y si no somos capaces f\u00edsicamente con nuestros amigos,&nbsp;es un llamado a la humildad que nos recuerda la capacidad de Dios para llegar donde nosotros no podemos. Al final, \u00c9l es quien cambia corazones.&nbsp;<\/p>\n<\/div>\n\n<div class=\"wp-block block-core-paragraph\">\n<p class=\"wp-block-paragraph\">Ora para que Dios revele verdad y esperanza a tus amigos musulmanes. Al charlar con ellos, termina pregunt\u00e1ndoles sus motivos de oraci\u00f3n. En lugar de prometerles que orar\u00e1s por ellos, ora en ese momento. Los musulmanes respetan el poder de la oraci\u00f3n y a menudo no rechazan que un cristiano ore por ellos.&nbsp;&nbsp;<\/p>\n<\/div>\n\n<div class=\"wp-block block-core-paragraph\">\n<p class=\"wp-block-paragraph\"><strong>\u00bfQu\u00e9 har\u00e1s?<\/strong>&nbsp;<\/p>\n<\/div>\n\n<div class=\"wp-block block-core-paragraph\">\n<p class=\"wp-block-paragraph\">No dejes pasar la oportunidad de pasar un tiempo significativo para la vida de tus amigos musulmanes. \u00bfDe qu\u00e9 formas creativas conectar\u00e1s con ellos durante el ramad\u00e1n? Inter\u00e9sate, \u00fanete al ayuno, inicia conversaciones, comparte la Escritura, ora por ellos y mu\u00e9strales el amor de Dios en el distinto ramad\u00e1n que vivir\u00e1n este a\u00f1o.&nbsp;&nbsp;<\/p>\n<\/div>\n\n<div class=\"wp-block block-core-paragraph\">\n<p class=\"wp-block-paragraph\">*No es su nombre real.&nbsp;<\/p>\n<\/div>\n\n<div class=\"wp-block block-core-paragraph\">\n<p class=\"wp-block-paragraph\"><\/p>\n<\/div>","protected":false},"excerpt":{"rendered":"<p>C\u00f3mo puedes apoyar a tus amigos que ayunan Para los musulmanes de todo el mundo, esta \u00e9poca del a\u00f1o se caracteriza por los ruidos de la familia y los amigos que se re\u00fanen en un hogar lleno de aromas deliciosas. Los seres queridos se juntan para celebrar el ramad\u00e1n, una festividad que conmemora la provisi\u00f3n&#8230;<\/p>\n","protected":false},"author":2,"featured_media":34931,"parent":0,"menu_order":0,"comment_status":"closed","ping_status":"closed","template":"","meta":{"_acf_changed":false,"_crdt_document":"","inline_featured_image":false,"footnotes":""},"area":[],"theme":[],"class_list":["post-34930","page","type-page","status-publish","has-post-thumbnail","hentry"],"acf":[],"yoast_head":"<!-- This site is optimized with the Yoast SEO plugin v27.2 - https:\/\/yoast.com\/product\/yoast-seo-wordpress\/ -->\n<title>Cinco formas de amar a los estudiantes musulmanes durante el ramad\u00e1n &#183; IFES<\/title>\n<meta name=\"description\" content=\"C\u00f3mo puedes apoyar a tus amigos que ayunan Para los musulmanes de todo el mundo, esta \u00e9poca del a\u00f1o se caracteriza por los ruidos de la familia y los\" \/>\n<meta name=\"robots\" content=\"index, follow, max-snippet:-1, max-image-preview:large, max-video-preview:-1\" \/>\n<link rel=\"canonical\" href=\"https:\/\/ifesworld.org\/es\/cinco-formas-de-amar-a-los-estudiantes-musulmanes-durante-el-ramadan\/\" \/>\n<meta property=\"og:locale\" content=\"es_ES\" \/>\n<meta property=\"og:type\" content=\"article\" \/>\n<meta property=\"og:title\" content=\"Cinco formas de amar a los estudiantes musulmanes durante el ramad\u00e1n &#183; IFES\" \/>\n<meta property=\"og:description\" content=\"C\u00f3mo puedes apoyar a tus amigos que ayunan Para los musulmanes de todo el mundo, esta \u00e9poca del a\u00f1o se caracteriza por los ruidos de la familia y los\" \/>\n<meta property=\"og:url\" content=\"https:\/\/ifesworld.org\/es\/cinco-formas-de-amar-a-los-estudiantes-musulmanes-durante-el-ramadan\/\" \/>\n<meta property=\"og:site_name\" content=\"IFES\" \/>\n<meta property=\"article:modified_time\" content=\"2024-03-15T20:36:51+00:00\" \/>\n<meta property=\"og:image\" content=\"https:\/\/ifesworld.org\/wp-content\/uploads\/2024\/03\/masjid-pogung-dalangan-unOe1ykf3c0-unsplash-scaled.jpg\" \/>\n\t<meta property=\"og:image:width\" content=\"2560\" \/>\n\t<meta property=\"og:image:height\" content=\"1924\" \/>\n\t<meta property=\"og:image:type\" content=\"image\/jpeg\" \/>\n<meta name=\"twitter:card\" content=\"summary_large_image\" \/>\n<meta name=\"twitter:label1\" content=\"Tiempo de lectura\" \/>\n\t<meta name=\"twitter:data1\" content=\"4 minutos\" \/>\n<script type=\"application\/ld+json\" class=\"yoast-schema-graph\">{\"@context\":\"https:\/\/schema.org\",\"@graph\":[{\"@type\":\"WebPage\",\"@id\":\"https:\/\/ifesworld.org\/es\/cinco-formas-de-amar-a-los-estudiantes-musulmanes-durante-el-ramadan\/\",\"url\":\"https:\/\/ifesworld.org\/es\/cinco-formas-de-amar-a-los-estudiantes-musulmanes-durante-el-ramadan\/\",\"name\":\"Cinco formas de amar a los estudiantes musulmanes durante el ramad\u00e1n &#183; IFES\",\"isPartOf\":{\"@id\":\"https:\/\/ifesworld.org\/es\/#website\"},\"primaryImageOfPage\":{\"@id\":\"https:\/\/ifesworld.org\/es\/cinco-formas-de-amar-a-los-estudiantes-musulmanes-durante-el-ramadan\/#primaryimage\"},\"image\":{\"@id\":\"https:\/\/ifesworld.org\/es\/cinco-formas-de-amar-a-los-estudiantes-musulmanes-durante-el-ramadan\/#primaryimage\"},\"thumbnailUrl\":\"https:\/\/ifesworld.org\/wp-content\/uploads\/2024\/03\/masjid-pogung-dalangan-unOe1ykf3c0-unsplash-scaled.jpg\",\"datePublished\":\"2024-03-15T20:36:49+00:00\",\"dateModified\":\"2024-03-15T20:36:51+00:00\",\"description\":\"C\u00f3mo puedes apoyar a tus amigos que ayunan Para los musulmanes de todo el mundo, esta \u00e9poca del a\u00f1o se caracteriza por los ruidos de la familia y los\",\"breadcrumb\":{\"@id\":\"https:\/\/ifesworld.org\/es\/cinco-formas-de-amar-a-los-estudiantes-musulmanes-durante-el-ramadan\/#breadcrumb\"},\"inLanguage\":\"es\",\"potentialAction\":[{\"@type\":\"ReadAction\",\"target\":[\"https:\/\/ifesworld.org\/es\/cinco-formas-de-amar-a-los-estudiantes-musulmanes-durante-el-ramadan\/\"]}]},{\"@type\":\"ImageObject\",\"inLanguage\":\"es\",\"@id\":\"https:\/\/ifesworld.org\/es\/cinco-formas-de-amar-a-los-estudiantes-musulmanes-durante-el-ramadan\/#primaryimage\",\"url\":\"https:\/\/ifesworld.org\/wp-content\/uploads\/2024\/03\/masjid-pogung-dalangan-unOe1ykf3c0-unsplash-scaled.jpg\",\"contentUrl\":\"https:\/\/ifesworld.org\/wp-content\/uploads\/2024\/03\/masjid-pogung-dalangan-unOe1ykf3c0-unsplash-scaled.jpg\",\"width\":2560,\"height\":1924},{\"@type\":\"BreadcrumbList\",\"@id\":\"https:\/\/ifesworld.org\/es\/cinco-formas-de-amar-a-los-estudiantes-musulmanes-durante-el-ramadan\/#breadcrumb\",\"itemListElement\":[{\"@type\":\"ListItem\",\"position\":1,\"name\":\"Home\",\"item\":\"https:\/\/ifesworld.org\/es\/\"},{\"@type\":\"ListItem\",\"position\":2,\"name\":\"Cinco formas de amar a los estudiantes musulmanes durante el ramad\u00e1n\"}]},{\"@type\":\"WebSite\",\"@id\":\"https:\/\/ifesworld.org\/es\/#website\",\"url\":\"https:\/\/ifesworld.org\/es\/\",\"name\":\"IFES\",\"description\":\"A movement of students sharing and living out the good news of Jesus Christ. Locally. Nationally. Globally.\",\"publisher\":{\"@id\":\"https:\/\/ifesworld.org\/es\/#organization\"},\"potentialAction\":[{\"@type\":\"SearchAction\",\"target\":{\"@type\":\"EntryPoint\",\"urlTemplate\":\"https:\/\/ifesworld.org\/es\/?s={search_term_string}\"},\"query-input\":{\"@type\":\"PropertyValueSpecification\",\"valueRequired\":true,\"valueName\":\"search_term_string\"}}],\"inLanguage\":\"es\"},{\"@type\":\"Organization\",\"@id\":\"https:\/\/ifesworld.org\/es\/#organization\",\"name\":\"IFES \u00b7 International Fellowship of Evangelical Students\",\"url\":\"https:\/\/ifesworld.org\/es\/\",\"logo\":{\"@type\":\"ImageObject\",\"inLanguage\":\"es\",\"@id\":\"https:\/\/ifesworld.org\/es\/#\/schema\/logo\/image\/\",\"url\":\"https:\/\/ifesworld.org\/wp-content\/uploads\/2019\/06\/ifeslogo.png\",\"contentUrl\":\"https:\/\/ifesworld.org\/wp-content\/uploads\/2019\/06\/ifeslogo.png\",\"width\":262,\"height\":262,\"caption\":\"IFES \u00b7 International Fellowship of Evangelical Students\"},\"image\":{\"@id\":\"https:\/\/ifesworld.org\/es\/#\/schema\/logo\/image\/\"}}]}<\/script>\n<!-- \/ Yoast SEO plugin. -->","yoast_head_json":{"title":"Cinco formas de amar a los estudiantes musulmanes durante el ramad\u00e1n &#183; IFES","description":"C\u00f3mo puedes apoyar a tus amigos que ayunan Para los musulmanes de todo el mundo, esta \u00e9poca del a\u00f1o se caracteriza por los ruidos de la familia y los","robots":{"index":"index","follow":"follow","max-snippet":"max-snippet:-1","max-image-preview":"max-image-preview:large","max-video-preview":"max-video-preview:-1"},"canonical":"https:\/\/ifesworld.org\/es\/cinco-formas-de-amar-a-los-estudiantes-musulmanes-durante-el-ramadan\/","og_locale":"es_ES","og_type":"article","og_title":"Cinco formas de amar a los estudiantes musulmanes durante el ramad\u00e1n &#183; IFES","og_description":"C\u00f3mo puedes apoyar a tus amigos que ayunan Para los musulmanes de todo el mundo, esta \u00e9poca del a\u00f1o se caracteriza por los ruidos de la familia y los","og_url":"https:\/\/ifesworld.org\/es\/cinco-formas-de-amar-a-los-estudiantes-musulmanes-durante-el-ramadan\/","og_site_name":"IFES","article_modified_time":"2024-03-15T20:36:51+00:00","og_image":[{"width":2560,"height":1924,"url":"https:\/\/ifesworld.org\/wp-content\/uploads\/2024\/03\/masjid-pogung-dalangan-unOe1ykf3c0-unsplash-scaled.jpg","type":"image\/jpeg"}],"twitter_card":"summary_large_image","twitter_misc":{"Tiempo de lectura":"4 minutos"},"schema":{"@context":"https:\/\/schema.org","@graph":[{"@type":"WebPage","@id":"https:\/\/ifesworld.org\/es\/cinco-formas-de-amar-a-los-estudiantes-musulmanes-durante-el-ramadan\/","url":"https:\/\/ifesworld.org\/es\/cinco-formas-de-amar-a-los-estudiantes-musulmanes-durante-el-ramadan\/","name":"Cinco formas de amar a los estudiantes musulmanes durante el ramad\u00e1n &#183; IFES","isPartOf":{"@id":"https:\/\/ifesworld.org\/es\/#website"},"primaryImageOfPage":{"@id":"https:\/\/ifesworld.org\/es\/cinco-formas-de-amar-a-los-estudiantes-musulmanes-durante-el-ramadan\/#primaryimage"},"image":{"@id":"https:\/\/ifesworld.org\/es\/cinco-formas-de-amar-a-los-estudiantes-musulmanes-durante-el-ramadan\/#primaryimage"},"thumbnailUrl":"https:\/\/ifesworld.org\/wp-content\/uploads\/2024\/03\/masjid-pogung-dalangan-unOe1ykf3c0-unsplash-scaled.jpg","datePublished":"2024-03-15T20:36:49+00:00","dateModified":"2024-03-15T20:36:51+00:00","description":"C\u00f3mo puedes apoyar a tus amigos que ayunan Para los musulmanes de todo el mundo, esta \u00e9poca del a\u00f1o se caracteriza por los ruidos de la familia y los","breadcrumb":{"@id":"https:\/\/ifesworld.org\/es\/cinco-formas-de-amar-a-los-estudiantes-musulmanes-durante-el-ramadan\/#breadcrumb"},"inLanguage":"es","potentialAction":[{"@type":"ReadAction","target":["https:\/\/ifesworld.org\/es\/cinco-formas-de-amar-a-los-estudiantes-musulmanes-durante-el-ramadan\/"]}]},{"@type":"ImageObject","inLanguage":"es","@id":"https:\/\/ifesworld.org\/es\/cinco-formas-de-amar-a-los-estudiantes-musulmanes-durante-el-ramadan\/#primaryimage","url":"https:\/\/ifesworld.org\/wp-content\/uploads\/2024\/03\/masjid-pogung-dalangan-unOe1ykf3c0-unsplash-scaled.jpg","contentUrl":"https:\/\/ifesworld.org\/wp-content\/uploads\/2024\/03\/masjid-pogung-dalangan-unOe1ykf3c0-unsplash-scaled.jpg","width":2560,"height":1924},{"@type":"BreadcrumbList","@id":"https:\/\/ifesworld.org\/es\/cinco-formas-de-amar-a-los-estudiantes-musulmanes-durante-el-ramadan\/#breadcrumb","itemListElement":[{"@type":"ListItem","position":1,"name":"Home","item":"https:\/\/ifesworld.org\/es\/"},{"@type":"ListItem","position":2,"name":"Cinco formas de amar a los estudiantes musulmanes durante el ramad\u00e1n"}]},{"@type":"WebSite","@id":"https:\/\/ifesworld.org\/es\/#website","url":"https:\/\/ifesworld.org\/es\/","name":"IFES","description":"A movement of students sharing and living out the good news of Jesus Christ. Locally. Nationally. Globally.","publisher":{"@id":"https:\/\/ifesworld.org\/es\/#organization"},"potentialAction":[{"@type":"SearchAction","target":{"@type":"EntryPoint","urlTemplate":"https:\/\/ifesworld.org\/es\/?s={search_term_string}"},"query-input":{"@type":"PropertyValueSpecification","valueRequired":true,"valueName":"search_term_string"}}],"inLanguage":"es"},{"@type":"Organization","@id":"https:\/\/ifesworld.org\/es\/#organization","name":"IFES \u00b7 International Fellowship of Evangelical Students","url":"https:\/\/ifesworld.org\/es\/","logo":{"@type":"ImageObject","inLanguage":"es","@id":"https:\/\/ifesworld.org\/es\/#\/schema\/logo\/image\/","url":"https:\/\/ifesworld.org\/wp-content\/uploads\/2019\/06\/ifeslogo.png","contentUrl":"https:\/\/ifesworld.org\/wp-content\/uploads\/2019\/06\/ifeslogo.png","width":262,"height":262,"caption":"IFES \u00b7 International Fellowship of Evangelical Students"},"image":{"@id":"https:\/\/ifesworld.org\/es\/#\/schema\/logo\/image\/"}}]}},"_links":{"self":[{"href":"https:\/\/ifesworld.org\/es\/wp-json\/wp\/v2\/pages\/34930","targetHints":{"allow":["GET"]}}],"collection":[{"href":"https:\/\/ifesworld.org\/es\/wp-json\/wp\/v2\/pages"}],"about":[{"href":"https:\/\/ifesworld.org\/es\/wp-json\/wp\/v2\/types\/page"}],"author":[{"embeddable":true,"href":"https:\/\/ifesworld.org\/es\/wp-json\/wp\/v2\/users\/2"}],"replies":[{"embeddable":true,"href":"https:\/\/ifesworld.org\/es\/wp-json\/wp\/v2\/comments?post=34930"}],"version-history":[{"count":0,"href":"https:\/\/ifesworld.org\/es\/wp-json\/wp\/v2\/pages\/34930\/revisions"}],"wp:featuredmedia":[{"embeddable":true,"href":"https:\/\/ifesworld.org\/es\/wp-json\/wp\/v2\/media\/34931"}],"wp:attachment":[{"href":"https:\/\/ifesworld.org\/es\/wp-json\/wp\/v2\/media?parent=34930"}],"wp:term":[{"taxonomy":"area","embeddable":true,"href":"https:\/\/ifesworld.org\/es\/wp-json\/wp\/v2\/area?post=34930"},{"taxonomy":"theme","embeddable":true,"href":"https:\/\/ifesworld.org\/es\/wp-json\/wp\/v2\/theme?post=34930"}],"curies":[{"name":"wp","href":"https:\/\/api.w.org\/{rel}","templated":true}]}}