{"id":279,"date":"2019-04-17T08:11:10","date_gmt":"2019-04-17T08:11:10","guid":{"rendered":"https:\/\/ifesworld.org\/landing\/el-desarrollo-de-nuevos-lideres\/"},"modified":"2024-01-24T14:43:17","modified_gmt":"2024-01-24T14:43:17","slug":"el-desarrollo-de-nuevos-lideres","status":"publish","type":"page","link":"https:\/\/ifesworld.org\/es\/el-desarrollo-de-nuevos-lideres\/","title":{"rendered":"Desarrollar a los l\u00edderes"},"content":{"rendered":"<div class=\"wp-block block-core-group\">\n<div class=\"wp-block-group\"><div class=\"wp-block-group__inner-container is-layout-flow wp-block-group-is-layout-flow\"><div class=\"wp-block block-core-paragraph\">\n<p class=\"wp-block-paragraph\">Muchas\npersonas est\u00e1n buscando desesperadamente mejores l\u00edderes y mejores modelos de\nliderazgo, tanto en la universidad como en la iglesia y en la sociedad. Todos\nanhelamos tener l\u00edderes con integridad, sabidur\u00eda y visi\u00f3n.<\/p>\n<\/div>\n\n<div class=\"wp-block block-core-paragraph\">\n<p class=\"wp-block-paragraph\">Por\nmedio de los grupos estudiantiles, movimientos nacionales y eventos regionales,\nIFES est\u00e1 invirtiendo en los l\u00edderes estudiantiles de todo el mundo: dando a\nunos estudiantes de Nepal las herramientas para dirigir un estudio b\u00edblico,\ncapacitando a unos estudiantes en Australia para dar una charla evangel\u00edstica,\no d\u00e1ndoles los recursos necesarios a unos estudiantes de Oriente Medio para\ncompartir el evangelio con sus amigos musulmanes.<\/p>\n<\/div>\n\n<div class=\"wp-block block-core-paragraph\">\n<p class=\"wp-block-paragraph\">Pero\nhay m\u00e1s. Queremos que estos estudiantes crezcan y lleguen a ser disc\u00edpulos de\nJes\u00fas de por vida, y a convertirse en l\u00edderes de integridad y visi\u00f3n en su vida\nm\u00e1s all\u00e1 de la universidad. Por eso IFES se dedica a apoyar a sus graduados\ncuando entran en el mundo laboral, ocupan un cargo en la iglesia o salen a\nocupar puestos de liderazgo en la sociedad.<\/p>\n<\/div>\n\n<div class=\"wp-block block-core-paragraph\">\n<p class=\"wp-block-paragraph\">Lee\nm\u00e1s para ver c\u00f3mo IFES est\u00e1 desarrollando a los l\u00edderes del futuro.<\/p>\n<\/div><\/div>\n<\/div><\/div>\n\n<div class=\"wp-block block-core-group alignfull\">\n<div class=\"wp-block-group alignfull has-white-dark-background-color has-background\" id=\"GlobalLeadershipInitiative\"><div class=\"wp-block-group__inner-container is-layout-flow wp-block-group-is-layout-flow\"><div class=\"wp-block block-core-heading\">\n<h1 class=\"wp-block-heading\"><strong>Iniciativa de Liderazgo Global<\/strong><\/h1>\n<\/div>\n\n<div class=\"wp-block block-core-paragraph\">\n<p class=\"wp-block-paragraph\">Queremos que los l\u00edderes de IFES sean empoderados para dirigir con creatividad, discernimiento y santidad. En un mundo que cambia a una velocidad vertiginosa es un gran reto enfrentarse a las complejidades de un ministerio universitario intercultural. La Iniciativa de Liderazgo Global es un programa de desarrollo para j\u00f3venes obreros que dirigen movimientos nacionales de IFES. Busca identificar y desarrollar el liderazgo potencial en la red global de IFES.<\/p>\n<\/div>\n\n<div class=\"wp-block block-acf-ifesbutton\">\n<div class=\"\">\n    <a id=\"btn-block_75807b3f6301e0a25705d33551b53914\" target=\"\" href=\"http:\/\/ifesworld.org\/es\/blog\/aprendiendo-a-ser-lider-en-un-mundo-globalizado\/\" class=\"btn btn--cta-link\">\n        <span>\n                    <span class=\"icon\"><svg class=\"icon\"><use xlink:href=\"#chevron-circle-right-solid\"\/><\/svg><\/span>\n        Lee acerca del impacto de la iniciativa de liderazgo global        <\/span>\n    <\/a>\n<\/div>\n\n<\/div><\/div>\n<\/div><\/div>\n\n<div class=\"wp-block block-core-group alignfull\">\n<div class=\"wp-block-group alignfull\"><div class=\"wp-block-group__inner-container is-layout-flow wp-block-group-is-layout-flow\"><div class=\"wp-block block-core-heading\">\n<h1 class=\"wp-block-heading\"><strong>Impacto de los Graduados<\/strong><\/h1>\n<\/div>\n\n<div class=\"wp-block block-core-paragraph\">\n<p class=\"wp-block-paragraph\">Para los j\u00f3venes cristianos que acaban de terminar la\ncarrera el mundo laboral puede ser un entorno dif\u00edcil. Muchos se enfrentan a\nsituaciones totalmente nuevas para ellos: dilemas \u00e9ticos, cotilleo en la\noficina, decisiones econ\u00f3micas y nada o casi nada de comuni\u00f3n cristiana.<\/p>\n<\/div>\n\n<div class=\"wp-block block-core-paragraph\">\n<p class=\"wp-block-paragraph\">El Impacto de los Graduados apoya a los j\u00f3venes adultos cristianos en Europa y Eurasia cuando pasan del mundo universitario al mundo laboral. Ofrece encuentros de formaci\u00f3n y redes de mentores que ayudan a estos j\u00f3venes profesionales para que maduren y se conviertan en disc\u00edpulos eficaces de Jes\u00fas en su lugar de trabajo, en su profesi\u00f3n y en la sociedad.<\/p>\n<\/div>\n\n<div class=\"wp-block block-acf-ifesbutton\">\n<div class=\"\">\n    <a id=\"btn-block_3083e8779bffd2c5ca546e25446fc9ca\" target=\"\" href=\"http:\/\/ifesworld.org\/es\/blog\/defender-a-jesus-en-el-lugar-de-trabajo\/\" class=\"btn btn--cta-link\">\n        <span>\n                    <span class=\"icon\"><svg class=\"icon\"><use xlink:href=\"#chevron-circle-right-solid\"\/><\/svg><\/span>\n        Leer la historia de Dima        <\/span>\n    <\/a>\n<\/div>\n\n<\/div>\n\n<div class=\"wp-block block-acf-ifesbutton\">\n<div class=\"\">\n    <a id=\"btn-block_8ffb8d17faa366f2ff5d3726eb52b7e2\" target=\"_blank\" href=\"https:\/\/www.graduateimpact.org\/\" class=\"btn btn--primary\">\n        <span>\n        Para saber m\u00e1s visita la p\u00e1gina web del impacto de los graduados        <\/span>\n    <\/a>\n<\/div>\n\n<\/div><\/div>\n<\/div><\/div>\n\n<div class=\"wp-block block-core-group alignfull\">\n<div class=\"wp-block-group alignfull has-white-dark-background-color has-background\"><div class=\"wp-block-group__inner-container is-layout-flow wp-block-group-is-layout-flow\"><div class=\"wp-block block-core-heading\">\n<h1 class=\"wp-block-heading\"><strong>Becas de IFES<\/strong><\/h1>\n<\/div>\n\n<div class=\"wp-block block-core-paragraph\">\n<p class=\"wp-block-paragraph\">Todos los a\u00f1os IFES ofrece una serie de becas\nparciales para personas que est\u00e1n estudiando para el ministerio cristiano y\ntambi\u00e9n para los que est\u00e1n recibiendo formaci\u00f3n en ciertas \u00e1reas como el\nliderazgo, la evangelizaci\u00f3n y el aprendizaje de idiomas.<\/p>\n<\/div>\n\n<div class=\"wp-block block-core-paragraph\">\n<p class=\"wp-block-paragraph\">Una beca de IFES ayud\u00f3 a un obrero de Rusia a entender m\u00e1s de la Biblia y a predicar mejor. Un obrero de Ghana aprendi\u00f3 m\u00e1s sobre c\u00f3mo conectar con personas de otras religiones, especialmente religiones tradicionales africanas. Otro obrero de Sud\u00e1n del Sur estudi\u00f3 consejer\u00eda cristiana y ha podido utilizar lo que ha aprendido para ayudar a los que han sido afectados por la guerra civil en su pa\u00eds.<\/p>\n<\/div><\/div>\n<\/div><\/div>","protected":false},"excerpt":{"rendered":"<p>Muchas personas est\u00e1n buscando desesperadamente mejores l\u00edderes y mejores modelos de liderazgo, tanto en la universidad como en la iglesia y en la sociedad. Todos anhelamos tener l\u00edderes con integridad, sabidur\u00eda y visi\u00f3n. Por medio de los grupos estudiantiles, movimientos nacionales y eventos regionales, IFES est\u00e1 invirtiendo en los l\u00edderes estudiantiles de todo el mundo:&#8230;<\/p>\n","protected":false},"author":2,"featured_media":33351,"parent":0,"menu_order":0,"comment_status":"closed","ping_status":"closed","template":"","meta":{"_acf_changed":false,"_crdt_document":"","inline_featured_image":false,"footnotes":""},"area":[],"theme":[],"class_list":["post-279","page","type-page","status-publish","has-post-thumbnail","hentry"],"acf":[],"yoast_head":"<!-- This site is optimized with the Yoast SEO plugin v27.2 - https:\/\/yoast.com\/product\/yoast-seo-wordpress\/ -->\n<title>Desarrollar a los l\u00edderes &#183; IFES<\/title>\n<meta name=\"description\" content=\"Muchas personas est\u00e1n buscando desesperadamente mejores l\u00edderes y mejores modelos de liderazgo, tanto en la universidad como en la iglesia y en la\" \/>\n<meta name=\"robots\" content=\"index, follow, max-snippet:-1, max-image-preview:large, max-video-preview:-1\" \/>\n<link rel=\"canonical\" href=\"https:\/\/ifesworld.org\/es\/el-desarrollo-de-nuevos-lideres\/\" \/>\n<meta property=\"og:locale\" content=\"es_ES\" \/>\n<meta property=\"og:type\" content=\"article\" \/>\n<meta property=\"og:title\" content=\"Desarrollar a los l\u00edderes &#183; IFES\" \/>\n<meta property=\"og:description\" content=\"Muchas personas est\u00e1n buscando desesperadamente mejores l\u00edderes y mejores modelos de liderazgo, tanto en la universidad como en la iglesia y en la\" \/>\n<meta property=\"og:url\" content=\"https:\/\/ifesworld.org\/es\/el-desarrollo-de-nuevos-lideres\/\" \/>\n<meta property=\"og:site_name\" content=\"IFES\" \/>\n<meta property=\"article:modified_time\" content=\"2024-01-24T14:43:17+00:00\" \/>\n<meta property=\"og:image\" content=\"https:\/\/ifesworld.org\/wp-content\/uploads\/2024\/01\/GLI-cohort-3-print-3957-2-e1706107392953.jpg\" \/>\n\t<meta property=\"og:image:width\" content=\"2048\" \/>\n\t<meta property=\"og:image:height\" content=\"870\" \/>\n\t<meta property=\"og:image:type\" content=\"image\/jpeg\" \/>\n<meta name=\"twitter:card\" content=\"summary_large_image\" \/>\n<meta name=\"twitter:label1\" content=\"Tiempo de lectura\" \/>\n\t<meta name=\"twitter:data1\" content=\"3 minutos\" \/>\n<script type=\"application\/ld+json\" class=\"yoast-schema-graph\">{\"@context\":\"https:\/\/schema.org\",\"@graph\":[{\"@type\":\"WebPage\",\"@id\":\"https:\/\/ifesworld.org\/es\/el-desarrollo-de-nuevos-lideres\/\",\"url\":\"https:\/\/ifesworld.org\/es\/el-desarrollo-de-nuevos-lideres\/\",\"name\":\"Desarrollar a los l\u00edderes &#183; IFES\",\"isPartOf\":{\"@id\":\"https:\/\/ifesworld.org\/es\/#website\"},\"primaryImageOfPage\":{\"@id\":\"https:\/\/ifesworld.org\/es\/el-desarrollo-de-nuevos-lideres\/#primaryimage\"},\"image\":{\"@id\":\"https:\/\/ifesworld.org\/es\/el-desarrollo-de-nuevos-lideres\/#primaryimage\"},\"thumbnailUrl\":\"https:\/\/ifesworld.org\/wp-content\/uploads\/2024\/01\/GLI-cohort-3-print-3957-2-e1706107392953.jpg\",\"datePublished\":\"2019-04-17T08:11:10+00:00\",\"dateModified\":\"2024-01-24T14:43:17+00:00\",\"description\":\"Muchas personas est\u00e1n buscando desesperadamente mejores l\u00edderes y mejores modelos de liderazgo, tanto en la universidad como en la iglesia y en la\",\"breadcrumb\":{\"@id\":\"https:\/\/ifesworld.org\/es\/el-desarrollo-de-nuevos-lideres\/#breadcrumb\"},\"inLanguage\":\"es\",\"potentialAction\":[{\"@type\":\"ReadAction\",\"target\":[\"https:\/\/ifesworld.org\/es\/el-desarrollo-de-nuevos-lideres\/\"]}]},{\"@type\":\"ImageObject\",\"inLanguage\":\"es\",\"@id\":\"https:\/\/ifesworld.org\/es\/el-desarrollo-de-nuevos-lideres\/#primaryimage\",\"url\":\"https:\/\/ifesworld.org\/wp-content\/uploads\/2024\/01\/GLI-cohort-3-print-3957-2-e1706107392953.jpg\",\"contentUrl\":\"https:\/\/ifesworld.org\/wp-content\/uploads\/2024\/01\/GLI-cohort-3-print-3957-2-e1706107392953.jpg\",\"width\":2048,\"height\":870},{\"@type\":\"BreadcrumbList\",\"@id\":\"https:\/\/ifesworld.org\/es\/el-desarrollo-de-nuevos-lideres\/#breadcrumb\",\"itemListElement\":[{\"@type\":\"ListItem\",\"position\":1,\"name\":\"Home\",\"item\":\"https:\/\/ifesworld.org\/es\/\"},{\"@type\":\"ListItem\",\"position\":2,\"name\":\"Desarrollar a los l\u00edderes\"}]},{\"@type\":\"WebSite\",\"@id\":\"https:\/\/ifesworld.org\/es\/#website\",\"url\":\"https:\/\/ifesworld.org\/es\/\",\"name\":\"IFES\",\"description\":\"A movement of students sharing and living out the good news of Jesus Christ. Locally. Nationally. Globally.\",\"publisher\":{\"@id\":\"https:\/\/ifesworld.org\/es\/#organization\"},\"potentialAction\":[{\"@type\":\"SearchAction\",\"target\":{\"@type\":\"EntryPoint\",\"urlTemplate\":\"https:\/\/ifesworld.org\/es\/?s={search_term_string}\"},\"query-input\":{\"@type\":\"PropertyValueSpecification\",\"valueRequired\":true,\"valueName\":\"search_term_string\"}}],\"inLanguage\":\"es\"},{\"@type\":\"Organization\",\"@id\":\"https:\/\/ifesworld.org\/es\/#organization\",\"name\":\"IFES \u00b7 International Fellowship of Evangelical Students\",\"url\":\"https:\/\/ifesworld.org\/es\/\",\"logo\":{\"@type\":\"ImageObject\",\"inLanguage\":\"es\",\"@id\":\"https:\/\/ifesworld.org\/es\/#\/schema\/logo\/image\/\",\"url\":\"https:\/\/ifesworld.org\/wp-content\/uploads\/2019\/06\/ifeslogo.png\",\"contentUrl\":\"https:\/\/ifesworld.org\/wp-content\/uploads\/2019\/06\/ifeslogo.png\",\"width\":262,\"height\":262,\"caption\":\"IFES \u00b7 International Fellowship of Evangelical Students\"},\"image\":{\"@id\":\"https:\/\/ifesworld.org\/es\/#\/schema\/logo\/image\/\"}}]}<\/script>\n<!-- \/ Yoast SEO plugin. -->","yoast_head_json":{"title":"Desarrollar a los l\u00edderes &#183; IFES","description":"Muchas personas est\u00e1n buscando desesperadamente mejores l\u00edderes y mejores modelos de liderazgo, tanto en la universidad como en la iglesia y en la","robots":{"index":"index","follow":"follow","max-snippet":"max-snippet:-1","max-image-preview":"max-image-preview:large","max-video-preview":"max-video-preview:-1"},"canonical":"https:\/\/ifesworld.org\/es\/el-desarrollo-de-nuevos-lideres\/","og_locale":"es_ES","og_type":"article","og_title":"Desarrollar a los l\u00edderes &#183; IFES","og_description":"Muchas personas est\u00e1n buscando desesperadamente mejores l\u00edderes y mejores modelos de liderazgo, tanto en la universidad como en la iglesia y en la","og_url":"https:\/\/ifesworld.org\/es\/el-desarrollo-de-nuevos-lideres\/","og_site_name":"IFES","article_modified_time":"2024-01-24T14:43:17+00:00","og_image":[{"width":2048,"height":870,"url":"https:\/\/ifesworld.org\/wp-content\/uploads\/2024\/01\/GLI-cohort-3-print-3957-2-e1706107392953.jpg","type":"image\/jpeg"}],"twitter_card":"summary_large_image","twitter_misc":{"Tiempo de lectura":"3 minutos"},"schema":{"@context":"https:\/\/schema.org","@graph":[{"@type":"WebPage","@id":"https:\/\/ifesworld.org\/es\/el-desarrollo-de-nuevos-lideres\/","url":"https:\/\/ifesworld.org\/es\/el-desarrollo-de-nuevos-lideres\/","name":"Desarrollar a los l\u00edderes &#183; IFES","isPartOf":{"@id":"https:\/\/ifesworld.org\/es\/#website"},"primaryImageOfPage":{"@id":"https:\/\/ifesworld.org\/es\/el-desarrollo-de-nuevos-lideres\/#primaryimage"},"image":{"@id":"https:\/\/ifesworld.org\/es\/el-desarrollo-de-nuevos-lideres\/#primaryimage"},"thumbnailUrl":"https:\/\/ifesworld.org\/wp-content\/uploads\/2024\/01\/GLI-cohort-3-print-3957-2-e1706107392953.jpg","datePublished":"2019-04-17T08:11:10+00:00","dateModified":"2024-01-24T14:43:17+00:00","description":"Muchas personas est\u00e1n buscando desesperadamente mejores l\u00edderes y mejores modelos de liderazgo, tanto en la universidad como en la iglesia y en la","breadcrumb":{"@id":"https:\/\/ifesworld.org\/es\/el-desarrollo-de-nuevos-lideres\/#breadcrumb"},"inLanguage":"es","potentialAction":[{"@type":"ReadAction","target":["https:\/\/ifesworld.org\/es\/el-desarrollo-de-nuevos-lideres\/"]}]},{"@type":"ImageObject","inLanguage":"es","@id":"https:\/\/ifesworld.org\/es\/el-desarrollo-de-nuevos-lideres\/#primaryimage","url":"https:\/\/ifesworld.org\/wp-content\/uploads\/2024\/01\/GLI-cohort-3-print-3957-2-e1706107392953.jpg","contentUrl":"https:\/\/ifesworld.org\/wp-content\/uploads\/2024\/01\/GLI-cohort-3-print-3957-2-e1706107392953.jpg","width":2048,"height":870},{"@type":"BreadcrumbList","@id":"https:\/\/ifesworld.org\/es\/el-desarrollo-de-nuevos-lideres\/#breadcrumb","itemListElement":[{"@type":"ListItem","position":1,"name":"Home","item":"https:\/\/ifesworld.org\/es\/"},{"@type":"ListItem","position":2,"name":"Desarrollar a los l\u00edderes"}]},{"@type":"WebSite","@id":"https:\/\/ifesworld.org\/es\/#website","url":"https:\/\/ifesworld.org\/es\/","name":"IFES","description":"A movement of students sharing and living out the good news of Jesus Christ. Locally. Nationally. Globally.","publisher":{"@id":"https:\/\/ifesworld.org\/es\/#organization"},"potentialAction":[{"@type":"SearchAction","target":{"@type":"EntryPoint","urlTemplate":"https:\/\/ifesworld.org\/es\/?s={search_term_string}"},"query-input":{"@type":"PropertyValueSpecification","valueRequired":true,"valueName":"search_term_string"}}],"inLanguage":"es"},{"@type":"Organization","@id":"https:\/\/ifesworld.org\/es\/#organization","name":"IFES \u00b7 International Fellowship of Evangelical Students","url":"https:\/\/ifesworld.org\/es\/","logo":{"@type":"ImageObject","inLanguage":"es","@id":"https:\/\/ifesworld.org\/es\/#\/schema\/logo\/image\/","url":"https:\/\/ifesworld.org\/wp-content\/uploads\/2019\/06\/ifeslogo.png","contentUrl":"https:\/\/ifesworld.org\/wp-content\/uploads\/2019\/06\/ifeslogo.png","width":262,"height":262,"caption":"IFES \u00b7 International Fellowship of Evangelical Students"},"image":{"@id":"https:\/\/ifesworld.org\/es\/#\/schema\/logo\/image\/"}}]}},"_links":{"self":[{"href":"https:\/\/ifesworld.org\/es\/wp-json\/wp\/v2\/pages\/279","targetHints":{"allow":["GET"]}}],"collection":[{"href":"https:\/\/ifesworld.org\/es\/wp-json\/wp\/v2\/pages"}],"about":[{"href":"https:\/\/ifesworld.org\/es\/wp-json\/wp\/v2\/types\/page"}],"author":[{"embeddable":true,"href":"https:\/\/ifesworld.org\/es\/wp-json\/wp\/v2\/users\/2"}],"replies":[{"embeddable":true,"href":"https:\/\/ifesworld.org\/es\/wp-json\/wp\/v2\/comments?post=279"}],"version-history":[{"count":0,"href":"https:\/\/ifesworld.org\/es\/wp-json\/wp\/v2\/pages\/279\/revisions"}],"wp:featuredmedia":[{"embeddable":true,"href":"https:\/\/ifesworld.org\/es\/wp-json\/wp\/v2\/media\/33351"}],"wp:attachment":[{"href":"https:\/\/ifesworld.org\/es\/wp-json\/wp\/v2\/media?parent=279"}],"wp:term":[{"taxonomy":"area","embeddable":true,"href":"https:\/\/ifesworld.org\/es\/wp-json\/wp\/v2\/area?post=279"},{"taxonomy":"theme","embeddable":true,"href":"https:\/\/ifesworld.org\/es\/wp-json\/wp\/v2\/theme?post=279"}],"curies":[{"name":"wp","href":"https:\/\/api.w.org\/{rel}","templated":true}]}}