{"id":274,"date":"2019-04-17T08:05:16","date_gmt":"2019-04-17T08:05:16","guid":{"rendered":"https:\/\/ifesworld.org\/landing\/trabaje-con-ifes\/"},"modified":"2025-09-05T12:17:10","modified_gmt":"2025-09-05T11:17:10","slug":"trabaje-con-ifes","status":"publish","type":"page","link":"https:\/\/ifesworld.org\/es\/trabaje-con-ifes\/","title":{"rendered":"Ofertas de empleo"},"content":{"rendered":"<div class=\"wp-block block-core-paragraph\">\n<p class=\"has-md-font-size wp-block-paragraph\">Comunidad internacional IFES ofrece uno de los campos misioneros m\u00e1s din\u00e1micos que existen. Usted tambi\u00e9n puede invertir su tiempo y habilidades en este ministerio de gran impacto. <\/p>\n<\/div>\n\n<div class=\"wp-block block-core-paragraph\">\n<p class=\"wp-block-paragraph\">A medida que vayan surgiendo nuevas oportunidades de empleo con IFES, las publicaremos en esta p\u00e1gina. Si est\u00e1 interesado en trabajar en un movimiento nacional de IFES, por favor, visite su respectiva p\u00e1gina web o p\u00f3ngase en contacto directamente.<\/p>\n<\/div>\n\n<div class=\"wp-block block-core-separator alignfull is-style-dots\">\n<hr class=\"wp-block-separator alignfull has-alpha-channel-opacity is-style-dots\"\/>\n<\/div>\n\n<div class=\"wp-block block-core-group alignfull\">\n<div class=\"wp-block-group alignfull\" id=\"otras\"><div class=\"wp-block-group__inner-container is-layout-flow wp-block-group-is-layout-flow\"><div class=\"wp-block block-core-heading\">\n<h1 class=\"wp-block-heading has-text-align-center\">Otras oportunidades<\/h1>\n<\/div>\n\n<div class=\"wp-block block-core-paragraph\">\n<p class=\"wp-block-paragraph\">Muchos de los movimientos nacionales de IFES organizan programas para estudiantes y graduados recientes para que puedan conocer el ministerio estudiantil en un contexto diferente. Aqu\u00ed van algunos ejemplos:<\/p>\n<\/div>\n\n<div class=\"wp-block block-core-list\">\n<ul class=\"wp-block-list\"><div class=\"wp-block block-core-list-item\">\n<li>InterVarsity\/USA e Inter-Varsity Canad\u00e1 organizan unos 25 proyectos mundiales cada verano, la mayor\u00eda en el extranjero, a donde los estudiantes pueden ir y vivir las misiones durante un mes.<\/li>\n<\/div>\n\n<div class=\"wp-block block-core-list-item\">\n<li>En el \u00c1frica Franc\u00f3fona, los movimientos estudiantiles trabajan juntos para organizar varios equipos evangel\u00edsticos multiculturales durante las vacaciones de mitad de a\u00f1o.<\/li>\n<\/div>\n\n<div class=\"wp-block block-core-list-item\">\n<li>Cada a\u00f1o, unos 100 graduados j\u00f3venes sirven con <a href=\"http:\/\/www.ifesinteraction.org\/\" target=\"_blank\" rel=\"noreferrer noopener\">IFES InterAction<\/a> por toda Europa y Eurasia para apoyar a los movimientos nacionales en su ministerio tanto con estudiantes nacionales como internacionales.<\/li>\n<\/div><\/ul>\n<\/div>\n\n<div class=\"wp-block block-core-paragraph\">\n<p class=\"wp-block-paragraph\">Si usted es un <strong>estudiante<\/strong>, le sugerimos que contacte con su movimiento nacional de IFES para ver en qu\u00e9 puede involucrarse. <\/p>\n<\/div>\n\n<div class=\"wp-block block-core-paragraph\">\n<p class=\"wp-block-paragraph\">Si, en cambio, no es estudiante pero le gustar\u00eda saber c\u00f3mo puede servir al ministerio estudiantil en el extranjero, <a href=\"https:\/\/ifesworld.org\/es\/mundo\/\">contacte con el equipo regional de IFES correspondiente<\/a>, quien lo podr\u00e1 informar sobre las necesidades y oportunidades actuales o ponerle en contacto con alguno de los programas siguientes. <\/p>\n<\/div>\n\n<div class=\"wp-block block-core-list\">\n<ul class=\"wp-block-list\"><div class=\"wp-block block-core-list-item\">\n<li>Si est\u00e1 interesado en formar parte de un equipo de Europa, p\u00f3ngase en contacto con <a rel=\"noreferrer noopener\" href=\"http:\/\/www.ifesinteraction.org\/\" target=\"_blank\">IFES InterAction<\/a>, pues es el responsable de enviar a aquellas personas que quieren servir, equipar y fortalecer movimientos estudiantiles por toda Europa.<\/li>\n<\/div>\n\n<div class=\"wp-block block-core-list-item\">\n<li>Algunos movimientos nacionales y otras agencias misioneras siguen programas formales para enviar obreros del ministerio estudiantil a otras naciones.<\/li>\n<\/div>\n\n<div class=\"wp-block block-core-list-item\">\n<li>Para enviar una solicitud desde Estados Unidos, dir\u00edjase a <a rel=\"noreferrer noopener\" href=\"http:\/\/www.intervarsity.org\/link\/\" target=\"_blank\">InterVarsity Link.<\/a><\/li>\n<\/div>\n\n<div class=\"wp-block block-core-list-item\">\n<li>Para enviar una solicitud desde Canad\u00e1, dir\u00edjase a <a rel=\"noreferrer noopener\" href=\"https:\/\/www.ivcf.ca\/\" target=\"_blank\">InterVarsity World Services.<\/a><\/li>\n<\/div>\n\n<div class=\"wp-block block-core-list-item\">\n<li>Para enviar una solicitud desde Australia, dir\u00edjase a <a rel=\"noreferrer noopener\" href=\"http:\/\/www.cms.org.au\/\" target=\"_blank\">CMS Australia.<\/a><\/li>\n<\/div><\/ul>\n<\/div><\/div>\n<\/div><\/div>","protected":false},"excerpt":{"rendered":"<p>Comunidad internacional IFES ofrece uno de los campos misioneros m\u00e1s din\u00e1micos que existen. Usted tambi\u00e9n puede invertir su tiempo y habilidades en este ministerio de gran impacto. A medida que vayan surgiendo nuevas oportunidades de empleo con IFES, las publicaremos en esta p\u00e1gina. Si est\u00e1 interesado en trabajar en un movimiento nacional de IFES, por&#8230;<\/p>\n","protected":false},"author":2,"featured_media":33394,"parent":0,"menu_order":0,"comment_status":"closed","ping_status":"closed","template":"","meta":{"_acf_changed":false,"_crdt_document":"","inline_featured_image":false,"footnotes":""},"area":[],"theme":[],"class_list":["post-274","page","type-page","status-publish","has-post-thumbnail","hentry"],"acf":[],"yoast_head":"<!-- This site is optimized with the Yoast SEO plugin v27.2 - https:\/\/yoast.com\/product\/yoast-seo-wordpress\/ -->\n<title>Ofertas de empleo &#183; IFES<\/title>\n<meta name=\"description\" content=\"Comunidad internacional IFES ofrece uno de los campos misioneros m\u00e1s din\u00e1micos que existen. Usted tambi\u00e9n puede invertir su tiempo y habilidades en este\" \/>\n<meta name=\"robots\" content=\"index, follow, max-snippet:-1, max-image-preview:large, max-video-preview:-1\" \/>\n<link rel=\"canonical\" href=\"https:\/\/ifesworld.org\/es\/trabaje-con-ifes\/\" \/>\n<meta property=\"og:locale\" content=\"es_ES\" \/>\n<meta property=\"og:type\" content=\"article\" \/>\n<meta property=\"og:title\" content=\"Ofertas de empleo &#183; IFES\" \/>\n<meta property=\"og:description\" content=\"Comunidad internacional IFES ofrece uno de los campos misioneros m\u00e1s din\u00e1micos que existen. Usted tambi\u00e9n puede invertir su tiempo y habilidades en este\" \/>\n<meta property=\"og:url\" content=\"https:\/\/ifesworld.org\/es\/trabaje-con-ifes\/\" \/>\n<meta property=\"og:site_name\" content=\"IFES\" \/>\n<meta property=\"article:modified_time\" content=\"2025-09-05T11:17:10+00:00\" \/>\n<meta property=\"og:image\" content=\"https:\/\/ifesworld.org\/wp-content\/uploads\/2024\/01\/2F3BF4B7-353B-4554-A22C-C8AFC19ABFEA-8152-0000050F54DB09C7-1-1-scaled.jpg\" \/>\n\t<meta property=\"og:image:width\" content=\"2560\" \/>\n\t<meta property=\"og:image:height\" content=\"1707\" \/>\n\t<meta property=\"og:image:type\" content=\"image\/jpeg\" \/>\n<meta name=\"twitter:card\" content=\"summary_large_image\" \/>\n<meta name=\"twitter:label1\" content=\"Tiempo de lectura\" \/>\n\t<meta name=\"twitter:data1\" content=\"2 minutos\" \/>\n<script type=\"application\/ld+json\" class=\"yoast-schema-graph\">{\"@context\":\"https:\/\/schema.org\",\"@graph\":[{\"@type\":\"WebPage\",\"@id\":\"https:\/\/ifesworld.org\/es\/trabaje-con-ifes\/\",\"url\":\"https:\/\/ifesworld.org\/es\/trabaje-con-ifes\/\",\"name\":\"Ofertas de empleo &#183; IFES\",\"isPartOf\":{\"@id\":\"https:\/\/ifesworld.org\/es\/#website\"},\"primaryImageOfPage\":{\"@id\":\"https:\/\/ifesworld.org\/es\/trabaje-con-ifes\/#primaryimage\"},\"image\":{\"@id\":\"https:\/\/ifesworld.org\/es\/trabaje-con-ifes\/#primaryimage\"},\"thumbnailUrl\":\"https:\/\/ifesworld.org\/wp-content\/uploads\/2024\/01\/2F3BF4B7-353B-4554-A22C-C8AFC19ABFEA-8152-0000050F54DB09C7-1-1-scaled.jpg\",\"datePublished\":\"2019-04-17T08:05:16+00:00\",\"dateModified\":\"2025-09-05T11:17:10+00:00\",\"description\":\"Comunidad internacional IFES ofrece uno de los campos misioneros m\u00e1s din\u00e1micos que existen. Usted tambi\u00e9n puede invertir su tiempo y habilidades en este\",\"breadcrumb\":{\"@id\":\"https:\/\/ifesworld.org\/es\/trabaje-con-ifes\/#breadcrumb\"},\"inLanguage\":\"es\",\"potentialAction\":[{\"@type\":\"ReadAction\",\"target\":[\"https:\/\/ifesworld.org\/es\/trabaje-con-ifes\/\"]}]},{\"@type\":\"ImageObject\",\"inLanguage\":\"es\",\"@id\":\"https:\/\/ifesworld.org\/es\/trabaje-con-ifes\/#primaryimage\",\"url\":\"https:\/\/ifesworld.org\/wp-content\/uploads\/2024\/01\/2F3BF4B7-353B-4554-A22C-C8AFC19ABFEA-8152-0000050F54DB09C7-1-1-scaled.jpg\",\"contentUrl\":\"https:\/\/ifesworld.org\/wp-content\/uploads\/2024\/01\/2F3BF4B7-353B-4554-A22C-C8AFC19ABFEA-8152-0000050F54DB09C7-1-1-scaled.jpg\",\"width\":2560,\"height\":1707},{\"@type\":\"BreadcrumbList\",\"@id\":\"https:\/\/ifesworld.org\/es\/trabaje-con-ifes\/#breadcrumb\",\"itemListElement\":[{\"@type\":\"ListItem\",\"position\":1,\"name\":\"Home\",\"item\":\"https:\/\/ifesworld.org\/es\/\"},{\"@type\":\"ListItem\",\"position\":2,\"name\":\"Ofertas de empleo\"}]},{\"@type\":\"WebSite\",\"@id\":\"https:\/\/ifesworld.org\/es\/#website\",\"url\":\"https:\/\/ifesworld.org\/es\/\",\"name\":\"IFES\",\"description\":\"A movement of students sharing and living out the good news of Jesus Christ. Locally. Nationally. Globally.\",\"publisher\":{\"@id\":\"https:\/\/ifesworld.org\/es\/#organization\"},\"potentialAction\":[{\"@type\":\"SearchAction\",\"target\":{\"@type\":\"EntryPoint\",\"urlTemplate\":\"https:\/\/ifesworld.org\/es\/?s={search_term_string}\"},\"query-input\":{\"@type\":\"PropertyValueSpecification\",\"valueRequired\":true,\"valueName\":\"search_term_string\"}}],\"inLanguage\":\"es\"},{\"@type\":\"Organization\",\"@id\":\"https:\/\/ifesworld.org\/es\/#organization\",\"name\":\"IFES \u00b7 International Fellowship of Evangelical Students\",\"url\":\"https:\/\/ifesworld.org\/es\/\",\"logo\":{\"@type\":\"ImageObject\",\"inLanguage\":\"es\",\"@id\":\"https:\/\/ifesworld.org\/es\/#\/schema\/logo\/image\/\",\"url\":\"https:\/\/ifesworld.org\/wp-content\/uploads\/2019\/06\/ifeslogo.png\",\"contentUrl\":\"https:\/\/ifesworld.org\/wp-content\/uploads\/2019\/06\/ifeslogo.png\",\"width\":262,\"height\":262,\"caption\":\"IFES \u00b7 International Fellowship of Evangelical Students\"},\"image\":{\"@id\":\"https:\/\/ifesworld.org\/es\/#\/schema\/logo\/image\/\"}}]}<\/script>\n<!-- \/ Yoast SEO plugin. -->","yoast_head_json":{"title":"Ofertas de empleo &#183; IFES","description":"Comunidad internacional IFES ofrece uno de los campos misioneros m\u00e1s din\u00e1micos que existen. Usted tambi\u00e9n puede invertir su tiempo y habilidades en este","robots":{"index":"index","follow":"follow","max-snippet":"max-snippet:-1","max-image-preview":"max-image-preview:large","max-video-preview":"max-video-preview:-1"},"canonical":"https:\/\/ifesworld.org\/es\/trabaje-con-ifes\/","og_locale":"es_ES","og_type":"article","og_title":"Ofertas de empleo &#183; IFES","og_description":"Comunidad internacional IFES ofrece uno de los campos misioneros m\u00e1s din\u00e1micos que existen. Usted tambi\u00e9n puede invertir su tiempo y habilidades en este","og_url":"https:\/\/ifesworld.org\/es\/trabaje-con-ifes\/","og_site_name":"IFES","article_modified_time":"2025-09-05T11:17:10+00:00","og_image":[{"width":2560,"height":1707,"url":"https:\/\/ifesworld.org\/wp-content\/uploads\/2024\/01\/2F3BF4B7-353B-4554-A22C-C8AFC19ABFEA-8152-0000050F54DB09C7-1-1-scaled.jpg","type":"image\/jpeg"}],"twitter_card":"summary_large_image","twitter_misc":{"Tiempo de lectura":"2 minutos"},"schema":{"@context":"https:\/\/schema.org","@graph":[{"@type":"WebPage","@id":"https:\/\/ifesworld.org\/es\/trabaje-con-ifes\/","url":"https:\/\/ifesworld.org\/es\/trabaje-con-ifes\/","name":"Ofertas de empleo &#183; IFES","isPartOf":{"@id":"https:\/\/ifesworld.org\/es\/#website"},"primaryImageOfPage":{"@id":"https:\/\/ifesworld.org\/es\/trabaje-con-ifes\/#primaryimage"},"image":{"@id":"https:\/\/ifesworld.org\/es\/trabaje-con-ifes\/#primaryimage"},"thumbnailUrl":"https:\/\/ifesworld.org\/wp-content\/uploads\/2024\/01\/2F3BF4B7-353B-4554-A22C-C8AFC19ABFEA-8152-0000050F54DB09C7-1-1-scaled.jpg","datePublished":"2019-04-17T08:05:16+00:00","dateModified":"2025-09-05T11:17:10+00:00","description":"Comunidad internacional IFES ofrece uno de los campos misioneros m\u00e1s din\u00e1micos que existen. Usted tambi\u00e9n puede invertir su tiempo y habilidades en este","breadcrumb":{"@id":"https:\/\/ifesworld.org\/es\/trabaje-con-ifes\/#breadcrumb"},"inLanguage":"es","potentialAction":[{"@type":"ReadAction","target":["https:\/\/ifesworld.org\/es\/trabaje-con-ifes\/"]}]},{"@type":"ImageObject","inLanguage":"es","@id":"https:\/\/ifesworld.org\/es\/trabaje-con-ifes\/#primaryimage","url":"https:\/\/ifesworld.org\/wp-content\/uploads\/2024\/01\/2F3BF4B7-353B-4554-A22C-C8AFC19ABFEA-8152-0000050F54DB09C7-1-1-scaled.jpg","contentUrl":"https:\/\/ifesworld.org\/wp-content\/uploads\/2024\/01\/2F3BF4B7-353B-4554-A22C-C8AFC19ABFEA-8152-0000050F54DB09C7-1-1-scaled.jpg","width":2560,"height":1707},{"@type":"BreadcrumbList","@id":"https:\/\/ifesworld.org\/es\/trabaje-con-ifes\/#breadcrumb","itemListElement":[{"@type":"ListItem","position":1,"name":"Home","item":"https:\/\/ifesworld.org\/es\/"},{"@type":"ListItem","position":2,"name":"Ofertas de empleo"}]},{"@type":"WebSite","@id":"https:\/\/ifesworld.org\/es\/#website","url":"https:\/\/ifesworld.org\/es\/","name":"IFES","description":"A movement of students sharing and living out the good news of Jesus Christ. Locally. Nationally. Globally.","publisher":{"@id":"https:\/\/ifesworld.org\/es\/#organization"},"potentialAction":[{"@type":"SearchAction","target":{"@type":"EntryPoint","urlTemplate":"https:\/\/ifesworld.org\/es\/?s={search_term_string}"},"query-input":{"@type":"PropertyValueSpecification","valueRequired":true,"valueName":"search_term_string"}}],"inLanguage":"es"},{"@type":"Organization","@id":"https:\/\/ifesworld.org\/es\/#organization","name":"IFES \u00b7 International Fellowship of Evangelical Students","url":"https:\/\/ifesworld.org\/es\/","logo":{"@type":"ImageObject","inLanguage":"es","@id":"https:\/\/ifesworld.org\/es\/#\/schema\/logo\/image\/","url":"https:\/\/ifesworld.org\/wp-content\/uploads\/2019\/06\/ifeslogo.png","contentUrl":"https:\/\/ifesworld.org\/wp-content\/uploads\/2019\/06\/ifeslogo.png","width":262,"height":262,"caption":"IFES \u00b7 International Fellowship of Evangelical Students"},"image":{"@id":"https:\/\/ifesworld.org\/es\/#\/schema\/logo\/image\/"}}]}},"_links":{"self":[{"href":"https:\/\/ifesworld.org\/es\/wp-json\/wp\/v2\/pages\/274","targetHints":{"allow":["GET"]}}],"collection":[{"href":"https:\/\/ifesworld.org\/es\/wp-json\/wp\/v2\/pages"}],"about":[{"href":"https:\/\/ifesworld.org\/es\/wp-json\/wp\/v2\/types\/page"}],"author":[{"embeddable":true,"href":"https:\/\/ifesworld.org\/es\/wp-json\/wp\/v2\/users\/2"}],"replies":[{"embeddable":true,"href":"https:\/\/ifesworld.org\/es\/wp-json\/wp\/v2\/comments?post=274"}],"version-history":[{"count":0,"href":"https:\/\/ifesworld.org\/es\/wp-json\/wp\/v2\/pages\/274\/revisions"}],"wp:featuredmedia":[{"embeddable":true,"href":"https:\/\/ifesworld.org\/es\/wp-json\/wp\/v2\/media\/33394"}],"wp:attachment":[{"href":"https:\/\/ifesworld.org\/es\/wp-json\/wp\/v2\/media?parent=274"}],"wp:term":[{"taxonomy":"area","embeddable":true,"href":"https:\/\/ifesworld.org\/es\/wp-json\/wp\/v2\/area?post=274"},{"taxonomy":"theme","embeddable":true,"href":"https:\/\/ifesworld.org\/es\/wp-json\/wp\/v2\/theme?post=274"}],"curies":[{"name":"wp","href":"https:\/\/api.w.org\/{rel}","templated":true}]}}