{"id":268,"date":"2019-04-17T08:00:01","date_gmt":"2019-04-17T08:00:01","guid":{"rendered":"https:\/\/ifesworld.org\/lo-que-creemos\/"},"modified":"2024-04-25T21:34:51","modified_gmt":"2024-04-25T20:34:51","slug":"lo-que-creemos","status":"publish","type":"page","link":"https:\/\/ifesworld.org\/es\/lo-que-creemos\/","title":{"rendered":"Qu\u00e9 creemos"},"content":{"rendered":"<div class=\"wp-block block-core-paragraph\">\n<p class=\"wp-block-paragraph\">La base doctrinal de IFES son las verdades fundamentales del cristianismo incluyendo:<br><\/p>\n<\/div>\n\n<div class=\"wp-block block-core-list\">\n<ul class=\"wp-block-list\" type=\"1\"><div class=\"wp-block block-core-list-item\">\n<li>La unidad del Padre, Hijo y Esp\u00edritu Santo en la Deidad.<\/li>\n<\/div>\n\n<div class=\"wp-block block-core-list-item\">\n<li>La soberan\u00eda de Dios en la creaci\u00f3n, revelaci\u00f3n, redenci\u00f3n y juicio final.<\/li>\n<\/div>\n\n<div class=\"wp-block block-core-list-item\">\n<li>La inspiraci\u00f3n divina y la fiabilidad absoluta de las Sagradas Escrituras, seg\u00fan fueron dadas originalmente, y su autoridad suprema en todos los asuntos concernientes a la fe y la conducta.<\/li>\n<\/div>\n\n<div class=\"wp-block block-core-list-item\">\n<li>El pecado universal y la culpa de toda la humanidad desde la ca\u00edda, estando sujetos por tanto a la ira y la condenaci\u00f3n de Dios.<\/li>\n<\/div>\n\n<div class=\"wp-block block-core-list-item\">\n<li>La redenci\u00f3n de la culpa, la pena, el dominio y la corrupci\u00f3n del pecado, \u00fanicamente mediante la muerte y sacrificio (como nuestro representante y sustituto) del Se\u00f1or Jesucristo, el Hijo encarnado de Dios.<\/li>\n<\/div>\n\n<div class=\"wp-block block-core-list-item\">\n<li>La resurrecci\u00f3n corporal del Se\u00f1or Jesucristo de entre los muertos y su ascensi\u00f3n a la diestra de Dios Padre.<\/li>\n<\/div>\n\n<div class=\"wp-block block-core-list-item\">\n<li>La presencia y el poder del Esp\u00edritu Santo en la obra de regeneraci\u00f3n.<\/li>\n<\/div>\n\n<div class=\"wp-block block-core-list-item\">\n<li>La justificaci\u00f3n del pecador por medio de la gracia de Dios, tan solo mediante la fe.<\/li>\n<\/div>\n\n<div class=\"wp-block block-core-list-item\">\n<li>El Esp\u00edritu Santo que mora y obra en el creyente.<\/li>\n<\/div>\n\n<div class=\"wp-block block-core-list-item\">\n<li>La \u00fanica Santa Iglesia Universal que es el Cuerpo de Cristo y al que pertenecen todos los creyentes verdaderos.<\/li>\n<\/div>\n\n<div class=\"wp-block block-core-list-item\">\n<li>La esperanza del regreso en persona del Se\u00f1or Jesucristo.<\/li>\n<\/div><\/ul>\n<\/div>\n\n<div class=\"wp-block block-core-heading\">\n<h2 class=\"wp-block-heading\">NUESTROS VALORES FUNDAMENTALES<\/h2>\n<\/div>\n\n<div class=\"wp-block block-core-paragraph\">\n<p class=\"wp-block-paragraph\">A medida que trabajamos juntos a lo largo y ancho de la comunidad de IFES para conseguir<br>nuestra visi\u00f3n, buscamos vivir conforme a estos valores centrales en cada uno de los aspectos<br>de nuestro ministerio.<\/p>\n<\/div>\n\n<div class=\"wp-block block-core-list\">\n<ul class=\"wp-block-list\"><div class=\"wp-block block-core-list-item\">\n<li><strong>Fidelidad a las Escrituras:<\/strong> La Biblia es la m\u00e1xima autoridad e inspiraci\u00f3n para la vida y para<br>todos los aspectos de nuestro ministerio. Nos centramos en amar, estudiar, vivir y compartir<br>la Palabra de Dios.<\/li>\n<\/div>\n\n<div class=\"wp-block block-core-list-item\">\n<li><strong>Oraci\u00f3n: <\/strong>Buscamos y mantenemos una postura de humildad y dependencia de Dios en<br>nuestro ministerio por medio de la oraci\u00f3n.<\/li>\n<\/div>\n\n<div class=\"wp-block block-core-list-item\">\n<li><strong>Comunidad:<\/strong> Buscamos cultivar comunidades locales, regionales y globales din\u00e1micas que<br>fomenten la comuni\u00f3n y el aprendizaje y que enriquezcan nuestra misi\u00f3n.<\/li>\n<\/div>\n\n<div class=\"wp-block block-core-list-item\">\n<li><strong>Iniciativa estudiantil: <\/strong>Somos un ministerio de estudiantes alcanzando a estudiantes y<br>creemos que los estudiantes deben tomar la iniciativa en todos los aspectos del testimonio en<br>la universidad.<\/li>\n<\/div>\n\n<div class=\"wp-block block-core-list-item\">\n<li><strong>Unidad en la diversidad:<\/strong> Valoramos la diversidad de la creaci\u00f3n de Dios y del cuerpo de<br>Cristo. En nuestra comunidad global participa gente de etnias, culturas, idiomas y tradiciones<br>eclesiales diversas.<\/li>\n<\/div>\n\n<div class=\"wp-block block-core-list-item\">\n<li><strong>Colaboraci\u00f3n:<\/strong> Creemos que somos m\u00e1s eficientes en nuestro trabajo cuando hacemos las<br>cosas juntos. Nuestra misi\u00f3n se consigue en colaboraci\u00f3n unos con otros, con la iglesia local y<br>con organizaciones de diferentes partes del mundo que tienen ideas afines a las nuestras.<\/li>\n<\/div><\/ul>\n<\/div>","protected":false},"excerpt":{"rendered":"<p>La base doctrinal de IFES son las verdades fundamentales del cristianismo incluyendo: NUESTROS VALORES FUNDAMENTALES A medida que trabajamos juntos a lo largo y ancho de la comunidad de IFES para conseguirnuestra visi\u00f3n, buscamos vivir conforme a estos valores centrales en cada uno de los aspectosde nuestro ministerio.<\/p>\n","protected":false},"author":2,"featured_media":0,"parent":0,"menu_order":0,"comment_status":"closed","ping_status":"closed","template":"","meta":{"_acf_changed":false,"_crdt_document":"","inline_featured_image":false,"footnotes":""},"area":[],"theme":[],"class_list":["post-268","page","type-page","status-publish","hentry"],"acf":[],"yoast_head":"<!-- This site is optimized with the Yoast SEO plugin v27.2 - https:\/\/yoast.com\/product\/yoast-seo-wordpress\/ -->\n<title>Qu\u00e9 creemos &#183; IFES<\/title>\n<meta name=\"description\" content=\"La base doctrinal de IFES son las verdades fundamentales del cristianismo incluyendo: La unidad del Padre, Hijo y Esp\u00edritu Santo en la Deidad. La\" \/>\n<meta name=\"robots\" content=\"index, follow, max-snippet:-1, max-image-preview:large, max-video-preview:-1\" \/>\n<link rel=\"canonical\" href=\"https:\/\/ifesworld.org\/es\/lo-que-creemos\/\" \/>\n<meta property=\"og:locale\" content=\"es_ES\" \/>\n<meta property=\"og:type\" content=\"article\" \/>\n<meta property=\"og:title\" content=\"Qu\u00e9 creemos &#183; IFES\" \/>\n<meta property=\"og:description\" content=\"La base doctrinal de IFES son las verdades fundamentales del cristianismo incluyendo: La unidad del Padre, Hijo y Esp\u00edritu Santo en la Deidad. La\" \/>\n<meta property=\"og:url\" content=\"https:\/\/ifesworld.org\/es\/lo-que-creemos\/\" \/>\n<meta property=\"og:site_name\" content=\"IFES\" \/>\n<meta property=\"article:modified_time\" content=\"2024-04-25T20:34:51+00:00\" \/>\n<meta property=\"og:image\" content=\"https:\/\/ifesworld.org\/wp-content\/uploads\/2019\/06\/ifeslogo.png\" \/>\n\t<meta property=\"og:image:width\" content=\"262\" \/>\n\t<meta property=\"og:image:height\" content=\"262\" \/>\n\t<meta property=\"og:image:type\" content=\"image\/png\" \/>\n<meta name=\"twitter:card\" content=\"summary_large_image\" \/>\n<meta name=\"twitter:label1\" content=\"Tiempo de lectura\" \/>\n\t<meta name=\"twitter:data1\" content=\"2 minutos\" \/>\n<script type=\"application\/ld+json\" class=\"yoast-schema-graph\">{\"@context\":\"https:\/\/schema.org\",\"@graph\":[{\"@type\":\"WebPage\",\"@id\":\"https:\/\/ifesworld.org\/es\/lo-que-creemos\/\",\"url\":\"https:\/\/ifesworld.org\/es\/lo-que-creemos\/\",\"name\":\"Qu\u00e9 creemos &#183; IFES\",\"isPartOf\":{\"@id\":\"https:\/\/ifesworld.org\/es\/#website\"},\"datePublished\":\"2019-04-17T08:00:01+00:00\",\"dateModified\":\"2024-04-25T20:34:51+00:00\",\"description\":\"La base doctrinal de IFES son las verdades fundamentales del cristianismo incluyendo: La unidad del Padre, Hijo y Esp\u00edritu Santo en la Deidad. La\",\"breadcrumb\":{\"@id\":\"https:\/\/ifesworld.org\/es\/lo-que-creemos\/#breadcrumb\"},\"inLanguage\":\"es\",\"potentialAction\":[{\"@type\":\"ReadAction\",\"target\":[\"https:\/\/ifesworld.org\/es\/lo-que-creemos\/\"]}]},{\"@type\":\"BreadcrumbList\",\"@id\":\"https:\/\/ifesworld.org\/es\/lo-que-creemos\/#breadcrumb\",\"itemListElement\":[{\"@type\":\"ListItem\",\"position\":1,\"name\":\"Home\",\"item\":\"https:\/\/ifesworld.org\/es\/\"},{\"@type\":\"ListItem\",\"position\":2,\"name\":\"Qu\u00e9 creemos\"}]},{\"@type\":\"WebSite\",\"@id\":\"https:\/\/ifesworld.org\/es\/#website\",\"url\":\"https:\/\/ifesworld.org\/es\/\",\"name\":\"IFES\",\"description\":\"A movement of students sharing and living out the good news of Jesus Christ. Locally. Nationally. Globally.\",\"publisher\":{\"@id\":\"https:\/\/ifesworld.org\/es\/#organization\"},\"potentialAction\":[{\"@type\":\"SearchAction\",\"target\":{\"@type\":\"EntryPoint\",\"urlTemplate\":\"https:\/\/ifesworld.org\/es\/?s={search_term_string}\"},\"query-input\":{\"@type\":\"PropertyValueSpecification\",\"valueRequired\":true,\"valueName\":\"search_term_string\"}}],\"inLanguage\":\"es\"},{\"@type\":\"Organization\",\"@id\":\"https:\/\/ifesworld.org\/es\/#organization\",\"name\":\"IFES \u00b7 International Fellowship of Evangelical Students\",\"url\":\"https:\/\/ifesworld.org\/es\/\",\"logo\":{\"@type\":\"ImageObject\",\"inLanguage\":\"es\",\"@id\":\"https:\/\/ifesworld.org\/es\/#\/schema\/logo\/image\/\",\"url\":\"https:\/\/ifesworld.org\/wp-content\/uploads\/2019\/06\/ifeslogo.png\",\"contentUrl\":\"https:\/\/ifesworld.org\/wp-content\/uploads\/2019\/06\/ifeslogo.png\",\"width\":262,\"height\":262,\"caption\":\"IFES \u00b7 International Fellowship of Evangelical Students\"},\"image\":{\"@id\":\"https:\/\/ifesworld.org\/es\/#\/schema\/logo\/image\/\"}}]}<\/script>\n<!-- \/ Yoast SEO plugin. -->","yoast_head_json":{"title":"Qu\u00e9 creemos &#183; IFES","description":"La base doctrinal de IFES son las verdades fundamentales del cristianismo incluyendo: La unidad del Padre, Hijo y Esp\u00edritu Santo en la Deidad. La","robots":{"index":"index","follow":"follow","max-snippet":"max-snippet:-1","max-image-preview":"max-image-preview:large","max-video-preview":"max-video-preview:-1"},"canonical":"https:\/\/ifesworld.org\/es\/lo-que-creemos\/","og_locale":"es_ES","og_type":"article","og_title":"Qu\u00e9 creemos &#183; IFES","og_description":"La base doctrinal de IFES son las verdades fundamentales del cristianismo incluyendo: La unidad del Padre, Hijo y Esp\u00edritu Santo en la Deidad. La","og_url":"https:\/\/ifesworld.org\/es\/lo-que-creemos\/","og_site_name":"IFES","article_modified_time":"2024-04-25T20:34:51+00:00","og_image":[{"width":262,"height":262,"url":"https:\/\/ifesworld.org\/wp-content\/uploads\/2019\/06\/ifeslogo.png","type":"image\/png"}],"twitter_card":"summary_large_image","twitter_misc":{"Tiempo de lectura":"2 minutos"},"schema":{"@context":"https:\/\/schema.org","@graph":[{"@type":"WebPage","@id":"https:\/\/ifesworld.org\/es\/lo-que-creemos\/","url":"https:\/\/ifesworld.org\/es\/lo-que-creemos\/","name":"Qu\u00e9 creemos &#183; IFES","isPartOf":{"@id":"https:\/\/ifesworld.org\/es\/#website"},"datePublished":"2019-04-17T08:00:01+00:00","dateModified":"2024-04-25T20:34:51+00:00","description":"La base doctrinal de IFES son las verdades fundamentales del cristianismo incluyendo: La unidad del Padre, Hijo y Esp\u00edritu Santo en la Deidad. La","breadcrumb":{"@id":"https:\/\/ifesworld.org\/es\/lo-que-creemos\/#breadcrumb"},"inLanguage":"es","potentialAction":[{"@type":"ReadAction","target":["https:\/\/ifesworld.org\/es\/lo-que-creemos\/"]}]},{"@type":"BreadcrumbList","@id":"https:\/\/ifesworld.org\/es\/lo-que-creemos\/#breadcrumb","itemListElement":[{"@type":"ListItem","position":1,"name":"Home","item":"https:\/\/ifesworld.org\/es\/"},{"@type":"ListItem","position":2,"name":"Qu\u00e9 creemos"}]},{"@type":"WebSite","@id":"https:\/\/ifesworld.org\/es\/#website","url":"https:\/\/ifesworld.org\/es\/","name":"IFES","description":"A movement of students sharing and living out the good news of Jesus Christ. Locally. Nationally. Globally.","publisher":{"@id":"https:\/\/ifesworld.org\/es\/#organization"},"potentialAction":[{"@type":"SearchAction","target":{"@type":"EntryPoint","urlTemplate":"https:\/\/ifesworld.org\/es\/?s={search_term_string}"},"query-input":{"@type":"PropertyValueSpecification","valueRequired":true,"valueName":"search_term_string"}}],"inLanguage":"es"},{"@type":"Organization","@id":"https:\/\/ifesworld.org\/es\/#organization","name":"IFES \u00b7 International Fellowship of Evangelical Students","url":"https:\/\/ifesworld.org\/es\/","logo":{"@type":"ImageObject","inLanguage":"es","@id":"https:\/\/ifesworld.org\/es\/#\/schema\/logo\/image\/","url":"https:\/\/ifesworld.org\/wp-content\/uploads\/2019\/06\/ifeslogo.png","contentUrl":"https:\/\/ifesworld.org\/wp-content\/uploads\/2019\/06\/ifeslogo.png","width":262,"height":262,"caption":"IFES \u00b7 International Fellowship of Evangelical Students"},"image":{"@id":"https:\/\/ifesworld.org\/es\/#\/schema\/logo\/image\/"}}]}},"_links":{"self":[{"href":"https:\/\/ifesworld.org\/es\/wp-json\/wp\/v2\/pages\/268","targetHints":{"allow":["GET"]}}],"collection":[{"href":"https:\/\/ifesworld.org\/es\/wp-json\/wp\/v2\/pages"}],"about":[{"href":"https:\/\/ifesworld.org\/es\/wp-json\/wp\/v2\/types\/page"}],"author":[{"embeddable":true,"href":"https:\/\/ifesworld.org\/es\/wp-json\/wp\/v2\/users\/2"}],"replies":[{"embeddable":true,"href":"https:\/\/ifesworld.org\/es\/wp-json\/wp\/v2\/comments?post=268"}],"version-history":[{"count":0,"href":"https:\/\/ifesworld.org\/es\/wp-json\/wp\/v2\/pages\/268\/revisions"}],"wp:attachment":[{"href":"https:\/\/ifesworld.org\/es\/wp-json\/wp\/v2\/media?parent=268"}],"wp:term":[{"taxonomy":"area","embeddable":true,"href":"https:\/\/ifesworld.org\/es\/wp-json\/wp\/v2\/area?post=268"},{"taxonomy":"theme","embeddable":true,"href":"https:\/\/ifesworld.org\/es\/wp-json\/wp\/v2\/theme?post=268"}],"curies":[{"name":"wp","href":"https:\/\/api.w.org\/{rel}","templated":true}]}}