{"id":262,"date":"2019-04-17T07:55:25","date_gmt":"2019-04-17T07:55:25","guid":{"rendered":"https:\/\/ifesworld.org\/nuestra-vision-global\/"},"modified":"2024-01-24T11:48:55","modified_gmt":"2024-01-24T11:48:55","slug":"nuestra-vision-global","status":"publish","type":"page","link":"https:\/\/ifesworld.org\/es\/nuestra-vision-global\/","title":{"rendered":"Nuestra visi\u00f3n global"},"content":{"rendered":"<div class=\"wp-block block-acf-spacer\">\n<div id=\"spacer-block_e567cf35947f37b91b38d9935cf1df27\" class=\"\">\n    <div aria-hidden=\"true\" class=\"wp-block-spacer spacer--md\"><\/div>\n<\/div>\n<\/div>\n\n<div class=\"wp-block block-core-paragraph\">\n<p class=\"has-md-font-size wp-block-paragraph\">Nuestra visi\u00f3n consiste en ver estudiantes que crecen juntos en comunidades de disc\u00edpulos, que son transformados por el evangelio y que impactan a la universidad, la iglesia y la sociedad para la gloria de Cristo. <\/p>\n<\/div>\n\n<div class=\"wp-block block-core-paragraph\">\n<p class=\"wp-block-paragraph\">IFES moldea las vidas y desarrolla a los l\u00edderes estudiantiles del mundo. Brindamos apoyo a movimientos liderados por estudiantes locales en m\u00e1s de 180 pa\u00edses distintos. Estamos comprometidos con ver el testimonio estudiantil establecido en todas las universidad del mundo.<\/p>\n<\/div>\n\n<div class=\"wp-block block-core-heading\">\n<h2 class=\"wp-block-heading\"><strong>Nuestro trabajo<\/strong><\/h2>\n<\/div>\n\n<div class=\"wp-block block-core-paragraph\">\n<p class=\"wp-block-paragraph\">La mayor\u00eda de nuestros programas buscan apoyar el ministerio estudiantil en las siguientes \u00e1reas:<\/p>\n<\/div>\n\n<div class=\"wp-block block-core-list\">\n<ul class=\"wp-block-list\"><div class=\"wp-block block-core-list-item\">\n<li><a href=\"https:\/\/ifesworld.org\/pioneer\/\">Promover la obra pionera<\/a><\/li>\n<\/div>\n\n<div class=\"wp-block block-core-list-item\">\n<li><a href=\"https:\/\/ifesworld.org\/evangelism\/\">Inspirar la evangelizaci\u00f3n en la universidad<\/a><\/li>\n<\/div>\n\n<div class=\"wp-block block-core-list-item\">\n<li><a href=\"https:\/\/ifesworld.org\/university\/\">Conectar con la universidad<\/a><\/li>\n<\/div>\n\n<div class=\"wp-block block-core-list-item\">\n<li><a href=\"https:\/\/ifesworld.org\/leadership\/\">Desarrollar a los l\u00edderes del futuro<\/a><\/li>\n<\/div>\n\n<div class=\"wp-block block-core-list-item\">\n<li><a href=\"https:\/\/ifesworld.org\/strengthen\/\">Fortalecer a los movimientos estudiantiles nacionales<\/a><\/li>\n<\/div><\/ul>\n<\/div>\n\n<div class=\"wp-block block-acf-ifesbutton\">\n<div class=\"\">\n    <a id=\"btn-block_09ece7a2a66d386200c8a8c834b6a71c\" target=\"\" href=\"https:\/\/ifesworld.org\/es\/nuestro-trabajo\/\" class=\"btn btn--primary\">\n        <span>\n        Lee m\u00e1s acerca de nuestro trabajo        <\/span>\n    <\/a>\n<\/div>\n\n<\/div>\n\n<div class=\"wp-block block-core-heading\">\n<h2 class=\"wp-block-heading\"><strong>Nuestra historia<\/strong><\/h2>\n<\/div>\n\n<div class=\"wp-block block-core-paragraph\">\n<p class=\"wp-block-paragraph\">En 1947, los movimientos estudiantiles cristianos de unos 10 pa\u00edses en Asia del Este, Europa, Am\u00e9rica del Norte y el Pacifico Sur se unieron para formar a IFES. Se comprometieron a trabajar juntos para formar un movimiento de estudiantes que compartieran y vivieran las buenas nuevas de Jesucristo en todos los pa\u00edses del mundo. Hoy, en m\u00e1s de 180 pa\u00edses, permanece la misma visi\u00f3n.<\/p>\n<\/div>\n\n<div class=\"wp-block block-core-embed wp-embed-aspect-16-9 wp-has-aspect-ratio\">\n<figure class=\"wp-block-embed is-type-video is-provider-youtube wp-block-embed-youtube wp-embed-aspect-16-9 wp-has-aspect-ratio\"><div class=\"wp-block-embed__wrapper\">\n<iframe loading=\"lazy\" title=\"IFES Juntos: El evangelio para la universidad\" width=\"740\" height=\"416\" src=\"https:\/\/www.youtube.com\/embed\/r_hxcIeO2XE?feature=oembed&#038;cc_load_policy=1\" frameborder=\"0\" allow=\"accelerometer; autoplay; clipboard-write; encrypted-media; gyroscope; picture-in-picture; web-share\" allowfullscreen><\/iframe>\n<\/div><\/figure>\n<\/div>\n\n<div class=\"wp-block block-acf-ifesbutton\">\n<div class=\"\">\n    <a id=\"btn-block_d87cf3b5e288692d74f7547ffff3cc0e\" target=\"\" href=\"https:\/\/ifesworld.org\/es\/juntos\/\" class=\"btn btn--primary\">\n        <span>\n        Lee m\u00e1s sobre la historia de IFES        <\/span>\n    <\/a>\n<\/div>\n\n<\/div>\n\n<div class=\"wp-block block-acf-spacer\">\n<div id=\"spacer-block_e567cf35947f37b91b38d9935cf1df27\" class=\"\">\n    <div aria-hidden=\"true\" class=\"wp-block-spacer spacer--md\"><\/div>\n<\/div>\n<\/div>","protected":false},"excerpt":{"rendered":"<p>Nuestra visi\u00f3n consiste en ver estudiantes que crecen juntos en comunidades de disc\u00edpulos, que son transformados por el evangelio y que impactan a la universidad, la iglesia y la sociedad para la gloria de Cristo. IFES moldea las vidas y desarrolla a los l\u00edderes estudiantiles del mundo. Brindamos apoyo a movimientos liderados por estudiantes locales&#8230;<\/p>\n","protected":false},"author":2,"featured_media":33337,"parent":0,"menu_order":0,"comment_status":"closed","ping_status":"closed","template":"","meta":{"_acf_changed":false,"_crdt_document":"","inline_featured_image":false,"footnotes":""},"area":[],"theme":[],"class_list":["post-262","page","type-page","status-publish","has-post-thumbnail","hentry"],"acf":[],"yoast_head":"<!-- This site is optimized with the Yoast SEO plugin v27.2 - https:\/\/yoast.com\/product\/yoast-seo-wordpress\/ -->\n<title>Nuestra visi\u00f3n global &#183; IFES<\/title>\n<meta name=\"description\" content=\"Nuestra visi\u00f3n consiste en ver estudiantes que crecen juntos en comunidades de disc\u00edpulos, que son transformados por el evangelio y que impactan a la\" \/>\n<meta name=\"robots\" content=\"index, follow, max-snippet:-1, max-image-preview:large, max-video-preview:-1\" \/>\n<link rel=\"canonical\" href=\"https:\/\/ifesworld.org\/es\/nuestra-vision-global\/\" \/>\n<meta property=\"og:locale\" content=\"es_ES\" \/>\n<meta property=\"og:type\" content=\"article\" \/>\n<meta property=\"og:title\" content=\"Nuestra visi\u00f3n global &#183; IFES\" \/>\n<meta property=\"og:description\" content=\"Nuestra visi\u00f3n consiste en ver estudiantes que crecen juntos en comunidades de disc\u00edpulos, que son transformados por el evangelio y que impactan a la\" \/>\n<meta property=\"og:url\" content=\"https:\/\/ifesworld.org\/es\/nuestra-vision-global\/\" \/>\n<meta property=\"og:site_name\" content=\"IFES\" \/>\n<meta property=\"article:modified_time\" content=\"2024-01-24T11:48:55+00:00\" \/>\n<meta property=\"og:image\" content=\"https:\/\/ifesworld.org\/wp-content\/uploads\/2024\/01\/WDE09002-2.jpg\" \/>\n\t<meta property=\"og:image:width\" content=\"2048\" \/>\n\t<meta property=\"og:image:height\" content=\"1365\" \/>\n\t<meta property=\"og:image:type\" content=\"image\/jpeg\" \/>\n<meta name=\"twitter:card\" content=\"summary_large_image\" \/>\n<meta name=\"twitter:label1\" content=\"Tiempo de lectura\" \/>\n\t<meta name=\"twitter:data1\" content=\"1 minuto\" \/>\n<script type=\"application\/ld+json\" class=\"yoast-schema-graph\">{\"@context\":\"https:\/\/schema.org\",\"@graph\":[{\"@type\":\"WebPage\",\"@id\":\"https:\/\/ifesworld.org\/es\/nuestra-vision-global\/\",\"url\":\"https:\/\/ifesworld.org\/es\/nuestra-vision-global\/\",\"name\":\"Nuestra visi\u00f3n global &#183; IFES\",\"isPartOf\":{\"@id\":\"https:\/\/ifesworld.org\/es\/#website\"},\"primaryImageOfPage\":{\"@id\":\"https:\/\/ifesworld.org\/es\/nuestra-vision-global\/#primaryimage\"},\"image\":{\"@id\":\"https:\/\/ifesworld.org\/es\/nuestra-vision-global\/#primaryimage\"},\"thumbnailUrl\":\"https:\/\/ifesworld.org\/wp-content\/uploads\/2024\/01\/WDE09002-2.jpg\",\"datePublished\":\"2019-04-17T07:55:25+00:00\",\"dateModified\":\"2024-01-24T11:48:55+00:00\",\"description\":\"Nuestra visi\u00f3n consiste en ver estudiantes que crecen juntos en comunidades de disc\u00edpulos, que son transformados por el evangelio y que impactan a la\",\"breadcrumb\":{\"@id\":\"https:\/\/ifesworld.org\/es\/nuestra-vision-global\/#breadcrumb\"},\"inLanguage\":\"es\",\"potentialAction\":[{\"@type\":\"ReadAction\",\"target\":[\"https:\/\/ifesworld.org\/es\/nuestra-vision-global\/\"]}]},{\"@type\":\"ImageObject\",\"inLanguage\":\"es\",\"@id\":\"https:\/\/ifesworld.org\/es\/nuestra-vision-global\/#primaryimage\",\"url\":\"https:\/\/ifesworld.org\/wp-content\/uploads\/2024\/01\/WDE09002-2.jpg\",\"contentUrl\":\"https:\/\/ifesworld.org\/wp-content\/uploads\/2024\/01\/WDE09002-2.jpg\",\"width\":2048,\"height\":1365},{\"@type\":\"BreadcrumbList\",\"@id\":\"https:\/\/ifesworld.org\/es\/nuestra-vision-global\/#breadcrumb\",\"itemListElement\":[{\"@type\":\"ListItem\",\"position\":1,\"name\":\"Home\",\"item\":\"https:\/\/ifesworld.org\/es\/\"},{\"@type\":\"ListItem\",\"position\":2,\"name\":\"Nuestra visi\u00f3n global\"}]},{\"@type\":\"WebSite\",\"@id\":\"https:\/\/ifesworld.org\/es\/#website\",\"url\":\"https:\/\/ifesworld.org\/es\/\",\"name\":\"IFES\",\"description\":\"A movement of students sharing and living out the good news of Jesus Christ. Locally. Nationally. Globally.\",\"publisher\":{\"@id\":\"https:\/\/ifesworld.org\/es\/#organization\"},\"potentialAction\":[{\"@type\":\"SearchAction\",\"target\":{\"@type\":\"EntryPoint\",\"urlTemplate\":\"https:\/\/ifesworld.org\/es\/?s={search_term_string}\"},\"query-input\":{\"@type\":\"PropertyValueSpecification\",\"valueRequired\":true,\"valueName\":\"search_term_string\"}}],\"inLanguage\":\"es\"},{\"@type\":\"Organization\",\"@id\":\"https:\/\/ifesworld.org\/es\/#organization\",\"name\":\"IFES \u00b7 International Fellowship of Evangelical Students\",\"url\":\"https:\/\/ifesworld.org\/es\/\",\"logo\":{\"@type\":\"ImageObject\",\"inLanguage\":\"es\",\"@id\":\"https:\/\/ifesworld.org\/es\/#\/schema\/logo\/image\/\",\"url\":\"https:\/\/ifesworld.org\/wp-content\/uploads\/2019\/06\/ifeslogo.png\",\"contentUrl\":\"https:\/\/ifesworld.org\/wp-content\/uploads\/2019\/06\/ifeslogo.png\",\"width\":262,\"height\":262,\"caption\":\"IFES \u00b7 International Fellowship of Evangelical Students\"},\"image\":{\"@id\":\"https:\/\/ifesworld.org\/es\/#\/schema\/logo\/image\/\"}}]}<\/script>\n<!-- \/ Yoast SEO plugin. -->","yoast_head_json":{"title":"Nuestra visi\u00f3n global &#183; IFES","description":"Nuestra visi\u00f3n consiste en ver estudiantes que crecen juntos en comunidades de disc\u00edpulos, que son transformados por el evangelio y que impactan a la","robots":{"index":"index","follow":"follow","max-snippet":"max-snippet:-1","max-image-preview":"max-image-preview:large","max-video-preview":"max-video-preview:-1"},"canonical":"https:\/\/ifesworld.org\/es\/nuestra-vision-global\/","og_locale":"es_ES","og_type":"article","og_title":"Nuestra visi\u00f3n global &#183; IFES","og_description":"Nuestra visi\u00f3n consiste en ver estudiantes que crecen juntos en comunidades de disc\u00edpulos, que son transformados por el evangelio y que impactan a la","og_url":"https:\/\/ifesworld.org\/es\/nuestra-vision-global\/","og_site_name":"IFES","article_modified_time":"2024-01-24T11:48:55+00:00","og_image":[{"width":2048,"height":1365,"url":"https:\/\/ifesworld.org\/wp-content\/uploads\/2024\/01\/WDE09002-2.jpg","type":"image\/jpeg"}],"twitter_card":"summary_large_image","twitter_misc":{"Tiempo de lectura":"1 minuto"},"schema":{"@context":"https:\/\/schema.org","@graph":[{"@type":"WebPage","@id":"https:\/\/ifesworld.org\/es\/nuestra-vision-global\/","url":"https:\/\/ifesworld.org\/es\/nuestra-vision-global\/","name":"Nuestra visi\u00f3n global &#183; IFES","isPartOf":{"@id":"https:\/\/ifesworld.org\/es\/#website"},"primaryImageOfPage":{"@id":"https:\/\/ifesworld.org\/es\/nuestra-vision-global\/#primaryimage"},"image":{"@id":"https:\/\/ifesworld.org\/es\/nuestra-vision-global\/#primaryimage"},"thumbnailUrl":"https:\/\/ifesworld.org\/wp-content\/uploads\/2024\/01\/WDE09002-2.jpg","datePublished":"2019-04-17T07:55:25+00:00","dateModified":"2024-01-24T11:48:55+00:00","description":"Nuestra visi\u00f3n consiste en ver estudiantes que crecen juntos en comunidades de disc\u00edpulos, que son transformados por el evangelio y que impactan a la","breadcrumb":{"@id":"https:\/\/ifesworld.org\/es\/nuestra-vision-global\/#breadcrumb"},"inLanguage":"es","potentialAction":[{"@type":"ReadAction","target":["https:\/\/ifesworld.org\/es\/nuestra-vision-global\/"]}]},{"@type":"ImageObject","inLanguage":"es","@id":"https:\/\/ifesworld.org\/es\/nuestra-vision-global\/#primaryimage","url":"https:\/\/ifesworld.org\/wp-content\/uploads\/2024\/01\/WDE09002-2.jpg","contentUrl":"https:\/\/ifesworld.org\/wp-content\/uploads\/2024\/01\/WDE09002-2.jpg","width":2048,"height":1365},{"@type":"BreadcrumbList","@id":"https:\/\/ifesworld.org\/es\/nuestra-vision-global\/#breadcrumb","itemListElement":[{"@type":"ListItem","position":1,"name":"Home","item":"https:\/\/ifesworld.org\/es\/"},{"@type":"ListItem","position":2,"name":"Nuestra visi\u00f3n global"}]},{"@type":"WebSite","@id":"https:\/\/ifesworld.org\/es\/#website","url":"https:\/\/ifesworld.org\/es\/","name":"IFES","description":"A movement of students sharing and living out the good news of Jesus Christ. Locally. Nationally. Globally.","publisher":{"@id":"https:\/\/ifesworld.org\/es\/#organization"},"potentialAction":[{"@type":"SearchAction","target":{"@type":"EntryPoint","urlTemplate":"https:\/\/ifesworld.org\/es\/?s={search_term_string}"},"query-input":{"@type":"PropertyValueSpecification","valueRequired":true,"valueName":"search_term_string"}}],"inLanguage":"es"},{"@type":"Organization","@id":"https:\/\/ifesworld.org\/es\/#organization","name":"IFES \u00b7 International Fellowship of Evangelical Students","url":"https:\/\/ifesworld.org\/es\/","logo":{"@type":"ImageObject","inLanguage":"es","@id":"https:\/\/ifesworld.org\/es\/#\/schema\/logo\/image\/","url":"https:\/\/ifesworld.org\/wp-content\/uploads\/2019\/06\/ifeslogo.png","contentUrl":"https:\/\/ifesworld.org\/wp-content\/uploads\/2019\/06\/ifeslogo.png","width":262,"height":262,"caption":"IFES \u00b7 International Fellowship of Evangelical Students"},"image":{"@id":"https:\/\/ifesworld.org\/es\/#\/schema\/logo\/image\/"}}]}},"_links":{"self":[{"href":"https:\/\/ifesworld.org\/es\/wp-json\/wp\/v2\/pages\/262","targetHints":{"allow":["GET"]}}],"collection":[{"href":"https:\/\/ifesworld.org\/es\/wp-json\/wp\/v2\/pages"}],"about":[{"href":"https:\/\/ifesworld.org\/es\/wp-json\/wp\/v2\/types\/page"}],"author":[{"embeddable":true,"href":"https:\/\/ifesworld.org\/es\/wp-json\/wp\/v2\/users\/2"}],"replies":[{"embeddable":true,"href":"https:\/\/ifesworld.org\/es\/wp-json\/wp\/v2\/comments?post=262"}],"version-history":[{"count":0,"href":"https:\/\/ifesworld.org\/es\/wp-json\/wp\/v2\/pages\/262\/revisions"}],"wp:featuredmedia":[{"embeddable":true,"href":"https:\/\/ifesworld.org\/es\/wp-json\/wp\/v2\/media\/33337"}],"wp:attachment":[{"href":"https:\/\/ifesworld.org\/es\/wp-json\/wp\/v2\/media?parent=262"}],"wp:term":[{"taxonomy":"area","embeddable":true,"href":"https:\/\/ifesworld.org\/es\/wp-json\/wp\/v2\/area?post=262"},{"taxonomy":"theme","embeddable":true,"href":"https:\/\/ifesworld.org\/es\/wp-json\/wp\/v2\/theme?post=262"}],"curies":[{"name":"wp","href":"https:\/\/api.w.org\/{rel}","templated":true}]}}