{"id":247,"date":"2019-04-17T07:45:40","date_gmt":"2019-04-17T07:45:40","guid":{"rendered":"https:\/\/ifesworld.org\/landing\/la-comunidad\/"},"modified":"2024-01-24T15:26:02","modified_gmt":"2024-01-24T15:26:02","slug":"acercade","status":"publish","type":"page","link":"https:\/\/ifesworld.org\/es\/acercade\/","title":{"rendered":"ACERCA DE"},"content":{"rendered":"<div class=\"wp-block block-core-paragraph\">\n<p class=\"has-md-font-size wp-block-paragraph\"> Somos IFES: un movimiento de estudiantes que comparten y viven las Buenas Nuevas de Jesucristo.&nbsp;A nivel local, nacional y global.&nbsp; <\/p>\n<\/div>\n\n<div class=\"wp-block block-core-paragraph\">\n<p class=\"wp-block-paragraph\"> Moldeamos vidas y desarrollamos l\u00edderes que se implican en la universidad e impactan al mundo.&nbsp; <\/p>\n<\/div>\n\n<div class=\"wp-block block-acf-calltoactiongrid alignwide\">\n<section id=\"calltoactiongrid-block-block_17304d61f9ecbcb16a7db5472cfea7a8\" class=\"alignwide calltoaction--grid custom-post-list list--custom\">\n    <ul class='post-list items--3 flex flex--wrap flex--center-x no-style'>\n                <li class=\"post__item flex flex--column\">\n              <article>\n                  <figure class=\"image--absolute--center image--absolute--mask image--absolute--aspect-ratio aspect-ratio--4-3\">\n                    <img loading=\"lazy\" decoding=\"async\" width=\"300\" height=\"200\" src=\"https:\/\/ifesworld.org\/wp-content\/uploads\/2024\/01\/IFESWA2023_Finals_DK-168-2-300x200.jpg\" class=\"attachment-medium size-medium\" alt=\"\" srcset=\"https:\/\/ifesworld.org\/wp-content\/uploads\/2024\/01\/IFESWA2023_Finals_DK-168-2-300x200.jpg 300w, https:\/\/ifesworld.org\/wp-content\/uploads\/2024\/01\/IFESWA2023_Finals_DK-168-2-1024x683.jpg 1024w, https:\/\/ifesworld.org\/wp-content\/uploads\/2024\/01\/IFESWA2023_Finals_DK-168-2-768x512.jpg 768w, https:\/\/ifesworld.org\/wp-content\/uploads\/2024\/01\/IFESWA2023_Finals_DK-168-2-1536x1024.jpg 1536w, https:\/\/ifesworld.org\/wp-content\/uploads\/2024\/01\/IFESWA2023_Finals_DK-168-2.jpg 2048w\" sizes=\"auto, (max-width: 300px) 100vw, 300px\" \/>                  <\/figure>\n                  <div class=\"ctagrid__content flex flex--column flex--end\">\n                      <header class=\"ctagrid__header flex flex--center aspect-ratio--4-3\">\n                          <h2 class=\"h1 flex flex--column flex--center\">Nuestro trabajo<\/h2>\n                      <\/header>\n                      <p class=\"text--center\">Trabajamos para establecer y apoyar movimientos cristianos liderados por estudiantes aut\u00f3ctonos en m\u00e1s de 180 pa\u00edses.<\/p>\n                       \n<div class=\"align--center\">\n    <a id=\"calltoactiongrid-block-block_17304d61f9ecbcb16a7db5472cfea7a8\" target=\"\" href=\"https:\/\/ifesworld.org\/es\/nuestro-trabajo\/\" class=\"grid-cta__button btn btn--primary\">\n        <span>\n          Descubre m\u00e1s         <\/span>\n    <\/a>\n<\/div>\n\n                  <\/div>\n              <\/article>\n          <\/li>\n                <li class=\"post__item flex flex--column\">\n              <article>\n                  <figure class=\"image--absolute--center image--absolute--mask image--absolute--aspect-ratio aspect-ratio--4-3\">\n                    <img loading=\"lazy\" decoding=\"async\" width=\"300\" height=\"170\" src=\"https:\/\/ifesworld.org\/wp-content\/uploads\/2019\/06\/Together-Background-300x170.png\" class=\"attachment-medium size-medium\" alt=\"\" srcset=\"https:\/\/ifesworld.org\/wp-content\/uploads\/2019\/06\/Together-Background-300x169.png 300w, https:\/\/ifesworld.org\/wp-content\/uploads\/2019\/06\/Together-Background-768x434.png 768w, https:\/\/ifesworld.org\/wp-content\/uploads\/2019\/06\/Together-Background-1024x579.png 1024w, https:\/\/ifesworld.org\/wp-content\/uploads\/2019\/06\/Together-Background.png 1200w\" sizes=\"auto, (max-width: 300px) 100vw, 300px\" \/>                  <\/figure>\n                  <div class=\"ctagrid__content flex flex--column flex--end\">\n                      <header class=\"ctagrid__header flex flex--center aspect-ratio--4-3\">\n                          <h2 class=\"h1 flex flex--column flex--center\">Nuestra historia<\/h2>\n                      <\/header>\n                      <p class=\"text--center\">Descubre hasta d\u00f3nde hemos llegado y qu\u00e9 hacemos para seguir llevando el evangelio a las universidades del mundo.<\/p>\n                       \n<div class=\"align--center\">\n    <a id=\"calltoactiongrid-block-block_17304d61f9ecbcb16a7db5472cfea7a8\" target=\"\" href=\"https:\/\/ifesworld.org\/es\/juntos\/\" class=\"grid-cta__button btn btn--primary\">\n        <span>\n         Lee nuestra historia         <\/span>\n    <\/a>\n<\/div>\n\n                  <\/div>\n              <\/article>\n          <\/li>\n                <li class=\"post__item flex flex--column\">\n              <article>\n                  <figure class=\"image--absolute--center image--absolute--mask image--absolute--aspect-ratio aspect-ratio--4-3\">\n                    <img loading=\"lazy\" decoding=\"async\" width=\"300\" height=\"200\" src=\"https:\/\/ifesworld.org\/wp-content\/uploads\/2024\/01\/BEN03493-2-300x200.jpg\" class=\"attachment-medium size-medium\" alt=\"\" srcset=\"https:\/\/ifesworld.org\/wp-content\/uploads\/2024\/01\/BEN03493-2-300x200.jpg 300w, https:\/\/ifesworld.org\/wp-content\/uploads\/2024\/01\/BEN03493-2-1024x683.jpg 1024w, https:\/\/ifesworld.org\/wp-content\/uploads\/2024\/01\/BEN03493-2-768x512.jpg 768w, https:\/\/ifesworld.org\/wp-content\/uploads\/2024\/01\/BEN03493-2-1536x1024.jpg 1536w, https:\/\/ifesworld.org\/wp-content\/uploads\/2024\/01\/BEN03493-2.jpg 2048w\" sizes=\"auto, (max-width: 300px) 100vw, 300px\" \/>                  <\/figure>\n                  <div class=\"ctagrid__content flex flex--column flex--end\">\n                      <header class=\"ctagrid__header flex flex--center aspect-ratio--4-3\">\n                          <h2 class=\"h1 flex flex--column flex--center\">Nuestro equipo<\/h2>\n                      <\/header>\n                      <p class=\"text--center\">IFES est\u00e1 formado por estudiantes, personal y personas que apoyan el ministerio por todo el mundo.<\/p>\n                       \n<div class=\"align--center\">\n    <a id=\"calltoactiongrid-block-block_17304d61f9ecbcb16a7db5472cfea7a8\" target=\"\" href=\"https:\/\/ifesworld.org\/es\/nuestro-equipo-misionero\/\" class=\"grid-cta__button btn btn--primary\">\n        <span>\n        Conoce al equipo         <\/span>\n    <\/a>\n<\/div>\n\n                  <\/div>\n              <\/article>\n          <\/li>\n                <li class=\"post__item flex flex--column\">\n              <article>\n                  <figure class=\"image--absolute--center image--absolute--mask image--absolute--aspect-ratio aspect-ratio--4-3\">\n                    <img loading=\"lazy\" decoding=\"async\" width=\"300\" height=\"169\" src=\"https:\/\/ifesworld.org\/wp-content\/uploads\/2024\/01\/WDE00331-edited-1-300x169.jpg\" class=\"attachment-medium size-medium\" alt=\"\" srcset=\"https:\/\/ifesworld.org\/wp-content\/uploads\/2024\/01\/WDE00331-edited-1-300x169.jpg 300w, https:\/\/ifesworld.org\/wp-content\/uploads\/2024\/01\/WDE00331-edited-1-1024x576.jpg 1024w, https:\/\/ifesworld.org\/wp-content\/uploads\/2024\/01\/WDE00331-edited-1-768x432.jpg 768w, https:\/\/ifesworld.org\/wp-content\/uploads\/2024\/01\/WDE00331-edited-1-1536x864.jpg 1536w, https:\/\/ifesworld.org\/wp-content\/uploads\/2024\/01\/WDE00331-edited-1-2048x1152.jpg 2048w\" sizes=\"auto, (max-width: 300px) 100vw, 300px\" \/>                  <\/figure>\n                  <div class=\"ctagrid__content flex flex--column flex--end\">\n                      <header class=\"ctagrid__header flex flex--center aspect-ratio--4-3\">\n                          <h2 class=\"h1 flex flex--column flex--center\">Gobernanza de IFES<\/h2>\n                      <\/header>\n                      <p class=\"text--center\">Estamos comprometidos con el ministerio bien estructurado y liderado con sabidur\u00eda que honra a Dios.<\/p>\n                       \n<div class=\"align--center\">\n    <a id=\"calltoactiongrid-block-block_17304d61f9ecbcb16a7db5472cfea7a8\" target=\"\" href=\"https:\/\/ifesworld.org\/es\/nuestro-gobierno\/\" class=\"grid-cta__button btn btn--primary\">\n        <span>\n        Descubre m\u00e1s         <\/span>\n    <\/a>\n<\/div>\n\n                  <\/div>\n              <\/article>\n          <\/li>\n                <li class=\"post__item flex flex--column\">\n              <article>\n                  <figure class=\"image--absolute--center image--absolute--mask image--absolute--aspect-ratio aspect-ratio--4-3\">\n                    <img loading=\"lazy\" decoding=\"async\" width=\"300\" height=\"200\" src=\"https:\/\/ifesworld.org\/wp-content\/uploads\/2019\/06\/Think-Bigger-p15-300x200.jpg\" class=\"attachment-medium size-medium\" alt=\"\" srcset=\"https:\/\/ifesworld.org\/wp-content\/uploads\/2019\/06\/Think-Bigger-p15-300x200.jpg 300w, https:\/\/ifesworld.org\/wp-content\/uploads\/2019\/06\/Think-Bigger-p15-768x512.jpg 768w, https:\/\/ifesworld.org\/wp-content\/uploads\/2019\/06\/Think-Bigger-p15-1024x683.jpg 1024w\" sizes=\"auto, (max-width: 300px) 100vw, 300px\" \/>                  <\/figure>\n                  <div class=\"ctagrid__content flex flex--column flex--end\">\n                      <header class=\"ctagrid__header flex flex--center aspect-ratio--4-3\">\n                          <h2 class=\"h1 flex flex--column flex--center\">Creencias<\/h2>\n                      <\/header>\n                      <p class=\"text--center\">Somos una organizaci\u00f3n no denominacional y reunimos a cristianos de todas las culturas, idiomas y tradiciones cristianas.<\/p>\n                       \n<div class=\"align--center\">\n    <a id=\"calltoactiongrid-block-block_17304d61f9ecbcb16a7db5472cfea7a8\" target=\"\" href=\"https:\/\/ifesworld.org\/es\/lo-que-creemos\/\" class=\"grid-cta__button btn btn--primary\">\n        <span>\n        Qu\u00e9 creemos         <\/span>\n    <\/a>\n<\/div>\n\n                  <\/div>\n              <\/article>\n          <\/li>\n                <li class=\"post__item flex flex--column\">\n              <article>\n                  <figure class=\"image--absolute--center image--absolute--mask image--absolute--aspect-ratio aspect-ratio--4-3\">\n                    <img loading=\"lazy\" decoding=\"async\" width=\"300\" height=\"200\" src=\"https:\/\/ifesworld.org\/wp-content\/uploads\/2019\/06\/feedback-300x200.jpg\" class=\"attachment-medium size-medium\" alt=\"\" srcset=\"https:\/\/ifesworld.org\/wp-content\/uploads\/2019\/06\/feedback-300x200.jpg 300w, https:\/\/ifesworld.org\/wp-content\/uploads\/2019\/06\/feedback-768x511.jpg 768w, https:\/\/ifesworld.org\/wp-content\/uploads\/2019\/06\/feedback-1024x681.jpg 1024w\" sizes=\"auto, (max-width: 300px) 100vw, 300px\" \/>                  <\/figure>\n                  <div class=\"ctagrid__content flex flex--column flex--end\">\n                      <header class=\"ctagrid__header flex flex--center aspect-ratio--4-3\">\n                          <h2 class=\"h1 flex flex--column flex--center\">Contacto<\/h2>\n                      <\/header>\n                      <p class=\"text--center\">Contacta con IFES<\/p>\n                       \n<div class=\"align--center\">\n    <a id=\"calltoactiongrid-block-block_17304d61f9ecbcb16a7db5472cfea7a8\" target=\"\" href=\"https:\/\/ifesworld.org\/es\/contacto\/\" class=\"grid-cta__button btn btn--primary\">\n        <span>\n        Contacta con IFES        <\/span>\n    <\/a>\n<\/div>\n\n                  <\/div>\n              <\/article>\n          <\/li>\n          <\/ul>\n<\/section>\n<\/div>","protected":false},"excerpt":{"rendered":"<p>Somos IFES: un movimiento de estudiantes que comparten y viven las Buenas Nuevas de Jesucristo.&nbsp;A nivel local, nacional y global.&nbsp; Moldeamos vidas y desarrollamos l\u00edderes que se implican en la universidad e impactan al mundo.&nbsp;<\/p>\n","protected":false},"author":2,"featured_media":0,"parent":0,"menu_order":0,"comment_status":"closed","ping_status":"closed","template":"","meta":{"_acf_changed":false,"_crdt_document":"","inline_featured_image":false,"footnotes":""},"area":[],"theme":[],"class_list":["post-247","page","type-page","status-publish","hentry"],"acf":[],"yoast_head":"<!-- This site is optimized with the Yoast SEO plugin v27.2 - https:\/\/yoast.com\/product\/yoast-seo-wordpress\/ -->\n<title>ACERCA DE &#183; IFES<\/title>\n<meta name=\"description\" content=\"Somos IFES: un movimiento de estudiantes que comparten y viven las Buenas Nuevas de Jesucristo.&nbsp;A nivel local, nacional y global.&nbsp; Moldeamos\" \/>\n<meta name=\"robots\" content=\"index, follow, max-snippet:-1, max-image-preview:large, max-video-preview:-1\" \/>\n<link rel=\"canonical\" href=\"https:\/\/ifesworld.org\/es\/acercade\/\" \/>\n<meta property=\"og:locale\" content=\"es_ES\" \/>\n<meta property=\"og:type\" content=\"article\" \/>\n<meta property=\"og:title\" content=\"ACERCA DE &#183; IFES\" \/>\n<meta property=\"og:description\" content=\"Somos IFES: un movimiento de estudiantes que comparten y viven las Buenas Nuevas de Jesucristo.&nbsp;A nivel local, nacional y global.&nbsp; Moldeamos\" \/>\n<meta property=\"og:url\" content=\"https:\/\/ifesworld.org\/es\/acercade\/\" \/>\n<meta property=\"og:site_name\" content=\"IFES\" \/>\n<meta property=\"article:modified_time\" content=\"2024-01-24T15:26:02+00:00\" \/>\n<meta property=\"og:image\" content=\"https:\/\/ifesworld.org\/wp-content\/uploads\/2019\/06\/ifeslogo.png\" \/>\n\t<meta property=\"og:image:width\" content=\"262\" \/>\n\t<meta property=\"og:image:height\" content=\"262\" \/>\n\t<meta property=\"og:image:type\" content=\"image\/png\" \/>\n<meta name=\"twitter:card\" content=\"summary_large_image\" \/>\n<meta name=\"twitter:label1\" content=\"Tiempo de lectura\" \/>\n\t<meta name=\"twitter:data1\" content=\"1 minuto\" \/>\n<script type=\"application\/ld+json\" class=\"yoast-schema-graph\">{\"@context\":\"https:\/\/schema.org\",\"@graph\":[{\"@type\":\"WebPage\",\"@id\":\"https:\/\/ifesworld.org\/es\/acercade\/\",\"url\":\"https:\/\/ifesworld.org\/es\/acercade\/\",\"name\":\"ACERCA DE &#183; IFES\",\"isPartOf\":{\"@id\":\"https:\/\/ifesworld.org\/es\/#website\"},\"datePublished\":\"2019-04-17T07:45:40+00:00\",\"dateModified\":\"2024-01-24T15:26:02+00:00\",\"description\":\"Somos IFES: un movimiento de estudiantes que comparten y viven las Buenas Nuevas de Jesucristo.&nbsp;A nivel local, nacional y global.&nbsp; Moldeamos\",\"breadcrumb\":{\"@id\":\"https:\/\/ifesworld.org\/es\/acercade\/#breadcrumb\"},\"inLanguage\":\"es\",\"potentialAction\":[{\"@type\":\"ReadAction\",\"target\":[\"https:\/\/ifesworld.org\/es\/acercade\/\"]}]},{\"@type\":\"BreadcrumbList\",\"@id\":\"https:\/\/ifesworld.org\/es\/acercade\/#breadcrumb\",\"itemListElement\":[{\"@type\":\"ListItem\",\"position\":1,\"name\":\"Home\",\"item\":\"https:\/\/ifesworld.org\/es\/\"},{\"@type\":\"ListItem\",\"position\":2,\"name\":\"ACERCA DE\"}]},{\"@type\":\"WebSite\",\"@id\":\"https:\/\/ifesworld.org\/es\/#website\",\"url\":\"https:\/\/ifesworld.org\/es\/\",\"name\":\"IFES\",\"description\":\"A movement of students sharing and living out the good news of Jesus Christ. Locally. Nationally. Globally.\",\"publisher\":{\"@id\":\"https:\/\/ifesworld.org\/es\/#organization\"},\"potentialAction\":[{\"@type\":\"SearchAction\",\"target\":{\"@type\":\"EntryPoint\",\"urlTemplate\":\"https:\/\/ifesworld.org\/es\/?s={search_term_string}\"},\"query-input\":{\"@type\":\"PropertyValueSpecification\",\"valueRequired\":true,\"valueName\":\"search_term_string\"}}],\"inLanguage\":\"es\"},{\"@type\":\"Organization\",\"@id\":\"https:\/\/ifesworld.org\/es\/#organization\",\"name\":\"IFES \u00b7 International Fellowship of Evangelical Students\",\"url\":\"https:\/\/ifesworld.org\/es\/\",\"logo\":{\"@type\":\"ImageObject\",\"inLanguage\":\"es\",\"@id\":\"https:\/\/ifesworld.org\/es\/#\/schema\/logo\/image\/\",\"url\":\"https:\/\/ifesworld.org\/wp-content\/uploads\/2019\/06\/ifeslogo.png\",\"contentUrl\":\"https:\/\/ifesworld.org\/wp-content\/uploads\/2019\/06\/ifeslogo.png\",\"width\":262,\"height\":262,\"caption\":\"IFES \u00b7 International Fellowship of Evangelical Students\"},\"image\":{\"@id\":\"https:\/\/ifesworld.org\/es\/#\/schema\/logo\/image\/\"}}]}<\/script>\n<!-- \/ Yoast SEO plugin. -->","yoast_head_json":{"title":"ACERCA DE &#183; IFES","description":"Somos IFES: un movimiento de estudiantes que comparten y viven las Buenas Nuevas de Jesucristo.&nbsp;A nivel local, nacional y global.&nbsp; Moldeamos","robots":{"index":"index","follow":"follow","max-snippet":"max-snippet:-1","max-image-preview":"max-image-preview:large","max-video-preview":"max-video-preview:-1"},"canonical":"https:\/\/ifesworld.org\/es\/acercade\/","og_locale":"es_ES","og_type":"article","og_title":"ACERCA DE &#183; IFES","og_description":"Somos IFES: un movimiento de estudiantes que comparten y viven las Buenas Nuevas de Jesucristo.&nbsp;A nivel local, nacional y global.&nbsp; Moldeamos","og_url":"https:\/\/ifesworld.org\/es\/acercade\/","og_site_name":"IFES","article_modified_time":"2024-01-24T15:26:02+00:00","og_image":[{"width":262,"height":262,"url":"https:\/\/ifesworld.org\/wp-content\/uploads\/2019\/06\/ifeslogo.png","type":"image\/png"}],"twitter_card":"summary_large_image","twitter_misc":{"Tiempo de lectura":"1 minuto"},"schema":{"@context":"https:\/\/schema.org","@graph":[{"@type":"WebPage","@id":"https:\/\/ifesworld.org\/es\/acercade\/","url":"https:\/\/ifesworld.org\/es\/acercade\/","name":"ACERCA DE &#183; IFES","isPartOf":{"@id":"https:\/\/ifesworld.org\/es\/#website"},"datePublished":"2019-04-17T07:45:40+00:00","dateModified":"2024-01-24T15:26:02+00:00","description":"Somos IFES: un movimiento de estudiantes que comparten y viven las Buenas Nuevas de Jesucristo.&nbsp;A nivel local, nacional y global.&nbsp; Moldeamos","breadcrumb":{"@id":"https:\/\/ifesworld.org\/es\/acercade\/#breadcrumb"},"inLanguage":"es","potentialAction":[{"@type":"ReadAction","target":["https:\/\/ifesworld.org\/es\/acercade\/"]}]},{"@type":"BreadcrumbList","@id":"https:\/\/ifesworld.org\/es\/acercade\/#breadcrumb","itemListElement":[{"@type":"ListItem","position":1,"name":"Home","item":"https:\/\/ifesworld.org\/es\/"},{"@type":"ListItem","position":2,"name":"ACERCA DE"}]},{"@type":"WebSite","@id":"https:\/\/ifesworld.org\/es\/#website","url":"https:\/\/ifesworld.org\/es\/","name":"IFES","description":"A movement of students sharing and living out the good news of Jesus Christ. Locally. Nationally. Globally.","publisher":{"@id":"https:\/\/ifesworld.org\/es\/#organization"},"potentialAction":[{"@type":"SearchAction","target":{"@type":"EntryPoint","urlTemplate":"https:\/\/ifesworld.org\/es\/?s={search_term_string}"},"query-input":{"@type":"PropertyValueSpecification","valueRequired":true,"valueName":"search_term_string"}}],"inLanguage":"es"},{"@type":"Organization","@id":"https:\/\/ifesworld.org\/es\/#organization","name":"IFES \u00b7 International Fellowship of Evangelical Students","url":"https:\/\/ifesworld.org\/es\/","logo":{"@type":"ImageObject","inLanguage":"es","@id":"https:\/\/ifesworld.org\/es\/#\/schema\/logo\/image\/","url":"https:\/\/ifesworld.org\/wp-content\/uploads\/2019\/06\/ifeslogo.png","contentUrl":"https:\/\/ifesworld.org\/wp-content\/uploads\/2019\/06\/ifeslogo.png","width":262,"height":262,"caption":"IFES \u00b7 International Fellowship of Evangelical Students"},"image":{"@id":"https:\/\/ifesworld.org\/es\/#\/schema\/logo\/image\/"}}]}},"_links":{"self":[{"href":"https:\/\/ifesworld.org\/es\/wp-json\/wp\/v2\/pages\/247","targetHints":{"allow":["GET"]}}],"collection":[{"href":"https:\/\/ifesworld.org\/es\/wp-json\/wp\/v2\/pages"}],"about":[{"href":"https:\/\/ifesworld.org\/es\/wp-json\/wp\/v2\/types\/page"}],"author":[{"embeddable":true,"href":"https:\/\/ifesworld.org\/es\/wp-json\/wp\/v2\/users\/2"}],"replies":[{"embeddable":true,"href":"https:\/\/ifesworld.org\/es\/wp-json\/wp\/v2\/comments?post=247"}],"version-history":[{"count":0,"href":"https:\/\/ifesworld.org\/es\/wp-json\/wp\/v2\/pages\/247\/revisions"}],"wp:attachment":[{"href":"https:\/\/ifesworld.org\/es\/wp-json\/wp\/v2\/media?parent=247"}],"wp:term":[{"taxonomy":"area","embeddable":true,"href":"https:\/\/ifesworld.org\/es\/wp-json\/wp\/v2\/area?post=247"},{"taxonomy":"theme","embeddable":true,"href":"https:\/\/ifesworld.org\/es\/wp-json\/wp\/v2\/theme?post=247"}],"curies":[{"name":"wp","href":"https:\/\/api.w.org\/{rel}","templated":true}]}}