{"id":246,"date":"2019-04-17T07:44:48","date_gmt":"2019-04-17T07:44:48","guid":{"rendered":"https:\/\/ifesworld.org\/landing\/participar\/"},"modified":"2021-12-13T11:00:37","modified_gmt":"2021-12-13T11:00:37","slug":"participar","status":"publish","type":"page","link":"https:\/\/ifesworld.org\/es\/participar\/","title":{"rendered":"Participar"},"content":{"rendered":"<div class=\"wp-block block-core-paragraph\">\n<p class=\"has-md-font-size wp-block-paragraph\">Somos un movimiento global y trabajamos en m\u00e1s de 180 pa\u00edses, as\u00ed que hay muchas maneras de involucrarse en IFES.\u00a0<\/p>\n<\/div>\n\n<div class=\"wp-block block-core-paragraph\">\n<p class=\"wp-block-paragraph\"><a href=\"https:\/\/ifesworld.org\/es\/mundo\/\">Encuentra un grupo estudiantil<\/a>&nbsp;de uno de nuestros movimientos nacionales afiliados y \u00fanete a ellos o empieza a orar y apoyar su obra.&nbsp; <\/p>\n<\/div>\n\n<div class=\"wp-block block-core-paragraph\">\n<p class=\"wp-block-paragraph\"> Muchas de nuestras regiones y ministerios internacionales celebran reuniones para inspirar la evangelizaci\u00f3n, discipular a los estudiantes, equipar a los graduados, conectar acad\u00e9micos e implicarse en los retos importantes en la universidad.&nbsp;Visita <a href=\"https:\/\/ifesworld.org\/es\/mundo\/\">la p\u00e1gina de tu regi\u00f3n<\/a>&nbsp;y ponte en contacto con tu secretario\/a regional para descubrir m\u00e1s.&nbsp; <\/p>\n<\/div>\n\n<div class=\"wp-block block-core-paragraph\">\n<p class=\"wp-block-paragraph\"> Tambi\u00e9n puedes involucrarte a nivel global. Lee las historias de estudiantes de cerca y de lejos en nuestros&nbsp;<a href=\"https:\/\/ifesworld.org\/es\/prayerline\/\">art\u00edculos semanales de Prayerline.<\/a> \u00danete a cientos de estudiantes de todo el mundo para orar juntos el&nbsp;<a href=\"https:\/\/ifesworld.org\/es\/dme\/\">D\u00eda Mundial del Estudiante.<\/a>&nbsp; <\/p>\n<\/div>\n\n<div class=\"wp-block block-acf-calltoactiongrid alignwide\">\n<section id=\"calltoactiongrid-block-block_5d0cbb3a54170\" class=\"alignwide calltoaction--grid custom-post-list list--custom\">\n    <ul class='post-list items--3 flex flex--wrap flex--center-x no-style'>\n                <li class=\"post__item flex flex--column\">\n              <article>\n                  <figure class=\"image--absolute--center image--absolute--mask image--absolute--aspect-ratio aspect-ratio--4-3\">\n                    <img loading=\"lazy\" decoding=\"async\" width=\"300\" height=\"169\" src=\"https:\/\/ifesworld.org\/wp-content\/uploads\/2019\/06\/Connect-map-300x169.jpg\" class=\"attachment-medium size-medium\" alt=\"\" srcset=\"https:\/\/ifesworld.org\/wp-content\/uploads\/2019\/06\/Connect-map-300x169.jpg 300w, https:\/\/ifesworld.org\/wp-content\/uploads\/2019\/06\/Connect-map-768x432.jpg 768w, https:\/\/ifesworld.org\/wp-content\/uploads\/2019\/06\/Connect-map-1024x576.jpg 1024w, https:\/\/ifesworld.org\/wp-content\/uploads\/2019\/06\/Connect-map.jpg 1200w\" sizes=\"auto, (max-width: 300px) 100vw, 300px\" \/>                  <\/figure>\n                  <div class=\"ctagrid__content flex flex--column flex--end\">\n                      <header class=\"ctagrid__header flex flex--center aspect-ratio--4-3\">\n                          <h2 class=\"h1 flex flex--column flex--center\">Conecte<\/h2>\n                      <\/header>\n                      <p class=\"text--center\">Descubre el movimiento nacional de tu pa\u00eds y contacta con ellos para involucrarte.<\/p>\n                       \n<div class=\"align--center\">\n    <a id=\"calltoactiongrid-block-block_5d0cbb3a54170\" target=\"\" href=\"https:\/\/ifesworld.org\/es\/mundo\/\" class=\"grid-cta__button btn btn--primary\">\n        <span>\n        Busca ahora         <\/span>\n    <\/a>\n<\/div>\n\n                  <\/div>\n              <\/article>\n          <\/li>\n                <li class=\"post__item flex flex--column\">\n              <article>\n                  <figure class=\"image--absolute--center image--absolute--mask image--absolute--aspect-ratio aspect-ratio--4-3\">\n                    <img loading=\"lazy\" decoding=\"async\" width=\"300\" height=\"169\" src=\"https:\/\/ifesworld.org\/wp-content\/uploads\/2019\/06\/Pray-1-300x169.jpg\" class=\"attachment-medium size-medium\" alt=\"\" srcset=\"https:\/\/ifesworld.org\/wp-content\/uploads\/2019\/06\/Pray-1-300x169.jpg 300w, https:\/\/ifesworld.org\/wp-content\/uploads\/2019\/06\/Pray-1-768x432.jpg 768w, https:\/\/ifesworld.org\/wp-content\/uploads\/2019\/06\/Pray-1.jpg 1000w\" sizes=\"auto, (max-width: 300px) 100vw, 300px\" \/>                  <\/figure>\n                  <div class=\"ctagrid__content flex flex--column flex--end\">\n                      <header class=\"ctagrid__header flex flex--center aspect-ratio--4-3\">\n                          <h2 class=\"h1 flex flex--column flex--center\">Ora<\/h2>\n                      <\/header>\n                      <p class=\"text--center\">Lee las historias de diferentes movimientos estudiantiles de todo el mundo y ora con ellos regularmente.<\/p>\n                       \n<div class=\"align--center\">\n    <a id=\"calltoactiongrid-block-block_5d0cbb3a54170\" target=\"\" href=\"https:\/\/ifesworld.org\/es\/oren-por-la-universidad\/\" class=\"grid-cta__button btn btn--primary\">\n        <span>\n        Formas de orar            <\/span>\n    <\/a>\n<\/div>\n\n                  <\/div>\n              <\/article>\n          <\/li>\n                <li class=\"post__item flex flex--column\">\n              <article>\n                  <figure class=\"image--absolute--center image--absolute--mask image--absolute--aspect-ratio aspect-ratio--4-3\">\n                    <img loading=\"lazy\" decoding=\"async\" width=\"300\" height=\"200\" src=\"https:\/\/ifesworld.org\/wp-content\/uploads\/2019\/06\/19967251486_7e7729af5c_o-300x200.jpg\" class=\"attachment-medium size-medium\" alt=\"\" srcset=\"https:\/\/ifesworld.org\/wp-content\/uploads\/2019\/06\/19967251486_7e7729af5c_o-300x200.jpg 300w, https:\/\/ifesworld.org\/wp-content\/uploads\/2019\/06\/19967251486_7e7729af5c_o-768x512.jpg 768w, https:\/\/ifesworld.org\/wp-content\/uploads\/2019\/06\/19967251486_7e7729af5c_o.jpg 1000w\" sizes=\"auto, (max-width: 300px) 100vw, 300px\" \/>                  <\/figure>\n                  <div class=\"ctagrid__content flex flex--column flex--end\">\n                      <header class=\"ctagrid__header flex flex--center aspect-ratio--4-3\">\n                          <h2 class=\"h1 flex flex--column flex--center\">Dona<\/h2>\n                      <\/header>\n                      <p class=\"text--center\">Apoya a IFES hoy y ejerce un impacto global en las universidades del mundo.<\/p>\n                       \n<div class=\"align--center\">\n    <a id=\"calltoactiongrid-block-block_5d0cbb3a54170\" target=\"\" href=\"https:\/\/ifesworld.org\/es\/donar\/\" class=\"grid-cta__button btn btn--primary\">\n        <span>\n        Dona ahora         <\/span>\n    <\/a>\n<\/div>\n\n                  <\/div>\n              <\/article>\n          <\/li>\n          <\/ul>\n<\/section>\n<\/div>","protected":false},"excerpt":{"rendered":"<p>Somos un movimiento global y trabajamos en m\u00e1s de 180 pa\u00edses, as\u00ed que hay muchas maneras de involucrarse en IFES.\u00a0 Encuentra un grupo estudiantil&nbsp;de uno de nuestros movimientos nacionales afiliados y \u00fanete a ellos o empieza a orar y apoyar su obra.&nbsp; Muchas de nuestras regiones y ministerios internacionales celebran reuniones para inspirar la evangelizaci\u00f3n,&#8230;<\/p>\n","protected":false},"author":2,"featured_media":6621,"parent":0,"menu_order":0,"comment_status":"closed","ping_status":"closed","template":"","meta":{"_acf_changed":false,"_crdt_document":"","inline_featured_image":false,"footnotes":""},"area":[],"theme":[],"class_list":["post-246","page","type-page","status-publish","has-post-thumbnail","hentry"],"acf":[],"yoast_head":"<!-- This site is optimized with the Yoast SEO plugin v27.2 - https:\/\/yoast.com\/product\/yoast-seo-wordpress\/ -->\n<title>Participar &#183; IFES<\/title>\n<meta name=\"description\" content=\"Somos un movimiento global y trabajamos en m\u00e1s de 180 pa\u00edses, as\u00ed que hay muchas maneras de involucrarse en IFES.\u00a0 Encuentra un grupo estudiantil&nbsp;de\" \/>\n<meta name=\"robots\" content=\"index, follow, max-snippet:-1, max-image-preview:large, max-video-preview:-1\" \/>\n<link rel=\"canonical\" href=\"https:\/\/ifesworld.org\/es\/participar\/\" \/>\n<meta property=\"og:locale\" content=\"es_ES\" \/>\n<meta property=\"og:type\" content=\"article\" \/>\n<meta property=\"og:title\" content=\"Participar &#183; IFES\" \/>\n<meta property=\"og:description\" content=\"Somos un movimiento global y trabajamos en m\u00e1s de 180 pa\u00edses, as\u00ed que hay muchas maneras de involucrarse en IFES.\u00a0 Encuentra un grupo estudiantil&nbsp;de\" \/>\n<meta property=\"og:url\" content=\"https:\/\/ifesworld.org\/es\/participar\/\" \/>\n<meta property=\"og:site_name\" content=\"IFES\" \/>\n<meta property=\"article:modified_time\" content=\"2021-12-13T11:00:37+00:00\" \/>\n<meta property=\"og:image\" content=\"https:\/\/ifesworld.org\/wp-content\/uploads\/2019\/06\/Get-involved-header.jpg\" \/>\n\t<meta property=\"og:image:width\" content=\"1200\" \/>\n\t<meta property=\"og:image:height\" content=\"675\" \/>\n\t<meta property=\"og:image:type\" content=\"image\/jpeg\" \/>\n<meta name=\"twitter:card\" content=\"summary_large_image\" \/>\n<meta name=\"twitter:label1\" content=\"Tiempo de lectura\" \/>\n\t<meta name=\"twitter:data1\" content=\"1 minuto\" \/>\n<script type=\"application\/ld+json\" class=\"yoast-schema-graph\">{\"@context\":\"https:\/\/schema.org\",\"@graph\":[{\"@type\":\"WebPage\",\"@id\":\"https:\/\/ifesworld.org\/es\/participar\/\",\"url\":\"https:\/\/ifesworld.org\/es\/participar\/\",\"name\":\"Participar &#183; IFES\",\"isPartOf\":{\"@id\":\"https:\/\/ifesworld.org\/es\/#website\"},\"primaryImageOfPage\":{\"@id\":\"https:\/\/ifesworld.org\/es\/participar\/#primaryimage\"},\"image\":{\"@id\":\"https:\/\/ifesworld.org\/es\/participar\/#primaryimage\"},\"thumbnailUrl\":\"https:\/\/ifesworld.org\/wp-content\/uploads\/2019\/06\/Get-involved-header.jpg\",\"datePublished\":\"2019-04-17T07:44:48+00:00\",\"dateModified\":\"2021-12-13T11:00:37+00:00\",\"description\":\"Somos un movimiento global y trabajamos en m\u00e1s de 180 pa\u00edses, as\u00ed que hay muchas maneras de involucrarse en IFES.\u00a0 Encuentra un grupo estudiantil&nbsp;de\",\"breadcrumb\":{\"@id\":\"https:\/\/ifesworld.org\/es\/participar\/#breadcrumb\"},\"inLanguage\":\"es\",\"potentialAction\":[{\"@type\":\"ReadAction\",\"target\":[\"https:\/\/ifesworld.org\/es\/participar\/\"]}]},{\"@type\":\"ImageObject\",\"inLanguage\":\"es\",\"@id\":\"https:\/\/ifesworld.org\/es\/participar\/#primaryimage\",\"url\":\"https:\/\/ifesworld.org\/wp-content\/uploads\/2019\/06\/Get-involved-header.jpg\",\"contentUrl\":\"https:\/\/ifesworld.org\/wp-content\/uploads\/2019\/06\/Get-involved-header.jpg\",\"width\":1200,\"height\":675},{\"@type\":\"BreadcrumbList\",\"@id\":\"https:\/\/ifesworld.org\/es\/participar\/#breadcrumb\",\"itemListElement\":[{\"@type\":\"ListItem\",\"position\":1,\"name\":\"Home\",\"item\":\"https:\/\/ifesworld.org\/es\/\"},{\"@type\":\"ListItem\",\"position\":2,\"name\":\"Participar\"}]},{\"@type\":\"WebSite\",\"@id\":\"https:\/\/ifesworld.org\/es\/#website\",\"url\":\"https:\/\/ifesworld.org\/es\/\",\"name\":\"IFES\",\"description\":\"A movement of students sharing and living out the good news of Jesus Christ. Locally. Nationally. Globally.\",\"publisher\":{\"@id\":\"https:\/\/ifesworld.org\/es\/#organization\"},\"potentialAction\":[{\"@type\":\"SearchAction\",\"target\":{\"@type\":\"EntryPoint\",\"urlTemplate\":\"https:\/\/ifesworld.org\/es\/?s={search_term_string}\"},\"query-input\":{\"@type\":\"PropertyValueSpecification\",\"valueRequired\":true,\"valueName\":\"search_term_string\"}}],\"inLanguage\":\"es\"},{\"@type\":\"Organization\",\"@id\":\"https:\/\/ifesworld.org\/es\/#organization\",\"name\":\"IFES \u00b7 International Fellowship of Evangelical Students\",\"url\":\"https:\/\/ifesworld.org\/es\/\",\"logo\":{\"@type\":\"ImageObject\",\"inLanguage\":\"es\",\"@id\":\"https:\/\/ifesworld.org\/es\/#\/schema\/logo\/image\/\",\"url\":\"https:\/\/ifesworld.org\/wp-content\/uploads\/2019\/06\/ifeslogo.png\",\"contentUrl\":\"https:\/\/ifesworld.org\/wp-content\/uploads\/2019\/06\/ifeslogo.png\",\"width\":262,\"height\":262,\"caption\":\"IFES \u00b7 International Fellowship of Evangelical Students\"},\"image\":{\"@id\":\"https:\/\/ifesworld.org\/es\/#\/schema\/logo\/image\/\"}}]}<\/script>\n<!-- \/ Yoast SEO plugin. -->","yoast_head_json":{"title":"Participar &#183; IFES","description":"Somos un movimiento global y trabajamos en m\u00e1s de 180 pa\u00edses, as\u00ed que hay muchas maneras de involucrarse en IFES.\u00a0 Encuentra un grupo estudiantil&nbsp;de","robots":{"index":"index","follow":"follow","max-snippet":"max-snippet:-1","max-image-preview":"max-image-preview:large","max-video-preview":"max-video-preview:-1"},"canonical":"https:\/\/ifesworld.org\/es\/participar\/","og_locale":"es_ES","og_type":"article","og_title":"Participar &#183; IFES","og_description":"Somos un movimiento global y trabajamos en m\u00e1s de 180 pa\u00edses, as\u00ed que hay muchas maneras de involucrarse en IFES.\u00a0 Encuentra un grupo estudiantil&nbsp;de","og_url":"https:\/\/ifesworld.org\/es\/participar\/","og_site_name":"IFES","article_modified_time":"2021-12-13T11:00:37+00:00","og_image":[{"width":1200,"height":675,"url":"https:\/\/ifesworld.org\/wp-content\/uploads\/2019\/06\/Get-involved-header.jpg","type":"image\/jpeg"}],"twitter_card":"summary_large_image","twitter_misc":{"Tiempo de lectura":"1 minuto"},"schema":{"@context":"https:\/\/schema.org","@graph":[{"@type":"WebPage","@id":"https:\/\/ifesworld.org\/es\/participar\/","url":"https:\/\/ifesworld.org\/es\/participar\/","name":"Participar &#183; IFES","isPartOf":{"@id":"https:\/\/ifesworld.org\/es\/#website"},"primaryImageOfPage":{"@id":"https:\/\/ifesworld.org\/es\/participar\/#primaryimage"},"image":{"@id":"https:\/\/ifesworld.org\/es\/participar\/#primaryimage"},"thumbnailUrl":"https:\/\/ifesworld.org\/wp-content\/uploads\/2019\/06\/Get-involved-header.jpg","datePublished":"2019-04-17T07:44:48+00:00","dateModified":"2021-12-13T11:00:37+00:00","description":"Somos un movimiento global y trabajamos en m\u00e1s de 180 pa\u00edses, as\u00ed que hay muchas maneras de involucrarse en IFES.\u00a0 Encuentra un grupo estudiantil&nbsp;de","breadcrumb":{"@id":"https:\/\/ifesworld.org\/es\/participar\/#breadcrumb"},"inLanguage":"es","potentialAction":[{"@type":"ReadAction","target":["https:\/\/ifesworld.org\/es\/participar\/"]}]},{"@type":"ImageObject","inLanguage":"es","@id":"https:\/\/ifesworld.org\/es\/participar\/#primaryimage","url":"https:\/\/ifesworld.org\/wp-content\/uploads\/2019\/06\/Get-involved-header.jpg","contentUrl":"https:\/\/ifesworld.org\/wp-content\/uploads\/2019\/06\/Get-involved-header.jpg","width":1200,"height":675},{"@type":"BreadcrumbList","@id":"https:\/\/ifesworld.org\/es\/participar\/#breadcrumb","itemListElement":[{"@type":"ListItem","position":1,"name":"Home","item":"https:\/\/ifesworld.org\/es\/"},{"@type":"ListItem","position":2,"name":"Participar"}]},{"@type":"WebSite","@id":"https:\/\/ifesworld.org\/es\/#website","url":"https:\/\/ifesworld.org\/es\/","name":"IFES","description":"A movement of students sharing and living out the good news of Jesus Christ. Locally. Nationally. Globally.","publisher":{"@id":"https:\/\/ifesworld.org\/es\/#organization"},"potentialAction":[{"@type":"SearchAction","target":{"@type":"EntryPoint","urlTemplate":"https:\/\/ifesworld.org\/es\/?s={search_term_string}"},"query-input":{"@type":"PropertyValueSpecification","valueRequired":true,"valueName":"search_term_string"}}],"inLanguage":"es"},{"@type":"Organization","@id":"https:\/\/ifesworld.org\/es\/#organization","name":"IFES \u00b7 International Fellowship of Evangelical Students","url":"https:\/\/ifesworld.org\/es\/","logo":{"@type":"ImageObject","inLanguage":"es","@id":"https:\/\/ifesworld.org\/es\/#\/schema\/logo\/image\/","url":"https:\/\/ifesworld.org\/wp-content\/uploads\/2019\/06\/ifeslogo.png","contentUrl":"https:\/\/ifesworld.org\/wp-content\/uploads\/2019\/06\/ifeslogo.png","width":262,"height":262,"caption":"IFES \u00b7 International Fellowship of Evangelical Students"},"image":{"@id":"https:\/\/ifesworld.org\/es\/#\/schema\/logo\/image\/"}}]}},"_links":{"self":[{"href":"https:\/\/ifesworld.org\/es\/wp-json\/wp\/v2\/pages\/246","targetHints":{"allow":["GET"]}}],"collection":[{"href":"https:\/\/ifesworld.org\/es\/wp-json\/wp\/v2\/pages"}],"about":[{"href":"https:\/\/ifesworld.org\/es\/wp-json\/wp\/v2\/types\/page"}],"author":[{"embeddable":true,"href":"https:\/\/ifesworld.org\/es\/wp-json\/wp\/v2\/users\/2"}],"replies":[{"embeddable":true,"href":"https:\/\/ifesworld.org\/es\/wp-json\/wp\/v2\/comments?post=246"}],"version-history":[{"count":0,"href":"https:\/\/ifesworld.org\/es\/wp-json\/wp\/v2\/pages\/246\/revisions"}],"wp:featuredmedia":[{"embeddable":true,"href":"https:\/\/ifesworld.org\/es\/wp-json\/wp\/v2\/media\/6621"}],"wp:attachment":[{"href":"https:\/\/ifesworld.org\/es\/wp-json\/wp\/v2\/media?parent=246"}],"wp:term":[{"taxonomy":"area","embeddable":true,"href":"https:\/\/ifesworld.org\/es\/wp-json\/wp\/v2\/area?post=246"},{"taxonomy":"theme","embeddable":true,"href":"https:\/\/ifesworld.org\/es\/wp-json\/wp\/v2\/theme?post=246"}],"curies":[{"name":"wp","href":"https:\/\/api.w.org\/{rel}","templated":true}]}}