{"id":240,"date":"2019-04-17T07:38:03","date_gmt":"2019-04-17T07:38:03","guid":{"rendered":"https:\/\/ifesworld.org\/landing\/ifes\/"},"modified":"2019-04-29T07:21:25","modified_gmt":"2019-04-29T07:21:25","slug":"ifes","status":"publish","type":"page","link":"https:\/\/ifesworld.org\/es\/ifes\/","title":{"rendered":"IFES"},"content":{"rendered":"<div class=\"wp-block block-core-paragraph\">\n<p class=\"wp-block-paragraph\">Los estudiantes de hoy son los l\u00edderes mundiales del ma\u00f1ana. Sin embargo, las universidades, aunque son centros de pensamiento, liderazgo e innovaci\u00f3n, no logran comprometerse con las verdades cristianas fundacionales. Como resultado, los estudiantes est\u00e1n siendo enviados al mundo sin estar preparados para ser los l\u00edderes de la integridad que el mundo necesita desesperadamente.<br>Nuestro llamamiento principal es involucrar a la Universidad, y apoyar a los estudiantes en este momento crucial cuando est\u00e1n expuestos a las filosof\u00edas y teor\u00edas prevalecientes a las que son capaces de aportar una perspectiva cristiana<\/p>\n<\/div><div class=\"wp-block block-core-heading\">\n<h2 class=\"wp-block-heading\">\u00bfC\u00f3mo trabajamos<\/h2>\n<\/div><div class=\"wp-block block-core-paragraph\">\n<p class=\"wp-block-paragraph\">La mayor\u00eda de nuestros programas y servicios est\u00e1n dirigidos a apoyar el Ministerio estudiantil en las siguientes \u00e1reas.<\/p>\n<\/div><div class=\"wp-block block-core-button\">\n<div class=\"wp-block-button\"><a class=\"wp-block-button__link\" href=\"https:\/\/www.google.com\">Esto es una prueba<\/a><\/div>\n<\/div><div class=\"wp-block block-jsforwp-register-demo\">\n<div class=\"wp-block-jsforwp-register-demo\"><h2>registerBlockType explicado<\/h2><pre><abbr class='c2c-text-hover' title='WordPress'>WP<\/abbr>. blocks. registerBlockType (\n ' namespace\/nombre-bloque ',\n {\n<strong> <em>\/\/Localize el t\u00edtulo usando <abbr class='c2c-text-hover' title='WordPress'>WP<\/abbr>. i18n. $ _\n ()<\/em> title: _ (' Block demo ', ' textdomain '),\n <em>\/\/Categor\u00eda opciones: com\u00fan, formato, dise\u00f1o, widgets, incrustar\n<\/em> Categor\u00eda: ' com\u00fan ',\n <em>\/\/Opciones de dashicons-\n icono https:\/\/goo.GL\/aTM1DQ<\/em> : ' WordPress-Alt ',\n <em>\/\/L\u00edmite de 3 palabras clave\/\n frases<\/em> palabras clave: [\n (' Ejemplo ', ' textdomain '),\n (' Proyecto ', ' textdomain '),\n (' Ejemplos de c\u00f3digo ', ' textdomain ')\n ],\n <em>\/\/Habilitar o deshabilitar la compatibilidad con\n las caracter\u00edsticas<\/em> admite: {\n HTML: false\n },\n <em>\/\/Atributos establecidos para cada fragmento de datos din\u00e1micos utilizados en sus atributos\n de bloque<\/em> : {\n contenido: {\n tipo: ' array ',\n Fuente: ' ni\u00f1os ',\n Selector: ' div.my-Content ',\n },\n },\n <em>\/\/Determina lo que se muestra en el\n editor<\/em> Edit: Props = &gt; {\n const onChangeContent = value = &gt; {\n props. setAttributes ({contenido: Value});\n };\n devolver\n        &lt;div className = {props. className} &gt;\n          &lt;RichText\n tagName = \"div\"\n Multiline = \"p\"\n className = \"mi-Content\"\n placeholder = {_ (' a\u00f1adir contenido... ', ' textdomain ')}\n Value = {props. Attributes. Content}\n onChange = {onChangeContent}\n \/&gt;\n        &lt;\/div &gt;\n );\n },\n <em>\/\/Determina lo que se muestra en el\n front-end<\/em> Save: Props = &gt; {\n devolver\n        &lt;div className = {props. className} &gt;\n          &lt;div class = \"mi-Content\" &gt;\n {props. Attributes. Content}\n          &lt;\/div &gt;\n        &lt;\/div &gt;\n );\n },\n<\/strong> },\n);<\/pre><\/div>\n<\/div><div class=\"wp-block block-jsforwphowto-demo\">\n<div class=\"wp-block-jsforwphowto-demo\"><h2>Llamada a la acci\u00f3n<\/h2><div class=\"message-body\"><p>Hola<\/p><\/div><\/div>\n<\/div>","protected":false},"excerpt":{"rendered":"<p>Los estudiantes de hoy son los l\u00edderes mundiales del ma\u00f1ana. Sin embargo, las universidades, aunque son centros de pensamiento, liderazgo e innovaci\u00f3n, no logran comprometerse con las verdades cristianas fundacionales. Como resultado, los estudiantes est\u00e1n siendo enviados al mundo sin estar preparados para ser los l\u00edderes de la integridad que el mundo necesita desesperadamente.Nuestro llamamiento&#8230;<\/p>\n","protected":false},"author":0,"featured_media":0,"parent":0,"menu_order":0,"comment_status":"closed","ping_status":"closed","template":"","meta":{"_acf_changed":false,"_crdt_document":"","inline_featured_image":false,"footnotes":""},"area":[],"theme":[],"class_list":["post-240","page","type-page","status-publish","hentry"],"acf":[],"yoast_head":"<!-- This site is optimized with the Yoast SEO plugin v27.2 - https:\/\/yoast.com\/product\/yoast-seo-wordpress\/ -->\n<title>IFES &#183; IFES<\/title>\n<meta name=\"description\" content=\"Los estudiantes de hoy son los l\u00edderes mundiales del ma\u00f1ana. Sin embargo, las universidades, aunque son centros de pensamiento, liderazgo e innovaci\u00f3n, no\" \/>\n<meta name=\"robots\" content=\"index, follow, max-snippet:-1, max-image-preview:large, max-video-preview:-1\" \/>\n<link rel=\"canonical\" href=\"https:\/\/ifesworld.org\/es\/ifes\/\" \/>\n<meta property=\"og:locale\" content=\"es_ES\" \/>\n<meta property=\"og:type\" content=\"article\" \/>\n<meta property=\"og:title\" content=\"IFES &#183; IFES\" \/>\n<meta property=\"og:description\" content=\"Los estudiantes de hoy son los l\u00edderes mundiales del ma\u00f1ana. Sin embargo, las universidades, aunque son centros de pensamiento, liderazgo e innovaci\u00f3n, no\" \/>\n<meta property=\"og:url\" content=\"https:\/\/ifesworld.org\/es\/ifes\/\" \/>\n<meta property=\"og:site_name\" content=\"IFES\" \/>\n<meta property=\"article:modified_time\" content=\"2019-04-29T07:21:25+00:00\" \/>\n<meta property=\"og:image\" content=\"https:\/\/ifesworld.org\/wp-content\/uploads\/2019\/06\/ifeslogo.png\" \/>\n\t<meta property=\"og:image:width\" content=\"262\" \/>\n\t<meta property=\"og:image:height\" content=\"262\" \/>\n\t<meta property=\"og:image:type\" content=\"image\/png\" \/>\n<meta name=\"twitter:card\" content=\"summary_large_image\" \/>\n<meta name=\"twitter:label1\" content=\"Tiempo de lectura\" \/>\n\t<meta name=\"twitter:data1\" content=\"2 minutos\" \/>\n<script type=\"application\/ld+json\" class=\"yoast-schema-graph\">{\"@context\":\"https:\/\/schema.org\",\"@graph\":[{\"@type\":\"WebPage\",\"@id\":\"https:\/\/ifesworld.org\/es\/ifes\/\",\"url\":\"https:\/\/ifesworld.org\/es\/ifes\/\",\"name\":\"IFES &#183; IFES\",\"isPartOf\":{\"@id\":\"https:\/\/ifesworld.org\/es\/#website\"},\"datePublished\":\"2019-04-17T07:38:03+00:00\",\"dateModified\":\"2019-04-29T07:21:25+00:00\",\"description\":\"Los estudiantes de hoy son los l\u00edderes mundiales del ma\u00f1ana. Sin embargo, las universidades, aunque son centros de pensamiento, liderazgo e innovaci\u00f3n, no\",\"breadcrumb\":{\"@id\":\"https:\/\/ifesworld.org\/es\/ifes\/#breadcrumb\"},\"inLanguage\":\"es\",\"potentialAction\":[{\"@type\":\"ReadAction\",\"target\":[\"https:\/\/ifesworld.org\/es\/ifes\/\"]}]},{\"@type\":\"BreadcrumbList\",\"@id\":\"https:\/\/ifesworld.org\/es\/ifes\/#breadcrumb\",\"itemListElement\":[{\"@type\":\"ListItem\",\"position\":1,\"name\":\"Home\",\"item\":\"https:\/\/ifesworld.org\/es\/\"},{\"@type\":\"ListItem\",\"position\":2,\"name\":\"IFES\"}]},{\"@type\":\"WebSite\",\"@id\":\"https:\/\/ifesworld.org\/es\/#website\",\"url\":\"https:\/\/ifesworld.org\/es\/\",\"name\":\"IFES\",\"description\":\"A movement of students sharing and living out the good news of Jesus Christ. Locally. Nationally. Globally.\",\"publisher\":{\"@id\":\"https:\/\/ifesworld.org\/es\/#organization\"},\"potentialAction\":[{\"@type\":\"SearchAction\",\"target\":{\"@type\":\"EntryPoint\",\"urlTemplate\":\"https:\/\/ifesworld.org\/es\/?s={search_term_string}\"},\"query-input\":{\"@type\":\"PropertyValueSpecification\",\"valueRequired\":true,\"valueName\":\"search_term_string\"}}],\"inLanguage\":\"es\"},{\"@type\":\"Organization\",\"@id\":\"https:\/\/ifesworld.org\/es\/#organization\",\"name\":\"IFES \u00b7 International Fellowship of Evangelical Students\",\"url\":\"https:\/\/ifesworld.org\/es\/\",\"logo\":{\"@type\":\"ImageObject\",\"inLanguage\":\"es\",\"@id\":\"https:\/\/ifesworld.org\/es\/#\/schema\/logo\/image\/\",\"url\":\"https:\/\/ifesworld.org\/wp-content\/uploads\/2019\/06\/ifeslogo.png\",\"contentUrl\":\"https:\/\/ifesworld.org\/wp-content\/uploads\/2019\/06\/ifeslogo.png\",\"width\":262,\"height\":262,\"caption\":\"IFES \u00b7 International Fellowship of Evangelical Students\"},\"image\":{\"@id\":\"https:\/\/ifesworld.org\/es\/#\/schema\/logo\/image\/\"}}]}<\/script>\n<!-- \/ Yoast SEO plugin. -->","yoast_head_json":{"title":"IFES &#183; IFES","description":"Los estudiantes de hoy son los l\u00edderes mundiales del ma\u00f1ana. Sin embargo, las universidades, aunque son centros de pensamiento, liderazgo e innovaci\u00f3n, no","robots":{"index":"index","follow":"follow","max-snippet":"max-snippet:-1","max-image-preview":"max-image-preview:large","max-video-preview":"max-video-preview:-1"},"canonical":"https:\/\/ifesworld.org\/es\/ifes\/","og_locale":"es_ES","og_type":"article","og_title":"IFES &#183; IFES","og_description":"Los estudiantes de hoy son los l\u00edderes mundiales del ma\u00f1ana. Sin embargo, las universidades, aunque son centros de pensamiento, liderazgo e innovaci\u00f3n, no","og_url":"https:\/\/ifesworld.org\/es\/ifes\/","og_site_name":"IFES","article_modified_time":"2019-04-29T07:21:25+00:00","og_image":[{"width":262,"height":262,"url":"https:\/\/ifesworld.org\/wp-content\/uploads\/2019\/06\/ifeslogo.png","type":"image\/png"}],"twitter_card":"summary_large_image","twitter_misc":{"Tiempo de lectura":"2 minutos"},"schema":{"@context":"https:\/\/schema.org","@graph":[{"@type":"WebPage","@id":"https:\/\/ifesworld.org\/es\/ifes\/","url":"https:\/\/ifesworld.org\/es\/ifes\/","name":"IFES &#183; IFES","isPartOf":{"@id":"https:\/\/ifesworld.org\/es\/#website"},"datePublished":"2019-04-17T07:38:03+00:00","dateModified":"2019-04-29T07:21:25+00:00","description":"Los estudiantes de hoy son los l\u00edderes mundiales del ma\u00f1ana. Sin embargo, las universidades, aunque son centros de pensamiento, liderazgo e innovaci\u00f3n, no","breadcrumb":{"@id":"https:\/\/ifesworld.org\/es\/ifes\/#breadcrumb"},"inLanguage":"es","potentialAction":[{"@type":"ReadAction","target":["https:\/\/ifesworld.org\/es\/ifes\/"]}]},{"@type":"BreadcrumbList","@id":"https:\/\/ifesworld.org\/es\/ifes\/#breadcrumb","itemListElement":[{"@type":"ListItem","position":1,"name":"Home","item":"https:\/\/ifesworld.org\/es\/"},{"@type":"ListItem","position":2,"name":"IFES"}]},{"@type":"WebSite","@id":"https:\/\/ifesworld.org\/es\/#website","url":"https:\/\/ifesworld.org\/es\/","name":"IFES","description":"A movement of students sharing and living out the good news of Jesus Christ. Locally. Nationally. Globally.","publisher":{"@id":"https:\/\/ifesworld.org\/es\/#organization"},"potentialAction":[{"@type":"SearchAction","target":{"@type":"EntryPoint","urlTemplate":"https:\/\/ifesworld.org\/es\/?s={search_term_string}"},"query-input":{"@type":"PropertyValueSpecification","valueRequired":true,"valueName":"search_term_string"}}],"inLanguage":"es"},{"@type":"Organization","@id":"https:\/\/ifesworld.org\/es\/#organization","name":"IFES \u00b7 International Fellowship of Evangelical Students","url":"https:\/\/ifesworld.org\/es\/","logo":{"@type":"ImageObject","inLanguage":"es","@id":"https:\/\/ifesworld.org\/es\/#\/schema\/logo\/image\/","url":"https:\/\/ifesworld.org\/wp-content\/uploads\/2019\/06\/ifeslogo.png","contentUrl":"https:\/\/ifesworld.org\/wp-content\/uploads\/2019\/06\/ifeslogo.png","width":262,"height":262,"caption":"IFES \u00b7 International Fellowship of Evangelical Students"},"image":{"@id":"https:\/\/ifesworld.org\/es\/#\/schema\/logo\/image\/"}}]}},"_links":{"self":[{"href":"https:\/\/ifesworld.org\/es\/wp-json\/wp\/v2\/pages\/240","targetHints":{"allow":["GET"]}}],"collection":[{"href":"https:\/\/ifesworld.org\/es\/wp-json\/wp\/v2\/pages"}],"about":[{"href":"https:\/\/ifesworld.org\/es\/wp-json\/wp\/v2\/types\/page"}],"replies":[{"embeddable":true,"href":"https:\/\/ifesworld.org\/es\/wp-json\/wp\/v2\/comments?post=240"}],"version-history":[{"count":0,"href":"https:\/\/ifesworld.org\/es\/wp-json\/wp\/v2\/pages\/240\/revisions"}],"wp:attachment":[{"href":"https:\/\/ifesworld.org\/es\/wp-json\/wp\/v2\/media?parent=240"}],"wp:term":[{"taxonomy":"area","embeddable":true,"href":"https:\/\/ifesworld.org\/es\/wp-json\/wp\/v2\/area?post=240"},{"taxonomy":"theme","embeddable":true,"href":"https:\/\/ifesworld.org\/es\/wp-json\/wp\/v2\/theme?post=240"}],"curies":[{"name":"wp","href":"https:\/\/api.w.org\/{rel}","templated":true}]}}