{"id":19933,"date":"2022-10-03T14:19:43","date_gmt":"2022-10-03T13:19:43","guid":{"rendered":"https:\/\/ifesworld.org\/?page_id=19933"},"modified":"2026-01-16T10:38:49","modified_gmt":"2026-01-16T10:38:49","slug":"asamblea-mundial-de-ifes","status":"publish","type":"page","link":"https:\/\/ifesworld.org\/es\/asamblea-mundial-de-ifes\/","title":{"rendered":"ASAMBLEA MUNDIAL DE IFES"},"content":{"rendered":"<div class=\"wp-block block-core-group alignfull\">\n<div class=\"wp-block-group alignfull has-europe-background-color has-background\" id=\"hosts\"><div class=\"wp-block-group__inner-container is-layout-flow wp-block-group-is-layout-flow\"><div class=\"wp-block block-core-heading wp-elements-1370048c49638b2591085fc0d7f9174f\">\n<h3 class=\"wp-block-heading has-white-color has-text-color has-link-color wp-elements-1370048c49638b2591085fc0d7f9174f\">Cada cuatro a\u00f1os, la familia global de IFES se re\u00fane en un solo lugar para la Asamblea Mundial. Es un momento para compartir experiencias e ideas, fomentar el sentido de comunidad y las colaboraciones, y discernir el liderazgo de Dios para el ministerio local e internacional.\u00a0<\/h3>\n<\/div>\n\n<div class=\"wp-block block-core-heading wp-elements-5d02eeb7cd96cf91005b3acab3ced776\">\n<h3 class=\"wp-block-heading has-white-color has-text-color has-link-color wp-elements-5d02eeb7cd96cf91005b3acab3ced776\"><strong>Nos alegra anunciar que nuestras hermanas y hermanos de <a href=\"https:\/\/cui.ie\/\" target=\"_blank\" rel=\"noreferrer noopener\">Grupos B\u00edblicos Universitarios de Irlanda (CUI)<\/a> nos recibir\u00e1n con los brazos abiertos en 2027. Puedes ver su anuncio en <a href=\"https:\/\/www.facebook.com\/christianunionsireland\/\" target=\"_blank\" rel=\"noreferrer noopener\">las redes sociales<\/a>.\u00a0<\/strong><\/h3>\n<\/div>\n\n<div class=\"wp-block block-acf-spacer\">\n<div id=\"spacer-block_fdf24d6a672a9898aab444b2e1bca4bf\" class=\"\">\n    <div aria-hidden=\"true\" class=\"wp-block-spacer spacer--md\"><\/div>\n<\/div>\n<\/div>\n\n<div class=\"wp-block block-core-embed wp-embed-aspect-16-9 wp-has-aspect-ratio\">\n<figure class=\"wp-block-embed is-type-video is-provider-youtube wp-block-embed-youtube wp-embed-aspect-16-9 wp-has-aspect-ratio\"><div class=\"wp-block-embed__wrapper\">\n<iframe loading=\"lazy\" title=\"Ireland To Host IFES World Assembly 2027\" width=\"740\" height=\"416\" src=\"https:\/\/www.youtube.com\/embed\/BrdwOborJQ4?feature=oembed&#038;cc_load_policy=1\" frameborder=\"0\" allow=\"accelerometer; autoplay; clipboard-write; encrypted-media; gyroscope; picture-in-picture; web-share\" referrerpolicy=\"strict-origin-when-cross-origin\" allowfullscreen><\/iframe>\n<\/div><\/figure>\n<\/div>\n\n<div class=\"wp-block block-acf-spacer\">\n<div id=\"spacer-block_fdf24d6a672a9898aab444b2e1bca4bf\" class=\"\">\n    <div aria-hidden=\"true\" class=\"wp-block-spacer spacer--md\"><\/div>\n<\/div>\n<\/div>\n\n<div class=\"wp-block block-core-heading wp-elements-f311d5e81bcc9619589d3f1a015dc86e\">\n<h3 class=\"wp-block-heading has-white-color has-text-color has-link-color wp-elements-f311d5e81bcc9619589d3f1a015dc86e\">Demos gracias por la generosidad y el entusiasmo del personal, de los estudiantes y de los miembros del Comit\u00e9 de CUI. Y oremos por la sabidur\u00eda y la gu\u00eda del Se\u00f1or a medida que planifican y se preparan.\u00a0\u00a0\u00a0\u00a0<\/h3>\n<\/div>\n\n<div class=\"wp-block block-core-paragraph\">\n<p class=\"wp-block-paragraph\">&nbsp;&nbsp;&nbsp;<\/p>\n<\/div><\/div>\n<\/div><\/div>\n\n<div class=\"wp-block block-core-group alignwide\">\n<div class=\"wp-block-group alignwide\" id=\"top\"><div class=\"wp-block-group__inner-container is-layout-flow wp-block-group-is-layout-flow\"><div class=\"wp-block block-core-heading\">\n<h1 class=\"wp-block-heading\">ASAMBLEA MUNDIAL 2023\u00a0<\/h1>\n<\/div>\n\n<div class=\"wp-block block-core-paragraph\">\n<p class=\"wp-block-paragraph\">Durante ocho d\u00edas (del 2 al 10 de agosto), el Mercure Convention Centre en Yakarta, Indonesia, se llen\u00f3 de color, movimiento, conversaciones y alabanza. Era la Asamblea Mundial de IFES, nuestra reuni\u00f3n global que se celebra cada cuatro a\u00f1os.<\/p>\n<\/div>\n\n<div class=\"wp-block block-core-paragraph\">\n<p class=\"wp-block-paragraph\">Los 845 participantes (estudiantes, obreros e invitados procedentes de m\u00e1s de 160 pa\u00edses) justo dejaban atr\u00e1s el per\u00edodo tan inmensamente dif\u00edcil que han sido los \u00faltimos cuatro a\u00f1os, por lo que estaban hambrientos por encontrar un lugar seguro y sagrado donde conectar honestamente con Dios y entre ellos. Un programa diverso, unificado bajo el tema <em>tabah dan tangguh<\/em> (las palabras indonesias que expresan fuerza, fortaleza, resiliencia y perseverancia) satisfizo esta necesidad.&nbsp;<\/p>\n<\/div>\n\n<div class=\"wp-block block-core-quote\">\n<blockquote class=\"wp-block-quote is-layout-flow wp-block-quote-is-layout-flow\"><div class=\"wp-block block-core-paragraph\">\n<p class=\"wp-block-paragraph\"><em>\u201cEl tema de Tabah dan Tangguh me encant\u00f3: ser resilientes y permanecer en el reino de Dios, aunque las circunstancias no sean buenas\u201d.<\/em><\/p>\n<\/div><cite><em>Nathnael, Etiop\u00eda<\/em><\/cite><\/blockquote>\n<\/div>\n\n<div class=\"wp-block block-core-columns\">\n<div class=\"wp-block-columns is-layout-flex wp-container-core-columns-is-layout-8f761849 wp-block-columns-is-layout-flex\">\n<div class=\"wp-block-column is-layout-flow wp-block-column-is-layout-flow\" style=\"flex-basis:33.33%\">\n<figure class=\"wp-block-image size-large\"><img loading=\"lazy\" decoding=\"async\" width=\"1024\" height=\"739\" src=\"https:\/\/ifesworld.org\/wp-content\/uploads\/2022\/10\/Logo_Tabah-Tangguh_SP_Color-01-1024x739.png\" alt=\"\" class=\"wp-image-19935\" srcset=\"https:\/\/ifesworld.org\/wp-content\/uploads\/2022\/10\/Logo_Tabah-Tangguh_SP_Color-01-1024x739.png 1024w, https:\/\/ifesworld.org\/wp-content\/uploads\/2022\/10\/Logo_Tabah-Tangguh_SP_Color-01-300x216.png 300w, https:\/\/ifesworld.org\/wp-content\/uploads\/2022\/10\/Logo_Tabah-Tangguh_SP_Color-01-768x554.png 768w, https:\/\/ifesworld.org\/wp-content\/uploads\/2022\/10\/Logo_Tabah-Tangguh_SP_Color-01.png 1419w\" sizes=\"auto, (max-width: 1024px) 100vw, 1024px\" \/><\/figure>\n<\/div>\n\n\n\n<div class=\"wp-block-column is-layout-flow wp-block-column-is-layout-flow\" style=\"flex-basis:66.66%\"><div class=\"wp-block block-core-paragraph\">\n<p class=\"wp-block-paragraph\">Mediante sermones, seminarios, grupos peque\u00f1os y las artes, pudimos viajar juntos por el libro de los Salmos y escuchar lo que Dios quiso mostrarnos acerca de c\u00f3mo convertirnos en testigos resilientes que crecen juntos en el ministerio, en medio de los retos a los que nos enfrentamos en el mundo de hoy.<\/p>\n<\/div><\/div>\n<\/div>\n<\/div><\/div>\n<\/div><\/div>\n\n<div class=\"wp-block block-core-paragraph\">\n<p class=\"wp-block-paragraph\">Damos gracias a Dios por la Asamblea Mundial 2023. Por favor, ora para que tenga un impacto duradero en nuestros movimientos nacionales y grupos estudiantiles.\u00a0<\/p>\n<\/div>\n\n<div class=\"wp-block block-core-group alignfull\">\n<div class=\"wp-block-group alignfull has-white-dark-background-color has-background\"><div class=\"wp-block-group__inner-container is-layout-constrained wp-block-group-is-layout-constrained\"><div class=\"wp-block block-core-heading\">\n<h1 class=\"wp-block-heading\">Descubre m\u00e1s<\/h1>\n<\/div>\n\n<div class=\"wp-block block-core-columns\">\n<div class=\"wp-block-columns is-layout-flex wp-container-core-columns-is-layout-8f761849 wp-block-columns-is-layout-flex\">\n<div class=\"wp-block-column is-layout-flow wp-block-column-is-layout-flow\"><div class=\"wp-block block-core-paragraph\">\n<p class=\"wp-block-paragraph\"><strong>\u00bfC\u00f3mo impact\u00f3 la Asamblea Mundial 2023 a los participantes?<\/strong><\/p>\n<\/div>\n\n<div class=\"wp-block block-acf-ifesbutton\">\n<div class=\"\">\n    <a id=\"btn-block_79b4390c4f84d5f1f5e602de03bc8553\" target=\"_blank\" href=\"https:\/\/ifesworld.org\/es\/prayerline\/los-participantes-comparten-como-dios-ha-obrado-en-yakarta\/\" class=\"btn btn--cta-link\">\n        <span>\n                    <span class=\"icon\"><svg class=\"icon\"><use xlink:href=\"#chevron-circle-right-solid\"\/><\/svg><\/span>\n        LEA LAS HISTORIAS DE LOS PARTICIPANTES        <\/span>\n    <\/a>\n<\/div>\n\n<\/div><\/div>\n\n\n\n<div class=\"wp-block-column is-layout-flow wp-block-column-is-layout-flow\"><div class=\"wp-block block-core-paragraph\">\n<p class=\"wp-block-paragraph\"><strong>\u00bfC\u00f3mo fue la Asamblea Mundial 2023?<\/strong><\/p>\n<\/div>\n\n<div class=\"wp-block block-acf-ifesbutton\">\n<div class=\"\">\n    <a id=\"btn-block_3dd37215f6e7d6e28343583cbaac4ee9\" target=\"_blank\" href=\"https:\/\/ifesworld.org\/es\/blog\/asamblea-mundial-de-ifes-2023-tabah-tangguh\/\" class=\"btn btn--cta-link\">\n        <span>\n                    <span class=\"icon\"><svg class=\"icon\"><use xlink:href=\"#chevron-circle-right-solid\"\/><\/svg><\/span>\n        LEA LOS TESTIMONIOS DE LA ASAMBLEA MUNDIAL        <\/span>\n    <\/a>\n<\/div>\n\n<\/div><\/div>\n<\/div>\n<\/div>\n\n<div class=\"wp-block block-core-paragraph\">\n<p class=\"wp-block-paragraph\">Si quieres ver las<strong> publicaciones en redes sociales<\/strong> con fotos y res\u00famenes diarios, visita nuestra <a href=\"http:\/\/www.facebook.com\/ifesworld\">p\u00e1gina de Facebook<\/a>&nbsp;o <a href=\"http:\/\/instagram.com\/ifesworld\">cuenta de Instagram<\/a>, o busca #ifeswa23.<\/p>\n<\/div>\n\n<div class=\"wp-block block-core-paragraph\">\n<p class=\"wp-block-paragraph\">Puedes ver los <strong>v\u00eddeos de las charlas y los testimonios<\/strong> en nuestro canal de YouTube en la <a href=\"https:\/\/youtube.com\/playlist?list=PL-m4j5a97yT4SyqBfMSLeYnAffW6-a7SQ&amp;si=Pcfipo7U_xW5tT1p\">lista de reproducci\u00f3n de la Asamblea Mundial 2023<\/a>.<\/p>\n<\/div>\n\n<div class=\"wp-block block-core-html\">\n<a data-flickr-embed=\"true\" href=\"https:\/\/www.flickr.com\/photos\/ifesworld\/albums\/72177720311442476\" title=\"World Assembly 2023\"><img loading=\"lazy\" decoding=\"async\" src=\"https:\/\/live.staticflickr.com\/65535\/53212516999_05388446df_z.jpg\" width=\"640\" height=\"480\" alt=\"World Assembly 2023\"><\/a><script async=\"\" src=\"\/\/embedr.flickr.com\/assets\/client-code.js\" charset=\"utf-8\"><\/script>\n<\/div>\n\n<div class=\"wp-block block-core-embed wp-embed-aspect-16-9 wp-has-aspect-ratio\">\n<figure class=\"wp-block-embed is-type-video is-provider-youtube wp-block-embed-youtube wp-embed-aspect-16-9 wp-has-aspect-ratio\"><div class=\"wp-block-embed__wrapper\">\n<iframe loading=\"lazy\" title=\"10 d\u00edas en 2 minutos: Momentos destacados de la Asamblea Mundial de IFES 2023\" width=\"740\" height=\"416\" src=\"https:\/\/www.youtube.com\/embed\/HEyBlWhn8xo?feature=oembed&#038;cc_load_policy=1\" frameborder=\"0\" allow=\"accelerometer; autoplay; clipboard-write; encrypted-media; gyroscope; picture-in-picture; web-share\" referrerpolicy=\"strict-origin-when-cross-origin\" allowfullscreen><\/iframe>\n<\/div><figcaption class=\"wp-element-caption\">Disfruta de unas im\u00e1genes v\u00edvidas y de unos audios inspiradores de la Asamblea Mundial de IFES celebrada de Yakarta, Indonesia.<\/figcaption><\/figure>\n<\/div><\/div>\n<\/div><\/div>\n\n<div class=\"wp-block block-core-group alignfull\">\n<div class=\"wp-block-group alignfull has-east-asia-background-color has-background\" id=\"hosts\"><div class=\"wp-block-group__inner-container is-layout-flow wp-block-group-is-layout-flow\"><div class=\"wp-block block-core-heading\">\n<h1 class=\"wp-block-heading\"><strong><strong>Acerca de nuestros anfitriones<\/strong><\/strong><\/h1>\n<\/div>\n\n<div class=\"wp-block block-core-heading\">\n<h2 class=\"wp-block-heading\">PERKANTAS Indonesia<\/h2>\n<\/div>\n\n<div class=\"wp-block block-core-paragraph\">\n<p class=\"wp-block-paragraph\"><\/p>\n<\/div>\n\n<div class=\"wp-block block-core-paragraph\">\n<p class=\"wp-block-paragraph\">El movimiento IFES de Indonesia, PERKANTAS, fue un anfitri\u00f3n generoso y alegre durante toda la Asamblea Mundial 2023, as\u00ed como durante su preparaci\u00f3n. Esta es su historia:<\/p>\n<\/div>\n\n<div class=\"wp-block block-core-paragraph\">\n<p class=\"wp-block-paragraph\">PERKANTAS (Persekutuan Kristen Antar Universitas\/Christian Intervarsity Fellowship) fue fundado en Yakarta el 29 de junio de 1971 por Jonathan Parapak, Soen Siregar y Jimmy Kuswadi. Durante sus a\u00f1os universitarios en Australia, en los a\u00f1os sesenta, disfrutaron de un gran crecimiento espiritual y sintieron un fuerte deseo procedente del Se\u00f1or de iniciar el ministerio estudiantil en Indonesia, su pa\u00eds natal.<\/p>\n<\/div>\n\n<div class=\"wp-block block-core-paragraph\">\n<p class=\"wp-block-paragraph\">Despu\u00e9s de volver a Indonesia, empezaron el ministerio en su campus con grupos de oraci\u00f3n y estudio b\u00edblico. M\u00e1s de cinco d\u00e9cadas despu\u00e9s, aquella peque\u00f1a chispa que hab\u00eda sido el ministerio estudiantil se convirti\u00f3 en m\u00faltiples llamas que quemaban en los campus y los colegios de todo el pa\u00eds. Mediante la gracia de Dios, el ministerio creci\u00f3 y se convirti\u00f3 en una bendici\u00f3n tanto para los campus como para las ciudades, llevando a decenas de miles de estudiantes a Cristo.<\/p>\n<\/div>\n\n<div class=\"wp-block block-core-paragraph\">\n<p class=\"wp-block-paragraph\">La pandemia de la COVID-19 ha tenido un impacto importante en el ministerio estudiantil, especialmente por el hecho de que la mayor\u00eda de colegios y campus han aplazado sus actividades presenciales. Muchas comunidades, estudios b\u00edblicos y cursos de formaci\u00f3n se han llevado a cabo de forma virtual. A pesar de que las reuniones en l\u00ednea pueden ser una soluci\u00f3n temporal, las reuniones presenciales son irreemplazables. Los estudiantes deben ser alcanzados y aprender a conocer a Cristo y a crecer en \u00c9l, tanto de forma virtual como presencial. <\/p>\n<\/div>\n\n<div class=\"wp-block block-core-paragraph\">\n<p class=\"wp-block-paragraph\">Da gracias por PERKANTAS y ora para que su obra siga creciendo a medida que se adapta a las nuevas realidades.&nbsp;<\/p>\n<\/div><\/div>\n<\/div><\/div>\n\n<div class=\"wp-block block-core-cover alignfull no-padding-top\">\n<div class=\"wp-block-cover alignfull no-padding-top\"><span aria-hidden=\"true\" class=\"wp-block-cover__background has-background-dim-0 has-background-dim\"><\/span><img loading=\"lazy\" decoding=\"async\" width=\"2560\" height=\"1707\" class=\"wp-block-cover__image-background wp-image-29397\" alt=\"\" src=\"https:\/\/ifesworld.org\/wp-content\/uploads\/2023\/09\/WDE05682-scaled.jpg\" data-object-fit=\"cover\" srcset=\"https:\/\/ifesworld.org\/wp-content\/uploads\/2023\/09\/WDE05682-scaled.jpg 2560w, https:\/\/ifesworld.org\/wp-content\/uploads\/2023\/09\/WDE05682-300x200.jpg 300w, https:\/\/ifesworld.org\/wp-content\/uploads\/2023\/09\/WDE05682-1024x683.jpg 1024w, https:\/\/ifesworld.org\/wp-content\/uploads\/2023\/09\/WDE05682-768x512.jpg 768w, https:\/\/ifesworld.org\/wp-content\/uploads\/2023\/09\/WDE05682-1536x1024.jpg 1536w, https:\/\/ifesworld.org\/wp-content\/uploads\/2023\/09\/WDE05682-2048x1365.jpg 2048w\" sizes=\"auto, (max-width: 2560px) 100vw, 2560px\" \/><div class=\"wp-block-cover__inner-container is-layout-flow wp-block-cover-is-layout-flow\"><div class=\"wp-block block-core-paragraph aligncenter\">\n<p class=\"has-text-align-center has-large-font-size wp-block-paragraph\"><\/p>\n<\/div><\/div><\/div>\n<\/div>","protected":false},"excerpt":{"rendered":"<p>Cada cuatro a\u00f1os, la familia global de IFES se re\u00fane en un solo lugar para la Asamblea Mundial. Es un momento para compartir experiencias e ideas, fomentar el sentido de comunidad y las colaboraciones, y discernir el liderazgo de Dios para el ministerio local e internacional.\u00a0 Nos alegra anunciar que nuestras hermanas y hermanos de&#8230;<\/p>\n","protected":false},"author":2,"featured_media":28452,"parent":0,"menu_order":0,"comment_status":"closed","ping_status":"closed","template":"","meta":{"_acf_changed":false,"_crdt_document":"","inline_featured_image":false,"footnotes":""},"area":[],"theme":[],"class_list":["post-19933","page","type-page","status-publish","has-post-thumbnail","hentry"],"acf":[],"yoast_head":"<!-- This site is optimized with the Yoast SEO plugin v27.2 - https:\/\/yoast.com\/product\/yoast-seo-wordpress\/ -->\n<title>ASAMBLEA MUNDIAL DE IFES &#183; IFES<\/title>\n<meta name=\"description\" content=\"Cada cuatro a\u00f1os, la familia global de IFES se re\u00fane en un solo lugar para la Asamblea Mundial. Es un momento para compartir experiencias e ideas,\" \/>\n<meta name=\"robots\" content=\"index, follow, max-snippet:-1, max-image-preview:large, max-video-preview:-1\" \/>\n<link rel=\"canonical\" href=\"https:\/\/ifesworld.org\/es\/asamblea-mundial-de-ifes\/\" \/>\n<meta property=\"og:locale\" content=\"es_ES\" \/>\n<meta property=\"og:type\" content=\"article\" \/>\n<meta property=\"og:title\" content=\"ASAMBLEA MUNDIAL DE IFES &#183; IFES\" \/>\n<meta property=\"og:description\" content=\"Cada cuatro a\u00f1os, la familia global de IFES se re\u00fane en un solo lugar para la Asamblea Mundial. Es un momento para compartir experiencias e ideas,\" \/>\n<meta property=\"og:url\" content=\"https:\/\/ifesworld.org\/es\/asamblea-mundial-de-ifes\/\" \/>\n<meta property=\"og:site_name\" content=\"IFES\" \/>\n<meta property=\"article:modified_time\" content=\"2026-01-16T10:38:49+00:00\" \/>\n<meta property=\"og:image\" content=\"https:\/\/ifesworld.org\/wp-content\/uploads\/2023\/08\/WA-cover-2.jpg\" \/>\n\t<meta property=\"og:image:width\" content=\"968\" \/>\n\t<meta property=\"og:image:height\" content=\"726\" \/>\n\t<meta property=\"og:image:type\" content=\"image\/jpeg\" \/>\n<meta name=\"twitter:card\" content=\"summary_large_image\" \/>\n<meta name=\"twitter:label1\" content=\"Tiempo de lectura\" \/>\n\t<meta name=\"twitter:data1\" content=\"4 minutos\" \/>\n<script type=\"application\/ld+json\" class=\"yoast-schema-graph\">{\"@context\":\"https:\/\/schema.org\",\"@graph\":[{\"@type\":\"WebPage\",\"@id\":\"https:\/\/ifesworld.org\/es\/asamblea-mundial-de-ifes\/\",\"url\":\"https:\/\/ifesworld.org\/es\/asamblea-mundial-de-ifes\/\",\"name\":\"ASAMBLEA MUNDIAL DE IFES &#183; IFES\",\"isPartOf\":{\"@id\":\"https:\/\/ifesworld.org\/es\/#website\"},\"primaryImageOfPage\":{\"@id\":\"https:\/\/ifesworld.org\/es\/asamblea-mundial-de-ifes\/#primaryimage\"},\"image\":{\"@id\":\"https:\/\/ifesworld.org\/es\/asamblea-mundial-de-ifes\/#primaryimage\"},\"thumbnailUrl\":\"https:\/\/ifesworld.org\/wp-content\/uploads\/2023\/08\/WA-cover-2.jpg\",\"datePublished\":\"2022-10-03T13:19:43+00:00\",\"dateModified\":\"2026-01-16T10:38:49+00:00\",\"description\":\"Cada cuatro a\u00f1os, la familia global de IFES se re\u00fane en un solo lugar para la Asamblea Mundial. Es un momento para compartir experiencias e ideas,\",\"breadcrumb\":{\"@id\":\"https:\/\/ifesworld.org\/es\/asamblea-mundial-de-ifes\/#breadcrumb\"},\"inLanguage\":\"es\",\"potentialAction\":[{\"@type\":\"ReadAction\",\"target\":[\"https:\/\/ifesworld.org\/es\/asamblea-mundial-de-ifes\/\"]}]},{\"@type\":\"ImageObject\",\"inLanguage\":\"es\",\"@id\":\"https:\/\/ifesworld.org\/es\/asamblea-mundial-de-ifes\/#primaryimage\",\"url\":\"https:\/\/ifesworld.org\/wp-content\/uploads\/2023\/08\/WA-cover-2.jpg\",\"contentUrl\":\"https:\/\/ifesworld.org\/wp-content\/uploads\/2023\/08\/WA-cover-2.jpg\",\"width\":968,\"height\":726},{\"@type\":\"BreadcrumbList\",\"@id\":\"https:\/\/ifesworld.org\/es\/asamblea-mundial-de-ifes\/#breadcrumb\",\"itemListElement\":[{\"@type\":\"ListItem\",\"position\":1,\"name\":\"Home\",\"item\":\"https:\/\/ifesworld.org\/es\/\"},{\"@type\":\"ListItem\",\"position\":2,\"name\":\"ASAMBLEA MUNDIAL DE IFES\"}]},{\"@type\":\"WebSite\",\"@id\":\"https:\/\/ifesworld.org\/es\/#website\",\"url\":\"https:\/\/ifesworld.org\/es\/\",\"name\":\"IFES\",\"description\":\"A movement of students sharing and living out the good news of Jesus Christ. Locally. Nationally. Globally.\",\"publisher\":{\"@id\":\"https:\/\/ifesworld.org\/es\/#organization\"},\"potentialAction\":[{\"@type\":\"SearchAction\",\"target\":{\"@type\":\"EntryPoint\",\"urlTemplate\":\"https:\/\/ifesworld.org\/es\/?s={search_term_string}\"},\"query-input\":{\"@type\":\"PropertyValueSpecification\",\"valueRequired\":true,\"valueName\":\"search_term_string\"}}],\"inLanguage\":\"es\"},{\"@type\":\"Organization\",\"@id\":\"https:\/\/ifesworld.org\/es\/#organization\",\"name\":\"IFES \u00b7 International Fellowship of Evangelical Students\",\"url\":\"https:\/\/ifesworld.org\/es\/\",\"logo\":{\"@type\":\"ImageObject\",\"inLanguage\":\"es\",\"@id\":\"https:\/\/ifesworld.org\/es\/#\/schema\/logo\/image\/\",\"url\":\"https:\/\/ifesworld.org\/wp-content\/uploads\/2019\/06\/ifeslogo.png\",\"contentUrl\":\"https:\/\/ifesworld.org\/wp-content\/uploads\/2019\/06\/ifeslogo.png\",\"width\":262,\"height\":262,\"caption\":\"IFES \u00b7 International Fellowship of Evangelical Students\"},\"image\":{\"@id\":\"https:\/\/ifesworld.org\/es\/#\/schema\/logo\/image\/\"}}]}<\/script>\n<!-- \/ Yoast SEO plugin. -->","yoast_head_json":{"title":"ASAMBLEA MUNDIAL DE IFES &#183; IFES","description":"Cada cuatro a\u00f1os, la familia global de IFES se re\u00fane en un solo lugar para la Asamblea Mundial. Es un momento para compartir experiencias e ideas,","robots":{"index":"index","follow":"follow","max-snippet":"max-snippet:-1","max-image-preview":"max-image-preview:large","max-video-preview":"max-video-preview:-1"},"canonical":"https:\/\/ifesworld.org\/es\/asamblea-mundial-de-ifes\/","og_locale":"es_ES","og_type":"article","og_title":"ASAMBLEA MUNDIAL DE IFES &#183; IFES","og_description":"Cada cuatro a\u00f1os, la familia global de IFES se re\u00fane en un solo lugar para la Asamblea Mundial. Es un momento para compartir experiencias e ideas,","og_url":"https:\/\/ifesworld.org\/es\/asamblea-mundial-de-ifes\/","og_site_name":"IFES","article_modified_time":"2026-01-16T10:38:49+00:00","og_image":[{"width":968,"height":726,"url":"https:\/\/ifesworld.org\/wp-content\/uploads\/2023\/08\/WA-cover-2.jpg","type":"image\/jpeg"}],"twitter_card":"summary_large_image","twitter_misc":{"Tiempo de lectura":"4 minutos"},"schema":{"@context":"https:\/\/schema.org","@graph":[{"@type":"WebPage","@id":"https:\/\/ifesworld.org\/es\/asamblea-mundial-de-ifes\/","url":"https:\/\/ifesworld.org\/es\/asamblea-mundial-de-ifes\/","name":"ASAMBLEA MUNDIAL DE IFES &#183; IFES","isPartOf":{"@id":"https:\/\/ifesworld.org\/es\/#website"},"primaryImageOfPage":{"@id":"https:\/\/ifesworld.org\/es\/asamblea-mundial-de-ifes\/#primaryimage"},"image":{"@id":"https:\/\/ifesworld.org\/es\/asamblea-mundial-de-ifes\/#primaryimage"},"thumbnailUrl":"https:\/\/ifesworld.org\/wp-content\/uploads\/2023\/08\/WA-cover-2.jpg","datePublished":"2022-10-03T13:19:43+00:00","dateModified":"2026-01-16T10:38:49+00:00","description":"Cada cuatro a\u00f1os, la familia global de IFES se re\u00fane en un solo lugar para la Asamblea Mundial. Es un momento para compartir experiencias e ideas,","breadcrumb":{"@id":"https:\/\/ifesworld.org\/es\/asamblea-mundial-de-ifes\/#breadcrumb"},"inLanguage":"es","potentialAction":[{"@type":"ReadAction","target":["https:\/\/ifesworld.org\/es\/asamblea-mundial-de-ifes\/"]}]},{"@type":"ImageObject","inLanguage":"es","@id":"https:\/\/ifesworld.org\/es\/asamblea-mundial-de-ifes\/#primaryimage","url":"https:\/\/ifesworld.org\/wp-content\/uploads\/2023\/08\/WA-cover-2.jpg","contentUrl":"https:\/\/ifesworld.org\/wp-content\/uploads\/2023\/08\/WA-cover-2.jpg","width":968,"height":726},{"@type":"BreadcrumbList","@id":"https:\/\/ifesworld.org\/es\/asamblea-mundial-de-ifes\/#breadcrumb","itemListElement":[{"@type":"ListItem","position":1,"name":"Home","item":"https:\/\/ifesworld.org\/es\/"},{"@type":"ListItem","position":2,"name":"ASAMBLEA MUNDIAL DE IFES"}]},{"@type":"WebSite","@id":"https:\/\/ifesworld.org\/es\/#website","url":"https:\/\/ifesworld.org\/es\/","name":"IFES","description":"A movement of students sharing and living out the good news of Jesus Christ. Locally. Nationally. Globally.","publisher":{"@id":"https:\/\/ifesworld.org\/es\/#organization"},"potentialAction":[{"@type":"SearchAction","target":{"@type":"EntryPoint","urlTemplate":"https:\/\/ifesworld.org\/es\/?s={search_term_string}"},"query-input":{"@type":"PropertyValueSpecification","valueRequired":true,"valueName":"search_term_string"}}],"inLanguage":"es"},{"@type":"Organization","@id":"https:\/\/ifesworld.org\/es\/#organization","name":"IFES \u00b7 International Fellowship of Evangelical Students","url":"https:\/\/ifesworld.org\/es\/","logo":{"@type":"ImageObject","inLanguage":"es","@id":"https:\/\/ifesworld.org\/es\/#\/schema\/logo\/image\/","url":"https:\/\/ifesworld.org\/wp-content\/uploads\/2019\/06\/ifeslogo.png","contentUrl":"https:\/\/ifesworld.org\/wp-content\/uploads\/2019\/06\/ifeslogo.png","width":262,"height":262,"caption":"IFES \u00b7 International Fellowship of Evangelical Students"},"image":{"@id":"https:\/\/ifesworld.org\/es\/#\/schema\/logo\/image\/"}}]}},"_links":{"self":[{"href":"https:\/\/ifesworld.org\/es\/wp-json\/wp\/v2\/pages\/19933","targetHints":{"allow":["GET"]}}],"collection":[{"href":"https:\/\/ifesworld.org\/es\/wp-json\/wp\/v2\/pages"}],"about":[{"href":"https:\/\/ifesworld.org\/es\/wp-json\/wp\/v2\/types\/page"}],"author":[{"embeddable":true,"href":"https:\/\/ifesworld.org\/es\/wp-json\/wp\/v2\/users\/2"}],"replies":[{"embeddable":true,"href":"https:\/\/ifesworld.org\/es\/wp-json\/wp\/v2\/comments?post=19933"}],"version-history":[{"count":1,"href":"https:\/\/ifesworld.org\/es\/wp-json\/wp\/v2\/pages\/19933\/revisions"}],"predecessor-version":[{"id":50435,"href":"https:\/\/ifesworld.org\/es\/wp-json\/wp\/v2\/pages\/19933\/revisions\/50435"}],"wp:featuredmedia":[{"embeddable":true,"href":"https:\/\/ifesworld.org\/es\/wp-json\/wp\/v2\/media\/28452"}],"wp:attachment":[{"href":"https:\/\/ifesworld.org\/es\/wp-json\/wp\/v2\/media?parent=19933"}],"wp:term":[{"taxonomy":"area","embeddable":true,"href":"https:\/\/ifesworld.org\/es\/wp-json\/wp\/v2\/area?post=19933"},{"taxonomy":"theme","embeddable":true,"href":"https:\/\/ifesworld.org\/es\/wp-json\/wp\/v2\/theme?post=19933"}],"curies":[{"name":"wp","href":"https:\/\/api.w.org\/{rel}","templated":true}]}}