{"id":18424,"date":"2022-03-25T11:15:38","date_gmt":"2022-03-25T11:15:38","guid":{"rendered":"https:\/\/ifesworld.org\/?page_id=18424"},"modified":"2022-05-01T22:04:14","modified_gmt":"2022-05-01T21:04:14","slug":"concurso-de-diseno-de-generosidad-mundial","status":"publish","type":"page","link":"https:\/\/ifesworld.org\/es\/concurso-de-diseno-de-generosidad-mundial\/","title":{"rendered":"Donar para marcar la diferencia en las vidas de los estudiantes de \u00c1frica franc\u00f3fona y Am\u00e9rica Latina hoy"},"content":{"rendered":"<div class=\"wp-block block-core-paragraph\">\n<p class=\"has-md-font-size wp-block-paragraph\">En todo el mundo, los estudiantes est\u00e1n ansiosos por recibir formaci\u00f3n y ser inspirados para compartir el evangelio con sus compa\u00f1eros. Tu donaci\u00f3n para la Campa\u00f1a de pegatinas contribuir\u00e1 a que ello se haga realidad para miles de estudiantes que esperan poder asistir al congreso PANAF en \u00c1frica franc\u00f3fona, y para aquellos estudiantes de Am\u00e9rica Latina que necesitan espacio para orar y considerar c\u00f3mo pueden alcanzar, con el evangelio y de una manera creativa, a los estudiantes de su universidad.<\/p>\n<\/div>\n\n<div class=\"wp-block block-core-columns\">\n<div class=\"wp-block-columns is-layout-flex wp-container-core-columns-is-layout-8f761849 wp-block-columns-is-layout-flex\">\n<div class=\"wp-block-column is-layout-flow wp-block-column-is-layout-flow\" style=\"flex-basis:66.66%\"><div class=\"wp-block block-core-paragraph\">\n<p class=\"wp-block-paragraph\">\u00bfPor qu\u00e9 llamamos a esta iniciativa \u201cCampa\u00f1a de pegatinas\u201d? A lo largo de las \u00faltimas semanas, nuestra creativa comunidad en Instagram ha ido creando y seleccionando dise\u00f1os de pegatinas en colaboraci\u00f3n con <a href=\"https:\/\/www.gengen.community\/\" target=\"_blank\" rel=\"noreferrer noopener\">Una generaci\u00f3n generosa<\/a>. Queremos enviar una de estas pegatinas a todas las personas que colaboren con nosotros y donen con el fin de hacer de estos proyectos una realidad. Tu pegatina ser\u00e1 un recordatorio de nuestro especial agradecimiento y una muestra de solidaridad con estos estudiantes, que ser\u00e1n los beneficiados.&nbsp;&nbsp;<\/p>\n<\/div><\/div>\n\n\n\n<div class=\"wp-block-column is-layout-flow wp-block-column-is-layout-flow\" style=\"flex-basis:33.33%\">\n<figure class=\"wp-block-image size-large\"><a href=\"https:\/\/www.gengen.community\/\"><img loading=\"lazy\" decoding=\"async\" width=\"1024\" height=\"541\" src=\"https:\/\/ifesworld.org\/wp-content\/uploads\/2022\/04\/gengen_logo_primary-1024x541.png\" alt=\"\" class=\"wp-image-18679\" srcset=\"https:\/\/ifesworld.org\/wp-content\/uploads\/2022\/04\/gengen_logo_primary-1024x541.png 1024w, https:\/\/ifesworld.org\/wp-content\/uploads\/2022\/04\/gengen_logo_primary-300x159.png 300w, https:\/\/ifesworld.org\/wp-content\/uploads\/2022\/04\/gengen_logo_primary-768x406.png 768w, https:\/\/ifesworld.org\/wp-content\/uploads\/2022\/04\/gengen_logo_primary.png 1500w\" sizes=\"auto, (max-width: 1024px) 100vw, 1024px\" \/><\/a><\/figure>\n<\/div>\n<\/div>\n<\/div>\n\n<div class=\"wp-block block-core-paragraph\">\n<p class=\"wp-block-paragraph\">Las pegatinas pueden representar tu colaboraci\u00f3n con nosotros en el Evangelio a medida que trabajamos, mediante congresos estudiantiles transnacionales y la provisi\u00f3n de formaci\u00f3n sobre la evangelizaci\u00f3n, para llevar un testimonio del Evangelio a todos los campus universitarios del mundo.&nbsp;&nbsp;<\/p>\n<\/div>\n\n<div class=\"wp-block block-core-group alignfull\">\n<div class=\"wp-block-group alignfull has-white-dark-background-color has-background\"><div class=\"wp-block-group__inner-container is-layout-flow wp-block-group-is-layout-flow\"><div class=\"wp-block block-core-paragraph\">\n<p class=\"wp-block-paragraph\"><strong><strong>\u00bfQu\u00e9 pegatina vas a elegir t\u00fa?<\/strong>&nbsp;<\/strong>&nbsp;<\/p>\n<\/div>\n\n<div class=\"wp-block block-core-paragraph\">\n<p class=\"wp-block-paragraph\">Aqu\u00ed encontrar\u00e1s los dise\u00f1os creados por los ganadores del Concurso de Dise\u00f1o Mundial de la Generosidad. Dona a esta campa\u00f1a para recibir una pegatina como muestra de agradecimiento.&nbsp;<\/p>\n<\/div>\n\n<div class=\"wp-block block-core-columns\">\n<div class=\"wp-block-columns is-layout-flex wp-container-core-columns-is-layout-8f761849 wp-block-columns-is-layout-flex\">\n<div class=\"wp-block-column is-layout-flow wp-block-column-is-layout-flow\"><div class=\"wp-block-image\">\n<figure class=\"aligncenter size-medium\"><img loading=\"lazy\" decoding=\"async\" width=\"300\" height=\"300\" src=\"https:\/\/ifesworld.org\/wp-content\/uploads\/2022\/05\/Be_generous_1080-300x300.png\" alt=\"\" class=\"wp-image-18761\" srcset=\"https:\/\/ifesworld.org\/wp-content\/uploads\/2022\/05\/Be_generous_1080-300x300.png 300w, https:\/\/ifesworld.org\/wp-content\/uploads\/2022\/05\/Be_generous_1080-1024x1024.png 1024w, https:\/\/ifesworld.org\/wp-content\/uploads\/2022\/05\/Be_generous_1080-150x150.png 150w, https:\/\/ifesworld.org\/wp-content\/uploads\/2022\/05\/Be_generous_1080-768x768.png 768w, https:\/\/ifesworld.org\/wp-content\/uploads\/2022\/05\/Be_generous_1080-70x70.png 70w, https:\/\/ifesworld.org\/wp-content\/uploads\/2022\/05\/Be_generous_1080.png 1080w\" sizes=\"auto, (max-width: 300px) 100vw, 300px\" \/><\/figure>\n<\/div>\n\n<div class=\"wp-block block-core-paragraph aligncenter\">\n<p class=\"has-text-align-center has-xs-font-size wp-block-paragraph\">Generosidad mundial, por Mia Bentley\u00a0<\/p>\n<\/div>\n\n<div class=\"wp-block block-acf-ifesbutton aligncenter\">\n<div class=\"aligncenter\">\n    <a id=\"btn-block_626ee70a0c924\" target=\"\" href=\"https:\/\/give.ifesworld.org\/customgiving?t=1&#038;d=IN000_PSTIB&#038;s=22CCSTICKLP&#038;a=0\" class=\"btn btn--primary\">\n        <span>\n        Consigue esta pegatina        <\/span>\n    <\/a>\n<\/div>\n\n<\/div><\/div>\n\n\n\n<div class=\"wp-block-column is-layout-flow wp-block-column-is-layout-flow\"><div class=\"wp-block-image\">\n<figure class=\"aligncenter size-medium\"><img loading=\"lazy\" decoding=\"async\" width=\"300\" height=\"300\" src=\"https:\/\/ifesworld.org\/wp-content\/uploads\/2022\/05\/Overflow_1080-300x300.png\" alt=\"\" class=\"wp-image-18762\" srcset=\"https:\/\/ifesworld.org\/wp-content\/uploads\/2022\/05\/Overflow_1080-300x300.png 300w, https:\/\/ifesworld.org\/wp-content\/uploads\/2022\/05\/Overflow_1080-1024x1024.png 1024w, https:\/\/ifesworld.org\/wp-content\/uploads\/2022\/05\/Overflow_1080-150x150.png 150w, https:\/\/ifesworld.org\/wp-content\/uploads\/2022\/05\/Overflow_1080-768x768.png 768w, https:\/\/ifesworld.org\/wp-content\/uploads\/2022\/05\/Overflow_1080-70x70.png 70w, https:\/\/ifesworld.org\/wp-content\/uploads\/2022\/05\/Overflow_1080.png 1080w\" sizes=\"auto, (max-width: 300px) 100vw, 300px\" \/><\/figure>\n<\/div>\n\n<div class=\"wp-block block-core-paragraph aligncenter\">\n<p class=\"has-text-align-center has-xs-font-size wp-block-paragraph\">Rebosando, por Jennifer Esposito<\/p>\n<\/div>\n\n<div class=\"wp-block block-acf-ifesbutton aligncenter\">\n<div class=\"aligncenter\">\n    <a id=\"btn-block_626ee7470c925\" target=\"\" href=\"https:\/\/give.ifesworld.org\/customgiving?t=1&#038;d=IN000_PSTIA&#038;s=22CCSTICKLP&#038;a=0\" class=\"btn btn--primary\">\n        <span>\n        Consigue esta pegatina        <\/span>\n    <\/a>\n<\/div>\n\n<\/div><\/div>\n<\/div>\n<\/div><\/div>\n<\/div><\/div>\n\n<div class=\"wp-block block-core-heading\">\n<h2 class=\"wp-block-heading\"><strong>\u00bfPara qu\u00e9 recaudamos dinero?<\/strong>&nbsp;<\/h2>\n<\/div>\n\n<div class=\"wp-block block-core-paragraph\">\n<p class=\"wp-block-paragraph\">Estos son los dos proyectos que se beneficiar\u00e1n de las donaciones a la campa\u00f1a de pegatinas:&nbsp;&nbsp;<\/p>\n<\/div>\n\n<div class=\"wp-block block-core-heading\">\n<h4 class=\"has-francophone-africa-color has-text-color wp-block-heading\">PANAF<\/h4>\n<\/div>\n\n<div class=\"wp-block block-core-paragraph\">\n<p class=\"wp-block-paragraph\">Cada tres a\u00f1os, los estudiantes del <a href=\"https:\/\/gbuaf.org\/\" target=\"_blank\" rel=\"noreferrer noopener\">\u00c1frica franc\u00f3fona<\/a> se re\u00fanen para rendir culto, debatir y tener comuni\u00f3n. PANAF&#8217;22 se celebrar\u00e1 del 6 al 13 de agosto en Bujumbura (Burundi), organizada por el movimiento nacional <a href=\"https:\/\/ugbburundi.org\/index.php\" target=\"_blank\" rel=\"noreferrer noopener\">UGBB Burundi<\/a>. El tema de este a\u00f1o es \u00abEl Cristo eterno en el tiempo presente\u00bb, y se espera que asistan 500 participantes de 19 pa\u00edses.&nbsp;<\/p>\n<\/div>\n\n<div class=\"wp-block block-core-paragraph\">\n<p class=\"wp-block-paragraph\">A lo largo de la historia de IFES, hemos visto que las conferencias tienen el poder de transformar vidas, y los efectos de una experiencia crucial en una conferencia pueden reverberar hasta la eternidad. Oramos para que PANAF&#8217;22 no sea diferente.&nbsp;<\/p>\n<\/div>\n\n<div class=\"wp-block block-core-embed wp-embed-aspect-16-9 wp-has-aspect-ratio\">\n<figure class=\"wp-block-embed is-type-video is-provider-youtube wp-block-embed-youtube wp-embed-aspect-16-9 wp-has-aspect-ratio\"><div class=\"wp-block-embed__wrapper\">\n<iframe loading=\"lazy\" title=\"TEASER PANAF 2022\" width=\"740\" height=\"416\" src=\"https:\/\/www.youtube.com\/embed\/GqE7-gHA3R4?start=1&#038;feature=oembed\" frameborder=\"0\" allow=\"accelerometer; autoplay; clipboard-write; encrypted-media; gyroscope; picture-in-picture\" allowfullscreen><\/iframe>\n<\/div><\/figure>\n<\/div>\n\n<div class=\"wp-block block-core-paragraph\">\n<p class=\"wp-block-paragraph\"><strong><strong>\u00bfPodr\u00edas formar parte de la realizaci\u00f3n de este evento, con un impacto transformador en los estudiantes que asisten y un impacto estrat\u00e9gico para los movimientos estudiantiles en el \u00c1frica franc\u00f3fona?&nbsp;<\/strong>&nbsp;<\/strong><\/p>\n<\/div>\n\n<div class=\"wp-block block-core-heading\">\n<h4 class=\"has-latin-america-color has-text-color wp-block-heading\">Talleres de evangelizaci\u00f3n creativa en Am\u00e9rica Latina<\/h4>\n<\/div>\n\n<div class=\"wp-block block-core-paragraph\">\n<p class=\"wp-block-paragraph\">El equipo regional de Am\u00e9rica Latina se compromete a formar a los estudiantes en la evangelizaci\u00f3n. En 2021, desarrollaron el Taller \u00abMisi\u00f3n en la Universidad\u00bb &#8211; y ahora est\u00e1n buscando los fondos que les permitan no solo continuar la formaci\u00f3n en l\u00ednea, sino lanzarla de manera presencial por primera vez.&nbsp;&nbsp;<\/p>\n<\/div>\n\n<div class=\"wp-block block-core-paragraph\">\n<p class=\"wp-block-paragraph\">Durante la formaci\u00f3n, los participantes examinar\u00e1n diferentes iniciativas de evangelizaci\u00f3n que han tenido \u00e9xito en Am\u00e9rica en el pasado, como por ejemplo los <a href=\"https:\/\/www.uncover.org.uk\/\" target=\"_blank\" rel=\"noreferrer noopener\">Estudios B\u00edblicos Uncover<\/a>, el <a href=\"https:\/\/www.gbu-es.org\/portfolio\/experimento-marcos\/\" target=\"_blank\" rel=\"noreferrer noopener\">Experimento Marcos<\/a> en Brasil, los festivales de arte en Guatemala y Puerto Rico y el proyecto G\u00e9nesis centrado en el medio ambiente en Ecuador. Analizar\u00e1n los temas y propondr\u00e1n un proyecto que podr\u00eda funcionar bien en su propio contexto, poni\u00e9ndolo en pr\u00e1ctica en los pr\u00f3ximos tres a seis meses.&nbsp;<\/p>\n<\/div>\n\n\n<figure class=\"wp-block-image size-large\"><img loading=\"lazy\" decoding=\"async\" width=\"1024\" height=\"543\" src=\"https:\/\/ifesworld.org\/wp-content\/uploads\/2022\/03\/LA-3-1-1024x543.png\" alt=\"\" class=\"wp-image-18414\" srcset=\"https:\/\/ifesworld.org\/wp-content\/uploads\/2022\/03\/LA-3-1-1024x543.png 1024w, https:\/\/ifesworld.org\/wp-content\/uploads\/2022\/03\/LA-3-1-300x159.png 300w, https:\/\/ifesworld.org\/wp-content\/uploads\/2022\/03\/LA-3-1-768x408.png 768w, https:\/\/ifesworld.org\/wp-content\/uploads\/2022\/03\/LA-3-1.png 1434w\" sizes=\"auto, (max-width: 1024px) 100vw, 1024px\" \/><\/figure>\n\n\n<div class=\"wp-block block-core-paragraph\">\n<p class=\"wp-block-paragraph\">Los obreros regionales est\u00e1n orando para que Dios renueve el compromiso con el Evangelio entre los estudiantes de Am\u00e9rica Latina, despertando el entusiasmo y la creatividad para ayudar a los movimientos a alcanzar a las nuevas generaciones de estudiantes de una manera relevante y amorosa a trav\u00e9s de este trabajo.&nbsp;&nbsp;<\/p>\n<\/div>\n\n<div class=\"wp-block block-core-paragraph\">\n<p class=\"wp-block-paragraph\">Tu generosidad catalizar\u00e1 la confianza evangelizadora entre los estudiantes y los movimientos de Am\u00e9rica Latina.&nbsp;<\/p>\n<\/div>\n\n<div class=\"wp-block block-core-group\">\n<div class=\"wp-block-group has-primary-background-color has-background\"><div class=\"wp-block-group__inner-container is-layout-flow wp-block-group-is-layout-flow\"><div class=\"wp-block block-core-paragraph\">\n<p class=\"has-white-color has-primary-background-color has-text-color has-background has-md-font-size wp-block-paragraph\">\u00bfTe has sentido inspirado\/a para formar parte de esto? Nos encantar\u00eda que consideraras la oportunidad de movilizar a estos estudiantes con el llamado de poner a Jes\u00fas en primer lugar en sus vidas y tener la creatividad y la visi\u00f3n de proclamar su nombre en el campus.<\/p>\n<\/div>\n\n<div class=\"wp-block block-core-columns\">\n<div class=\"wp-block-columns is-layout-flex wp-container-core-columns-is-layout-8f761849 wp-block-columns-is-layout-flex\">\n<div class=\"wp-block-column is-layout-flow wp-block-column-is-layout-flow\"><div class=\"wp-block block-acf-ifesbutton\">\n<div class=\"\">\n    <a id=\"btn-block_626ee7af0c926\" target=\"\" href=\"https:\/\/give.ifesworld.org\/customgiving?t=1&#038;d=IN000_PSTIA&#038;s=22CCSTICKLP&#038;a=0\" class=\"btn btn--primary\">\n        <span>\n        Dona aqu\u00ed para la pegatina de Desbordamiento        <\/span>\n    <\/a>\n<\/div>\n\n<\/div><\/div>\n\n\n\n<div class=\"wp-block-column is-layout-flow wp-block-column-is-layout-flow\"><div class=\"wp-block block-acf-ifesbutton\">\n<div class=\"\">\n    <a id=\"btn-block_626ee7cf0c927\" target=\"\" href=\"https:\/\/give.ifesworld.org\/customgiving?t=1&#038;d=IN000_PSTIB&#038;s=22CCSTICKLP&#038;a=0\" class=\"btn btn--primary\">\n        <span>\n        Dona aqu\u00ed para la pegatina de la Generosidad Mundial        <\/span>\n    <\/a>\n<\/div>\n\n<\/div><\/div>\n<\/div>\n<\/div><\/div>\n<\/div><\/div>","protected":false},"excerpt":{"rendered":"<p>En todo el mundo, los estudiantes est\u00e1n ansiosos por recibir formaci\u00f3n y ser inspirados para compartir el evangelio con sus compa\u00f1eros. Tu donaci\u00f3n para la Campa\u00f1a de pegatinas contribuir\u00e1 a que ello se haga realidad para miles de estudiantes que esperan poder asistir al congreso PANAF en \u00c1frica franc\u00f3fona, y para aquellos estudiantes de Am\u00e9rica&#8230;<\/p>\n","protected":false},"author":2,"featured_media":0,"parent":0,"menu_order":0,"comment_status":"closed","ping_status":"closed","template":"","meta":{"_acf_changed":false,"_crdt_document":"","inline_featured_image":false,"footnotes":""},"area":[],"theme":[],"class_list":["post-18424","page","type-page","status-publish","hentry"],"acf":[],"yoast_head":"<!-- This site is optimized with the Yoast SEO plugin v27.2 - https:\/\/yoast.com\/product\/yoast-seo-wordpress\/ -->\n<title>Donar para marcar la diferencia en las vidas de los estudiantes de \u00c1frica franc\u00f3fona y Am\u00e9rica Latina hoy &#183; IFES<\/title>\n<meta name=\"description\" content=\"En todo el mundo, los estudiantes est\u00e1n ansiosos por recibir formaci\u00f3n y ser inspirados para compartir el evangelio con sus compa\u00f1eros. Tu donaci\u00f3n para\" \/>\n<meta name=\"robots\" content=\"index, follow, max-snippet:-1, max-image-preview:large, max-video-preview:-1\" \/>\n<link rel=\"canonical\" href=\"https:\/\/ifesworld.org\/es\/concurso-de-diseno-de-generosidad-mundial\/\" \/>\n<meta property=\"og:locale\" content=\"es_ES\" \/>\n<meta property=\"og:type\" content=\"article\" \/>\n<meta property=\"og:title\" content=\"Donar para marcar la diferencia en las vidas de los estudiantes de \u00c1frica franc\u00f3fona y Am\u00e9rica Latina hoy &#183; IFES\" \/>\n<meta property=\"og:description\" content=\"En todo el mundo, los estudiantes est\u00e1n ansiosos por recibir formaci\u00f3n y ser inspirados para compartir el evangelio con sus compa\u00f1eros. Tu donaci\u00f3n para\" \/>\n<meta property=\"og:url\" content=\"https:\/\/ifesworld.org\/es\/concurso-de-diseno-de-generosidad-mundial\/\" \/>\n<meta property=\"og:site_name\" content=\"IFES\" \/>\n<meta property=\"article:modified_time\" content=\"2022-05-01T21:04:14+00:00\" \/>\n<meta property=\"og:image\" content=\"https:\/\/ifesworld.org\/wp-content\/uploads\/2022\/04\/gengen_logo_primary.png\" \/>\n\t<meta property=\"og:image:width\" content=\"1500\" \/>\n\t<meta property=\"og:image:height\" content=\"793\" \/>\n\t<meta property=\"og:image:type\" content=\"image\/png\" \/>\n<meta name=\"twitter:card\" content=\"summary_large_image\" \/>\n<meta name=\"twitter:label1\" content=\"Tiempo de lectura\" \/>\n\t<meta name=\"twitter:data1\" content=\"4 minutos\" \/>\n<script type=\"application\/ld+json\" class=\"yoast-schema-graph\">{\"@context\":\"https:\/\/schema.org\",\"@graph\":[{\"@type\":\"WebPage\",\"@id\":\"https:\/\/ifesworld.org\/es\/concurso-de-diseno-de-generosidad-mundial\/\",\"url\":\"https:\/\/ifesworld.org\/es\/concurso-de-diseno-de-generosidad-mundial\/\",\"name\":\"Donar para marcar la diferencia en las vidas de los estudiantes de \u00c1frica franc\u00f3fona y Am\u00e9rica Latina hoy &#183; IFES\",\"isPartOf\":{\"@id\":\"https:\/\/ifesworld.org\/es\/#website\"},\"primaryImageOfPage\":{\"@id\":\"https:\/\/ifesworld.org\/es\/concurso-de-diseno-de-generosidad-mundial\/#primaryimage\"},\"image\":{\"@id\":\"https:\/\/ifesworld.org\/es\/concurso-de-diseno-de-generosidad-mundial\/#primaryimage\"},\"thumbnailUrl\":\"https:\/\/ifesworld.org\/wp-content\/uploads\/2022\/04\/gengen_logo_primary-1024x541.png\",\"datePublished\":\"2022-03-25T11:15:38+00:00\",\"dateModified\":\"2022-05-01T21:04:14+00:00\",\"description\":\"En todo el mundo, los estudiantes est\u00e1n ansiosos por recibir formaci\u00f3n y ser inspirados para compartir el evangelio con sus compa\u00f1eros. Tu donaci\u00f3n para\",\"breadcrumb\":{\"@id\":\"https:\/\/ifesworld.org\/es\/concurso-de-diseno-de-generosidad-mundial\/#breadcrumb\"},\"inLanguage\":\"es\",\"potentialAction\":[{\"@type\":\"ReadAction\",\"target\":[\"https:\/\/ifesworld.org\/es\/concurso-de-diseno-de-generosidad-mundial\/\"]}]},{\"@type\":\"ImageObject\",\"inLanguage\":\"es\",\"@id\":\"https:\/\/ifesworld.org\/es\/concurso-de-diseno-de-generosidad-mundial\/#primaryimage\",\"url\":\"https:\/\/ifesworld.org\/wp-content\/uploads\/2022\/04\/gengen_logo_primary-1024x541.png\",\"contentUrl\":\"https:\/\/ifesworld.org\/wp-content\/uploads\/2022\/04\/gengen_logo_primary-1024x541.png\"},{\"@type\":\"BreadcrumbList\",\"@id\":\"https:\/\/ifesworld.org\/es\/concurso-de-diseno-de-generosidad-mundial\/#breadcrumb\",\"itemListElement\":[{\"@type\":\"ListItem\",\"position\":1,\"name\":\"Home\",\"item\":\"https:\/\/ifesworld.org\/es\/\"},{\"@type\":\"ListItem\",\"position\":2,\"name\":\"Donar para marcar la diferencia en las vidas de los estudiantes de \u00c1frica franc\u00f3fona y Am\u00e9rica Latina hoy\"}]},{\"@type\":\"WebSite\",\"@id\":\"https:\/\/ifesworld.org\/es\/#website\",\"url\":\"https:\/\/ifesworld.org\/es\/\",\"name\":\"IFES\",\"description\":\"A movement of students sharing and living out the good news of Jesus Christ. Locally. Nationally. Globally.\",\"publisher\":{\"@id\":\"https:\/\/ifesworld.org\/es\/#organization\"},\"potentialAction\":[{\"@type\":\"SearchAction\",\"target\":{\"@type\":\"EntryPoint\",\"urlTemplate\":\"https:\/\/ifesworld.org\/es\/?s={search_term_string}\"},\"query-input\":{\"@type\":\"PropertyValueSpecification\",\"valueRequired\":true,\"valueName\":\"search_term_string\"}}],\"inLanguage\":\"es\"},{\"@type\":\"Organization\",\"@id\":\"https:\/\/ifesworld.org\/es\/#organization\",\"name\":\"IFES \u00b7 International Fellowship of Evangelical Students\",\"url\":\"https:\/\/ifesworld.org\/es\/\",\"logo\":{\"@type\":\"ImageObject\",\"inLanguage\":\"es\",\"@id\":\"https:\/\/ifesworld.org\/es\/#\/schema\/logo\/image\/\",\"url\":\"https:\/\/ifesworld.org\/wp-content\/uploads\/2019\/06\/ifeslogo.png\",\"contentUrl\":\"https:\/\/ifesworld.org\/wp-content\/uploads\/2019\/06\/ifeslogo.png\",\"width\":262,\"height\":262,\"caption\":\"IFES \u00b7 International Fellowship of Evangelical Students\"},\"image\":{\"@id\":\"https:\/\/ifesworld.org\/es\/#\/schema\/logo\/image\/\"}}]}<\/script>\n<!-- \/ Yoast SEO plugin. -->","yoast_head_json":{"title":"Donar para marcar la diferencia en las vidas de los estudiantes de \u00c1frica franc\u00f3fona y Am\u00e9rica Latina hoy &#183; IFES","description":"En todo el mundo, los estudiantes est\u00e1n ansiosos por recibir formaci\u00f3n y ser inspirados para compartir el evangelio con sus compa\u00f1eros. Tu donaci\u00f3n para","robots":{"index":"index","follow":"follow","max-snippet":"max-snippet:-1","max-image-preview":"max-image-preview:large","max-video-preview":"max-video-preview:-1"},"canonical":"https:\/\/ifesworld.org\/es\/concurso-de-diseno-de-generosidad-mundial\/","og_locale":"es_ES","og_type":"article","og_title":"Donar para marcar la diferencia en las vidas de los estudiantes de \u00c1frica franc\u00f3fona y Am\u00e9rica Latina hoy &#183; IFES","og_description":"En todo el mundo, los estudiantes est\u00e1n ansiosos por recibir formaci\u00f3n y ser inspirados para compartir el evangelio con sus compa\u00f1eros. Tu donaci\u00f3n para","og_url":"https:\/\/ifesworld.org\/es\/concurso-de-diseno-de-generosidad-mundial\/","og_site_name":"IFES","article_modified_time":"2022-05-01T21:04:14+00:00","og_image":[{"width":1500,"height":793,"url":"https:\/\/ifesworld.org\/wp-content\/uploads\/2022\/04\/gengen_logo_primary.png","type":"image\/png"}],"twitter_card":"summary_large_image","twitter_misc":{"Tiempo de lectura":"4 minutos"},"schema":{"@context":"https:\/\/schema.org","@graph":[{"@type":"WebPage","@id":"https:\/\/ifesworld.org\/es\/concurso-de-diseno-de-generosidad-mundial\/","url":"https:\/\/ifesworld.org\/es\/concurso-de-diseno-de-generosidad-mundial\/","name":"Donar para marcar la diferencia en las vidas de los estudiantes de \u00c1frica franc\u00f3fona y Am\u00e9rica Latina hoy &#183; IFES","isPartOf":{"@id":"https:\/\/ifesworld.org\/es\/#website"},"primaryImageOfPage":{"@id":"https:\/\/ifesworld.org\/es\/concurso-de-diseno-de-generosidad-mundial\/#primaryimage"},"image":{"@id":"https:\/\/ifesworld.org\/es\/concurso-de-diseno-de-generosidad-mundial\/#primaryimage"},"thumbnailUrl":"https:\/\/ifesworld.org\/wp-content\/uploads\/2022\/04\/gengen_logo_primary-1024x541.png","datePublished":"2022-03-25T11:15:38+00:00","dateModified":"2022-05-01T21:04:14+00:00","description":"En todo el mundo, los estudiantes est\u00e1n ansiosos por recibir formaci\u00f3n y ser inspirados para compartir el evangelio con sus compa\u00f1eros. Tu donaci\u00f3n para","breadcrumb":{"@id":"https:\/\/ifesworld.org\/es\/concurso-de-diseno-de-generosidad-mundial\/#breadcrumb"},"inLanguage":"es","potentialAction":[{"@type":"ReadAction","target":["https:\/\/ifesworld.org\/es\/concurso-de-diseno-de-generosidad-mundial\/"]}]},{"@type":"ImageObject","inLanguage":"es","@id":"https:\/\/ifesworld.org\/es\/concurso-de-diseno-de-generosidad-mundial\/#primaryimage","url":"https:\/\/ifesworld.org\/wp-content\/uploads\/2022\/04\/gengen_logo_primary-1024x541.png","contentUrl":"https:\/\/ifesworld.org\/wp-content\/uploads\/2022\/04\/gengen_logo_primary-1024x541.png"},{"@type":"BreadcrumbList","@id":"https:\/\/ifesworld.org\/es\/concurso-de-diseno-de-generosidad-mundial\/#breadcrumb","itemListElement":[{"@type":"ListItem","position":1,"name":"Home","item":"https:\/\/ifesworld.org\/es\/"},{"@type":"ListItem","position":2,"name":"Donar para marcar la diferencia en las vidas de los estudiantes de \u00c1frica franc\u00f3fona y Am\u00e9rica Latina hoy"}]},{"@type":"WebSite","@id":"https:\/\/ifesworld.org\/es\/#website","url":"https:\/\/ifesworld.org\/es\/","name":"IFES","description":"A movement of students sharing and living out the good news of Jesus Christ. Locally. Nationally. Globally.","publisher":{"@id":"https:\/\/ifesworld.org\/es\/#organization"},"potentialAction":[{"@type":"SearchAction","target":{"@type":"EntryPoint","urlTemplate":"https:\/\/ifesworld.org\/es\/?s={search_term_string}"},"query-input":{"@type":"PropertyValueSpecification","valueRequired":true,"valueName":"search_term_string"}}],"inLanguage":"es"},{"@type":"Organization","@id":"https:\/\/ifesworld.org\/es\/#organization","name":"IFES \u00b7 International Fellowship of Evangelical Students","url":"https:\/\/ifesworld.org\/es\/","logo":{"@type":"ImageObject","inLanguage":"es","@id":"https:\/\/ifesworld.org\/es\/#\/schema\/logo\/image\/","url":"https:\/\/ifesworld.org\/wp-content\/uploads\/2019\/06\/ifeslogo.png","contentUrl":"https:\/\/ifesworld.org\/wp-content\/uploads\/2019\/06\/ifeslogo.png","width":262,"height":262,"caption":"IFES \u00b7 International Fellowship of Evangelical Students"},"image":{"@id":"https:\/\/ifesworld.org\/es\/#\/schema\/logo\/image\/"}}]}},"_links":{"self":[{"href":"https:\/\/ifesworld.org\/es\/wp-json\/wp\/v2\/pages\/18424","targetHints":{"allow":["GET"]}}],"collection":[{"href":"https:\/\/ifesworld.org\/es\/wp-json\/wp\/v2\/pages"}],"about":[{"href":"https:\/\/ifesworld.org\/es\/wp-json\/wp\/v2\/types\/page"}],"author":[{"embeddable":true,"href":"https:\/\/ifesworld.org\/es\/wp-json\/wp\/v2\/users\/2"}],"replies":[{"embeddable":true,"href":"https:\/\/ifesworld.org\/es\/wp-json\/wp\/v2\/comments?post=18424"}],"version-history":[{"count":0,"href":"https:\/\/ifesworld.org\/es\/wp-json\/wp\/v2\/pages\/18424\/revisions"}],"wp:attachment":[{"href":"https:\/\/ifesworld.org\/es\/wp-json\/wp\/v2\/media?parent=18424"}],"wp:term":[{"taxonomy":"area","embeddable":true,"href":"https:\/\/ifesworld.org\/es\/wp-json\/wp\/v2\/area?post=18424"},{"taxonomy":"theme","embeddable":true,"href":"https:\/\/ifesworld.org\/es\/wp-json\/wp\/v2\/theme?post=18424"}],"curies":[{"name":"wp","href":"https:\/\/api.w.org\/{rel}","templated":true}]}}