{"id":17698,"date":"2021-12-21T14:42:53","date_gmt":"2021-12-21T14:42:53","guid":{"rendered":"https:\/\/ifesworld.org\/?page_id=17698"},"modified":"2025-05-22T15:14:30","modified_gmt":"2025-05-22T14:14:30","slug":"un-mensaje-de-navidad-de-ifes","status":"publish","type":"page","link":"https:\/\/ifesworld.org\/es\/un-mensaje-de-navidad-de-ifes\/","title":{"rendered":"Un mensaje de Navidad de IFES"},"content":{"rendered":"<div class=\"wp-block block-core-shortcode\"><table id=\"dlp_16167bb2575a29b6_1\" class=\"posts-data-table\" width=\"100%\" data-config=\"{&quot;pageLength&quot;:10,&quot;pagingType&quot;:&quot;simple_numbers&quot;,&quot;serverSide&quot;:true,&quot;autoWidth&quot;:true,&quot;clickFilter&quot;:&quot;&quot;,&quot;stickyHeader&quot;:false,&quot;scrollOffset&quot;:15,&quot;resetButton&quot;:false,&quot;numOrder&quot;:false,&quot;lengthMenu&quot;:[10,25,50,100],&quot;columnDefs&quot;:[{&quot;className&quot;:&quot;col-title&quot;,&quot;targets&quot;:0,&quot;type&quot;:&quot;html&quot;},{&quot;className&quot;:&quot;col-excerpt&quot;,&quot;targets&quot;:1,&quot;type&quot;:&quot;html&quot;},{&quot;className&quot;:&quot;col-doc_categories&quot;,&quot;targets&quot;:2,&quot;type&quot;:&quot;html&quot;},{&quot;className&quot;:&quot;col-link&quot;,&quot;targets&quot;:3,&quot;type&quot;:&quot;html&quot;},{&quot;className&quot;:&quot;col-image&quot;,&quot;targets&quot;:4,&quot;type&quot;:&quot;html&quot;}],&quot;responsive&quot;:{&quot;details&quot;:{&quot;display&quot;:&quot;child_row&quot;}},&quot;language&quot;:{&quot;info&quot;:&quot;_TOTAL_ documents&quot;,&quot;infoEmpty&quot;:&quot;0 documents&quot;,&quot;emptyTable&quot;:&quot;No matching documents.&quot;,&quot;zeroRecords&quot;:&quot;No matching documents.&quot;,&quot;totalsSingle&quot;:&quot;document&quot;,&quot;totalsPlural&quot;:&quot;documents&quot;},&quot;dom&quot;:&quot;&lt;\\&quot;posts-table-wrapper ifes\\&quot;&lt;\\&quot;posts-table-above posts-table-controls\\&quot;f&gt;t&lt;\\&quot;posts-table-below posts-table-controls\\&quot;lip&gt;&gt;&quot;,&quot;multiDownloadButton&quot;:false,&quot;multiDownloadPosition&quot;:&quot;above&quot;,&quot;multiDownloadText&quot;:&quot;Download Selected Documents&quot;}\" data-filters=\"false\" data-order=\"[]\"><thead><tr><th class=\"all\" data-name=\"title\" data-orderable=\"true\" data-searchable=\"true\" data-priority=\"1\" data-data=\"title\">Title<\/th><th data-name=\"excerpt\" data-orderable=\"false\" data-searchable=\"true\" data-priority=\"4\" data-data=\"excerpt\">Excerpt<\/th><th data-name=\"doc_categories\" data-orderable=\"false\" data-searchable=\"true\" data-priority=\"6\" data-data=\"doc_categories\">Categories<\/th><th data-name=\"link\" data-orderable=\"false\" data-searchable=\"false\" data-priority=\"10\" data-data=\"link\">Link<\/th><th data-name=\"image\" data-orderable=\"false\" data-searchable=\"false\" data-width=\"70px\" data-priority=\"2\" data-data=\"image\">Image<\/th><th data-name=\"hf_doc_categories\" data-tax=\"doc_categories\" data-searchable=\"true\" data-visible=\"false\" data-data=\"hf:doc_categories\">hf:doc_categories<\/th><\/tr><\/thead><\/table>\n<\/div>\n\n<div class=\"wp-block block-core-group alignfull\">\n<div class=\"wp-block-group alignfull has-white-dark-background-color has-background\"><div class=\"wp-block-group__inner-container is-layout-flow wp-block-group-is-layout-flow\"><div class=\"wp-block block-core-quote is-style-default\">\n<blockquote class=\"wp-block-quote is-style-default is-layout-flow wp-block-quote-is-layout-flow\"><div class=\"wp-block block-core-paragraph\">\n<p class=\"wp-block-paragraph\">\u00abEsta Navidad oro para que cada uno de nosotros tenga la humildad, la curiosidad y la sinceridad que necesitamos para seguir una vez m\u00e1s la estrella y para que estemos dispuestos a encontrar a Cristo de una manera nueva\u00bb.\u00a0<\/p>\n<\/div><\/blockquote>\n<\/div>\n\n<div class=\"wp-block block-core-columns\">\n<div class=\"wp-block-columns is-layout-flex wp-container-core-columns-is-layout-8f761849 wp-block-columns-is-layout-flex\">\n<div class=\"wp-block-column is-layout-flow wp-block-column-is-layout-flow\" style=\"flex-basis:66.66%\"><div class=\"wp-block block-core-embed wp-embed-aspect-16-9 wp-has-aspect-ratio\">\n<figure class=\"wp-block-embed is-type-video is-provider-youtube wp-block-embed-youtube wp-embed-aspect-16-9 wp-has-aspect-ratio\"><div class=\"wp-block-embed__wrapper\">\n<iframe loading=\"lazy\" title=\"A Christmas Message from IFES\" width=\"740\" height=\"416\" src=\"https:\/\/www.youtube.com\/embed\/ST7VEh9f1G0?feature=oembed&#038;cc_load_policy=1\" frameborder=\"0\" allow=\"accelerometer; autoplay; clipboard-write; encrypted-media; gyroscope; picture-in-picture\" allowfullscreen><\/iframe>\n<\/div><\/figure>\n<\/div><\/div>\n\n\n\n<div class=\"wp-block-column is-layout-flow wp-block-column-is-layout-flow\" style=\"flex-basis:33.33%\"><div class=\"wp-block block-core-paragraph\">\n<p class=\"wp-block-paragraph\">El Secretario General de IFES, Tim Adams, reflexiona sobre la actitud que tuvieron los Reyes Magos cuando sus b\u00fasquedas los dirigieron hacia Jes\u00fas: humildad, alegr\u00eda y adoraci\u00f3n.&nbsp;<\/p>\n<\/div>\n\n<div class=\"wp-block block-core-paragraph\">\n<p class=\"wp-block-paragraph\">Un mensaje de Navidad para nuestros estudiantes, obreros y donantes al final de otro a\u00f1o dif\u00edcil \u2013 puestos los ojos en Jes\u00fas, como los Reyes Magos, deseamos avanzar juntos en 2022, llevando a los estudiantes a descubrir esa alegr\u00eda que ofrece Jes\u00fas.&nbsp;<\/p>\n<\/div><\/div>\n<\/div>\n<\/div><\/div>\n<\/div><\/div>\n\n<div class=\"wp-block block-core-group\">\n<div class=\"wp-block-group\"><div class=\"wp-block-group__inner-container is-layout-flow wp-block-group-is-layout-flow\"><div class=\"wp-block block-core-heading\">\n<h1 class=\"wp-block-heading\">SIGUE NUESTRA LISTA DE CANCIONES NAVIDE\u00d1AS<\/h1>\n<\/div>\n\n<div class=\"wp-block block-core-columns\">\n<div class=\"wp-block-columns is-layout-flex wp-container-core-columns-is-layout-8f761849 wp-block-columns-is-layout-flex\">\n<div class=\"wp-block-column is-layout-flow wp-block-column-is-layout-flow\" style=\"flex-basis:33.33%\"><div class=\"wp-block block-core-embed wp-embed-aspect-21-9 wp-has-aspect-ratio\">\n<figure class=\"wp-block-embed is-type-rich is-provider-spotify wp-block-embed-spotify wp-embed-aspect-21-9 wp-has-aspect-ratio\"><div class=\"wp-block-embed__wrapper\">\n<iframe loading=\"lazy\" title=\"Spotify Embed: Christmas around the world\" width=\"100%\" height=\"380\" frameborder=\"0\" allowfullscreen allow=\"autoplay; clipboard-write; encrypted-media; fullscreen; picture-in-picture\" src=\"https:\/\/open.spotify.com\/embed\/playlist\/7K9cicZwBfySgqTCEmQGyQ?si=efae01c791ab4e79&#038;utm_source=oembed\"><\/iframe>\n<\/div><\/figure>\n<\/div><\/div>\n\n\n\n<div class=\"wp-block-column is-layout-flow wp-block-column-is-layout-flow\" style=\"flex-basis:66.66%\"><div class=\"wp-block block-core-paragraph\">\n<p class=\"wp-block-paragraph\">Para celebrar estas fiestas navide\u00f1as, hemos elaborado la lista de reproducci\u00f3n navide\u00f1a definitiva de IFES en Spotify, compuesta por aportaciones de estudiantes de todo el mundo.<br><br>\u00abPorque nos ha nacido un ni\u00f1o, se nos ha concedido un hijo; la soberan\u00eda reposar\u00e1 sobre sus hombros.\u00bb Isa\u00edas 9,6<\/p>\n<\/div><\/div>\n<\/div>\n<\/div><\/div>\n<\/div><\/div>\n\n<div class=\"wp-block block-core-group alignfull\">\n<div class=\"wp-block-group alignfull has-white-dark-background-color has-background\"><div class=\"wp-block-group__inner-container is-layout-flow wp-block-group-is-layout-flow\"><div class=\"wp-block block-core-heading\">\n<h1 class=\"wp-block-heading\">PARA QUE VIVAN SIEMPRE ALEGRES<\/h1>\n<\/div>\n\n<div class=\"wp-block block-core-paragraph\">\n<p class=\"wp-block-paragraph\">Dar para llevar a Jes\u00fas a los estudiantes en 2022 para la alegr\u00eda eterna. Nuestra campa\u00f1a de donaciones de fin de a\u00f1o est\u00e1 en marcha. Descubra el papel que puede desempe\u00f1ar aqu\u00ed:<\/p>\n<\/div>\n\n<div class=\"wp-block block-acf-ifesbutton\">\n<div class=\"\">\n    <a id=\"btn-block_ecb37387e1d43cf4bd3958fe321dc79f\" target=\"\" href=\"https:\/\/ifesworld.org\/es\/para-que-vivan-siempre-alegres\/\" class=\"btn btn--primary\">\n        <span>\n        DONA PARA ALCANZAR A LOS ESTUDIANTES CON LAS BUENAS NUEVAS DE JES\u00daS EN 2022        <\/span>\n    <\/a>\n<\/div>\n\n<\/div><\/div>\n<\/div><\/div>","protected":false},"excerpt":{"rendered":"<p>\u00abEsta Navidad oro para que cada uno de nosotros tenga la humildad, la curiosidad y la sinceridad que necesitamos para seguir una vez m\u00e1s la estrella y para que estemos dispuestos a encontrar a Cristo de una manera nueva\u00bb.\u00a0 El Secretario General de IFES, Tim Adams, reflexiona sobre la actitud que tuvieron los Reyes Magos&#8230;<\/p>\n","protected":false},"author":2,"featured_media":17718,"parent":0,"menu_order":0,"comment_status":"closed","ping_status":"closed","template":"","meta":{"_acf_changed":false,"_crdt_document":"","inline_featured_image":false,"footnotes":""},"area":[],"theme":[],"class_list":["post-17698","page","type-page","status-publish","has-post-thumbnail","hentry"],"acf":[],"yoast_head":"<!-- This site is optimized with the Yoast SEO plugin v27.2 - https:\/\/yoast.com\/product\/yoast-seo-wordpress\/ -->\n<title>Un mensaje de Navidad de IFES &#183; IFES<\/title>\n<meta name=\"description\" content=\"\u00abEsta Navidad oro para que cada uno de nosotros tenga la humildad, la curiosidad y la sinceridad que necesitamos para seguir una vez m\u00e1s la estrella y\" \/>\n<meta name=\"robots\" content=\"index, follow, max-snippet:-1, max-image-preview:large, max-video-preview:-1\" \/>\n<link rel=\"canonical\" href=\"https:\/\/ifesworld.org\/en\/a-christmas-message-from-ifes\/\" \/>\n<meta property=\"og:locale\" content=\"es_ES\" \/>\n<meta property=\"og:type\" content=\"article\" \/>\n<meta property=\"og:title\" content=\"Un mensaje de Navidad de IFES &#183; IFES\" \/>\n<meta property=\"og:description\" content=\"\u00abEsta Navidad oro para que cada uno de nosotros tenga la humildad, la curiosidad y la sinceridad que necesitamos para seguir una vez m\u00e1s la estrella y\" \/>\n<meta property=\"og:url\" content=\"https:\/\/ifesworld.org\/en\/a-christmas-message-from-ifes\/\" \/>\n<meta property=\"og:site_name\" content=\"IFES\" \/>\n<meta property=\"article:modified_time\" content=\"2025-05-22T14:14:30+00:00\" \/>\n<meta property=\"og:image\" content=\"https:\/\/ifesworld.org\/wp-content\/uploads\/2021\/12\/IFES-Christmas-2021_Shared-ES.jpg\" \/>\n\t<meta property=\"og:image:width\" content=\"2501\" \/>\n\t<meta property=\"og:image:height\" content=\"1314\" \/>\n\t<meta property=\"og:image:type\" content=\"image\/jpeg\" \/>\n<meta name=\"twitter:card\" content=\"summary_large_image\" \/>\n<meta name=\"twitter:label1\" content=\"Tiempo de lectura\" \/>\n\t<meta name=\"twitter:data1\" content=\"1 minuto\" \/>\n<script type=\"application\/ld+json\" class=\"yoast-schema-graph\">{\"@context\":\"https:\/\/schema.org\",\"@graph\":[{\"@type\":\"WebPage\",\"@id\":\"https:\/\/ifesworld.org\/en\/a-christmas-message-from-ifes\/\",\"url\":\"https:\/\/ifesworld.org\/en\/a-christmas-message-from-ifes\/\",\"name\":\"Un mensaje de Navidad de IFES &#183; IFES\",\"isPartOf\":{\"@id\":\"https:\/\/ifesworld.org\/es\/#website\"},\"primaryImageOfPage\":{\"@id\":\"https:\/\/ifesworld.org\/en\/a-christmas-message-from-ifes\/#primaryimage\"},\"image\":{\"@id\":\"https:\/\/ifesworld.org\/en\/a-christmas-message-from-ifes\/#primaryimage\"},\"thumbnailUrl\":\"https:\/\/ifesworld.org\/wp-content\/uploads\/2021\/12\/IFES-Christmas-2021_Shared-ES.jpg\",\"datePublished\":\"2021-12-21T14:42:53+00:00\",\"dateModified\":\"2025-05-22T14:14:30+00:00\",\"description\":\"\u00abEsta Navidad oro para que cada uno de nosotros tenga la humildad, la curiosidad y la sinceridad que necesitamos para seguir una vez m\u00e1s la estrella y\",\"breadcrumb\":{\"@id\":\"https:\/\/ifesworld.org\/en\/a-christmas-message-from-ifes\/#breadcrumb\"},\"inLanguage\":\"es\",\"potentialAction\":[{\"@type\":\"ReadAction\",\"target\":[\"https:\/\/ifesworld.org\/en\/a-christmas-message-from-ifes\/\"]}]},{\"@type\":\"ImageObject\",\"inLanguage\":\"es\",\"@id\":\"https:\/\/ifesworld.org\/en\/a-christmas-message-from-ifes\/#primaryimage\",\"url\":\"https:\/\/ifesworld.org\/wp-content\/uploads\/2021\/12\/IFES-Christmas-2021_Shared-ES.jpg\",\"contentUrl\":\"https:\/\/ifesworld.org\/wp-content\/uploads\/2021\/12\/IFES-Christmas-2021_Shared-ES.jpg\",\"width\":2501,\"height\":1314},{\"@type\":\"BreadcrumbList\",\"@id\":\"https:\/\/ifesworld.org\/en\/a-christmas-message-from-ifes\/#breadcrumb\",\"itemListElement\":[{\"@type\":\"ListItem\",\"position\":1,\"name\":\"Home\",\"item\":\"https:\/\/ifesworld.org\/es\/\"},{\"@type\":\"ListItem\",\"position\":2,\"name\":\"Un mensaje de Navidad de IFES\"}]},{\"@type\":\"WebSite\",\"@id\":\"https:\/\/ifesworld.org\/es\/#website\",\"url\":\"https:\/\/ifesworld.org\/es\/\",\"name\":\"IFES\",\"description\":\"A movement of students sharing and living out the good news of Jesus Christ. Locally. Nationally. Globally.\",\"publisher\":{\"@id\":\"https:\/\/ifesworld.org\/es\/#organization\"},\"potentialAction\":[{\"@type\":\"SearchAction\",\"target\":{\"@type\":\"EntryPoint\",\"urlTemplate\":\"https:\/\/ifesworld.org\/es\/?s={search_term_string}\"},\"query-input\":{\"@type\":\"PropertyValueSpecification\",\"valueRequired\":true,\"valueName\":\"search_term_string\"}}],\"inLanguage\":\"es\"},{\"@type\":\"Organization\",\"@id\":\"https:\/\/ifesworld.org\/es\/#organization\",\"name\":\"IFES \u00b7 International Fellowship of Evangelical Students\",\"url\":\"https:\/\/ifesworld.org\/es\/\",\"logo\":{\"@type\":\"ImageObject\",\"inLanguage\":\"es\",\"@id\":\"https:\/\/ifesworld.org\/es\/#\/schema\/logo\/image\/\",\"url\":\"https:\/\/ifesworld.org\/wp-content\/uploads\/2019\/06\/ifeslogo.png\",\"contentUrl\":\"https:\/\/ifesworld.org\/wp-content\/uploads\/2019\/06\/ifeslogo.png\",\"width\":262,\"height\":262,\"caption\":\"IFES \u00b7 International Fellowship of Evangelical Students\"},\"image\":{\"@id\":\"https:\/\/ifesworld.org\/es\/#\/schema\/logo\/image\/\"}}]}<\/script>\n<!-- \/ Yoast SEO plugin. -->","yoast_head_json":{"title":"Un mensaje de Navidad de IFES &#183; IFES","description":"\u00abEsta Navidad oro para que cada uno de nosotros tenga la humildad, la curiosidad y la sinceridad que necesitamos para seguir una vez m\u00e1s la estrella y","robots":{"index":"index","follow":"follow","max-snippet":"max-snippet:-1","max-image-preview":"max-image-preview:large","max-video-preview":"max-video-preview:-1"},"canonical":"https:\/\/ifesworld.org\/en\/a-christmas-message-from-ifes\/","og_locale":"es_ES","og_type":"article","og_title":"Un mensaje de Navidad de IFES &#183; IFES","og_description":"\u00abEsta Navidad oro para que cada uno de nosotros tenga la humildad, la curiosidad y la sinceridad que necesitamos para seguir una vez m\u00e1s la estrella y","og_url":"https:\/\/ifesworld.org\/en\/a-christmas-message-from-ifes\/","og_site_name":"IFES","article_modified_time":"2025-05-22T14:14:30+00:00","og_image":[{"width":2501,"height":1314,"url":"https:\/\/ifesworld.org\/wp-content\/uploads\/2021\/12\/IFES-Christmas-2021_Shared-ES.jpg","type":"image\/jpeg"}],"twitter_card":"summary_large_image","twitter_misc":{"Tiempo de lectura":"1 minuto"},"schema":{"@context":"https:\/\/schema.org","@graph":[{"@type":"WebPage","@id":"https:\/\/ifesworld.org\/en\/a-christmas-message-from-ifes\/","url":"https:\/\/ifesworld.org\/en\/a-christmas-message-from-ifes\/","name":"Un mensaje de Navidad de IFES &#183; IFES","isPartOf":{"@id":"https:\/\/ifesworld.org\/es\/#website"},"primaryImageOfPage":{"@id":"https:\/\/ifesworld.org\/en\/a-christmas-message-from-ifes\/#primaryimage"},"image":{"@id":"https:\/\/ifesworld.org\/en\/a-christmas-message-from-ifes\/#primaryimage"},"thumbnailUrl":"https:\/\/ifesworld.org\/wp-content\/uploads\/2021\/12\/IFES-Christmas-2021_Shared-ES.jpg","datePublished":"2021-12-21T14:42:53+00:00","dateModified":"2025-05-22T14:14:30+00:00","description":"\u00abEsta Navidad oro para que cada uno de nosotros tenga la humildad, la curiosidad y la sinceridad que necesitamos para seguir una vez m\u00e1s la estrella y","breadcrumb":{"@id":"https:\/\/ifesworld.org\/en\/a-christmas-message-from-ifes\/#breadcrumb"},"inLanguage":"es","potentialAction":[{"@type":"ReadAction","target":["https:\/\/ifesworld.org\/en\/a-christmas-message-from-ifes\/"]}]},{"@type":"ImageObject","inLanguage":"es","@id":"https:\/\/ifesworld.org\/en\/a-christmas-message-from-ifes\/#primaryimage","url":"https:\/\/ifesworld.org\/wp-content\/uploads\/2021\/12\/IFES-Christmas-2021_Shared-ES.jpg","contentUrl":"https:\/\/ifesworld.org\/wp-content\/uploads\/2021\/12\/IFES-Christmas-2021_Shared-ES.jpg","width":2501,"height":1314},{"@type":"BreadcrumbList","@id":"https:\/\/ifesworld.org\/en\/a-christmas-message-from-ifes\/#breadcrumb","itemListElement":[{"@type":"ListItem","position":1,"name":"Home","item":"https:\/\/ifesworld.org\/es\/"},{"@type":"ListItem","position":2,"name":"Un mensaje de Navidad de IFES"}]},{"@type":"WebSite","@id":"https:\/\/ifesworld.org\/es\/#website","url":"https:\/\/ifesworld.org\/es\/","name":"IFES","description":"A movement of students sharing and living out the good news of Jesus Christ. Locally. Nationally. Globally.","publisher":{"@id":"https:\/\/ifesworld.org\/es\/#organization"},"potentialAction":[{"@type":"SearchAction","target":{"@type":"EntryPoint","urlTemplate":"https:\/\/ifesworld.org\/es\/?s={search_term_string}"},"query-input":{"@type":"PropertyValueSpecification","valueRequired":true,"valueName":"search_term_string"}}],"inLanguage":"es"},{"@type":"Organization","@id":"https:\/\/ifesworld.org\/es\/#organization","name":"IFES \u00b7 International Fellowship of Evangelical Students","url":"https:\/\/ifesworld.org\/es\/","logo":{"@type":"ImageObject","inLanguage":"es","@id":"https:\/\/ifesworld.org\/es\/#\/schema\/logo\/image\/","url":"https:\/\/ifesworld.org\/wp-content\/uploads\/2019\/06\/ifeslogo.png","contentUrl":"https:\/\/ifesworld.org\/wp-content\/uploads\/2019\/06\/ifeslogo.png","width":262,"height":262,"caption":"IFES \u00b7 International Fellowship of Evangelical Students"},"image":{"@id":"https:\/\/ifesworld.org\/es\/#\/schema\/logo\/image\/"}}]}},"_links":{"self":[{"href":"https:\/\/ifesworld.org\/es\/wp-json\/wp\/v2\/pages\/17698","targetHints":{"allow":["GET"]}}],"collection":[{"href":"https:\/\/ifesworld.org\/es\/wp-json\/wp\/v2\/pages"}],"about":[{"href":"https:\/\/ifesworld.org\/es\/wp-json\/wp\/v2\/types\/page"}],"author":[{"embeddable":true,"href":"https:\/\/ifesworld.org\/es\/wp-json\/wp\/v2\/users\/2"}],"replies":[{"embeddable":true,"href":"https:\/\/ifesworld.org\/es\/wp-json\/wp\/v2\/comments?post=17698"}],"version-history":[{"count":0,"href":"https:\/\/ifesworld.org\/es\/wp-json\/wp\/v2\/pages\/17698\/revisions"}],"wp:featuredmedia":[{"embeddable":true,"href":"https:\/\/ifesworld.org\/es\/wp-json\/wp\/v2\/media\/17718"}],"wp:attachment":[{"href":"https:\/\/ifesworld.org\/es\/wp-json\/wp\/v2\/media?parent=17698"}],"wp:term":[{"taxonomy":"area","embeddable":true,"href":"https:\/\/ifesworld.org\/es\/wp-json\/wp\/v2\/area?post=17698"},{"taxonomy":"theme","embeddable":true,"href":"https:\/\/ifesworld.org\/es\/wp-json\/wp\/v2\/theme?post=17698"}],"curies":[{"name":"wp","href":"https:\/\/api.w.org\/{rel}","templated":true}]}}