{"id":17012,"date":"2021-10-28T11:26:19","date_gmt":"2021-10-28T10:26:19","guid":{"rendered":"https:\/\/ifesworld.org\/?page_id=17012"},"modified":"2025-05-01T16:50:45","modified_gmt":"2025-05-01T15:50:45","slug":"podcasts-de-ifes","status":"publish","type":"page","link":"https:\/\/ifesworld.org\/es\/podcasts-de-ifes\/","title":{"rendered":"Podcasts de IFES"},"content":{"rendered":"<div class=\"wp-block block-core-group\">\n<div class=\"wp-block-group\"><div class=\"wp-block-group__inner-container is-layout-flow wp-block-group-is-layout-flow\"><div class=\"wp-block block-core-heading\">\n<h1 class=\"wp-block-heading\">Hablemos sobre el ministerio estudiantil<\/h1>\n<\/div>\n\n<div class=\"wp-block block-core-paragraph\">\n<p class=\"wp-block-paragraph\">Suscr\u00edbete a los podcasts de IFES para mantenerte informado acerca del ministerio estudiantil a nivel mundial.&nbsp;<\/p>\n<\/div>\n\n<div class=\"wp-block block-core-paragraph\">\n<p class=\"wp-block-paragraph\">Prayerline&nbsp;nos invita a descubrir una historia que proviene directamente de uno de los 163 movimientos de IFES. Escuchar\u00e1s historias sobre la valent\u00eda de los estudiantes que se enfrentan a la persecuci\u00f3n, sobre maneras innovadoras de evangelizar, o sobre el impacto de un peque\u00f1o estudio b\u00edblico en un dormitorio. Al final te compartiremos algunas maneras de orar por los estudiantes de la historia. As\u00ed podr\u00e1s estar al d\u00eda en cuanto a los temas de oraci\u00f3n que comparten los movimientos en todo el mundo.&nbsp;&nbsp;<\/p>\n<\/div>\n\n<div class=\"wp-block block-core-paragraph\">\n<p class=\"wp-block-paragraph\">En podr\u00e1s enterarte de los proyectos, las ideas y las perspectivas del ministerio que provienen de las bases con las que contactamos directamente. Presenta entrevistas con estudiantes y l\u00edderes de toda la comunidad de IFES. Entre otras cosas, escuchar\u00e1s acerca de iniciar un proyecto pionero en nuevos campus, utilizar la codificaci\u00f3n para difundir el evangelio y mantener la integridad en un contexto altamente secular. Podr\u00e1s conocer gente de todas partes del mundo y descubrir las incre\u00edbles formas en que nuestra Comunidad est\u00e1 alcanzando a los estudiantes.&nbsp;&nbsp;<\/p>\n<\/div><\/div>\n<\/div><\/div>\n\n<div class=\"wp-block block-core-group alignfull\">\n<div class=\"wp-block-group alignfull has-white-dark-background-color has-background\"><div class=\"wp-block-group__inner-container is-layout-flow wp-block-group-is-layout-flow\"><div class=\"wp-block block-core-group alignfull\">\n<div class=\"wp-block-group alignfull has-white-color has-latin-america-background-color has-text-color has-background\"><div class=\"wp-block-group__inner-container is-layout-flow wp-block-group-is-layout-flow\"><div class=\"wp-block block-core-html\">\n<iframe title=\"Asamblea Mundial 2023 Discurso presidencial en la ceremonia de clausura: \u201cResiliencia\u201d - Ziel Machado\" allowtransparency=\"true\" height=\"150\" width=\"100%\" style=\"border: none; min-width: min(100%, 430px);height:150px;\" scrolling=\"no\" data-name=\"pb-iframe-player\" src=\"https:\/\/www.podbean.com\/player-v2\/?i=iy22e-163a4fe-pb&#038;from=pb6admin&#038;share=1&#038;download=1&#038;rtl=0&#038;fonts=Arial&#038;skin=1&#038;font-color=auto&#038;logo_link=episode_page&#038;btn-skin=3267a3\" loading=\"lazy\"><\/iframe>\n<\/div>\n\n<div class=\"wp-block block-core-paragraph\">\n<p class=\"wp-block-paragraph\">Ziel Machado, Presidente Honorario de IFES, nos exhorta desde Juan 15 a vivir en Jes\u00fas &#8211; a tomar vida y fortaleza de \u00c9l para poder ser &#8216;tabah dan tangguh&#8217; (resolutivos y resilientes).<\/p>\n<\/div><\/div>\n<\/div><\/div>\n\n<div class=\"wp-block block-core-columns\">\n<div class=\"wp-block-columns is-layout-flex wp-container-core-columns-is-layout-8f761849 wp-block-columns-is-layout-flex\">\n<div class=\"wp-block-column is-layout-flow wp-block-column-is-layout-flow\"><div class=\"wp-block block-core-heading\">\n<h3 class=\"wp-block-heading\">Puedes suscribirte\u00a0a Voices\u00a0of\u00a0IFES\u00a0dondequiera que escuches tus podcasts.\u00a0\u00a0<\/h3>\n<\/div>\n\n<div class=\"wp-block block-acf-ifesbutton\">\n<div class=\"\">\n    <a id=\"btn-block_d0cd75f8e6f18dd572de19c031681351\" target=\"_blank\" href=\"https:\/\/music.amazon.com\/podcasts\/f0afdccc-d47d-46dd-8ace-6944f097d7ea\/voices-of-ifes\" class=\"btn btn--cta-link\">\n        <span>\n                    <span class=\"icon\"><svg class=\"icon\"><use xlink:href=\"#chevron-circle-right-solid\"\/><\/svg><\/span>\n        Amazon Music        <\/span>\n    <\/a>\n<\/div>\n\n<\/div>\n\n<div class=\"wp-block block-acf-ifesbutton\">\n<div class=\"\">\n    <a id=\"btn-block_67c0e2b2cad97f845839f5f5a11f4bb9\" target=\"\" href=\"https:\/\/open.spotify.com\/show\/6VDsj26te8JTUWUfhIV6Lk\" class=\"btn btn--cta-link\">\n        <span>\n                    <span class=\"icon\"><svg class=\"icon\"><use xlink:href=\"#chevron-circle-right-solid\"\/><\/svg><\/span>\n        Spotify        <\/span>\n    <\/a>\n<\/div>\n\n<\/div>\n\n<div class=\"wp-block block-acf-ifesbutton\">\n<div class=\"\">\n    <a id=\"btn-block_a98de21062443784f35fab16ec15dbf1\" target=\"_blank\" href=\"https:\/\/www.audible.co.uk\/pd\/Podcast\/B08K5YVQXL?qid=1629642648&#038;sr=1-1&#038;ref=a_search_c3_lProduct_1_1&#038;pf_rd_p=c6e316b8-14da-418d-8f91-b3cad83c5183&#038;pf_rd_r=ZVF8QTHH885Z9YFN4NX1\" class=\"btn btn--cta-link\">\n        <span>\n                    <span class=\"icon\"><svg class=\"icon\"><use xlink:href=\"#chevron-circle-right-solid\"\/><\/svg><\/span>\n        Audible        <\/span>\n    <\/a>\n<\/div>\n\n<\/div>\n\n<div class=\"wp-block block-acf-ifesbutton\">\n<div class=\"\">\n    <a id=\"btn-block_62369a89fde77e8ded565b2793e51cec\" target=\"_blank\" href=\"https:\/\/podcasts.apple.com\/us\/podcast\/voices-of-ifes\/id1582316698\" class=\"btn btn--cta-link\">\n        <span>\n                    <span class=\"icon\"><svg class=\"icon\"><use xlink:href=\"#chevron-circle-right-solid\"\/><\/svg><\/span>\n        Apple Podcast        <\/span>\n    <\/a>\n<\/div>\n\n<\/div>\n\n<div class=\"wp-block block-acf-ifesbutton\">\n<div class=\"\">\n    <a id=\"btn-block_fb866e3b74b0b26c048da578a1c67105\" target=\"_blank\" href=\"https:\/\/www.deezer.com\/fr\/show\/3491257\" class=\"btn btn--cta-link\">\n        <span>\n                    <span class=\"icon\"><svg class=\"icon\"><use xlink:href=\"#chevron-circle-right-solid\"\/><\/svg><\/span>\n        DEEZER        <\/span>\n    <\/a>\n<\/div>\n\n<\/div>\n\n<div class=\"wp-block block-acf-ifesbutton\">\n<div class=\"\">\n    <a id=\"btn-block_f845e576b6b3a26186f559a12d950709\" target=\"_blank\" href=\"https:\/\/cms.glb.samsungcast.com\/login\" class=\"btn btn--cta-link\">\n        <span>\n                    <span class=\"icon\"><svg class=\"icon\"><use xlink:href=\"#chevron-circle-right-solid\"\/><\/svg><\/span>\n        Samsung Podcast        <\/span>\n    <\/a>\n<\/div>\n\n<\/div>\n\n<div class=\"wp-block block-acf-ifesbutton\">\n<div class=\"\">\n    <a id=\"btn-block_2b91d6a0b417c7e7a6b59a1a7f0c2dbb\" target=\"_blank\" href=\"https:\/\/www.youtube.com\/playlist?list=PL-m4j5a97yT44b8o0JChc6OdWg7-AI1uG\" class=\"btn btn--cta-link\">\n        <span>\n                    <span class=\"icon\"><svg class=\"icon\"><use xlink:href=\"#chevron-circle-right-solid\"\/><\/svg><\/span>\n        YOUTUBE        <\/span>\n    <\/a>\n<\/div>\n\n<\/div><\/div>\n<\/div>\n<\/div><\/div>\n<\/div><\/div>","protected":false},"excerpt":{"rendered":"<p>Hablemos sobre el ministerio estudiantil Suscr\u00edbete a los podcasts de IFES para mantenerte informado acerca del ministerio estudiantil a nivel mundial.&nbsp; Prayerline&nbsp;nos invita a descubrir una historia que proviene directamente de uno de los 163 movimientos de IFES. Escuchar\u00e1s historias sobre la valent\u00eda de los estudiantes que se enfrentan a la persecuci\u00f3n, sobre maneras innovadoras&#8230;<\/p>\n","protected":false},"author":20,"featured_media":16220,"parent":0,"menu_order":0,"comment_status":"closed","ping_status":"closed","template":"","meta":{"_acf_changed":false,"_crdt_document":"","inline_featured_image":false,"footnotes":""},"area":[],"theme":[],"class_list":["post-17012","page","type-page","status-publish","has-post-thumbnail","hentry"],"acf":[],"yoast_head":"<!-- This site is optimized with the Yoast SEO plugin v27.2 - https:\/\/yoast.com\/product\/yoast-seo-wordpress\/ -->\n<title>Podcasts de IFES &#183; IFES<\/title>\n<meta name=\"description\" content=\"Hablemos sobre el ministerio estudiantil Suscr\u00edbete a los podcasts de IFES para mantenerte informado acerca del ministerio estudiantil a nivel\" \/>\n<meta name=\"robots\" content=\"index, follow, max-snippet:-1, max-image-preview:large, max-video-preview:-1\" \/>\n<link rel=\"canonical\" href=\"https:\/\/ifesworld.org\/es\/podcasts-de-ifes\/\" \/>\n<meta property=\"og:locale\" content=\"es_ES\" \/>\n<meta property=\"og:type\" content=\"article\" \/>\n<meta property=\"og:title\" content=\"Podcasts de IFES &#183; IFES\" \/>\n<meta property=\"og:description\" content=\"Hablemos sobre el ministerio estudiantil Suscr\u00edbete a los podcasts de IFES para mantenerte informado acerca del ministerio estudiantil a nivel\" \/>\n<meta property=\"og:url\" content=\"https:\/\/ifesworld.org\/es\/podcasts-de-ifes\/\" \/>\n<meta property=\"og:site_name\" content=\"IFES\" \/>\n<meta property=\"article:modified_time\" content=\"2025-05-01T15:50:45+00:00\" \/>\n<meta property=\"og:image\" content=\"https:\/\/ifesworld.org\/wp-content\/uploads\/2021\/08\/ross-sneddon-G4fPRLboREI-unsplash.jpg\" \/>\n\t<meta property=\"og:image:width\" content=\"2400\" \/>\n\t<meta property=\"og:image:height\" content=\"1600\" \/>\n\t<meta property=\"og:image:type\" content=\"image\/jpeg\" \/>\n<meta name=\"twitter:card\" content=\"summary_large_image\" \/>\n<meta name=\"twitter:label1\" content=\"Tiempo de lectura\" \/>\n\t<meta name=\"twitter:data1\" content=\"2 minutos\" \/>\n<script type=\"application\/ld+json\" class=\"yoast-schema-graph\">{\"@context\":\"https:\/\/schema.org\",\"@graph\":[{\"@type\":\"WebPage\",\"@id\":\"https:\/\/ifesworld.org\/es\/podcasts-de-ifes\/\",\"url\":\"https:\/\/ifesworld.org\/es\/podcasts-de-ifes\/\",\"name\":\"Podcasts de IFES &#183; IFES\",\"isPartOf\":{\"@id\":\"https:\/\/ifesworld.org\/es\/#website\"},\"primaryImageOfPage\":{\"@id\":\"https:\/\/ifesworld.org\/es\/podcasts-de-ifes\/#primaryimage\"},\"image\":{\"@id\":\"https:\/\/ifesworld.org\/es\/podcasts-de-ifes\/#primaryimage\"},\"thumbnailUrl\":\"https:\/\/ifesworld.org\/wp-content\/uploads\/2021\/08\/ross-sneddon-G4fPRLboREI-unsplash.jpg\",\"datePublished\":\"2021-10-28T10:26:19+00:00\",\"dateModified\":\"2025-05-01T15:50:45+00:00\",\"description\":\"Hablemos sobre el ministerio estudiantil Suscr\u00edbete a los podcasts de IFES para mantenerte informado acerca del ministerio estudiantil a nivel\",\"breadcrumb\":{\"@id\":\"https:\/\/ifesworld.org\/es\/podcasts-de-ifes\/#breadcrumb\"},\"inLanguage\":\"es\",\"potentialAction\":[{\"@type\":\"ReadAction\",\"target\":[\"https:\/\/ifesworld.org\/es\/podcasts-de-ifes\/\"]}]},{\"@type\":\"ImageObject\",\"inLanguage\":\"es\",\"@id\":\"https:\/\/ifesworld.org\/es\/podcasts-de-ifes\/#primaryimage\",\"url\":\"https:\/\/ifesworld.org\/wp-content\/uploads\/2021\/08\/ross-sneddon-G4fPRLboREI-unsplash.jpg\",\"contentUrl\":\"https:\/\/ifesworld.org\/wp-content\/uploads\/2021\/08\/ross-sneddon-G4fPRLboREI-unsplash.jpg\",\"width\":2400,\"height\":1600},{\"@type\":\"BreadcrumbList\",\"@id\":\"https:\/\/ifesworld.org\/es\/podcasts-de-ifes\/#breadcrumb\",\"itemListElement\":[{\"@type\":\"ListItem\",\"position\":1,\"name\":\"Home\",\"item\":\"https:\/\/ifesworld.org\/es\/\"},{\"@type\":\"ListItem\",\"position\":2,\"name\":\"Podcasts de IFES\"}]},{\"@type\":\"WebSite\",\"@id\":\"https:\/\/ifesworld.org\/es\/#website\",\"url\":\"https:\/\/ifesworld.org\/es\/\",\"name\":\"IFES\",\"description\":\"A movement of students sharing and living out the good news of Jesus Christ. Locally. Nationally. Globally.\",\"publisher\":{\"@id\":\"https:\/\/ifesworld.org\/es\/#organization\"},\"potentialAction\":[{\"@type\":\"SearchAction\",\"target\":{\"@type\":\"EntryPoint\",\"urlTemplate\":\"https:\/\/ifesworld.org\/es\/?s={search_term_string}\"},\"query-input\":{\"@type\":\"PropertyValueSpecification\",\"valueRequired\":true,\"valueName\":\"search_term_string\"}}],\"inLanguage\":\"es\"},{\"@type\":\"Organization\",\"@id\":\"https:\/\/ifesworld.org\/es\/#organization\",\"name\":\"IFES \u00b7 International Fellowship of Evangelical Students\",\"url\":\"https:\/\/ifesworld.org\/es\/\",\"logo\":{\"@type\":\"ImageObject\",\"inLanguage\":\"es\",\"@id\":\"https:\/\/ifesworld.org\/es\/#\/schema\/logo\/image\/\",\"url\":\"https:\/\/ifesworld.org\/wp-content\/uploads\/2019\/06\/ifeslogo.png\",\"contentUrl\":\"https:\/\/ifesworld.org\/wp-content\/uploads\/2019\/06\/ifeslogo.png\",\"width\":262,\"height\":262,\"caption\":\"IFES \u00b7 International Fellowship of Evangelical Students\"},\"image\":{\"@id\":\"https:\/\/ifesworld.org\/es\/#\/schema\/logo\/image\/\"}}]}<\/script>\n<!-- \/ Yoast SEO plugin. -->","yoast_head_json":{"title":"Podcasts de IFES &#183; IFES","description":"Hablemos sobre el ministerio estudiantil Suscr\u00edbete a los podcasts de IFES para mantenerte informado acerca del ministerio estudiantil a nivel","robots":{"index":"index","follow":"follow","max-snippet":"max-snippet:-1","max-image-preview":"max-image-preview:large","max-video-preview":"max-video-preview:-1"},"canonical":"https:\/\/ifesworld.org\/es\/podcasts-de-ifes\/","og_locale":"es_ES","og_type":"article","og_title":"Podcasts de IFES &#183; IFES","og_description":"Hablemos sobre el ministerio estudiantil Suscr\u00edbete a los podcasts de IFES para mantenerte informado acerca del ministerio estudiantil a nivel","og_url":"https:\/\/ifesworld.org\/es\/podcasts-de-ifes\/","og_site_name":"IFES","article_modified_time":"2025-05-01T15:50:45+00:00","og_image":[{"width":2400,"height":1600,"url":"https:\/\/ifesworld.org\/wp-content\/uploads\/2021\/08\/ross-sneddon-G4fPRLboREI-unsplash.jpg","type":"image\/jpeg"}],"twitter_card":"summary_large_image","twitter_misc":{"Tiempo de lectura":"2 minutos"},"schema":{"@context":"https:\/\/schema.org","@graph":[{"@type":"WebPage","@id":"https:\/\/ifesworld.org\/es\/podcasts-de-ifes\/","url":"https:\/\/ifesworld.org\/es\/podcasts-de-ifes\/","name":"Podcasts de IFES &#183; IFES","isPartOf":{"@id":"https:\/\/ifesworld.org\/es\/#website"},"primaryImageOfPage":{"@id":"https:\/\/ifesworld.org\/es\/podcasts-de-ifes\/#primaryimage"},"image":{"@id":"https:\/\/ifesworld.org\/es\/podcasts-de-ifes\/#primaryimage"},"thumbnailUrl":"https:\/\/ifesworld.org\/wp-content\/uploads\/2021\/08\/ross-sneddon-G4fPRLboREI-unsplash.jpg","datePublished":"2021-10-28T10:26:19+00:00","dateModified":"2025-05-01T15:50:45+00:00","description":"Hablemos sobre el ministerio estudiantil Suscr\u00edbete a los podcasts de IFES para mantenerte informado acerca del ministerio estudiantil a nivel","breadcrumb":{"@id":"https:\/\/ifesworld.org\/es\/podcasts-de-ifes\/#breadcrumb"},"inLanguage":"es","potentialAction":[{"@type":"ReadAction","target":["https:\/\/ifesworld.org\/es\/podcasts-de-ifes\/"]}]},{"@type":"ImageObject","inLanguage":"es","@id":"https:\/\/ifesworld.org\/es\/podcasts-de-ifes\/#primaryimage","url":"https:\/\/ifesworld.org\/wp-content\/uploads\/2021\/08\/ross-sneddon-G4fPRLboREI-unsplash.jpg","contentUrl":"https:\/\/ifesworld.org\/wp-content\/uploads\/2021\/08\/ross-sneddon-G4fPRLboREI-unsplash.jpg","width":2400,"height":1600},{"@type":"BreadcrumbList","@id":"https:\/\/ifesworld.org\/es\/podcasts-de-ifes\/#breadcrumb","itemListElement":[{"@type":"ListItem","position":1,"name":"Home","item":"https:\/\/ifesworld.org\/es\/"},{"@type":"ListItem","position":2,"name":"Podcasts de IFES"}]},{"@type":"WebSite","@id":"https:\/\/ifesworld.org\/es\/#website","url":"https:\/\/ifesworld.org\/es\/","name":"IFES","description":"A movement of students sharing and living out the good news of Jesus Christ. Locally. Nationally. Globally.","publisher":{"@id":"https:\/\/ifesworld.org\/es\/#organization"},"potentialAction":[{"@type":"SearchAction","target":{"@type":"EntryPoint","urlTemplate":"https:\/\/ifesworld.org\/es\/?s={search_term_string}"},"query-input":{"@type":"PropertyValueSpecification","valueRequired":true,"valueName":"search_term_string"}}],"inLanguage":"es"},{"@type":"Organization","@id":"https:\/\/ifesworld.org\/es\/#organization","name":"IFES \u00b7 International Fellowship of Evangelical Students","url":"https:\/\/ifesworld.org\/es\/","logo":{"@type":"ImageObject","inLanguage":"es","@id":"https:\/\/ifesworld.org\/es\/#\/schema\/logo\/image\/","url":"https:\/\/ifesworld.org\/wp-content\/uploads\/2019\/06\/ifeslogo.png","contentUrl":"https:\/\/ifesworld.org\/wp-content\/uploads\/2019\/06\/ifeslogo.png","width":262,"height":262,"caption":"IFES \u00b7 International Fellowship of Evangelical Students"},"image":{"@id":"https:\/\/ifesworld.org\/es\/#\/schema\/logo\/image\/"}}]}},"_links":{"self":[{"href":"https:\/\/ifesworld.org\/es\/wp-json\/wp\/v2\/pages\/17012","targetHints":{"allow":["GET"]}}],"collection":[{"href":"https:\/\/ifesworld.org\/es\/wp-json\/wp\/v2\/pages"}],"about":[{"href":"https:\/\/ifesworld.org\/es\/wp-json\/wp\/v2\/types\/page"}],"author":[{"embeddable":true,"href":"https:\/\/ifesworld.org\/es\/wp-json\/wp\/v2\/users\/20"}],"replies":[{"embeddable":true,"href":"https:\/\/ifesworld.org\/es\/wp-json\/wp\/v2\/comments?post=17012"}],"version-history":[{"count":0,"href":"https:\/\/ifesworld.org\/es\/wp-json\/wp\/v2\/pages\/17012\/revisions"}],"wp:featuredmedia":[{"embeddable":true,"href":"https:\/\/ifesworld.org\/es\/wp-json\/wp\/v2\/media\/16220"}],"wp:attachment":[{"href":"https:\/\/ifesworld.org\/es\/wp-json\/wp\/v2\/media?parent=17012"}],"wp:term":[{"taxonomy":"area","embeddable":true,"href":"https:\/\/ifesworld.org\/es\/wp-json\/wp\/v2\/area?post=17012"},{"taxonomy":"theme","embeddable":true,"href":"https:\/\/ifesworld.org\/es\/wp-json\/wp\/v2\/theme?post=17012"}],"curies":[{"name":"wp","href":"https:\/\/api.w.org\/{rel}","templated":true}]}}